{"id":2564,"date":"2023-06-21T06:38:16","date_gmt":"2023-06-21T06:38:16","guid":{"rendered":"https:\/\/synthetichairwig.com\/?page_id=2564"},"modified":"2023-06-21T06:40:16","modified_gmt":"2023-06-21T06:40:16","slug":"refund-policy","status":"publish","type":"page","link":"https:\/\/synthetichairwig.com\/es\/politica-de-reembolso\/","title":{"rendered":"Politica de reembolso"},"content":{"rendered":"<div data-elementor-type=\"wp-page\" data-elementor-id=\"2564\" class=\"elementor elementor-2564\" data-elementor-post-type=\"page\">\n\t\t\t\t\t\t<section data-particle_enable=\"false\" data-particle-mobile-disabled=\"false\" class=\"elementor-section elementor-top-section elementor-element elementor-element-6be9274 elementor-section-boxed elementor-section-height-default elementor-section-height-default\" data-id=\"6be9274\" data-element_type=\"section\">\n\t\t\t\t\t\t<div class=\"elementor-container elementor-column-gap-default\">\n\t\t\t\t\t<div class=\"elementor-column elementor-col-100 elementor-top-column elementor-element elementor-element-123e3f1\" data-id=\"123e3f1\" data-element_type=\"column\">\n\t\t\t<div class=\"elementor-widget-wrap elementor-element-populated\">\n\t\t\t\t\t\t<div class=\"elementor-element elementor-element-48f58c9 elementor-widget elementor-widget-spacer\" data-id=\"48f58c9\" data-element_type=\"widget\" data-widget_type=\"spacer.default\">\n\t\t\t\t<div class=\"elementor-widget-container\">\n\t\t\t\t\t<div class=\"elementor-spacer\">\n\t\t\t<div class=\"elementor-spacer-inner\"><\/div>\n\t\t<\/div>\n\t\t\t\t<\/div>\n\t\t\t\t<\/div>\n\t\t\t\t\t<\/div>\n\t\t<\/div>\n\t\t\t\t\t<\/div>\n\t\t<\/section>\n\t\t\t\t<section data-particle_enable=\"false\" data-particle-mobile-disabled=\"false\" class=\"elementor-section elementor-top-section elementor-element elementor-element-ed9fc64 elementor-section-boxed elementor-section-height-default elementor-section-height-default\" data-id=\"ed9fc64\" data-element_type=\"section\">\n\t\t\t\t\t\t<div class=\"elementor-container elementor-column-gap-default\">\n\t\t\t\t\t<div class=\"elementor-column elementor-col-100 elementor-top-column elementor-element elementor-element-2eb16ef\" data-id=\"2eb16ef\" data-element_type=\"column\">\n\t\t\t<div class=\"elementor-widget-wrap elementor-element-populated\">\n\t\t\t\t\t\t<div class=\"elementor-element elementor-element-186f62f elementor-widget elementor-widget-heading\" data-id=\"186f62f\" data-element_type=\"widget\" data-widget_type=\"heading.default\">\n\t\t\t\t<div class=\"elementor-widget-container\">\n\t\t\t<h2 class=\"elementor-heading-title elementor-size-default\">Politica de reembolso\n<\/h2>\t\t<\/div>\n\t\t\t\t<\/div>\n\t\t\t\t\t<\/div>\n\t\t<\/div>\n\t\t\t\t\t<\/div>\n\t\t<\/section>\n\t\t\t\t<section data-particle_enable=\"false\" data-particle-mobile-disabled=\"false\" class=\"elementor-section elementor-top-section elementor-element elementor-element-fbefcd3 elementor-section-boxed elementor-section-height-default elementor-section-height-default\" data-id=\"fbefcd3\" data-element_type=\"section\">\n\t\t\t\t\t\t<div class=\"elementor-container elementor-column-gap-default\">\n\t\t\t\t\t<div class=\"elementor-column elementor-col-100 elementor-top-column elementor-element elementor-element-8062a2f\" data-id=\"8062a2f\" data-element_type=\"column\">\n\t\t\t<div class=\"elementor-widget-wrap elementor-element-populated\">\n\t\t\t\t\t\t<div class=\"elementor-element elementor-element-33ac1e0 elementor-widget elementor-widget-text-editor\" data-id=\"33ac1e0\" data-element_type=\"widget\" data-widget_type=\"text-editor.default\">\n\t\t\t\t<div class=\"elementor-widget-container\">\n\t\t\t\t\t\t\t<p class=\"xsj_paragraph xsj_paragraph_level_0\" data-source-line=\"0\" data-source-line-display=\"true\"><strong class=\"markdown_strong_asterisk\">Sobre el regreso.<\/strong><\/p><p class=\"xsj_paragraph xsj_paragraph_level_0\" data-source-line=\"4\" data-source-line-display=\"true\">\u00bfAceptamos devoluciones f\u00e1ciles? \u00a1S\u00ed! \u00a1La satisfacci\u00f3n de nuestros clientes es nuestro destino! No dude en devolver cualquier art\u00edculo elegible dentro de los 30 d\u00edas.<\/p><ol class=\"markdown_ol\" data-source-line=\"8\"><li data-source-line=\"8\"><p class=\"xsj_paragraph xsj_paragraph_level_2\">Los art\u00edculos devueltos dentro de los 30 d\u00edas posteriores a la recepci\u00f3n de su pedido original ser\u00e1n elegibles para un reembolso si tienen un defecto de fabricaci\u00f3n evidente, como el tama\u00f1o, el estilo, el material del cabello, la construcci\u00f3n de la gorra o el color no coincide con la descripci\u00f3n. p\u00f3ngase en contacto con nosotros, nuestro servicio de atenci\u00f3n al cliente le responder\u00e1 lo antes posible.<\/p><\/li><li data-source-line=\"12\"><p class=\"xsj_paragraph xsj_paragraph_level_2\">Los art\u00edculos deben devolverse en su estado original de f\u00e1brica (sin modificaciones, sin uso, sin da\u00f1os y con las etiquetas adjuntas en el embalaje original), ya que no vendemos productos reacondicionados o de propiedad anterior. Aseg\u00farese de que la peluca est\u00e9 INTACTA y que el ENCAJE NO haya sido cortado.<\/p><\/li><li data-source-line=\"16\"><p class=\"xsj_paragraph xsj_paragraph_level_2\">Tenga en cuenta que si desea devolver alguna o todas las partes de su pedido, primero debe comunicarse con el servicio de atenci\u00f3n al cliente; Puede devolver los art\u00edculos despu\u00e9s de su confirmaci\u00f3n. Una vez que se reciba e inspeccione el art\u00edculo devuelto, su reembolso se procesar\u00e1 y se aplicar\u00e1 autom\u00e1ticamente a su cuenta de pago original. El comprador debe pagar los gastos de env\u00edo de devoluci\u00f3n. O puede conservar el producto y negociar con nuestro servicio de atenci\u00f3n al cliente un reembolso directamente.<\/p><\/li><li data-source-line=\"20\"><p class=\"xsj_paragraph xsj_paragraph_level_2\">Los productos de cuidado y peinado, los accesorios, los l\u00edquidos y los art\u00edculos de pedidos especiales no son elegibles para devoluci\u00f3n. Tenga en cuenta que los regalos deben enviarse con el paquete original.<\/p><\/li><li data-source-line=\"24\"><p class=\"xsj_paragraph xsj_paragraph_level_2\">Una vez autorizada la solicitud de devoluci\u00f3n, los productos se pueden enviar de regreso a la direcci\u00f3n que le proporcionamos. Por favor env\u00ede un correo electr\u00f3nico sobre su n\u00famero de pedido y el n\u00famero de paquete devuelto.<\/p><\/li><\/ol><p class=\"xsj_paragraph xsj_paragraph_level_0\" data-source-line=\"28\" data-source-line-display=\"true\"><strong class=\"markdown_strong_asterisk\">Reembolso o cambio<\/strong><\/p><p class=\"xsj_paragraph xsj_paragraph_level_0\" data-source-line=\"32\" data-source-line-display=\"true\"><strong class=\"markdown_strong_asterisk\">Reembolso<\/strong><\/p><p class=\"xsj_paragraph xsj_paragraph_level_0\" data-source-line=\"36\" data-source-line-display=\"true\">1. Si la devoluci\u00f3n se debe a nuestros problemas (como productos incorrectos o problemas de calidad de los productos), le ofreceremos un reembolso completo.<\/p><p class=\"xsj_paragraph xsj_paragraph_level_0\" data-source-line=\"40\" data-source-line-display=\"true\">2. Si la devoluci\u00f3n se debe a un problema del comprador (como: No me gusta\/Ya no lo necesito, Pido un producto\/tama\u00f1o incorrecto), eliminaremos $20 de su pago como p\u00e9rdida de la tarifa de env\u00edo, y Antes de realizar cualquier devoluci\u00f3n, p\u00f3ngase en contacto con nuestro equipo de servicio dentro de los 30 d\u00edas posteriores a la recepci\u00f3n del paquete de cabello.<\/p><p class=\"xsj_paragraph xsj_paragraph_level_0\" data-source-line=\"44\" data-source-line-display=\"true\">3. Una vez recibidos e inspeccionados los productos devueltos, le enviaremos un correo electr\u00f3nico o mensaje para notificarle que hemos recibido el art\u00edculo. Tambi\u00e9n le informaremos de la aprobaci\u00f3n o rechazo de su reembolso. Una vez que estemos de acuerdo, se procesar\u00e1 el reembolso; nos ocuparemos del reembolso mediante el pago que recibimos de PayPal; si tiene un PayPal registrado, recibir\u00e1 el reembolso dentro de 1 a 2 d\u00edas h\u00e1biles aproximadamente; Si est\u00e1 utilizando un m\u00e9todo de pago con tarjeta de d\u00e9bito o tarjeta Visa, lo que tardar\u00eda entre 7 y 10 d\u00edas h\u00e1biles si desea recuperarlo m\u00e1s r\u00e1pido, puede comunicarse con el servicio bancario local. Si ya no utiliza la tarjeta original, comun\u00edquese con nosotros con anticipaci\u00f3n para evitar p\u00e9rdidas.<\/p><p class=\"xsj_paragraph xsj_paragraph_level_0\" data-source-line=\"48\" data-source-line-display=\"true\">4. Si el cabello est\u00e1 da\u00f1ado o defectuoso, haremos un reembolso parcial; Nuestro servicio de atenci\u00f3n al cliente chatear\u00e1 con usted para obtener informaci\u00f3n detallada sobre el reembolso.<\/p><p class=\"xsj_paragraph xsj_paragraph_level_0\" data-source-line=\"52\" data-source-line-display=\"true\"><strong class=\"markdown_strong_asterisk\">Intercambio<\/strong><\/p><p class=\"xsj_paragraph xsj_paragraph_level_0\" data-source-line=\"56\" data-source-line-display=\"true\">Con la condici\u00f3n de que el cabello que devolviste est\u00e9 en buenas condiciones. Si no desea un reembolso y desea cambiar un cabello diferente, aceptamos; el abrigo nuevo que deseas; si el precio es m\u00e1s alto que el de los productos devueltos, deber\u00e1 pagar una tarifa adicional para obtener el cabello m\u00e1s reciente; Si el cabello nuevo es m\u00e1s bajo que los productos que devolvi\u00f3, le reembolsaremos un precio diferente y le organizaremos un paquete de cabello nuevo lo antes posible. Nos comunicaremos con usted por correo electr\u00f3nico durante todo el proceso, as\u00ed que preste m\u00e1s atenci\u00f3n a su correo electr\u00f3nico.<\/p>\t\t\t\t\t\t<\/div>\n\t\t\t\t<\/div>\n\t\t\t\t\t<\/div>\n\t\t<\/div>\n\t\t\t\t\t<\/div>\n\t\t<\/section>\n\t\t\t\t<\/div>","protected":false},"excerpt":{"rendered":"<p>Refund policy About the return. Do we accept easy returns? Yes! Our customer satisfaction is our destination! Please feel free to return any eligible item within 30 days. Items returned within 30 days of receiving your original order will be eligible for a refund if it has an evident manufacturing defect, such as the size, [&hellip;]<\/p>","protected":false},"author":1,"featured_media":0,"parent":0,"menu_order":0,"comment_status":"closed","ping_status":"closed","template":"","meta":{"site-sidebar-layout":"no-sidebar","site-content-layout":"page-builder","ast-site-content-layout":"","site-content-style":"default","site-sidebar-style":"default","ast-global-header-display":"","ast-banner-title-visibility":"","ast-main-header-display":"","ast-hfb-above-header-display":"","ast-hfb-below-header-display":"","ast-hfb-mobile-header-display":"","site-post-title":"disabled","ast-breadcrumbs-content":"","ast-featured-img":"disabled","footer-sml-layout":"","theme-transparent-header-meta":"default","adv-header-id-meta":"","stick-header-meta":"","header-above-stick-meta":"","header-main-stick-meta":"","header-below-stick-meta":"","astra-migrate-meta-layouts":"default","ast-page-background-enabled":"default","ast-page-background-meta":{"desktop":{"background-color":"var(--ast-global-color-4)","background-image":"","background-repeat":"repeat","background-position":"center center","background-size":"auto","background-attachment":"scroll","background-type":"","background-media":"","overlay-type":"","overlay-color":"","overlay-opacity":"","overlay-gradient":""},"tablet":{"background-color":"","background-image":"","background-repeat":"repeat","background-position":"center center","background-size":"auto","background-attachment":"scroll","background-type":"","background-media":"","overlay-type":"","overlay-color":"","overlay-opacity":"","overlay-gradient":""},"mobile":{"background-color":"","background-image":"","background-repeat":"repeat","background-position":"center center","background-size":"auto","background-attachment":"scroll","background-type":"","background-media":"","overlay-type":"","overlay-color":"","overlay-opacity":"","overlay-gradient":""}},"ast-content-background-meta":{"desktop":{"background-color":"var(--ast-global-color-5)","background-image":"","background-repeat":"repeat","background-position":"center center","background-size":"auto","background-attachment":"scroll","background-type":"","background-media":"","overlay-type":"","overlay-color":"","overlay-opacity":"","overlay-gradient":""},"tablet":{"background-color":"var(--ast-global-color-5)","background-image":"","background-repeat":"repeat","background-position":"center center","background-size":"auto","background-attachment":"scroll","background-type":"","background-media":"","overlay-type":"","overlay-color":"","overlay-opacity":"","overlay-gradient":""},"mobile":{"background-color":"var(--ast-global-color-5)","background-image":"","background-repeat":"repeat","background-position":"center center","background-size":"auto","background-attachment":"scroll","background-type":"","background-media":"","overlay-type":"","overlay-color":"","overlay-opacity":"","overlay-gradient":""}},"footnotes":""},"class_list":["post-2564","page","type-page","status-publish","hentry"],"yoast_head":"<!-- This site is optimized with the Yoast SEO Premium plugin v20.7 (Yoast SEO v27.6) - https:\/\/yoast.com\/product\/yoast-seo-premium-wordpress\/ -->\n<title>Refund policy - landmark<\/title>\n<meta name=\"robots\" content=\"index, follow, max-snippet:-1, max-image-preview:large, max-video-preview:-1\" \/>\n<link rel=\"canonical\" href=\"https:\/\/synthetichairwig.com\/es\/politica-de-reembolso\/\" \/>\n<meta property=\"og:locale\" content=\"es_MX\" \/>\n<meta property=\"og:type\" content=\"article\" \/>\n<meta property=\"og:title\" content=\"Refund policy\" \/>\n<meta property=\"og:description\" content=\"Refund policy About the return. Do we accept easy returns? Yes! Our customer satisfaction is our destination! Please feel free to return any eligible item within 30 days. Items returned within 30 days of receiving your original order will be eligible for a refund if it has an evident manufacturing defect, such as the size, [&hellip;]\" \/>\n<meta property=\"og:url\" content=\"https:\/\/synthetichairwig.com\/es\/politica-de-reembolso\/\" \/>\n<meta property=\"og:site_name\" content=\"landmark\" \/>\n<meta property=\"article:modified_time\" content=\"2023-06-21T06:40:16+00:00\" \/>\n<meta name=\"twitter:card\" content=\"summary_large_image\" \/>\n<meta name=\"twitter:label1\" content=\"Tiempo de lectura\" \/>\n\t<meta name=\"twitter:data1\" content=\"3 minutos\" \/>\n<script type=\"application\/ld+json\" class=\"yoast-schema-graph\">{\"@context\":\"https:\\\/\\\/schema.org\",\"@graph\":[{\"@type\":\"WebPage\",\"@id\":\"https:\\\/\\\/synthetichairwig.com\\\/refund-policy\\\/\",\"url\":\"https:\\\/\\\/synthetichairwig.com\\\/refund-policy\\\/\",\"name\":\"Refund policy - landmark\",\"isPartOf\":{\"@id\":\"https:\\\/\\\/synthetichairwig.com\\\/#website\"},\"datePublished\":\"2023-06-21T06:38:16+00:00\",\"dateModified\":\"2023-06-21T06:40:16+00:00\",\"breadcrumb\":{\"@id\":\"https:\\\/\\\/synthetichairwig.com\\\/refund-policy\\\/#breadcrumb\"},\"inLanguage\":\"es\",\"potentialAction\":[{\"@type\":\"ReadAction\",\"target\":[\"https:\\\/\\\/synthetichairwig.com\\\/refund-policy\\\/\"]}]},{\"@type\":\"BreadcrumbList\",\"@id\":\"https:\\\/\\\/synthetichairwig.com\\\/refund-policy\\\/#breadcrumb\",\"itemListElement\":[{\"@type\":\"ListItem\",\"position\":1,\"name\":\"Home\",\"item\":\"https:\\\/\\\/synthetichairwig.com\\\/\"},{\"@type\":\"ListItem\",\"position\":2,\"name\":\"Refund policy\"}]},{\"@type\":\"WebSite\",\"@id\":\"https:\\\/\\\/synthetichairwig.com\\\/#website\",\"url\":\"https:\\\/\\\/synthetichairwig.com\\\/\",\"name\":\"landmark\",\"description\":\"My WordPress Blog\",\"publisher\":{\"@id\":\"https:\\\/\\\/synthetichairwig.com\\\/#organization\"},\"potentialAction\":[{\"@type\":\"SearchAction\",\"target\":{\"@type\":\"EntryPoint\",\"urlTemplate\":\"https:\\\/\\\/synthetichairwig.com\\\/?s={search_term_string}\"},\"query-input\":{\"@type\":\"PropertyValueSpecification\",\"valueRequired\":true,\"valueName\":\"search_term_string\"}}],\"inLanguage\":\"es\"},{\"@type\":\"Organization\",\"@id\":\"https:\\\/\\\/synthetichairwig.com\\\/#organization\",\"name\":\"landmark\",\"url\":\"https:\\\/\\\/synthetichairwig.com\\\/\",\"logo\":{\"@type\":\"ImageObject\",\"inLanguage\":\"es\",\"@id\":\"https:\\\/\\\/synthetichairwig.com\\\/#\\\/schema\\\/logo\\\/image\\\/\",\"url\":\"https:\\\/\\\/synthetichairwig.com\\\/wp-content\\\/uploads\\\/2023\\\/06\\\/cropped-logo3.png\",\"contentUrl\":\"https:\\\/\\\/synthetichairwig.com\\\/wp-content\\\/uploads\\\/2023\\\/06\\\/cropped-logo3.png\",\"width\":1704,\"height\":768,\"caption\":\"landmark\"},\"image\":{\"@id\":\"https:\\\/\\\/synthetichairwig.com\\\/#\\\/schema\\\/logo\\\/image\\\/\"}}]}<\/script>\n<!-- \/ Yoast SEO Premium plugin. -->","yoast_head_json":{"title":"Refund policy - landmark","robots":{"index":"index","follow":"follow","max-snippet":"max-snippet:-1","max-image-preview":"max-image-preview:large","max-video-preview":"max-video-preview:-1"},"canonical":"https:\/\/synthetichairwig.com\/es\/politica-de-reembolso\/","og_locale":"es_MX","og_type":"article","og_title":"Refund policy","og_description":"Refund policy About the return. Do we accept easy returns? Yes! Our customer satisfaction is our destination! Please feel free to return any eligible item within 30 days. Items returned within 30 days of receiving your original order will be eligible for a refund if it has an evident manufacturing defect, such as the size, [&hellip;]","og_url":"https:\/\/synthetichairwig.com\/es\/politica-de-reembolso\/","og_site_name":"landmark","article_modified_time":"2023-06-21T06:40:16+00:00","twitter_card":"summary_large_image","twitter_misc":{"Tiempo de lectura":"3 minutos"},"schema":{"@context":"https:\/\/schema.org","@graph":[{"@type":"WebPage","@id":"https:\/\/synthetichairwig.com\/refund-policy\/","url":"https:\/\/synthetichairwig.com\/refund-policy\/","name":"Refund policy - landmark","isPartOf":{"@id":"https:\/\/synthetichairwig.com\/#website"},"datePublished":"2023-06-21T06:38:16+00:00","dateModified":"2023-06-21T06:40:16+00:00","breadcrumb":{"@id":"https:\/\/synthetichairwig.com\/refund-policy\/#breadcrumb"},"inLanguage":"es","potentialAction":[{"@type":"ReadAction","target":["https:\/\/synthetichairwig.com\/refund-policy\/"]}]},{"@type":"BreadcrumbList","@id":"https:\/\/synthetichairwig.com\/refund-policy\/#breadcrumb","itemListElement":[{"@type":"ListItem","position":1,"name":"Home","item":"https:\/\/synthetichairwig.com\/"},{"@type":"ListItem","position":2,"name":"Refund policy"}]},{"@type":"WebSite","@id":"https:\/\/synthetichairwig.com\/#website","url":"https:\/\/synthetichairwig.com\/","name":"landmark","description":"My WordPress Blog","publisher":{"@id":"https:\/\/synthetichairwig.com\/#organization"},"potentialAction":[{"@type":"SearchAction","target":{"@type":"EntryPoint","urlTemplate":"https:\/\/synthetichairwig.com\/?s={search_term_string}"},"query-input":{"@type":"PropertyValueSpecification","valueRequired":true,"valueName":"search_term_string"}}],"inLanguage":"es"},{"@type":"Organization","@id":"https:\/\/synthetichairwig.com\/#organization","name":"landmark","url":"https:\/\/synthetichairwig.com\/","logo":{"@type":"ImageObject","inLanguage":"es","@id":"https:\/\/synthetichairwig.com\/#\/schema\/logo\/image\/","url":"https:\/\/synthetichairwig.com\/wp-content\/uploads\/2023\/06\/cropped-logo3.png","contentUrl":"https:\/\/synthetichairwig.com\/wp-content\/uploads\/2023\/06\/cropped-logo3.png","width":1704,"height":768,"caption":"landmark"},"image":{"@id":"https:\/\/synthetichairwig.com\/#\/schema\/logo\/image\/"}}]}},"_links":{"self":[{"href":"https:\/\/synthetichairwig.com\/es\/wp-json\/wp\/v2\/pages\/2564","targetHints":{"allow":["GET"]}}],"collection":[{"href":"https:\/\/synthetichairwig.com\/es\/wp-json\/wp\/v2\/pages"}],"about":[{"href":"https:\/\/synthetichairwig.com\/es\/wp-json\/wp\/v2\/types\/page"}],"author":[{"embeddable":true,"href":"https:\/\/synthetichairwig.com\/es\/wp-json\/wp\/v2\/users\/1"}],"replies":[{"embeddable":true,"href":"https:\/\/synthetichairwig.com\/es\/wp-json\/wp\/v2\/comments?post=2564"}],"version-history":[{"count":0,"href":"https:\/\/synthetichairwig.com\/es\/wp-json\/wp\/v2\/pages\/2564\/revisions"}],"wp:attachment":[{"href":"https:\/\/synthetichairwig.com\/es\/wp-json\/wp\/v2\/media?parent=2564"}],"curies":[{"name":"wp","href":"https:\/\/api.w.org\/{rel}","templated":true}]}}