{"id":3325,"date":"2023-07-12T14:31:33","date_gmt":"2023-07-12T14:31:33","guid":{"rendered":"https:\/\/synthetichairwig.com\/?post_type=product&#038;p=3325"},"modified":"2023-07-13T02:46:19","modified_gmt":"2023-07-13T02:46:19","slug":"quick-dry-waterproof-reflective-packable-bucket-hat-upf50-uv-protection-boonie-hat-for-fishing-hiking-garden-beach","status":"publish","type":"product","link":"https:\/\/synthetichairwig.com\/es\/product\/quick-dry-waterproof-reflective-packable-bucket-hat-upf50-uv-protection-boonie-hat-for-fishing-hiking-garden-beach\/","title":{"rendered":"Sombrero de cubo empacable reflectante impermeable de secado r\u00e1pido UPF50+ protecci\u00f3n UV Boonie sombrero para pesca senderismo jard\u00edn playa"},"content":{"rendered":"<div id=\"footable_parent_3324\"\n         class=\"footable_parent ninja_table_wrapper loading_ninja_table wp_table_data_press_parent semantic_ui\">\n                <table data-ninja_table_instance=\"ninja_table_instance_0\" data-footable_id=\"3324\" data-filter-delay=\"1000\" aria-label=\"\u5e3d\u5b50 \u5de5\u4f5c\u8868.csv\"            id=\"footable_3324\"\n           data-unique_identifier=\"ninja_table_unique_id_590797646_3324\"\n           class=\"foo-table ninja_footable foo_table_3324 ninja_table_unique_id_590797646_3324 ui table  nt_type_legacy_table selectable striped vertical_centered  footable-paging-right ninja_table_pro\">\n                <colgroup>\n                            <col class=\"ninja_column_0\">\n                            <col class=\"ninja_column_1\">\n                    <\/colgroup>\n        <thead>\n<tr class=\"footable-header\">\n                                        <th scope=\"col\"  class=\"ninja_column_0 ninja_clmn_nm_applicablescene\">Escena aplicable:<\/th><th scope=\"col\"  class=\"ninja_column_1 ninja_clmn_nm_beachoutdoortravelgoshoppingpartytraveling\">Playa, Aire libre, Viajes, Ir de compras, Fiesta, Viajar<\/th><\/tr>\n<\/thead>\n<tbody>\n\n        <tr data-row_id=\"707\" class=\"ninja_table_row_0 nt_row_id_707\">\n            <td>Grupo de edad:<\/td><td>Adultos<\/td>        <\/tr>\n            <tr data-row_id=\"708\" class=\"ninja_table_row_1 nt_row_id_708\">\n            <td>G\u00e9nero:<\/td><td>Unisexo<\/td>        <\/tr>\n            <tr data-row_id=\"709\" class=\"ninja_table_row_2 nt_row_id_709\">\n            <td>Material:<\/td><td>Nailon 100%, nailon 100%<\/td>        <\/tr>\n            <tr data-row_id=\"710\" class=\"ninja_table_row_3 nt_row_id_710\">\n            <td>Estilo:<\/td><td>Casual<\/td>        <\/tr>\n            <tr data-row_id=\"711\" class=\"ninja_table_row_4 nt_row_id_711\">\n            <td>Patr\u00f3n:<\/td><td>Plano<\/td>        <\/tr>\n            <tr data-row_id=\"712\" class=\"ninja_table_row_5 nt_row_id_712\">\n            <td>Lugar de origen:<\/td><td> Porcelana<\/td>        <\/tr>\n            <tr data-row_id=\"713\" class=\"ninja_table_row_6 nt_row_id_713\">\n            <td>Nombre de la marca:<\/td><td> Punto de referencia<\/td>        <\/tr>\n            <tr data-row_id=\"714\" class=\"ninja_table_row_7 nt_row_id_714\">\n            <td>N\u00famero de modelo:<\/td><td>B2109<\/td>        <\/tr>\n            <tr data-row_id=\"715\" class=\"ninja_table_row_8 nt_row_id_715\">\n            <td>Temporada aplicable:<\/td><td>Primavera y verano<\/td>        <\/tr>\n            <tr data-row_id=\"716\" class=\"ninja_table_row_9 nt_row_id_716\">\n            <td>Nombre del producto:<\/td><td>Sombrero de pescador con protecci\u00f3n UV<\/td>        <\/tr>\n            <tr data-row_id=\"717\" class=\"ninja_table_row_10 nt_row_id_717\">\n            <td>Tipo de gorra deportiva:<\/td><td>Sombrero de copa<\/td>        <\/tr>\n            <tr data-row_id=\"718\" class=\"ninja_table_row_11 nt_row_id_718\">\n            <td>Nombre del producto<\/td><td>Sombrero de pescador con protecci\u00f3n UV<\/td>        <\/tr>\n            <tr data-row_id=\"719\" class=\"ninja_table_row_12 nt_row_id_719\">\n            <td>Material<\/td><td>Nailon 100%<\/td>        <\/tr>\n            <tr data-row_id=\"720\" class=\"ninja_table_row_13 nt_row_id_720\">\n            <td>Tama\u00f1o<\/td><td>Circunferencia de la cabeza: 56-60 cm<\/td>        <\/tr>\n    <\/tbody><!--ninja_tobody_rendering_done-->\n    <\/table>\n                    <style type=\"text\/css\" id='ninja_table_custom_css_3324'>\n                        #footable_3324  {\n    font-family: inherit;\n    font-size: 14px;\n    }\n\n    \n                <\/style>\n                \n    \n    \n<\/div>","protected":false},"excerpt":{"rendered":"<p><strong>Tama\u00f1o: 55-60 cm<\/strong><\/p>","protected":false},"featured_media":3333,"comment_status":"open","ping_status":"closed","template":"","meta":{"site-sidebar-layout":"default","site-content-layout":"default","ast-site-content-layout":"","site-content-style":"default","site-sidebar-style":"default","ast-global-header-display":"","ast-banner-title-visibility":"","ast-main-header-display":"","ast-hfb-above-header-display":"","ast-hfb-below-header-display":"","ast-hfb-mobile-header-display":"","site-post-title":"","ast-breadcrumbs-content":"","ast-featured-img":"","footer-sml-layout":"","theme-transparent-header-meta":"default","adv-header-id-meta":"","stick-header-meta":"","header-above-stick-meta":"","header-main-stick-meta":"","header-below-stick-meta":"","astra-migrate-meta-layouts":"default","ast-page-background-enabled":"default","ast-page-background-meta":{"desktop":{"background-color":"var(--ast-global-color-4)","background-image":"","background-repeat":"repeat","background-position":"center center","background-size":"auto","background-attachment":"scroll","background-type":"","background-media":"","overlay-type":"","overlay-color":"","overlay-opacity":"","overlay-gradient":""},"tablet":{"background-color":"","background-image":"","background-repeat":"repeat","background-position":"center center","background-size":"auto","background-attachment":"scroll","background-type":"","background-media":"","overlay-type":"","overlay-color":"","overlay-opacity":"","overlay-gradient":""},"mobile":{"background-color":"","background-image":"","background-repeat":"repeat","background-position":"center center","background-size":"auto","background-attachment":"scroll","background-type":"","background-media":"","overlay-type":"","overlay-color":"","overlay-opacity":"","overlay-gradient":""}},"ast-content-background-meta":{"desktop":{"background-color":"var(--ast-global-color-5)","background-image":"","background-repeat":"repeat","background-position":"center center","background-size":"auto","background-attachment":"scroll","background-type":"","background-media":"","overlay-type":"","overlay-color":"","overlay-opacity":"","overlay-gradient":""},"tablet":{"background-color":"var(--ast-global-color-5)","background-image":"","background-repeat":"repeat","background-position":"center center","background-size":"auto","background-attachment":"scroll","background-type":"","background-media":"","overlay-type":"","overlay-color":"","overlay-opacity":"","overlay-gradient":""},"mobile":{"background-color":"var(--ast-global-color-5)","background-image":"","background-repeat":"repeat","background-position":"center center","background-size":"auto","background-attachment":"scroll","background-type":"","background-media":"","overlay-type":"","overlay-color":"","overlay-opacity":"","overlay-gradient":""}},"jetpack_publicize_message":"","jetpack_is_tweetstorm":false,"jetpack_publicize_feature_enabled":true,"jetpack_social_post_already_shared":false,"jetpack_social_options":{"image_generator_settings":{"template":"highway","enabled":false}}},"product_brand":[],"product_cat":[50,34,81],"product_tag":[],"class_list":{"0":"post-3325","1":"product","2":"type-product","3":"status-publish","4":"has-post-thumbnail","6":"product_cat-bucket-hat","7":"product_cat-cap","8":"product_cat-hats-new-arrivals","9":"desktop-align-left","10":"tablet-align-left","11":"mobile-align-left","13":"first","14":"instock","15":"sale","16":"shipping-taxable","17":"purchasable","18":"product-type-variable"},"jetpack_publicize_connections":[],"yoast_head":"<!-- This site is optimized with the Yoast SEO Premium plugin v20.7 (Yoast SEO v27.6) - https:\/\/yoast.com\/product\/yoast-seo-premium-wordpress\/ -->\n<title>Quick Dry Waterproof Reflective Packable Bucket Hat UPF50+ UV Protection Boonie Hat for Fishing Hiking Garden Beach - landmark<\/title>\n<meta name=\"robots\" content=\"index, follow, max-snippet:-1, max-image-preview:large, max-video-preview:-1\" \/>\n<link rel=\"canonical\" href=\"https:\/\/synthetichairwig.com\/es\/producto\/quick-dry-waterproof-reflective-packable-bucket-hat-upf50-uv-protection-boonie-hat-for-fishing-hiking-garden-beach\/\" \/>\n<meta property=\"og:locale\" content=\"es_MX\" \/>\n<meta property=\"og:type\" content=\"article\" \/>\n<meta property=\"og:title\" content=\"Quick Dry Waterproof Reflective Packable Bucket Hat UPF50+ UV Protection Boonie Hat for Fishing Hiking Garden Beach\" \/>\n<meta property=\"og:description\" content=\"size : 55-60CM\" \/>\n<meta property=\"og:url\" content=\"https:\/\/synthetichairwig.com\/es\/producto\/quick-dry-waterproof-reflective-packable-bucket-hat-upf50-uv-protection-boonie-hat-for-fishing-hiking-garden-beach\/\" \/>\n<meta property=\"og:site_name\" content=\"landmark\" \/>\n<meta property=\"article:modified_time\" content=\"2023-07-13T02:46:19+00:00\" \/>\n<meta property=\"og:image\" content=\"https:\/\/synthetichairwig.com\/wp-content\/uploads\/2023\/07\/002-7.jpg\" \/>\n\t<meta property=\"og:image:width\" content=\"600\" \/>\n\t<meta property=\"og:image:height\" content=\"600\" \/>\n\t<meta property=\"og:image:type\" content=\"image\/jpeg\" \/>\n<meta name=\"twitter:card\" content=\"summary_large_image\" \/>\n<meta name=\"twitter:label1\" content=\"Tiempo de lectura\" \/>\n\t<meta name=\"twitter:data1\" content=\"1 minuto\" \/>\n<script type=\"application\/ld+json\" class=\"yoast-schema-graph\">{\"@context\":\"https:\\\/\\\/schema.org\",\"@graph\":[{\"@type\":\"WebPage\",\"@id\":\"https:\\\/\\\/synthetichairwig.com\\\/product\\\/quick-dry-waterproof-reflective-packable-bucket-hat-upf50-uv-protection-boonie-hat-for-fishing-hiking-garden-beach\\\/\",\"url\":\"https:\\\/\\\/synthetichairwig.com\\\/product\\\/quick-dry-waterproof-reflective-packable-bucket-hat-upf50-uv-protection-boonie-hat-for-fishing-hiking-garden-beach\\\/\",\"name\":\"Quick Dry Waterproof Reflective Packable Bucket Hat UPF50+ UV Protection Boonie Hat for Fishing Hiking Garden Beach - landmark\",\"isPartOf\":{\"@id\":\"https:\\\/\\\/synthetichairwig.com\\\/#website\"},\"primaryImageOfPage\":{\"@id\":\"https:\\\/\\\/synthetichairwig.com\\\/product\\\/quick-dry-waterproof-reflective-packable-bucket-hat-upf50-uv-protection-boonie-hat-for-fishing-hiking-garden-beach\\\/#primaryimage\"},\"image\":{\"@id\":\"https:\\\/\\\/synthetichairwig.com\\\/product\\\/quick-dry-waterproof-reflective-packable-bucket-hat-upf50-uv-protection-boonie-hat-for-fishing-hiking-garden-beach\\\/#primaryimage\"},\"thumbnailUrl\":\"https:\\\/\\\/synthetichairwig.com\\\/wp-content\\\/uploads\\\/2023\\\/07\\\/002-7.jpg\",\"datePublished\":\"2023-07-12T14:31:33+00:00\",\"dateModified\":\"2023-07-13T02:46:19+00:00\",\"breadcrumb\":{\"@id\":\"https:\\\/\\\/synthetichairwig.com\\\/product\\\/quick-dry-waterproof-reflective-packable-bucket-hat-upf50-uv-protection-boonie-hat-for-fishing-hiking-garden-beach\\\/#breadcrumb\"},\"inLanguage\":\"es\",\"potentialAction\":[{\"@type\":\"ReadAction\",\"target\":[\"https:\\\/\\\/synthetichairwig.com\\\/product\\\/quick-dry-waterproof-reflective-packable-bucket-hat-upf50-uv-protection-boonie-hat-for-fishing-hiking-garden-beach\\\/\"]}]},{\"@type\":\"ImageObject\",\"inLanguage\":\"es\",\"@id\":\"https:\\\/\\\/synthetichairwig.com\\\/product\\\/quick-dry-waterproof-reflective-packable-bucket-hat-upf50-uv-protection-boonie-hat-for-fishing-hiking-garden-beach\\\/#primaryimage\",\"url\":\"https:\\\/\\\/synthetichairwig.com\\\/wp-content\\\/uploads\\\/2023\\\/07\\\/002-7.jpg\",\"contentUrl\":\"https:\\\/\\\/synthetichairwig.com\\\/wp-content\\\/uploads\\\/2023\\\/07\\\/002-7.jpg\",\"width\":600,\"height\":600},{\"@type\":\"BreadcrumbList\",\"@id\":\"https:\\\/\\\/synthetichairwig.com\\\/product\\\/quick-dry-waterproof-reflective-packable-bucket-hat-upf50-uv-protection-boonie-hat-for-fishing-hiking-garden-beach\\\/#breadcrumb\",\"itemListElement\":[{\"@type\":\"ListItem\",\"position\":1,\"name\":\"Home\",\"item\":\"https:\\\/\\\/synthetichairwig.com\\\/\"},{\"@type\":\"ListItem\",\"position\":2,\"name\":\"LandMark Hair Shop\",\"item\":\"https:\\\/\\\/synthetichairwig.com\\\/landmark-hair-shop\\\/\"},{\"@type\":\"ListItem\",\"position\":3,\"name\":\"Quick Dry Waterproof Reflective Packable Bucket Hat UPF50+ UV Protection Boonie Hat for Fishing Hiking Garden Beach\"}]},{\"@type\":\"WebSite\",\"@id\":\"https:\\\/\\\/synthetichairwig.com\\\/#website\",\"url\":\"https:\\\/\\\/synthetichairwig.com\\\/\",\"name\":\"landmark\",\"description\":\"My WordPress Blog\",\"publisher\":{\"@id\":\"https:\\\/\\\/synthetichairwig.com\\\/#organization\"},\"potentialAction\":[{\"@type\":\"SearchAction\",\"target\":{\"@type\":\"EntryPoint\",\"urlTemplate\":\"https:\\\/\\\/synthetichairwig.com\\\/?s={search_term_string}\"},\"query-input\":{\"@type\":\"PropertyValueSpecification\",\"valueRequired\":true,\"valueName\":\"search_term_string\"}}],\"inLanguage\":\"es\"},{\"@type\":\"Organization\",\"@id\":\"https:\\\/\\\/synthetichairwig.com\\\/#organization\",\"name\":\"landmark\",\"url\":\"https:\\\/\\\/synthetichairwig.com\\\/\",\"logo\":{\"@type\":\"ImageObject\",\"inLanguage\":\"es\",\"@id\":\"https:\\\/\\\/synthetichairwig.com\\\/#\\\/schema\\\/logo\\\/image\\\/\",\"url\":\"https:\\\/\\\/synthetichairwig.com\\\/wp-content\\\/uploads\\\/2023\\\/06\\\/cropped-logo3.png\",\"contentUrl\":\"https:\\\/\\\/synthetichairwig.com\\\/wp-content\\\/uploads\\\/2023\\\/06\\\/cropped-logo3.png\",\"width\":1704,\"height\":768,\"caption\":\"landmark\"},\"image\":{\"@id\":\"https:\\\/\\\/synthetichairwig.com\\\/#\\\/schema\\\/logo\\\/image\\\/\"}}]}<\/script>\n<!-- \/ Yoast SEO Premium plugin. -->","yoast_head_json":{"title":"Quick Dry Waterproof Reflective Packable Bucket Hat UPF50+ UV Protection Boonie Hat for Fishing Hiking Garden Beach - landmark","robots":{"index":"index","follow":"follow","max-snippet":"max-snippet:-1","max-image-preview":"max-image-preview:large","max-video-preview":"max-video-preview:-1"},"canonical":"https:\/\/synthetichairwig.com\/es\/producto\/quick-dry-waterproof-reflective-packable-bucket-hat-upf50-uv-protection-boonie-hat-for-fishing-hiking-garden-beach\/","og_locale":"es_MX","og_type":"article","og_title":"Quick Dry Waterproof Reflective Packable Bucket Hat UPF50+ UV Protection Boonie Hat for Fishing Hiking Garden Beach","og_description":"size : 55-60CM","og_url":"https:\/\/synthetichairwig.com\/es\/producto\/quick-dry-waterproof-reflective-packable-bucket-hat-upf50-uv-protection-boonie-hat-for-fishing-hiking-garden-beach\/","og_site_name":"landmark","article_modified_time":"2023-07-13T02:46:19+00:00","og_image":[{"width":600,"height":600,"url":"https:\/\/synthetichairwig.com\/wp-content\/uploads\/2023\/07\/002-7.jpg","type":"image\/jpeg"}],"twitter_card":"summary_large_image","twitter_misc":{"Tiempo de lectura":"1 minuto"},"schema":{"@context":"https:\/\/schema.org","@graph":[{"@type":"WebPage","@id":"https:\/\/synthetichairwig.com\/product\/quick-dry-waterproof-reflective-packable-bucket-hat-upf50-uv-protection-boonie-hat-for-fishing-hiking-garden-beach\/","url":"https:\/\/synthetichairwig.com\/product\/quick-dry-waterproof-reflective-packable-bucket-hat-upf50-uv-protection-boonie-hat-for-fishing-hiking-garden-beach\/","name":"Quick Dry Waterproof Reflective Packable Bucket Hat UPF50+ UV Protection Boonie Hat for Fishing Hiking Garden Beach - landmark","isPartOf":{"@id":"https:\/\/synthetichairwig.com\/#website"},"primaryImageOfPage":{"@id":"https:\/\/synthetichairwig.com\/product\/quick-dry-waterproof-reflective-packable-bucket-hat-upf50-uv-protection-boonie-hat-for-fishing-hiking-garden-beach\/#primaryimage"},"image":{"@id":"https:\/\/synthetichairwig.com\/product\/quick-dry-waterproof-reflective-packable-bucket-hat-upf50-uv-protection-boonie-hat-for-fishing-hiking-garden-beach\/#primaryimage"},"thumbnailUrl":"https:\/\/synthetichairwig.com\/wp-content\/uploads\/2023\/07\/002-7.jpg","datePublished":"2023-07-12T14:31:33+00:00","dateModified":"2023-07-13T02:46:19+00:00","breadcrumb":{"@id":"https:\/\/synthetichairwig.com\/product\/quick-dry-waterproof-reflective-packable-bucket-hat-upf50-uv-protection-boonie-hat-for-fishing-hiking-garden-beach\/#breadcrumb"},"inLanguage":"es","potentialAction":[{"@type":"ReadAction","target":["https:\/\/synthetichairwig.com\/product\/quick-dry-waterproof-reflective-packable-bucket-hat-upf50-uv-protection-boonie-hat-for-fishing-hiking-garden-beach\/"]}]},{"@type":"ImageObject","inLanguage":"es","@id":"https:\/\/synthetichairwig.com\/product\/quick-dry-waterproof-reflective-packable-bucket-hat-upf50-uv-protection-boonie-hat-for-fishing-hiking-garden-beach\/#primaryimage","url":"https:\/\/synthetichairwig.com\/wp-content\/uploads\/2023\/07\/002-7.jpg","contentUrl":"https:\/\/synthetichairwig.com\/wp-content\/uploads\/2023\/07\/002-7.jpg","width":600,"height":600},{"@type":"BreadcrumbList","@id":"https:\/\/synthetichairwig.com\/product\/quick-dry-waterproof-reflective-packable-bucket-hat-upf50-uv-protection-boonie-hat-for-fishing-hiking-garden-beach\/#breadcrumb","itemListElement":[{"@type":"ListItem","position":1,"name":"Home","item":"https:\/\/synthetichairwig.com\/"},{"@type":"ListItem","position":2,"name":"LandMark Hair Shop","item":"https:\/\/synthetichairwig.com\/landmark-hair-shop\/"},{"@type":"ListItem","position":3,"name":"Quick Dry Waterproof Reflective Packable Bucket Hat UPF50+ UV Protection Boonie Hat for Fishing Hiking Garden Beach"}]},{"@type":"WebSite","@id":"https:\/\/synthetichairwig.com\/#website","url":"https:\/\/synthetichairwig.com\/","name":"landmark","description":"My WordPress Blog","publisher":{"@id":"https:\/\/synthetichairwig.com\/#organization"},"potentialAction":[{"@type":"SearchAction","target":{"@type":"EntryPoint","urlTemplate":"https:\/\/synthetichairwig.com\/?s={search_term_string}"},"query-input":{"@type":"PropertyValueSpecification","valueRequired":true,"valueName":"search_term_string"}}],"inLanguage":"es"},{"@type":"Organization","@id":"https:\/\/synthetichairwig.com\/#organization","name":"landmark","url":"https:\/\/synthetichairwig.com\/","logo":{"@type":"ImageObject","inLanguage":"es","@id":"https:\/\/synthetichairwig.com\/#\/schema\/logo\/image\/","url":"https:\/\/synthetichairwig.com\/wp-content\/uploads\/2023\/06\/cropped-logo3.png","contentUrl":"https:\/\/synthetichairwig.com\/wp-content\/uploads\/2023\/06\/cropped-logo3.png","width":1704,"height":768,"caption":"landmark"},"image":{"@id":"https:\/\/synthetichairwig.com\/#\/schema\/logo\/image\/"}}]}},"_links":{"self":[{"href":"https:\/\/synthetichairwig.com\/es\/wp-json\/wp\/v2\/product\/3325","targetHints":{"allow":["GET"]}}],"collection":[{"href":"https:\/\/synthetichairwig.com\/es\/wp-json\/wp\/v2\/product"}],"about":[{"href":"https:\/\/synthetichairwig.com\/es\/wp-json\/wp\/v2\/types\/product"}],"replies":[{"embeddable":true,"href":"https:\/\/synthetichairwig.com\/es\/wp-json\/wp\/v2\/comments?post=3325"}],"wp:featuredmedia":[{"embeddable":true,"href":"https:\/\/synthetichairwig.com\/es\/wp-json\/wp\/v2\/media\/3333"}],"wp:attachment":[{"href":"https:\/\/synthetichairwig.com\/es\/wp-json\/wp\/v2\/media?parent=3325"}],"wp:term":[{"taxonomy":"product_brand","embeddable":true,"href":"https:\/\/synthetichairwig.com\/es\/wp-json\/wp\/v2\/product_brand?post=3325"},{"taxonomy":"product_cat","embeddable":true,"href":"https:\/\/synthetichairwig.com\/es\/wp-json\/wp\/v2\/product_cat?post=3325"},{"taxonomy":"product_tag","embeddable":true,"href":"https:\/\/synthetichairwig.com\/es\/wp-json\/wp\/v2\/product_tag?post=3325"}],"curies":[{"name":"wp","href":"https:\/\/api.w.org\/{rel}","templated":true}]}}