{"id":3605,"date":"2023-07-21T13:21:21","date_gmt":"2023-07-21T13:21:21","guid":{"rendered":"https:\/\/synthetichairwig.com\/?post_type=product&#038;p=3605"},"modified":"2024-05-29T22:36:45","modified_gmt":"2024-05-29T22:36:45","slug":"synthetic-straight-ombre-brown-natural-look-realistic-dark-roots-wig-for-daily-wear-halloween-party","status":"publish","type":"product","link":"https:\/\/synthetichairwig.com\/es\/product\/peluca-sintetica-lisa-ombre-marron-aspecto-natural-realista-de-raices-oscuras-para-uso-diario-fiesta-de-halloween\/","title":{"rendered":"Peluca sint\u00e9tica recta de ra\u00edces oscuras realistas de aspecto natural marr\u00f3n degradado para uso diario fiesta de Halloween"},"content":{"rendered":"<div style=\"width: 720px;\" class=\"wp-video\"><video class=\"wp-video-shortcode\" id=\"video-3605-1\" width=\"720\" height=\"1280\" preload=\"metadata\" controls=\"controls\"><source type=\"video\/mp4\" src=\"https:\/\/synthetichairwig.com\/wp-content\/uploads\/2023\/07\/\u89c6\u9891016.mp4?_=1\" \/><a href=\"https:\/\/synthetichairwig.com\/wp-content\/uploads\/2023\/07\/\u89c6\u9891016.mp4\">https:\/\/synthetichairwig.com\/wp-content\/uploads\/2023\/07\/\u89c6\u9891016.mp4<\/a><\/video><\/div>\n<p><img fetchpriority=\"high\" decoding=\"async\" class=\"alignnone size-full wp-image-3607\" src=\"https:\/\/synthetichairwig.com\/wp-content\/uploads\/2023\/07\/016-1.jpg\" alt=\"\" width=\"960\" height=\"960\" srcset=\"https:\/\/synthetichairwig.com\/wp-content\/uploads\/2023\/07\/016-1.jpg 960w, https:\/\/synthetichairwig.com\/wp-content\/uploads\/2023\/07\/016-1-300x300.jpg 300w, https:\/\/synthetichairwig.com\/wp-content\/uploads\/2023\/07\/016-1-150x150.jpg 150w, https:\/\/synthetichairwig.com\/wp-content\/uploads\/2023\/07\/016-1-768x768.jpg 768w, https:\/\/synthetichairwig.com\/wp-content\/uploads\/2023\/07\/016-1-600x600.jpg 600w, https:\/\/synthetichairwig.com\/wp-content\/uploads\/2023\/07\/016-1-100x100.jpg 100w\" sizes=\"(max-width: 960px) 100vw, 960px\" \/> <img decoding=\"async\" class=\"alignnone size-large wp-image-3608\" src=\"https:\/\/synthetichairwig.com\/wp-content\/uploads\/2023\/07\/016-5.jpg\" alt=\"\" width=\"960\" height=\"960\" srcset=\"https:\/\/synthetichairwig.com\/wp-content\/uploads\/2023\/07\/016-5.jpg 960w, https:\/\/synthetichairwig.com\/wp-content\/uploads\/2023\/07\/016-5-300x300.jpg 300w, https:\/\/synthetichairwig.com\/wp-content\/uploads\/2023\/07\/016-5-150x150.jpg 150w, https:\/\/synthetichairwig.com\/wp-content\/uploads\/2023\/07\/016-5-768x768.jpg 768w, https:\/\/synthetichairwig.com\/wp-content\/uploads\/2023\/07\/016-5-600x600.jpg 600w, https:\/\/synthetichairwig.com\/wp-content\/uploads\/2023\/07\/016-5-100x100.jpg 100w\" sizes=\"(max-width: 960px) 100vw, 960px\" \/> <img decoding=\"async\" class=\"alignnone size-large wp-image-3609\" src=\"https:\/\/synthetichairwig.com\/wp-content\/uploads\/2023\/07\/016-6.jpg\" alt=\"\" width=\"960\" height=\"960\" srcset=\"https:\/\/synthetichairwig.com\/wp-content\/uploads\/2023\/07\/016-6.jpg 960w, https:\/\/synthetichairwig.com\/wp-content\/uploads\/2023\/07\/016-6-300x300.jpg 300w, https:\/\/synthetichairwig.com\/wp-content\/uploads\/2023\/07\/016-6-150x150.jpg 150w, https:\/\/synthetichairwig.com\/wp-content\/uploads\/2023\/07\/016-6-768x768.jpg 768w, https:\/\/synthetichairwig.com\/wp-content\/uploads\/2023\/07\/016-6-600x600.jpg 600w, https:\/\/synthetichairwig.com\/wp-content\/uploads\/2023\/07\/016-6-100x100.jpg 100w\" sizes=\"(max-width: 960px) 100vw, 960px\" \/> <img loading=\"lazy\" decoding=\"async\" class=\"alignnone size-large wp-image-3610\" src=\"https:\/\/synthetichairwig.com\/wp-content\/uploads\/2023\/07\/016-7.jpg\" alt=\"\" width=\"960\" height=\"960\" srcset=\"https:\/\/synthetichairwig.com\/wp-content\/uploads\/2023\/07\/016-7.jpg 960w, https:\/\/synthetichairwig.com\/wp-content\/uploads\/2023\/07\/016-7-300x300.jpg 300w, https:\/\/synthetichairwig.com\/wp-content\/uploads\/2023\/07\/016-7-150x150.jpg 150w, https:\/\/synthetichairwig.com\/wp-content\/uploads\/2023\/07\/016-7-768x768.jpg 768w, https:\/\/synthetichairwig.com\/wp-content\/uploads\/2023\/07\/016-7-600x600.jpg 600w, https:\/\/synthetichairwig.com\/wp-content\/uploads\/2023\/07\/016-7-100x100.jpg 100w\" sizes=\"(max-width: 960px) 100vw, 960px\" \/><\/p>\n<div id=\"footable_parent_3604\"\n         class=\"footable_parent ninja_table_wrapper loading_ninja_table wp_table_data_press_parent semantic_ui\">\n                <table data-ninja_table_instance=\"ninja_table_instance_0\" data-footable_id=\"3604\" data-filter-delay=\"1000\" aria-label=\"\u5047\u53d1 \u5de5\u4f5c\u8868.csv\"            id=\"footable_3604\"\n           data-unique_identifier=\"ninja_table_unique_id_1913419114_3604\"\n           class=\"foo-table ninja_footable foo_table_3604 ninja_table_unique_id_1913419114_3604 ui table  nt_type_legacy_table selectable striped vertical_centered  footable-paging-right ninja_table_pro\">\n                <colgroup>\n                            <col class=\"ninja_column_0\">\n                            <col class=\"ninja_column_1\">\n                    <\/colgroup>\n        <thead>\n<tr class=\"footable-header\">\n                                        <th scope=\"col\"  class=\"ninja_column_0 ninja_clmn_nm_placeoforigin\">Lugar de origen:<\/th><th scope=\"col\"  class=\"ninja_column_1 ninja_clmn_nm_china\">Porcelana<\/th><\/tr>\n<\/thead>\n<tbody>\n\n        <tr data-row_id=\"945\" class=\"ninja_table_row_0 nt_row_id_945\">\n            <td>Nombre de la marca:<\/td><td>punto de referencia<\/td>        <\/tr>\n            <tr data-row_id=\"946\" class=\"ninja_table_row_1 nt_row_id_946\">\n            <td>N\u00famero de modelo:<\/td><td>lc6082-1<\/td>        <\/tr>\n            <tr data-row_id=\"947\" class=\"ninja_table_row_2 nt_row_id_947\">\n            <td>Peso:<\/td><td>260g<\/td>        <\/tr>\n            <tr data-row_id=\"948\" class=\"ninja_table_row_3 nt_row_id_948\">\n            <td>Estilo:<\/td><td>Derecho<\/td>        <\/tr>\n            <tr data-row_id=\"949\" class=\"ninja_table_row_4 nt_row_id_949\">\n            <td>T\u00e9cnica:<\/td><td>Peluca hecha a m\u00e1quina<\/td>        <\/tr>\n            <tr data-row_id=\"950\" class=\"ninja_table_row_5 nt_row_id_950\">\n            <td>Longitud:<\/td><td>15 pulgadas<\/td>        <\/tr>\n            <tr data-row_id=\"951\" class=\"ninja_table_row_6 nt_row_id_951\">\n            <td>Tipo de peluca de encaje:<\/td><td>Ninguna pelucas de encaje<\/td>        <\/tr>\n            <tr data-row_id=\"952\" class=\"ninja_table_row_7 nt_row_id_952\">\n            <td>Densidad:<\/td><td>130%<\/td>        <\/tr>\n            <tr data-row_id=\"953\" class=\"ninja_table_row_8 nt_row_id_953\">\n            <td>Longitud de las pelucas:<\/td><td>Largo<\/td>        <\/tr>\n            <tr data-row_id=\"954\" class=\"ninja_table_row_9 nt_row_id_954\">\n            <td>Tama\u00f1o de la gorra:<\/td><td>Tama\u00f1o promedio<\/td>        <\/tr>\n            <tr data-row_id=\"955\" class=\"ninja_table_row_10 nt_row_id_955\">\n            <td>Colores de te\u00f1ido adecuados:<\/td><td>Ninguno<\/td>        <\/tr>\n            <tr data-row_id=\"956\" class=\"ninja_table_row_11 nt_row_id_956\">\n            <td>material de pelo sint\u00e9tico:<\/td><td>Fibra de alta temperatura<\/td>        <\/tr>\n            <tr data-row_id=\"957\" class=\"ninja_table_row_12 nt_row_id_957\">\n            <td>Nombre del producto:<\/td><td>Peluca de ra\u00edces oscuras realista de aspecto natural para uso diario fiesta de Halloween<\/td>        <\/tr>\n            <tr data-row_id=\"958\" class=\"ninja_table_row_13 nt_row_id_958\">\n            <td>Material:<\/td><td>cabello sint\u00e9tico<\/td>        <\/tr>\n            <tr data-row_id=\"959\" class=\"ninja_table_row_14 nt_row_id_959\">\n            <td>Color:<\/td><td>Foto mostrada<\/td>        <\/tr>\n            <tr data-row_id=\"960\" class=\"ninja_table_row_15 nt_row_id_960\">\n            <td>Caracter\u00edstica:<\/td><td>Suave, liso, grueso, apenas se desprende<\/td>        <\/tr>\n            <tr data-row_id=\"961\" class=\"ninja_table_row_16 nt_row_id_961\">\n            <td>Calidad:<\/td><td>Alta calidad<\/td>        <\/tr>\n            <tr data-row_id=\"962\" class=\"ninja_table_row_17 nt_row_id_962\">\n            <td>Ocasi\u00f3n:<\/td><td>Vida diaria<\/td>        <\/tr>\n    <\/tbody><!--ninja_tobody_rendering_done-->\n    <\/table>\n                    <style type=\"text\/css\" id='ninja_table_custom_css_3604'>\n                        #footable_3604  {\n    font-family: inherit;\n    font-size: 14px;\n    }\n\n    \n                <\/style>\n                \n    \n    \n<\/div>","protected":false},"excerpt":{"rendered":"","protected":false},"featured_media":5063,"comment_status":"open","ping_status":"closed","template":"","meta":{"site-sidebar-layout":"default","site-content-layout":"default","ast-site-content-layout":"","site-content-style":"default","site-sidebar-style":"default","ast-global-header-display":"","ast-banner-title-visibility":"","ast-main-header-display":"","ast-hfb-above-header-display":"","ast-hfb-below-header-display":"","ast-hfb-mobile-header-display":"","site-post-title":"","ast-breadcrumbs-content":"","ast-featured-img":"","footer-sml-layout":"","theme-transparent-header-meta":"default","adv-header-id-meta":"","stick-header-meta":"","header-above-stick-meta":"","header-main-stick-meta":"","header-below-stick-meta":"","astra-migrate-meta-layouts":"default","ast-page-background-enabled":"default","ast-page-background-meta":{"desktop":{"background-color":"var(--ast-global-color-4)","background-image":"","background-repeat":"repeat","background-position":"center center","background-size":"auto","background-attachment":"scroll","background-type":"","background-media":"","overlay-type":"","overlay-color":"","overlay-opacity":"","overlay-gradient":""},"tablet":{"background-color":"","background-image":"","background-repeat":"repeat","background-position":"center center","background-size":"auto","background-attachment":"scroll","background-type":"","background-media":"","overlay-type":"","overlay-color":"","overlay-opacity":"","overlay-gradient":""},"mobile":{"background-color":"","background-image":"","background-repeat":"repeat","background-position":"center center","background-size":"auto","background-attachment":"scroll","background-type":"","background-media":"","overlay-type":"","overlay-color":"","overlay-opacity":"","overlay-gradient":""}},"ast-content-background-meta":{"desktop":{"background-color":"var(--ast-global-color-5)","background-image":"","background-repeat":"repeat","background-position":"center center","background-size":"auto","background-attachment":"scroll","background-type":"","background-media":"","overlay-type":"","overlay-color":"","overlay-opacity":"","overlay-gradient":""},"tablet":{"background-color":"var(--ast-global-color-5)","background-image":"","background-repeat":"repeat","background-position":"center center","background-size":"auto","background-attachment":"scroll","background-type":"","background-media":"","overlay-type":"","overlay-color":"","overlay-opacity":"","overlay-gradient":""},"mobile":{"background-color":"var(--ast-global-color-5)","background-image":"","background-repeat":"repeat","background-position":"center center","background-size":"auto","background-attachment":"scroll","background-type":"","background-media":"","overlay-type":"","overlay-color":"","overlay-opacity":"","overlay-gradient":""}},"jetpack_publicize_message":"","jetpack_is_tweetstorm":false,"jetpack_publicize_feature_enabled":true,"jetpack_social_post_already_shared":false,"jetpack_social_options":{"image_generator_settings":{"template":"highway","enabled":false}}},"product_brand":[],"product_cat":[77,79,36,32],"product_tag":[],"class_list":{"0":"post-3605","1":"product","2":"type-product","3":"status-publish","4":"has-post-thumbnail","6":"product_cat-flash-sale","7":"product_cat-flash-sale-2","8":"product_cat-long-synthetic-wigs","9":"product_cat-synthetic-wigs","10":"desktop-align-left","11":"tablet-align-left","12":"mobile-align-left","14":"first","15":"instock","16":"sale","17":"shipping-taxable","18":"purchasable","19":"product-type-variable"},"jetpack_publicize_connections":[],"yoast_head":"<!-- This site is optimized with the Yoast SEO Premium plugin v20.7 (Yoast SEO v27.6) - https:\/\/yoast.com\/product\/yoast-seo-premium-wordpress\/ -->\n<title>Synthetic Straight Ombre Brown Natural Look Realistic Dark Roots Wig for Daily Wear Halloween Party - landmark<\/title>\n<meta name=\"robots\" content=\"index, follow, max-snippet:-1, max-image-preview:large, max-video-preview:-1\" \/>\n<link rel=\"canonical\" href=\"https:\/\/synthetichairwig.com\/es\/producto\/peluca-sintetica-lisa-ombre-marron-aspecto-natural-realista-de-raices-oscuras-para-uso-diario-fiesta-de-halloween\/\" \/>\n<meta property=\"og:locale\" content=\"es_MX\" \/>\n<meta property=\"og:type\" content=\"article\" \/>\n<meta property=\"og:title\" content=\"Synthetic Straight Ombre Brown Natural Look Realistic Dark Roots Wig for Daily Wear Halloween Party\" \/>\n<meta property=\"og:url\" content=\"https:\/\/synthetichairwig.com\/es\/producto\/peluca-sintetica-lisa-ombre-marron-aspecto-natural-realista-de-raices-oscuras-para-uso-diario-fiesta-de-halloween\/\" \/>\n<meta property=\"og:site_name\" content=\"landmark\" \/>\n<meta property=\"article:modified_time\" content=\"2024-05-29T22:36:45+00:00\" \/>\n<meta property=\"og:image\" content=\"https:\/\/synthetichairwig.com\/wp-content\/uploads\/2023\/07\/016-1-2.jpg\" \/>\n\t<meta property=\"og:image:width\" content=\"600\" \/>\n\t<meta property=\"og:image:height\" content=\"600\" \/>\n\t<meta property=\"og:image:type\" content=\"image\/jpeg\" \/>\n<meta name=\"twitter:card\" content=\"summary_large_image\" \/>\n<meta name=\"twitter:label1\" content=\"Tiempo de lectura\" \/>\n\t<meta name=\"twitter:data1\" content=\"1 minuto\" \/>\n<script type=\"application\/ld+json\" class=\"yoast-schema-graph\">{\"@context\":\"https:\\\/\\\/schema.org\",\"@graph\":[{\"@type\":\"WebPage\",\"@id\":\"https:\\\/\\\/synthetichairwig.com\\\/product\\\/synthetic-straight-ombre-brown-natural-look-realistic-dark-roots-wig-for-daily-wear-halloween-party\\\/\",\"url\":\"https:\\\/\\\/synthetichairwig.com\\\/product\\\/synthetic-straight-ombre-brown-natural-look-realistic-dark-roots-wig-for-daily-wear-halloween-party\\\/\",\"name\":\"Synthetic Straight Ombre Brown Natural Look Realistic Dark Roots Wig for Daily Wear Halloween Party - landmark\",\"isPartOf\":{\"@id\":\"https:\\\/\\\/synthetichairwig.com\\\/#website\"},\"primaryImageOfPage\":{\"@id\":\"https:\\\/\\\/synthetichairwig.com\\\/product\\\/synthetic-straight-ombre-brown-natural-look-realistic-dark-roots-wig-for-daily-wear-halloween-party\\\/#primaryimage\"},\"image\":{\"@id\":\"https:\\\/\\\/synthetichairwig.com\\\/product\\\/synthetic-straight-ombre-brown-natural-look-realistic-dark-roots-wig-for-daily-wear-halloween-party\\\/#primaryimage\"},\"thumbnailUrl\":\"https:\\\/\\\/synthetichairwig.com\\\/wp-content\\\/uploads\\\/2023\\\/07\\\/016-1-2.jpg\",\"datePublished\":\"2023-07-21T13:21:21+00:00\",\"dateModified\":\"2024-05-29T22:36:45+00:00\",\"breadcrumb\":{\"@id\":\"https:\\\/\\\/synthetichairwig.com\\\/product\\\/synthetic-straight-ombre-brown-natural-look-realistic-dark-roots-wig-for-daily-wear-halloween-party\\\/#breadcrumb\"},\"inLanguage\":\"es\",\"potentialAction\":[{\"@type\":\"ReadAction\",\"target\":[\"https:\\\/\\\/synthetichairwig.com\\\/product\\\/synthetic-straight-ombre-brown-natural-look-realistic-dark-roots-wig-for-daily-wear-halloween-party\\\/\"]}]},{\"@type\":\"ImageObject\",\"inLanguage\":\"es\",\"@id\":\"https:\\\/\\\/synthetichairwig.com\\\/product\\\/synthetic-straight-ombre-brown-natural-look-realistic-dark-roots-wig-for-daily-wear-halloween-party\\\/#primaryimage\",\"url\":\"https:\\\/\\\/synthetichairwig.com\\\/wp-content\\\/uploads\\\/2023\\\/07\\\/016-1-2.jpg\",\"contentUrl\":\"https:\\\/\\\/synthetichairwig.com\\\/wp-content\\\/uploads\\\/2023\\\/07\\\/016-1-2.jpg\",\"width\":600,\"height\":600},{\"@type\":\"BreadcrumbList\",\"@id\":\"https:\\\/\\\/synthetichairwig.com\\\/product\\\/synthetic-straight-ombre-brown-natural-look-realistic-dark-roots-wig-for-daily-wear-halloween-party\\\/#breadcrumb\",\"itemListElement\":[{\"@type\":\"ListItem\",\"position\":1,\"name\":\"Home\",\"item\":\"https:\\\/\\\/synthetichairwig.com\\\/\"},{\"@type\":\"ListItem\",\"position\":2,\"name\":\"LandMark Hair Shop\",\"item\":\"https:\\\/\\\/synthetichairwig.com\\\/landmark-hair-shop\\\/\"},{\"@type\":\"ListItem\",\"position\":3,\"name\":\"Synthetic Straight Ombre Brown Natural Look Realistic Dark Roots Wig for Daily Wear Halloween Party\"}]},{\"@type\":\"WebSite\",\"@id\":\"https:\\\/\\\/synthetichairwig.com\\\/#website\",\"url\":\"https:\\\/\\\/synthetichairwig.com\\\/\",\"name\":\"landmark\",\"description\":\"My WordPress Blog\",\"publisher\":{\"@id\":\"https:\\\/\\\/synthetichairwig.com\\\/#organization\"},\"potentialAction\":[{\"@type\":\"SearchAction\",\"target\":{\"@type\":\"EntryPoint\",\"urlTemplate\":\"https:\\\/\\\/synthetichairwig.com\\\/?s={search_term_string}\"},\"query-input\":{\"@type\":\"PropertyValueSpecification\",\"valueRequired\":true,\"valueName\":\"search_term_string\"}}],\"inLanguage\":\"es\"},{\"@type\":\"Organization\",\"@id\":\"https:\\\/\\\/synthetichairwig.com\\\/#organization\",\"name\":\"landmark\",\"url\":\"https:\\\/\\\/synthetichairwig.com\\\/\",\"logo\":{\"@type\":\"ImageObject\",\"inLanguage\":\"es\",\"@id\":\"https:\\\/\\\/synthetichairwig.com\\\/#\\\/schema\\\/logo\\\/image\\\/\",\"url\":\"https:\\\/\\\/synthetichairwig.com\\\/wp-content\\\/uploads\\\/2023\\\/06\\\/cropped-logo3.png\",\"contentUrl\":\"https:\\\/\\\/synthetichairwig.com\\\/wp-content\\\/uploads\\\/2023\\\/06\\\/cropped-logo3.png\",\"width\":1704,\"height\":768,\"caption\":\"landmark\"},\"image\":{\"@id\":\"https:\\\/\\\/synthetichairwig.com\\\/#\\\/schema\\\/logo\\\/image\\\/\"}}]}<\/script>\n<!-- \/ Yoast SEO Premium plugin. -->","yoast_head_json":{"title":"Synthetic Straight Ombre Brown Natural Look Realistic Dark Roots Wig for Daily Wear Halloween Party - landmark","robots":{"index":"index","follow":"follow","max-snippet":"max-snippet:-1","max-image-preview":"max-image-preview:large","max-video-preview":"max-video-preview:-1"},"canonical":"https:\/\/synthetichairwig.com\/es\/producto\/peluca-sintetica-lisa-ombre-marron-aspecto-natural-realista-de-raices-oscuras-para-uso-diario-fiesta-de-halloween\/","og_locale":"es_MX","og_type":"article","og_title":"Synthetic Straight Ombre Brown Natural Look Realistic Dark Roots Wig for Daily Wear Halloween Party","og_url":"https:\/\/synthetichairwig.com\/es\/producto\/peluca-sintetica-lisa-ombre-marron-aspecto-natural-realista-de-raices-oscuras-para-uso-diario-fiesta-de-halloween\/","og_site_name":"landmark","article_modified_time":"2024-05-29T22:36:45+00:00","og_image":[{"width":600,"height":600,"url":"https:\/\/synthetichairwig.com\/wp-content\/uploads\/2023\/07\/016-1-2.jpg","type":"image\/jpeg"}],"twitter_card":"summary_large_image","twitter_misc":{"Tiempo de lectura":"1 minuto"},"schema":{"@context":"https:\/\/schema.org","@graph":[{"@type":"WebPage","@id":"https:\/\/synthetichairwig.com\/product\/synthetic-straight-ombre-brown-natural-look-realistic-dark-roots-wig-for-daily-wear-halloween-party\/","url":"https:\/\/synthetichairwig.com\/product\/synthetic-straight-ombre-brown-natural-look-realistic-dark-roots-wig-for-daily-wear-halloween-party\/","name":"Synthetic Straight Ombre Brown Natural Look Realistic Dark Roots Wig for Daily Wear Halloween Party - landmark","isPartOf":{"@id":"https:\/\/synthetichairwig.com\/#website"},"primaryImageOfPage":{"@id":"https:\/\/synthetichairwig.com\/product\/synthetic-straight-ombre-brown-natural-look-realistic-dark-roots-wig-for-daily-wear-halloween-party\/#primaryimage"},"image":{"@id":"https:\/\/synthetichairwig.com\/product\/synthetic-straight-ombre-brown-natural-look-realistic-dark-roots-wig-for-daily-wear-halloween-party\/#primaryimage"},"thumbnailUrl":"https:\/\/synthetichairwig.com\/wp-content\/uploads\/2023\/07\/016-1-2.jpg","datePublished":"2023-07-21T13:21:21+00:00","dateModified":"2024-05-29T22:36:45+00:00","breadcrumb":{"@id":"https:\/\/synthetichairwig.com\/product\/synthetic-straight-ombre-brown-natural-look-realistic-dark-roots-wig-for-daily-wear-halloween-party\/#breadcrumb"},"inLanguage":"es","potentialAction":[{"@type":"ReadAction","target":["https:\/\/synthetichairwig.com\/product\/synthetic-straight-ombre-brown-natural-look-realistic-dark-roots-wig-for-daily-wear-halloween-party\/"]}]},{"@type":"ImageObject","inLanguage":"es","@id":"https:\/\/synthetichairwig.com\/product\/synthetic-straight-ombre-brown-natural-look-realistic-dark-roots-wig-for-daily-wear-halloween-party\/#primaryimage","url":"https:\/\/synthetichairwig.com\/wp-content\/uploads\/2023\/07\/016-1-2.jpg","contentUrl":"https:\/\/synthetichairwig.com\/wp-content\/uploads\/2023\/07\/016-1-2.jpg","width":600,"height":600},{"@type":"BreadcrumbList","@id":"https:\/\/synthetichairwig.com\/product\/synthetic-straight-ombre-brown-natural-look-realistic-dark-roots-wig-for-daily-wear-halloween-party\/#breadcrumb","itemListElement":[{"@type":"ListItem","position":1,"name":"Home","item":"https:\/\/synthetichairwig.com\/"},{"@type":"ListItem","position":2,"name":"LandMark Hair Shop","item":"https:\/\/synthetichairwig.com\/landmark-hair-shop\/"},{"@type":"ListItem","position":3,"name":"Synthetic Straight Ombre Brown Natural Look Realistic Dark Roots Wig for Daily Wear Halloween Party"}]},{"@type":"WebSite","@id":"https:\/\/synthetichairwig.com\/#website","url":"https:\/\/synthetichairwig.com\/","name":"landmark","description":"My WordPress Blog","publisher":{"@id":"https:\/\/synthetichairwig.com\/#organization"},"potentialAction":[{"@type":"SearchAction","target":{"@type":"EntryPoint","urlTemplate":"https:\/\/synthetichairwig.com\/?s={search_term_string}"},"query-input":{"@type":"PropertyValueSpecification","valueRequired":true,"valueName":"search_term_string"}}],"inLanguage":"es"},{"@type":"Organization","@id":"https:\/\/synthetichairwig.com\/#organization","name":"landmark","url":"https:\/\/synthetichairwig.com\/","logo":{"@type":"ImageObject","inLanguage":"es","@id":"https:\/\/synthetichairwig.com\/#\/schema\/logo\/image\/","url":"https:\/\/synthetichairwig.com\/wp-content\/uploads\/2023\/06\/cropped-logo3.png","contentUrl":"https:\/\/synthetichairwig.com\/wp-content\/uploads\/2023\/06\/cropped-logo3.png","width":1704,"height":768,"caption":"landmark"},"image":{"@id":"https:\/\/synthetichairwig.com\/#\/schema\/logo\/image\/"}}]}},"_links":{"self":[{"href":"https:\/\/synthetichairwig.com\/es\/wp-json\/wp\/v2\/product\/3605","targetHints":{"allow":["GET"]}}],"collection":[{"href":"https:\/\/synthetichairwig.com\/es\/wp-json\/wp\/v2\/product"}],"about":[{"href":"https:\/\/synthetichairwig.com\/es\/wp-json\/wp\/v2\/types\/product"}],"replies":[{"embeddable":true,"href":"https:\/\/synthetichairwig.com\/es\/wp-json\/wp\/v2\/comments?post=3605"}],"wp:featuredmedia":[{"embeddable":true,"href":"https:\/\/synthetichairwig.com\/es\/wp-json\/wp\/v2\/media\/5063"}],"wp:attachment":[{"href":"https:\/\/synthetichairwig.com\/es\/wp-json\/wp\/v2\/media?parent=3605"}],"wp:term":[{"taxonomy":"product_brand","embeddable":true,"href":"https:\/\/synthetichairwig.com\/es\/wp-json\/wp\/v2\/product_brand?post=3605"},{"taxonomy":"product_cat","embeddable":true,"href":"https:\/\/synthetichairwig.com\/es\/wp-json\/wp\/v2\/product_cat?post=3605"},{"taxonomy":"product_tag","embeddable":true,"href":"https:\/\/synthetichairwig.com\/es\/wp-json\/wp\/v2\/product_tag?post=3605"}],"curies":[{"name":"wp","href":"https:\/\/api.w.org\/{rel}","templated":true}]}}