{"id":3766,"date":"2023-07-23T13:57:58","date_gmt":"2023-07-23T13:57:58","guid":{"rendered":"https:\/\/synthetichairwig.com\/?post_type=product&#038;p=3766"},"modified":"2023-07-23T13:58:00","modified_gmt":"2023-07-23T13:58:00","slug":"2023-hot-18-inch-yaki-drawstring-synthetic-ponytail-hair-synthetic-hairpieces-for-black-woman","status":"publish","type":"product","link":"https:\/\/synthetichairwig.com\/es\/product\/2023-hot-18-inch-yaki-drawstring-synthetic-ponytail-hair-synthetic-hairpieces-for-black-woman\/","title":{"rendered":"2023 Hot 18 pulgadas Yaki Cord\u00f3n Cola de Caballo Sint\u00e9tica Cabello Postizos Sint\u00e9ticos para Mujer Negra"},"content":{"rendered":"<p><img fetchpriority=\"high\" decoding=\"async\" class=\"alignnone size-full wp-image-3768\" src=\"https:\/\/synthetichairwig.com\/wp-content\/uploads\/2023\/07\/\u5927\u56fe1-1-scaled.jpg\" alt=\"\" width=\"944\" height=\"2560\" srcset=\"https:\/\/synthetichairwig.com\/wp-content\/uploads\/2023\/07\/\u5927\u56fe1-1-scaled.jpg 944w, https:\/\/synthetichairwig.com\/wp-content\/uploads\/2023\/07\/\u5927\u56fe1-1-111x300.jpg 111w, https:\/\/synthetichairwig.com\/wp-content\/uploads\/2023\/07\/\u5927\u56fe1-1-378x1024.jpg 378w, https:\/\/synthetichairwig.com\/wp-content\/uploads\/2023\/07\/\u5927\u56fe1-1-768x2082.jpg 768w, https:\/\/synthetichairwig.com\/wp-content\/uploads\/2023\/07\/\u5927\u56fe1-1-600x1626.jpg 600w\" sizes=\"(max-width: 944px) 100vw, 944px\" \/> <img decoding=\"async\" class=\"alignnone size-full wp-image-3769\" src=\"https:\/\/synthetichairwig.com\/wp-content\/uploads\/2023\/07\/\u5927\u56fe2-1-scaled.jpg\" alt=\"\" width=\"628\" height=\"2560\" srcset=\"https:\/\/synthetichairwig.com\/wp-content\/uploads\/2023\/07\/\u5927\u56fe2-1-scaled.jpg 628w, https:\/\/synthetichairwig.com\/wp-content\/uploads\/2023\/07\/\u5927\u56fe2-1-251x1024.jpg 251w, https:\/\/synthetichairwig.com\/wp-content\/uploads\/2023\/07\/\u5927\u56fe2-1-768x3130.jpg 768w, https:\/\/synthetichairwig.com\/wp-content\/uploads\/2023\/07\/\u5927\u56fe2-1-377x1536.jpg 377w, https:\/\/synthetichairwig.com\/wp-content\/uploads\/2023\/07\/\u5927\u56fe2-1-600x2445.jpg 600w\" sizes=\"(max-width: 628px) 100vw, 628px\" \/> <img decoding=\"async\" class=\"alignnone size-full wp-image-3770\" src=\"https:\/\/synthetichairwig.com\/wp-content\/uploads\/2023\/07\/\u5927\u56fe3-scaled.jpg\" alt=\"\" width=\"628\" height=\"2560\" srcset=\"https:\/\/synthetichairwig.com\/wp-content\/uploads\/2023\/07\/\u5927\u56fe3-scaled.jpg 628w, https:\/\/synthetichairwig.com\/wp-content\/uploads\/2023\/07\/\u5927\u56fe3-251x1024.jpg 251w, https:\/\/synthetichairwig.com\/wp-content\/uploads\/2023\/07\/\u5927\u56fe3-768x3130.jpg 768w, https:\/\/synthetichairwig.com\/wp-content\/uploads\/2023\/07\/\u5927\u56fe3-377x1536.jpg 377w, https:\/\/synthetichairwig.com\/wp-content\/uploads\/2023\/07\/\u5927\u56fe3-600x2445.jpg 600w\" sizes=\"(max-width: 628px) 100vw, 628px\" \/> <img loading=\"lazy\" decoding=\"async\" class=\"alignnone size-full wp-image-3771\" src=\"https:\/\/synthetichairwig.com\/wp-content\/uploads\/2023\/07\/\u5927\u56fe4-scaled.jpg\" alt=\"\" width=\"628\" height=\"2560\" srcset=\"https:\/\/synthetichairwig.com\/wp-content\/uploads\/2023\/07\/\u5927\u56fe4-scaled.jpg 628w, https:\/\/synthetichairwig.com\/wp-content\/uploads\/2023\/07\/\u5927\u56fe4-251x1024.jpg 251w, https:\/\/synthetichairwig.com\/wp-content\/uploads\/2023\/07\/\u5927\u56fe4-768x3130.jpg 768w, https:\/\/synthetichairwig.com\/wp-content\/uploads\/2023\/07\/\u5927\u56fe4-377x1536.jpg 377w, https:\/\/synthetichairwig.com\/wp-content\/uploads\/2023\/07\/\u5927\u56fe4-600x2445.jpg 600w\" sizes=\"(max-width: 628px) 100vw, 628px\" \/> <img loading=\"lazy\" decoding=\"async\" class=\"alignnone size-full wp-image-3772\" src=\"https:\/\/synthetichairwig.com\/wp-content\/uploads\/2023\/07\/\u5927\u56fe5.jpg\" alt=\"\" width=\"1081\" height=\"1363\" srcset=\"https:\/\/synthetichairwig.com\/wp-content\/uploads\/2023\/07\/\u5927\u56fe5.jpg 1081w, https:\/\/synthetichairwig.com\/wp-content\/uploads\/2023\/07\/\u5927\u56fe5-238x300.jpg 238w, https:\/\/synthetichairwig.com\/wp-content\/uploads\/2023\/07\/\u5927\u56fe5-812x1024.jpg 812w, https:\/\/synthetichairwig.com\/wp-content\/uploads\/2023\/07\/\u5927\u56fe5-768x968.jpg 768w, https:\/\/synthetichairwig.com\/wp-content\/uploads\/2023\/07\/\u5927\u56fe5-600x757.jpg 600w\" sizes=\"(max-width: 1081px) 100vw, 1081px\" \/><\/p>\n<div id=\"footable_parent_3765\"\n         class=\"footable_parent ninja_table_wrapper loading_ninja_table wp_table_data_press_parent semantic_ui\">\n                <table data-ninja_table_instance=\"ninja_table_instance_0\" data-footable_id=\"3765\" data-filter-delay=\"1000\" aria-label=\"\u5047\u53d1 \u5de5\u4f5c\u8868.csv\"            id=\"footable_3765\"\n           data-unique_identifier=\"ninja_table_unique_id_884600730_3765\"\n           class=\"foo-table ninja_footable foo_table_3765 ninja_table_unique_id_884600730_3765 ui table  nt_type_legacy_table selectable striped vertical_centered  footable-paging-right ninja_table_pro\">\n                <colgroup>\n                            <col class=\"ninja_column_0\">\n                            <col class=\"ninja_column_1\">\n                    <\/colgroup>\n        <thead>\n<tr class=\"footable-header\">\n                                        <th scope=\"col\"  class=\"ninja_column_0 ninja_clmn_nm_placeoforigin\">Lugar de origen:<\/th><th scope=\"col\"  class=\"ninja_column_1 ninja_clmn_nm_china\"> Porcelana<\/th><\/tr>\n<\/thead>\n<tbody>\n\n        <tr data-row_id=\"1102\" class=\"ninja_table_row_0 nt_row_id_1102\">\n            <td>Nombre de la marca:<\/td><td>punto de referencia<\/td>        <\/tr>\n            <tr data-row_id=\"1103\" class=\"ninja_table_row_1 nt_row_id_1103\">\n            <td>N\u00famero de modelo:<\/td><td>YK818<\/td>        <\/tr>\n            <tr data-row_id=\"1104\" class=\"ninja_table_row_2 nt_row_id_1104\">\n            <td>Tipo pre-adherido:<\/td><td>Palo<\/td>        <\/tr>\n            <tr data-row_id=\"1105\" class=\"ninja_table_row_3 nt_row_id_1105\">\n            <td>Estilo pre-adherido:<\/td><td>Cabello con punta en V<\/td>        <\/tr>\n            <tr data-row_id=\"1106\" class=\"ninja_table_row_4 nt_row_id_1106\">\n            <td>Peso:<\/td><td>100 gramos<\/td>        <\/tr>\n            <tr data-row_id=\"1107\" class=\"ninja_table_row_5 nt_row_id_1107\">\n            <td>Estilo:<\/td><td>Extensiones de cabello rectas con cola de caballo y garras<\/td>        <\/tr>\n            <tr data-row_id=\"1108\" class=\"ninja_table_row_6 nt_row_id_1108\">\n            <td>Longitud:<\/td><td>18 pulgadas<\/td>        <\/tr>\n            <tr data-row_id=\"1109\" class=\"ninja_table_row_7 nt_row_id_1109\">\n            <td>Unidad de peso:<\/td><td>100 g\/pieza<\/td>        <\/tr>\n            <tr data-row_id=\"1110\" class=\"ninja_table_row_8 nt_row_id_1110\">\n            <td>Esperanza de vida:<\/td><td>6 meses con el cuidado adecuado<\/td>        <\/tr>\n            <tr data-row_id=\"1111\" class=\"ninja_table_row_9 nt_row_id_1111\">\n            <td>Proporci\u00f3n de cabello m\u00e1s largo:<\/td><td>>=55%<\/td>        <\/tr>\n            <tr data-row_id=\"1112\" class=\"ninja_table_row_10 nt_row_id_1112\">\n            <td>material de pelo sint\u00e9tico:<\/td><td>Fibra de alta temperatura<\/td>        <\/tr>\n            <tr data-row_id=\"1113\" class=\"ninja_table_row_11 nt_row_id_1113\">\n            <td>Nombre del producto:<\/td><td>Coletas de cabello sint\u00e9tico de ma\u00edz envolventes de 18 pulgadas para mujeres negras<\/td>        <\/tr>\n            <tr data-row_id=\"1114\" class=\"ninja_table_row_12 nt_row_id_1114\">\n            <td>Color:<\/td><td>Bandera<\/td>        <\/tr>\n            <tr data-row_id=\"1115\" class=\"ninja_table_row_13 nt_row_id_1115\">\n            <td>Tipo:<\/td><td>extensiones de cabello con cola de caballo<\/td>        <\/tr>\n    <\/tbody><!--ninja_tobody_rendering_done-->\n    <\/table>\n                    <style type=\"text\/css\" id='ninja_table_custom_css_3765'>\n                        #footable_3765  {\n    font-family: inherit;\n    font-size: 14px;\n    }\n\n    \n                <\/style>\n                \n    \n    \n<\/div>","protected":false},"excerpt":{"rendered":"<h5>18 pulgadas<\/h5>","protected":false},"featured_media":3773,"comment_status":"open","ping_status":"closed","template":"","meta":{"site-sidebar-layout":"default","site-content-layout":"default","ast-site-content-layout":"","site-content-style":"default","site-sidebar-style":"default","ast-global-header-display":"","ast-banner-title-visibility":"","ast-main-header-display":"","ast-hfb-above-header-display":"","ast-hfb-below-header-display":"","ast-hfb-mobile-header-display":"","site-post-title":"","ast-breadcrumbs-content":"","ast-featured-img":"","footer-sml-layout":"","theme-transparent-header-meta":"default","adv-header-id-meta":"","stick-header-meta":"","header-above-stick-meta":"","header-main-stick-meta":"","header-below-stick-meta":"","astra-migrate-meta-layouts":"default","ast-page-background-enabled":"default","ast-page-background-meta":{"desktop":{"background-color":"var(--ast-global-color-4)","background-image":"","background-repeat":"repeat","background-position":"center center","background-size":"auto","background-attachment":"scroll","background-type":"","background-media":"","overlay-type":"","overlay-color":"","overlay-opacity":"","overlay-gradient":""},"tablet":{"background-color":"","background-image":"","background-repeat":"repeat","background-position":"center center","background-size":"auto","background-attachment":"scroll","background-type":"","background-media":"","overlay-type":"","overlay-color":"","overlay-opacity":"","overlay-gradient":""},"mobile":{"background-color":"","background-image":"","background-repeat":"repeat","background-position":"center center","background-size":"auto","background-attachment":"scroll","background-type":"","background-media":"","overlay-type":"","overlay-color":"","overlay-opacity":"","overlay-gradient":""}},"ast-content-background-meta":{"desktop":{"background-color":"var(--ast-global-color-5)","background-image":"","background-repeat":"repeat","background-position":"center center","background-size":"auto","background-attachment":"scroll","background-type":"","background-media":"","overlay-type":"","overlay-color":"","overlay-opacity":"","overlay-gradient":""},"tablet":{"background-color":"var(--ast-global-color-5)","background-image":"","background-repeat":"repeat","background-position":"center center","background-size":"auto","background-attachment":"scroll","background-type":"","background-media":"","overlay-type":"","overlay-color":"","overlay-opacity":"","overlay-gradient":""},"mobile":{"background-color":"var(--ast-global-color-5)","background-image":"","background-repeat":"repeat","background-position":"center center","background-size":"auto","background-attachment":"scroll","background-type":"","background-media":"","overlay-type":"","overlay-color":"","overlay-opacity":"","overlay-gradient":""}},"jetpack_publicize_message":"","jetpack_is_tweetstorm":false,"jetpack_publicize_feature_enabled":true,"jetpack_social_post_already_shared":false,"jetpack_social_options":{"image_generator_settings":{"template":"highway","enabled":false}}},"product_brand":[],"product_cat":[40,32],"product_tag":[],"class_list":{"0":"post-3766","1":"product","2":"type-product","3":"status-publish","4":"has-post-thumbnail","6":"product_cat-hair-extensions","7":"product_cat-synthetic-wigs","8":"desktop-align-left","9":"tablet-align-left","10":"mobile-align-left","12":"first","13":"instock","14":"sale","15":"shipping-taxable","16":"purchasable","17":"product-type-variable"},"jetpack_publicize_connections":[],"yoast_head":"<!-- This site is optimized with the Yoast SEO Premium plugin v20.7 (Yoast SEO v27.3) - https:\/\/yoast.com\/product\/yoast-seo-premium-wordpress\/ -->\n<title>2023 hot 18 inch yaki Drawstring synthetic Ponytail Hair synthetic Hairpieces for black woman - landmark<\/title>\n<meta name=\"robots\" content=\"index, follow, max-snippet:-1, max-image-preview:large, max-video-preview:-1\" \/>\n<link rel=\"canonical\" href=\"https:\/\/synthetichairwig.com\/es\/producto\/2023-hot-18-inch-yaki-drawstring-synthetic-ponytail-hair-synthetic-hairpieces-for-black-woman\/\" \/>\n<meta property=\"og:locale\" content=\"es_MX\" \/>\n<meta property=\"og:type\" content=\"article\" \/>\n<meta property=\"og:title\" content=\"2023 hot 18 inch yaki Drawstring synthetic Ponytail Hair synthetic Hairpieces for black woman\" \/>\n<meta property=\"og:description\" content=\"18inch\" \/>\n<meta property=\"og:url\" content=\"https:\/\/synthetichairwig.com\/es\/producto\/2023-hot-18-inch-yaki-drawstring-synthetic-ponytail-hair-synthetic-hairpieces-for-black-woman\/\" \/>\n<meta property=\"og:site_name\" content=\"landmark\" \/>\n<meta property=\"article:modified_time\" content=\"2023-07-23T13:58:00+00:00\" \/>\n<meta property=\"og:image\" content=\"https:\/\/synthetichairwig.com\/wp-content\/uploads\/2023\/07\/\u68a6\u4e91\u5047\u53d1007-1-2.jpg\" \/>\n\t<meta property=\"og:image:width\" content=\"1842\" \/>\n\t<meta property=\"og:image:height\" content=\"1657\" \/>\n\t<meta property=\"og:image:type\" content=\"image\/jpeg\" \/>\n<meta name=\"twitter:card\" content=\"summary_large_image\" \/>\n<meta name=\"twitter:label1\" content=\"Tiempo de lectura\" \/>\n\t<meta name=\"twitter:data1\" content=\"2 minutos\" \/>\n<script type=\"application\/ld+json\" class=\"yoast-schema-graph\">{\"@context\":\"https:\\\/\\\/schema.org\",\"@graph\":[{\"@type\":\"WebPage\",\"@id\":\"https:\\\/\\\/synthetichairwig.com\\\/product\\\/2023-hot-18-inch-yaki-drawstring-synthetic-ponytail-hair-synthetic-hairpieces-for-black-woman\\\/\",\"url\":\"https:\\\/\\\/synthetichairwig.com\\\/product\\\/2023-hot-18-inch-yaki-drawstring-synthetic-ponytail-hair-synthetic-hairpieces-for-black-woman\\\/\",\"name\":\"2023 hot 18 inch yaki Drawstring synthetic Ponytail Hair synthetic Hairpieces for black woman - landmark\",\"isPartOf\":{\"@id\":\"https:\\\/\\\/synthetichairwig.com\\\/#website\"},\"primaryImageOfPage\":{\"@id\":\"https:\\\/\\\/synthetichairwig.com\\\/product\\\/2023-hot-18-inch-yaki-drawstring-synthetic-ponytail-hair-synthetic-hairpieces-for-black-woman\\\/#primaryimage\"},\"image\":{\"@id\":\"https:\\\/\\\/synthetichairwig.com\\\/product\\\/2023-hot-18-inch-yaki-drawstring-synthetic-ponytail-hair-synthetic-hairpieces-for-black-woman\\\/#primaryimage\"},\"thumbnailUrl\":\"https:\\\/\\\/synthetichairwig.com\\\/wp-content\\\/uploads\\\/2023\\\/07\\\/\u68a6\u4e91\u5047\u53d1007-1-2.jpg\",\"datePublished\":\"2023-07-23T13:57:58+00:00\",\"dateModified\":\"2023-07-23T13:58:00+00:00\",\"breadcrumb\":{\"@id\":\"https:\\\/\\\/synthetichairwig.com\\\/product\\\/2023-hot-18-inch-yaki-drawstring-synthetic-ponytail-hair-synthetic-hairpieces-for-black-woman\\\/#breadcrumb\"},\"inLanguage\":\"es\",\"potentialAction\":[{\"@type\":\"ReadAction\",\"target\":[\"https:\\\/\\\/synthetichairwig.com\\\/product\\\/2023-hot-18-inch-yaki-drawstring-synthetic-ponytail-hair-synthetic-hairpieces-for-black-woman\\\/\"]}]},{\"@type\":\"ImageObject\",\"inLanguage\":\"es\",\"@id\":\"https:\\\/\\\/synthetichairwig.com\\\/product\\\/2023-hot-18-inch-yaki-drawstring-synthetic-ponytail-hair-synthetic-hairpieces-for-black-woman\\\/#primaryimage\",\"url\":\"https:\\\/\\\/synthetichairwig.com\\\/wp-content\\\/uploads\\\/2023\\\/07\\\/\u68a6\u4e91\u5047\u53d1007-1-2.jpg\",\"contentUrl\":\"https:\\\/\\\/synthetichairwig.com\\\/wp-content\\\/uploads\\\/2023\\\/07\\\/\u68a6\u4e91\u5047\u53d1007-1-2.jpg\",\"width\":1842,\"height\":1657},{\"@type\":\"BreadcrumbList\",\"@id\":\"https:\\\/\\\/synthetichairwig.com\\\/product\\\/2023-hot-18-inch-yaki-drawstring-synthetic-ponytail-hair-synthetic-hairpieces-for-black-woman\\\/#breadcrumb\",\"itemListElement\":[{\"@type\":\"ListItem\",\"position\":1,\"name\":\"Home\",\"item\":\"https:\\\/\\\/synthetichairwig.com\\\/\"},{\"@type\":\"ListItem\",\"position\":2,\"name\":\"LandMark Hair Shop\",\"item\":\"https:\\\/\\\/synthetichairwig.com\\\/landmark-hair-shop\\\/\"},{\"@type\":\"ListItem\",\"position\":3,\"name\":\"2023 hot 18 inch yaki Drawstring synthetic Ponytail Hair synthetic Hairpieces for black woman\"}]},{\"@type\":\"WebSite\",\"@id\":\"https:\\\/\\\/synthetichairwig.com\\\/#website\",\"url\":\"https:\\\/\\\/synthetichairwig.com\\\/\",\"name\":\"landmark\",\"description\":\"My WordPress Blog\",\"publisher\":{\"@id\":\"https:\\\/\\\/synthetichairwig.com\\\/#organization\"},\"potentialAction\":[{\"@type\":\"SearchAction\",\"target\":{\"@type\":\"EntryPoint\",\"urlTemplate\":\"https:\\\/\\\/synthetichairwig.com\\\/?s={search_term_string}\"},\"query-input\":{\"@type\":\"PropertyValueSpecification\",\"valueRequired\":true,\"valueName\":\"search_term_string\"}}],\"inLanguage\":\"es\"},{\"@type\":\"Organization\",\"@id\":\"https:\\\/\\\/synthetichairwig.com\\\/#organization\",\"name\":\"landmark\",\"url\":\"https:\\\/\\\/synthetichairwig.com\\\/\",\"logo\":{\"@type\":\"ImageObject\",\"inLanguage\":\"es\",\"@id\":\"https:\\\/\\\/synthetichairwig.com\\\/#\\\/schema\\\/logo\\\/image\\\/\",\"url\":\"https:\\\/\\\/synthetichairwig.com\\\/wp-content\\\/uploads\\\/2023\\\/06\\\/cropped-logo3.png\",\"contentUrl\":\"https:\\\/\\\/synthetichairwig.com\\\/wp-content\\\/uploads\\\/2023\\\/06\\\/cropped-logo3.png\",\"width\":1704,\"height\":768,\"caption\":\"landmark\"},\"image\":{\"@id\":\"https:\\\/\\\/synthetichairwig.com\\\/#\\\/schema\\\/logo\\\/image\\\/\"}}]}<\/script>\n<!-- \/ Yoast SEO Premium plugin. -->","yoast_head_json":{"title":"2023 hot 18 inch yaki Drawstring synthetic Ponytail Hair synthetic Hairpieces for black woman - landmark","robots":{"index":"index","follow":"follow","max-snippet":"max-snippet:-1","max-image-preview":"max-image-preview:large","max-video-preview":"max-video-preview:-1"},"canonical":"https:\/\/synthetichairwig.com\/es\/producto\/2023-hot-18-inch-yaki-drawstring-synthetic-ponytail-hair-synthetic-hairpieces-for-black-woman\/","og_locale":"es_MX","og_type":"article","og_title":"2023 hot 18 inch yaki Drawstring synthetic Ponytail Hair synthetic Hairpieces for black woman","og_description":"18inch","og_url":"https:\/\/synthetichairwig.com\/es\/producto\/2023-hot-18-inch-yaki-drawstring-synthetic-ponytail-hair-synthetic-hairpieces-for-black-woman\/","og_site_name":"landmark","article_modified_time":"2023-07-23T13:58:00+00:00","og_image":[{"width":1842,"height":1657,"url":"https:\/\/synthetichairwig.com\/wp-content\/uploads\/2023\/07\/\u68a6\u4e91\u5047\u53d1007-1-2.jpg","type":"image\/jpeg"}],"twitter_card":"summary_large_image","twitter_misc":{"Tiempo de lectura":"2 minutos"},"schema":{"@context":"https:\/\/schema.org","@graph":[{"@type":"WebPage","@id":"https:\/\/synthetichairwig.com\/product\/2023-hot-18-inch-yaki-drawstring-synthetic-ponytail-hair-synthetic-hairpieces-for-black-woman\/","url":"https:\/\/synthetichairwig.com\/product\/2023-hot-18-inch-yaki-drawstring-synthetic-ponytail-hair-synthetic-hairpieces-for-black-woman\/","name":"2023 hot 18 inch yaki Drawstring synthetic Ponytail Hair synthetic Hairpieces for black woman - landmark","isPartOf":{"@id":"https:\/\/synthetichairwig.com\/#website"},"primaryImageOfPage":{"@id":"https:\/\/synthetichairwig.com\/product\/2023-hot-18-inch-yaki-drawstring-synthetic-ponytail-hair-synthetic-hairpieces-for-black-woman\/#primaryimage"},"image":{"@id":"https:\/\/synthetichairwig.com\/product\/2023-hot-18-inch-yaki-drawstring-synthetic-ponytail-hair-synthetic-hairpieces-for-black-woman\/#primaryimage"},"thumbnailUrl":"https:\/\/synthetichairwig.com\/wp-content\/uploads\/2023\/07\/\u68a6\u4e91\u5047\u53d1007-1-2.jpg","datePublished":"2023-07-23T13:57:58+00:00","dateModified":"2023-07-23T13:58:00+00:00","breadcrumb":{"@id":"https:\/\/synthetichairwig.com\/product\/2023-hot-18-inch-yaki-drawstring-synthetic-ponytail-hair-synthetic-hairpieces-for-black-woman\/#breadcrumb"},"inLanguage":"es","potentialAction":[{"@type":"ReadAction","target":["https:\/\/synthetichairwig.com\/product\/2023-hot-18-inch-yaki-drawstring-synthetic-ponytail-hair-synthetic-hairpieces-for-black-woman\/"]}]},{"@type":"ImageObject","inLanguage":"es","@id":"https:\/\/synthetichairwig.com\/product\/2023-hot-18-inch-yaki-drawstring-synthetic-ponytail-hair-synthetic-hairpieces-for-black-woman\/#primaryimage","url":"https:\/\/synthetichairwig.com\/wp-content\/uploads\/2023\/07\/\u68a6\u4e91\u5047\u53d1007-1-2.jpg","contentUrl":"https:\/\/synthetichairwig.com\/wp-content\/uploads\/2023\/07\/\u68a6\u4e91\u5047\u53d1007-1-2.jpg","width":1842,"height":1657},{"@type":"BreadcrumbList","@id":"https:\/\/synthetichairwig.com\/product\/2023-hot-18-inch-yaki-drawstring-synthetic-ponytail-hair-synthetic-hairpieces-for-black-woman\/#breadcrumb","itemListElement":[{"@type":"ListItem","position":1,"name":"Home","item":"https:\/\/synthetichairwig.com\/"},{"@type":"ListItem","position":2,"name":"LandMark Hair Shop","item":"https:\/\/synthetichairwig.com\/landmark-hair-shop\/"},{"@type":"ListItem","position":3,"name":"2023 hot 18 inch yaki Drawstring synthetic Ponytail Hair synthetic Hairpieces for black woman"}]},{"@type":"WebSite","@id":"https:\/\/synthetichairwig.com\/#website","url":"https:\/\/synthetichairwig.com\/","name":"landmark","description":"My WordPress Blog","publisher":{"@id":"https:\/\/synthetichairwig.com\/#organization"},"potentialAction":[{"@type":"SearchAction","target":{"@type":"EntryPoint","urlTemplate":"https:\/\/synthetichairwig.com\/?s={search_term_string}"},"query-input":{"@type":"PropertyValueSpecification","valueRequired":true,"valueName":"search_term_string"}}],"inLanguage":"es"},{"@type":"Organization","@id":"https:\/\/synthetichairwig.com\/#organization","name":"landmark","url":"https:\/\/synthetichairwig.com\/","logo":{"@type":"ImageObject","inLanguage":"es","@id":"https:\/\/synthetichairwig.com\/#\/schema\/logo\/image\/","url":"https:\/\/synthetichairwig.com\/wp-content\/uploads\/2023\/06\/cropped-logo3.png","contentUrl":"https:\/\/synthetichairwig.com\/wp-content\/uploads\/2023\/06\/cropped-logo3.png","width":1704,"height":768,"caption":"landmark"},"image":{"@id":"https:\/\/synthetichairwig.com\/#\/schema\/logo\/image\/"}}]}},"_links":{"self":[{"href":"https:\/\/synthetichairwig.com\/es\/wp-json\/wp\/v2\/product\/3766","targetHints":{"allow":["GET"]}}],"collection":[{"href":"https:\/\/synthetichairwig.com\/es\/wp-json\/wp\/v2\/product"}],"about":[{"href":"https:\/\/synthetichairwig.com\/es\/wp-json\/wp\/v2\/types\/product"}],"replies":[{"embeddable":true,"href":"https:\/\/synthetichairwig.com\/es\/wp-json\/wp\/v2\/comments?post=3766"}],"wp:featuredmedia":[{"embeddable":true,"href":"https:\/\/synthetichairwig.com\/es\/wp-json\/wp\/v2\/media\/3773"}],"wp:attachment":[{"href":"https:\/\/synthetichairwig.com\/es\/wp-json\/wp\/v2\/media?parent=3766"}],"wp:term":[{"taxonomy":"product_brand","embeddable":true,"href":"https:\/\/synthetichairwig.com\/es\/wp-json\/wp\/v2\/product_brand?post=3766"},{"taxonomy":"product_cat","embeddable":true,"href":"https:\/\/synthetichairwig.com\/es\/wp-json\/wp\/v2\/product_cat?post=3766"},{"taxonomy":"product_tag","embeddable":true,"href":"https:\/\/synthetichairwig.com\/es\/wp-json\/wp\/v2\/product_tag?post=3766"}],"curies":[{"name":"wp","href":"https:\/\/api.w.org\/{rel}","templated":true}]}}