{"id":3845,"date":"2023-07-24T14:02:14","date_gmt":"2023-07-24T14:02:14","guid":{"rendered":"https:\/\/synthetichairwig.com\/?post_type=product&#038;p=3845"},"modified":"2023-09-13T07:42:50","modified_gmt":"2023-09-13T07:42:50","slug":"hot-sale-african-fashion-women-mix-colors-bob-short-chemical-fiber-dreadlocks-chemical-fiber-synthetic-braid-hair-wig-with-bang","status":"publish","type":"product","link":"https:\/\/synthetichairwig.com\/es\/product\/hot-sale-african-fashion-women-mix-colors-bob-short-chemical-fiber-dreadlocks-chemical-fiber-synthetic-braid-hair-wig-with-bang\/","title":{"rendered":"Las mujeres africanas de la moda de la venta caliente mezclan los colores bob peluca corta del pelo de la trenza sint\u00e9tica de la fibra qu\u00edmica de las rastas de la fibra qu\u00edmica con la explosi\u00f3n"},"content":{"rendered":"<p><img fetchpriority=\"high\" decoding=\"async\" class=\"alignnone size-full wp-image-3868\" src=\"https:\/\/synthetichairwig.com\/wp-content\/uploads\/2023\/07\/O1CN0143fa512Js3sdSLfGV_2852579476-0-cib-1.jpg\" alt=\"\" width=\"1432\" height=\"1920\" srcset=\"https:\/\/synthetichairwig.com\/wp-content\/uploads\/2023\/07\/O1CN0143fa512Js3sdSLfGV_2852579476-0-cib-1.jpg 1432w, https:\/\/synthetichairwig.com\/wp-content\/uploads\/2023\/07\/O1CN0143fa512Js3sdSLfGV_2852579476-0-cib-1-224x300.jpg 224w, https:\/\/synthetichairwig.com\/wp-content\/uploads\/2023\/07\/O1CN0143fa512Js3sdSLfGV_2852579476-0-cib-1-764x1024.jpg 764w, https:\/\/synthetichairwig.com\/wp-content\/uploads\/2023\/07\/O1CN0143fa512Js3sdSLfGV_2852579476-0-cib-1-768x1030.jpg 768w, https:\/\/synthetichairwig.com\/wp-content\/uploads\/2023\/07\/O1CN0143fa512Js3sdSLfGV_2852579476-0-cib-1-1146x1536.jpg 1146w, https:\/\/synthetichairwig.com\/wp-content\/uploads\/2023\/07\/O1CN0143fa512Js3sdSLfGV_2852579476-0-cib-1-600x804.jpg 600w\" sizes=\"(max-width: 1432px) 100vw, 1432px\" \/><\/p>\n<p><img decoding=\"async\" class=\"alignnone size-full wp-image-3847\" src=\"https:\/\/synthetichairwig.com\/wp-content\/uploads\/2023\/07\/O1CN01ABsdbo2Js3sdSNPNN_2852579476-0-cib.jpg\" alt=\"\" width=\"1436\" height=\"1920\" srcset=\"https:\/\/synthetichairwig.com\/wp-content\/uploads\/2023\/07\/O1CN01ABsdbo2Js3sdSNPNN_2852579476-0-cib.jpg 1436w, https:\/\/synthetichairwig.com\/wp-content\/uploads\/2023\/07\/O1CN01ABsdbo2Js3sdSNPNN_2852579476-0-cib-224x300.jpg 224w, https:\/\/synthetichairwig.com\/wp-content\/uploads\/2023\/07\/O1CN01ABsdbo2Js3sdSNPNN_2852579476-0-cib-766x1024.jpg 766w, https:\/\/synthetichairwig.com\/wp-content\/uploads\/2023\/07\/O1CN01ABsdbo2Js3sdSNPNN_2852579476-0-cib-768x1027.jpg 768w, https:\/\/synthetichairwig.com\/wp-content\/uploads\/2023\/07\/O1CN01ABsdbo2Js3sdSNPNN_2852579476-0-cib-1149x1536.jpg 1149w, https:\/\/synthetichairwig.com\/wp-content\/uploads\/2023\/07\/O1CN01ABsdbo2Js3sdSNPNN_2852579476-0-cib-600x802.jpg 600w\" sizes=\"(max-width: 1436px) 100vw, 1436px\" \/> <img decoding=\"async\" class=\"alignnone size-full wp-image-3848\" src=\"https:\/\/synthetichairwig.com\/wp-content\/uploads\/2023\/07\/O1CN01gSAEZL2Js3se9W2rf_2852579476-0-cib.jpg\" alt=\"\" width=\"1396\" height=\"1920\" srcset=\"https:\/\/synthetichairwig.com\/wp-content\/uploads\/2023\/07\/O1CN01gSAEZL2Js3se9W2rf_2852579476-0-cib.jpg 1396w, https:\/\/synthetichairwig.com\/wp-content\/uploads\/2023\/07\/O1CN01gSAEZL2Js3se9W2rf_2852579476-0-cib-218x300.jpg 218w, https:\/\/synthetichairwig.com\/wp-content\/uploads\/2023\/07\/O1CN01gSAEZL2Js3se9W2rf_2852579476-0-cib-745x1024.jpg 745w, https:\/\/synthetichairwig.com\/wp-content\/uploads\/2023\/07\/O1CN01gSAEZL2Js3se9W2rf_2852579476-0-cib-768x1056.jpg 768w, https:\/\/synthetichairwig.com\/wp-content\/uploads\/2023\/07\/O1CN01gSAEZL2Js3se9W2rf_2852579476-0-cib-1117x1536.jpg 1117w, https:\/\/synthetichairwig.com\/wp-content\/uploads\/2023\/07\/O1CN01gSAEZL2Js3se9W2rf_2852579476-0-cib-600x825.jpg 600w\" sizes=\"(max-width: 1396px) 100vw, 1396px\" \/> <img loading=\"lazy\" decoding=\"async\" class=\"alignnone size-full wp-image-3850\" src=\"https:\/\/synthetichairwig.com\/wp-content\/uploads\/2023\/07\/O1CN01Y2gWGr2Js3shy2UT4_2852579476-0-cib.jpg\" alt=\"\" width=\"1418\" height=\"1920\" srcset=\"https:\/\/synthetichairwig.com\/wp-content\/uploads\/2023\/07\/O1CN01Y2gWGr2Js3shy2UT4_2852579476-0-cib.jpg 1418w, https:\/\/synthetichairwig.com\/wp-content\/uploads\/2023\/07\/O1CN01Y2gWGr2Js3shy2UT4_2852579476-0-cib-222x300.jpg 222w, https:\/\/synthetichairwig.com\/wp-content\/uploads\/2023\/07\/O1CN01Y2gWGr2Js3shy2UT4_2852579476-0-cib-756x1024.jpg 756w, https:\/\/synthetichairwig.com\/wp-content\/uploads\/2023\/07\/O1CN01Y2gWGr2Js3shy2UT4_2852579476-0-cib-768x1040.jpg 768w, https:\/\/synthetichairwig.com\/wp-content\/uploads\/2023\/07\/O1CN01Y2gWGr2Js3shy2UT4_2852579476-0-cib-1134x1536.jpg 1134w, https:\/\/synthetichairwig.com\/wp-content\/uploads\/2023\/07\/O1CN01Y2gWGr2Js3shy2UT4_2852579476-0-cib-600x812.jpg 600w\" sizes=\"(max-width: 1418px) 100vw, 1418px\" \/> <img loading=\"lazy\" decoding=\"async\" class=\"alignnone size-full wp-image-3851\" src=\"https:\/\/synthetichairwig.com\/wp-content\/uploads\/2023\/07\/O1CN01YDOoIT2Js3sh2sbEX_2852579476-0-cib.jpg\" alt=\"\" width=\"1426\" height=\"1920\" srcset=\"https:\/\/synthetichairwig.com\/wp-content\/uploads\/2023\/07\/O1CN01YDOoIT2Js3sh2sbEX_2852579476-0-cib.jpg 1426w, https:\/\/synthetichairwig.com\/wp-content\/uploads\/2023\/07\/O1CN01YDOoIT2Js3sh2sbEX_2852579476-0-cib-223x300.jpg 223w, https:\/\/synthetichairwig.com\/wp-content\/uploads\/2023\/07\/O1CN01YDOoIT2Js3sh2sbEX_2852579476-0-cib-761x1024.jpg 761w, https:\/\/synthetichairwig.com\/wp-content\/uploads\/2023\/07\/O1CN01YDOoIT2Js3sh2sbEX_2852579476-0-cib-768x1034.jpg 768w, https:\/\/synthetichairwig.com\/wp-content\/uploads\/2023\/07\/O1CN01YDOoIT2Js3sh2sbEX_2852579476-0-cib-1141x1536.jpg 1141w, https:\/\/synthetichairwig.com\/wp-content\/uploads\/2023\/07\/O1CN01YDOoIT2Js3sh2sbEX_2852579476-0-cib-600x808.jpg 600w\" sizes=\"(max-width: 1426px) 100vw, 1426px\" \/><\/p>\n<p><img loading=\"lazy\" decoding=\"async\" class=\"alignnone size-full wp-image-3849\" src=\"https:\/\/synthetichairwig.com\/wp-content\/uploads\/2023\/07\/O1CN01XjP7r72Js3sfiElZx_2852579476-0-cib_\u526f\u672c-scaled.jpg\" alt=\"\" width=\"879\" height=\"2560\" srcset=\"https:\/\/synthetichairwig.com\/wp-content\/uploads\/2023\/07\/O1CN01XjP7r72Js3sfiElZx_2852579476-0-cib_\u526f\u672c-scaled.jpg 879w, https:\/\/synthetichairwig.com\/wp-content\/uploads\/2023\/07\/O1CN01XjP7r72Js3sfiElZx_2852579476-0-cib_\u526f\u672c-103x300.jpg 103w, https:\/\/synthetichairwig.com\/wp-content\/uploads\/2023\/07\/O1CN01XjP7r72Js3sfiElZx_2852579476-0-cib_\u526f\u672c-352x1024.jpg 352w, https:\/\/synthetichairwig.com\/wp-content\/uploads\/2023\/07\/O1CN01XjP7r72Js3sfiElZx_2852579476-0-cib_\u526f\u672c-768x2236.jpg 768w, https:\/\/synthetichairwig.com\/wp-content\/uploads\/2023\/07\/O1CN01XjP7r72Js3sfiElZx_2852579476-0-cib_\u526f\u672c-600x1747.jpg 600w\" sizes=\"(max-width: 879px) 100vw, 879px\" \/><\/p>\n<div id=\"footable_parent_3844\"\n         class=\"footable_parent ninja_table_wrapper loading_ninja_table wp_table_data_press_parent semantic_ui\">\n                <table data-ninja_table_instance=\"ninja_table_instance_0\" data-footable_id=\"3844\" data-filter-delay=\"1000\" aria-label=\"\u5047\u53d1 \u5de5\u4f5c\u8868.csv\"            id=\"footable_3844\"\n           data-unique_identifier=\"ninja_table_unique_id_1460741481_3844\"\n           class=\"foo-table ninja_footable foo_table_3844 ninja_table_unique_id_1460741481_3844 ui table  nt_type_legacy_table selectable striped vertical_centered  footable-paging-right ninja_table_pro\">\n                <colgroup>\n                            <col class=\"ninja_column_0\">\n                            <col class=\"ninja_column_1\">\n                    <\/colgroup>\n        <thead>\n<tr class=\"footable-header\">\n                                        <th scope=\"col\"  class=\"ninja_column_0 ninja_clmn_nm_brandname\">Nombre de la marca:<\/th><th scope=\"col\"  class=\"ninja_column_1 ninja_clmn_nm_landmark\">Punto de referencia<\/th><\/tr>\n<\/thead>\n<tbody>\n\n        <tr data-row_id=\"1143\" class=\"ninja_table_row_0 nt_row_id_1143\">\n            <td>N\u00famero de modelo:<\/td><td>WHR6014<\/td>        <\/tr>\n            <tr data-row_id=\"1144\" class=\"ninja_table_row_1 nt_row_id_1144\">\n            <td>Peso:<\/td><td>280 gramos<\/td>        <\/tr>\n            <tr data-row_id=\"1145\" class=\"ninja_table_row_2 nt_row_id_1145\">\n            <td>Estilo:<\/td><td>Recto, corto<\/td>        <\/tr>\n            <tr data-row_id=\"1146\" class=\"ninja_table_row_3 nt_row_id_1146\">\n            <td>T\u00e9cnica:<\/td><td>Peluca hecha a m\u00e1quina<\/td>        <\/tr>\n            <tr data-row_id=\"1147\" class=\"ninja_table_row_4 nt_row_id_1147\">\n            <td>Longitud:<\/td><td>14 pulgadas<\/td>        <\/tr>\n            <tr data-row_id=\"1148\" class=\"ninja_table_row_5 nt_row_id_1148\">\n            <td>Tipo de peluca de encaje:<\/td><td>Ninguna pelucas de encaje<\/td>        <\/tr>\n            <tr data-row_id=\"1149\" class=\"ninja_table_row_6 nt_row_id_1149\">\n            <td>Densidad:<\/td><td>150%<\/td>        <\/tr>\n            <tr data-row_id=\"1150\" class=\"ninja_table_row_7 nt_row_id_1150\">\n            <td>Longitud de las pelucas:<\/td><td>Corto<\/td>        <\/tr>\n            <tr data-row_id=\"1151\" class=\"ninja_table_row_8 nt_row_id_1151\">\n            <td>Tama\u00f1o de la gorra:<\/td><td>Tama\u00f1o promedio<\/td>        <\/tr>\n            <tr data-row_id=\"1152\" class=\"ninja_table_row_9 nt_row_id_1152\">\n            <td>Colores de te\u00f1ido adecuados:<\/td><td>Ninguno<\/td>        <\/tr>\n            <tr data-row_id=\"1153\" class=\"ninja_table_row_10 nt_row_id_1153\">\n            <td>Nombre del producto:<\/td><td>Peluca de pelo sint\u00e9tico trenzado de fibra qu\u00edmica con flequillo y rastas cortas estilo bob<\/td>        <\/tr>\n            <tr data-row_id=\"1154\" class=\"ninja_table_row_11 nt_row_id_1154\">\n            <td>Color:<\/td><td>Como la imagen, colores personalizados.<\/td>        <\/tr>\n            <tr data-row_id=\"1155\" class=\"ninja_table_row_12 nt_row_id_1155\">\n            <td>Tipo:<\/td><td>Peluca de pelo trenzado<\/td>        <\/tr>\n            <tr data-row_id=\"1156\" class=\"ninja_table_row_13 nt_row_id_1156\">\n            <td>Material:<\/td><td>Fibra sint\u00e9tica\/qu\u00edmica\/Fibra de alta temperatura\/Resistente al calor,<\/td>        <\/tr>\n            <tr data-row_id=\"1157\" class=\"ninja_table_row_14 nt_row_id_1157\">\n            <td>Paquete:<\/td><td>1 unidad\/bolsa de pl\u00e1stico<\/td>        <\/tr>\n    <\/tbody><!--ninja_tobody_rendering_done-->\n    <\/table>\n                    <style type=\"text\/css\" id='ninja_table_custom_css_3844'>\n                        #footable_3844  {\n    font-family: inherit;\n    font-size: 14px;\n    }\n\n    \n                <\/style>\n                \n    \n    \n<\/div>","protected":false},"excerpt":{"rendered":"<h5>14 pulgadas<\/h5>","protected":false},"featured_media":3853,"comment_status":"open","ping_status":"closed","template":"","meta":{"site-sidebar-layout":"default","site-content-layout":"default","ast-site-content-layout":"","site-content-style":"default","site-sidebar-style":"default","ast-global-header-display":"","ast-banner-title-visibility":"","ast-main-header-display":"","ast-hfb-above-header-display":"","ast-hfb-below-header-display":"","ast-hfb-mobile-header-display":"","site-post-title":"","ast-breadcrumbs-content":"","ast-featured-img":"","footer-sml-layout":"","theme-transparent-header-meta":"default","adv-header-id-meta":"","stick-header-meta":"","header-above-stick-meta":"","header-main-stick-meta":"","header-below-stick-meta":"","astra-migrate-meta-layouts":"default","ast-page-background-enabled":"default","ast-page-background-meta":{"desktop":{"background-color":"var(--ast-global-color-4)","background-image":"","background-repeat":"repeat","background-position":"center center","background-size":"auto","background-attachment":"scroll","background-type":"","background-media":"","overlay-type":"","overlay-color":"","overlay-opacity":"","overlay-gradient":""},"tablet":{"background-color":"","background-image":"","background-repeat":"repeat","background-position":"center center","background-size":"auto","background-attachment":"scroll","background-type":"","background-media":"","overlay-type":"","overlay-color":"","overlay-opacity":"","overlay-gradient":""},"mobile":{"background-color":"","background-image":"","background-repeat":"repeat","background-position":"center center","background-size":"auto","background-attachment":"scroll","background-type":"","background-media":"","overlay-type":"","overlay-color":"","overlay-opacity":"","overlay-gradient":""}},"ast-content-background-meta":{"desktop":{"background-color":"var(--ast-global-color-5)","background-image":"","background-repeat":"repeat","background-position":"center center","background-size":"auto","background-attachment":"scroll","background-type":"","background-media":"","overlay-type":"","overlay-color":"","overlay-opacity":"","overlay-gradient":""},"tablet":{"background-color":"var(--ast-global-color-5)","background-image":"","background-repeat":"repeat","background-position":"center center","background-size":"auto","background-attachment":"scroll","background-type":"","background-media":"","overlay-type":"","overlay-color":"","overlay-opacity":"","overlay-gradient":""},"mobile":{"background-color":"var(--ast-global-color-5)","background-image":"","background-repeat":"repeat","background-position":"center center","background-size":"auto","background-attachment":"scroll","background-type":"","background-media":"","overlay-type":"","overlay-color":"","overlay-opacity":"","overlay-gradient":""}},"jetpack_publicize_message":"","jetpack_is_tweetstorm":false,"jetpack_publicize_feature_enabled":true,"jetpack_social_post_already_shared":false,"jetpack_social_options":{"image_generator_settings":{"template":"highway","enabled":false}}},"product_brand":[],"product_cat":[43,32],"product_tag":[],"class_list":{"0":"post-3845","1":"product","2":"type-product","3":"status-publish","4":"has-post-thumbnail","6":"product_cat-braid-hair-wig","7":"product_cat-synthetic-wigs","8":"desktop-align-left","9":"tablet-align-left","10":"mobile-align-left","12":"first","13":"instock","14":"sale","15":"shipping-taxable","16":"purchasable","17":"product-type-variable"},"jetpack_publicize_connections":[],"yoast_head":"<!-- This site is optimized with the Yoast SEO Premium plugin v20.7 (Yoast SEO v27.6) - https:\/\/yoast.com\/product\/yoast-seo-premium-wordpress\/ -->\n<title>Hot sale african fashion women mix colors bob short chemical fiber dreadlocks chemical fiber synthetic braid hair wig with bang - landmark<\/title>\n<meta name=\"robots\" content=\"index, follow, max-snippet:-1, max-image-preview:large, max-video-preview:-1\" \/>\n<link rel=\"canonical\" href=\"https:\/\/synthetichairwig.com\/es\/producto\/hot-sale-african-fashion-women-mix-colors-bob-short-chemical-fiber-dreadlocks-chemical-fiber-synthetic-braid-hair-wig-with-bang\/\" \/>\n<meta property=\"og:locale\" content=\"es_MX\" \/>\n<meta property=\"og:type\" content=\"article\" \/>\n<meta property=\"og:title\" content=\"Hot sale african fashion women mix colors bob short chemical fiber dreadlocks chemical fiber synthetic braid hair wig with bang\" \/>\n<meta property=\"og:description\" content=\"14inch\" \/>\n<meta property=\"og:url\" content=\"https:\/\/synthetichairwig.com\/es\/producto\/hot-sale-african-fashion-women-mix-colors-bob-short-chemical-fiber-dreadlocks-chemical-fiber-synthetic-braid-hair-wig-with-bang\/\" \/>\n<meta property=\"og:site_name\" content=\"landmark\" \/>\n<meta property=\"article:modified_time\" content=\"2023-09-13T07:42:50+00:00\" \/>\n<meta property=\"og:image\" content=\"https:\/\/synthetichairwig.com\/wp-content\/uploads\/2023\/07\/1B-2.jpg\" \/>\n\t<meta property=\"og:image:width\" content=\"1000\" \/>\n\t<meta property=\"og:image:height\" content=\"1000\" \/>\n\t<meta property=\"og:image:type\" content=\"image\/jpeg\" \/>\n<meta name=\"twitter:card\" content=\"summary_large_image\" \/>\n<meta name=\"twitter:label1\" content=\"Tiempo de lectura\" \/>\n\t<meta name=\"twitter:data1\" content=\"2 minutos\" \/>\n<script type=\"application\/ld+json\" class=\"yoast-schema-graph\">{\"@context\":\"https:\\\/\\\/schema.org\",\"@graph\":[{\"@type\":\"WebPage\",\"@id\":\"https:\\\/\\\/synthetichairwig.com\\\/product\\\/hot-sale-african-fashion-women-mix-colors-bob-short-chemical-fiber-dreadlocks-chemical-fiber-synthetic-braid-hair-wig-with-bang\\\/\",\"url\":\"https:\\\/\\\/synthetichairwig.com\\\/product\\\/hot-sale-african-fashion-women-mix-colors-bob-short-chemical-fiber-dreadlocks-chemical-fiber-synthetic-braid-hair-wig-with-bang\\\/\",\"name\":\"Hot sale african fashion women mix colors bob short chemical fiber dreadlocks chemical fiber synthetic braid hair wig with bang - landmark\",\"isPartOf\":{\"@id\":\"https:\\\/\\\/synthetichairwig.com\\\/#website\"},\"primaryImageOfPage\":{\"@id\":\"https:\\\/\\\/synthetichairwig.com\\\/product\\\/hot-sale-african-fashion-women-mix-colors-bob-short-chemical-fiber-dreadlocks-chemical-fiber-synthetic-braid-hair-wig-with-bang\\\/#primaryimage\"},\"image\":{\"@id\":\"https:\\\/\\\/synthetichairwig.com\\\/product\\\/hot-sale-african-fashion-women-mix-colors-bob-short-chemical-fiber-dreadlocks-chemical-fiber-synthetic-braid-hair-wig-with-bang\\\/#primaryimage\"},\"thumbnailUrl\":\"https:\\\/\\\/synthetichairwig.com\\\/wp-content\\\/uploads\\\/2023\\\/07\\\/1B-2.jpg\",\"datePublished\":\"2023-07-24T14:02:14+00:00\",\"dateModified\":\"2023-09-13T07:42:50+00:00\",\"breadcrumb\":{\"@id\":\"https:\\\/\\\/synthetichairwig.com\\\/product\\\/hot-sale-african-fashion-women-mix-colors-bob-short-chemical-fiber-dreadlocks-chemical-fiber-synthetic-braid-hair-wig-with-bang\\\/#breadcrumb\"},\"inLanguage\":\"es\",\"potentialAction\":[{\"@type\":\"ReadAction\",\"target\":[\"https:\\\/\\\/synthetichairwig.com\\\/product\\\/hot-sale-african-fashion-women-mix-colors-bob-short-chemical-fiber-dreadlocks-chemical-fiber-synthetic-braid-hair-wig-with-bang\\\/\"]}]},{\"@type\":\"ImageObject\",\"inLanguage\":\"es\",\"@id\":\"https:\\\/\\\/synthetichairwig.com\\\/product\\\/hot-sale-african-fashion-women-mix-colors-bob-short-chemical-fiber-dreadlocks-chemical-fiber-synthetic-braid-hair-wig-with-bang\\\/#primaryimage\",\"url\":\"https:\\\/\\\/synthetichairwig.com\\\/wp-content\\\/uploads\\\/2023\\\/07\\\/1B-2.jpg\",\"contentUrl\":\"https:\\\/\\\/synthetichairwig.com\\\/wp-content\\\/uploads\\\/2023\\\/07\\\/1B-2.jpg\",\"width\":1000,\"height\":1000},{\"@type\":\"BreadcrumbList\",\"@id\":\"https:\\\/\\\/synthetichairwig.com\\\/product\\\/hot-sale-african-fashion-women-mix-colors-bob-short-chemical-fiber-dreadlocks-chemical-fiber-synthetic-braid-hair-wig-with-bang\\\/#breadcrumb\",\"itemListElement\":[{\"@type\":\"ListItem\",\"position\":1,\"name\":\"Home\",\"item\":\"https:\\\/\\\/synthetichairwig.com\\\/\"},{\"@type\":\"ListItem\",\"position\":2,\"name\":\"LandMark Hair Shop\",\"item\":\"https:\\\/\\\/synthetichairwig.com\\\/landmark-hair-shop\\\/\"},{\"@type\":\"ListItem\",\"position\":3,\"name\":\"Hot sale african fashion women mix colors bob short chemical fiber dreadlocks chemical fiber synthetic braid hair wig with bang\"}]},{\"@type\":\"WebSite\",\"@id\":\"https:\\\/\\\/synthetichairwig.com\\\/#website\",\"url\":\"https:\\\/\\\/synthetichairwig.com\\\/\",\"name\":\"landmark\",\"description\":\"My WordPress Blog\",\"publisher\":{\"@id\":\"https:\\\/\\\/synthetichairwig.com\\\/#organization\"},\"potentialAction\":[{\"@type\":\"SearchAction\",\"target\":{\"@type\":\"EntryPoint\",\"urlTemplate\":\"https:\\\/\\\/synthetichairwig.com\\\/?s={search_term_string}\"},\"query-input\":{\"@type\":\"PropertyValueSpecification\",\"valueRequired\":true,\"valueName\":\"search_term_string\"}}],\"inLanguage\":\"es\"},{\"@type\":\"Organization\",\"@id\":\"https:\\\/\\\/synthetichairwig.com\\\/#organization\",\"name\":\"landmark\",\"url\":\"https:\\\/\\\/synthetichairwig.com\\\/\",\"logo\":{\"@type\":\"ImageObject\",\"inLanguage\":\"es\",\"@id\":\"https:\\\/\\\/synthetichairwig.com\\\/#\\\/schema\\\/logo\\\/image\\\/\",\"url\":\"https:\\\/\\\/synthetichairwig.com\\\/wp-content\\\/uploads\\\/2023\\\/06\\\/cropped-logo3.png\",\"contentUrl\":\"https:\\\/\\\/synthetichairwig.com\\\/wp-content\\\/uploads\\\/2023\\\/06\\\/cropped-logo3.png\",\"width\":1704,\"height\":768,\"caption\":\"landmark\"},\"image\":{\"@id\":\"https:\\\/\\\/synthetichairwig.com\\\/#\\\/schema\\\/logo\\\/image\\\/\"}}]}<\/script>\n<!-- \/ Yoast SEO Premium plugin. -->","yoast_head_json":{"title":"Hot sale african fashion women mix colors bob short chemical fiber dreadlocks chemical fiber synthetic braid hair wig with bang - landmark","robots":{"index":"index","follow":"follow","max-snippet":"max-snippet:-1","max-image-preview":"max-image-preview:large","max-video-preview":"max-video-preview:-1"},"canonical":"https:\/\/synthetichairwig.com\/es\/producto\/hot-sale-african-fashion-women-mix-colors-bob-short-chemical-fiber-dreadlocks-chemical-fiber-synthetic-braid-hair-wig-with-bang\/","og_locale":"es_MX","og_type":"article","og_title":"Hot sale african fashion women mix colors bob short chemical fiber dreadlocks chemical fiber synthetic braid hair wig with bang","og_description":"14inch","og_url":"https:\/\/synthetichairwig.com\/es\/producto\/hot-sale-african-fashion-women-mix-colors-bob-short-chemical-fiber-dreadlocks-chemical-fiber-synthetic-braid-hair-wig-with-bang\/","og_site_name":"landmark","article_modified_time":"2023-09-13T07:42:50+00:00","og_image":[{"width":1000,"height":1000,"url":"https:\/\/synthetichairwig.com\/wp-content\/uploads\/2023\/07\/1B-2.jpg","type":"image\/jpeg"}],"twitter_card":"summary_large_image","twitter_misc":{"Tiempo de lectura":"2 minutos"},"schema":{"@context":"https:\/\/schema.org","@graph":[{"@type":"WebPage","@id":"https:\/\/synthetichairwig.com\/product\/hot-sale-african-fashion-women-mix-colors-bob-short-chemical-fiber-dreadlocks-chemical-fiber-synthetic-braid-hair-wig-with-bang\/","url":"https:\/\/synthetichairwig.com\/product\/hot-sale-african-fashion-women-mix-colors-bob-short-chemical-fiber-dreadlocks-chemical-fiber-synthetic-braid-hair-wig-with-bang\/","name":"Hot sale african fashion women mix colors bob short chemical fiber dreadlocks chemical fiber synthetic braid hair wig with bang - landmark","isPartOf":{"@id":"https:\/\/synthetichairwig.com\/#website"},"primaryImageOfPage":{"@id":"https:\/\/synthetichairwig.com\/product\/hot-sale-african-fashion-women-mix-colors-bob-short-chemical-fiber-dreadlocks-chemical-fiber-synthetic-braid-hair-wig-with-bang\/#primaryimage"},"image":{"@id":"https:\/\/synthetichairwig.com\/product\/hot-sale-african-fashion-women-mix-colors-bob-short-chemical-fiber-dreadlocks-chemical-fiber-synthetic-braid-hair-wig-with-bang\/#primaryimage"},"thumbnailUrl":"https:\/\/synthetichairwig.com\/wp-content\/uploads\/2023\/07\/1B-2.jpg","datePublished":"2023-07-24T14:02:14+00:00","dateModified":"2023-09-13T07:42:50+00:00","breadcrumb":{"@id":"https:\/\/synthetichairwig.com\/product\/hot-sale-african-fashion-women-mix-colors-bob-short-chemical-fiber-dreadlocks-chemical-fiber-synthetic-braid-hair-wig-with-bang\/#breadcrumb"},"inLanguage":"es","potentialAction":[{"@type":"ReadAction","target":["https:\/\/synthetichairwig.com\/product\/hot-sale-african-fashion-women-mix-colors-bob-short-chemical-fiber-dreadlocks-chemical-fiber-synthetic-braid-hair-wig-with-bang\/"]}]},{"@type":"ImageObject","inLanguage":"es","@id":"https:\/\/synthetichairwig.com\/product\/hot-sale-african-fashion-women-mix-colors-bob-short-chemical-fiber-dreadlocks-chemical-fiber-synthetic-braid-hair-wig-with-bang\/#primaryimage","url":"https:\/\/synthetichairwig.com\/wp-content\/uploads\/2023\/07\/1B-2.jpg","contentUrl":"https:\/\/synthetichairwig.com\/wp-content\/uploads\/2023\/07\/1B-2.jpg","width":1000,"height":1000},{"@type":"BreadcrumbList","@id":"https:\/\/synthetichairwig.com\/product\/hot-sale-african-fashion-women-mix-colors-bob-short-chemical-fiber-dreadlocks-chemical-fiber-synthetic-braid-hair-wig-with-bang\/#breadcrumb","itemListElement":[{"@type":"ListItem","position":1,"name":"Home","item":"https:\/\/synthetichairwig.com\/"},{"@type":"ListItem","position":2,"name":"LandMark Hair Shop","item":"https:\/\/synthetichairwig.com\/landmark-hair-shop\/"},{"@type":"ListItem","position":3,"name":"Hot sale african fashion women mix colors bob short chemical fiber dreadlocks chemical fiber synthetic braid hair wig with bang"}]},{"@type":"WebSite","@id":"https:\/\/synthetichairwig.com\/#website","url":"https:\/\/synthetichairwig.com\/","name":"landmark","description":"My WordPress Blog","publisher":{"@id":"https:\/\/synthetichairwig.com\/#organization"},"potentialAction":[{"@type":"SearchAction","target":{"@type":"EntryPoint","urlTemplate":"https:\/\/synthetichairwig.com\/?s={search_term_string}"},"query-input":{"@type":"PropertyValueSpecification","valueRequired":true,"valueName":"search_term_string"}}],"inLanguage":"es"},{"@type":"Organization","@id":"https:\/\/synthetichairwig.com\/#organization","name":"landmark","url":"https:\/\/synthetichairwig.com\/","logo":{"@type":"ImageObject","inLanguage":"es","@id":"https:\/\/synthetichairwig.com\/#\/schema\/logo\/image\/","url":"https:\/\/synthetichairwig.com\/wp-content\/uploads\/2023\/06\/cropped-logo3.png","contentUrl":"https:\/\/synthetichairwig.com\/wp-content\/uploads\/2023\/06\/cropped-logo3.png","width":1704,"height":768,"caption":"landmark"},"image":{"@id":"https:\/\/synthetichairwig.com\/#\/schema\/logo\/image\/"}}]}},"_links":{"self":[{"href":"https:\/\/synthetichairwig.com\/es\/wp-json\/wp\/v2\/product\/3845","targetHints":{"allow":["GET"]}}],"collection":[{"href":"https:\/\/synthetichairwig.com\/es\/wp-json\/wp\/v2\/product"}],"about":[{"href":"https:\/\/synthetichairwig.com\/es\/wp-json\/wp\/v2\/types\/product"}],"replies":[{"embeddable":true,"href":"https:\/\/synthetichairwig.com\/es\/wp-json\/wp\/v2\/comments?post=3845"}],"wp:featuredmedia":[{"embeddable":true,"href":"https:\/\/synthetichairwig.com\/es\/wp-json\/wp\/v2\/media\/3853"}],"wp:attachment":[{"href":"https:\/\/synthetichairwig.com\/es\/wp-json\/wp\/v2\/media?parent=3845"}],"wp:term":[{"taxonomy":"product_brand","embeddable":true,"href":"https:\/\/synthetichairwig.com\/es\/wp-json\/wp\/v2\/product_brand?post=3845"},{"taxonomy":"product_cat","embeddable":true,"href":"https:\/\/synthetichairwig.com\/es\/wp-json\/wp\/v2\/product_cat?post=3845"},{"taxonomy":"product_tag","embeddable":true,"href":"https:\/\/synthetichairwig.com\/es\/wp-json\/wp\/v2\/product_tag?post=3845"}],"curies":[{"name":"wp","href":"https:\/\/api.w.org\/{rel}","templated":true}]}}