{"id":4621,"date":"2023-08-02T03:17:54","date_gmt":"2023-08-02T03:17:54","guid":{"rendered":"https:\/\/synthetichairwig.com\/?post_type=product&#038;p=4621"},"modified":"2023-11-14T13:18:26","modified_gmt":"2023-11-14T13:18:26","slug":"pixie-blonde-wigs-for-women-blonde-brown-pixie-cut-wig","status":"publish","type":"product","link":"https:\/\/synthetichairwig.com\/es\/product\/pelucas-rubias-pixie-para-mujer-peluca-rubia-marron-corte-pixie\/","title":{"rendered":"Pelucas rubias Pixie para mujer Peluca de corte Pixie rubia marr\u00f3n"},"content":{"rendered":"<p>El paquete incluye: peluca x 1 + redecilla separada x 1<\/p>\n<p>&nbsp;<\/p>\n<p>\u2b50\u2b50 Material: la peluca est\u00e1 hecha de excelente cabello sint\u00e9tico con textura suave, agradable para la piel y c\u00f3moda. Use cabello real de apariencia natural.<\/p>\n<p>&nbsp;<\/p>\n<p>\u2b50 Caracter\u00edsticas: peluca de fibra de alta temperatura, se puede planchar, no te\u00f1ir. Puede soportar temperaturas de 150 grados Celsius (300 grados Fahrenheit)<\/p>\n<p>&nbsp;<\/p>\n<p>La intranet te hace sentir c\u00f3modo y transpirable cuando la usas. Hay dos cinturones de ajuste a ambos lados de la peluca, que se pueden ajustar para adaptarse al tama\u00f1o de su cabeza.<\/p>\n<div style=\"width: 1280px;\" class=\"wp-video\"><video class=\"wp-video-shortcode\" id=\"video-4621-1\" width=\"1280\" height=\"720\" preload=\"metadata\" controls=\"controls\"><source type=\"video\/mp4\" src=\"https:\/\/synthetichairwig.com\/wp-content\/uploads\/2023\/08\/\u89c6\u98913-1.mp4?_=1\" \/><a href=\"https:\/\/synthetichairwig.com\/wp-content\/uploads\/2023\/08\/\u89c6\u98913-1.mp4\">https:\/\/synthetichairwig.com\/wp-content\/uploads\/2023\/08\/\u89c6\u98913-1.mp4<\/a><\/video><\/div>\n<p>&nbsp;<\/p>\n<p>&nbsp;<\/p>\n<div id=\"footable_parent_4620\"\n         class=\"footable_parent ninja_table_wrapper loading_ninja_table wp_table_data_press_parent semantic_ui\">\n                <table data-ninja_table_instance=\"ninja_table_instance_0\" data-footable_id=\"4620\" data-filter-delay=\"1000\" aria-label=\"\u771f\u4eba\u53d1 \u5de5\u4f5c\u8868.csv\"            id=\"footable_4620\"\n           data-unique_identifier=\"ninja_table_unique_id_1468597719_4620\"\n           class=\"foo-table ninja_footable foo_table_4620 ninja_table_unique_id_1468597719_4620 ui table  nt_type_legacy_table selectable striped vertical_centered  footable-paging-right ninja_table_pro\">\n                <colgroup>\n                            <col class=\"ninja_column_0\">\n                            <col class=\"ninja_column_1\">\n                    <\/colgroup>\n        <thead>\n<tr class=\"footable-header\">\n                                        <th scope=\"col\"  class=\"ninja_column_0 ninja_clmn_nm_placeoforigin\">Lugar de origen:<\/th><th scope=\"col\"  class=\"ninja_column_1 ninja_clmn_nm_china\">Porcelana<\/th><\/tr>\n<\/thead>\n<tbody>\n\n        <tr data-row_id=\"1340\" class=\"ninja_table_row_0 nt_row_id_1340\">\n            <td>material de pelo sint\u00e9tico:<\/td><td>Fibra de alta temperatura<\/td>        <\/tr>\n            <tr data-row_id=\"1341\" class=\"ninja_table_row_1 nt_row_id_1341\">\n            <td>material de pelo sint\u00e9tico:<\/td><td>Fibra de alta temperatura<\/td>        <\/tr>\n            <tr data-row_id=\"1342\" class=\"ninja_table_row_2 nt_row_id_1342\">\n            <td>N\u00famero de modelo:<\/td><td>1052<\/td>        <\/tr>\n            <tr data-row_id=\"1343\" class=\"ninja_table_row_3 nt_row_id_1343\">\n            <td>Peso:<\/td><td>104g<\/td>        <\/tr>\n            <tr data-row_id=\"1345\" class=\"ninja_table_row_4 nt_row_id_1345\">\n            <td>T\u00e9cnica:<\/td><td>Peluca hecha a m\u00e1quina<\/td>        <\/tr>\n            <tr data-row_id=\"1346\" class=\"ninja_table_row_5 nt_row_id_1346\">\n            <td>Longitud:<\/td><td>10 pulgadas<\/td>        <\/tr>\n            <tr data-row_id=\"1347\" class=\"ninja_table_row_6 nt_row_id_1347\">\n            <td>Densidad:<\/td><td>150%<\/td>        <\/tr>\n            <tr data-row_id=\"1348\" class=\"ninja_table_row_7 nt_row_id_1348\">\n            <td>Longitud de las pelucas:<\/td><td>corto<\/td>        <\/tr>\n            <tr data-row_id=\"1349\" class=\"ninja_table_row_8 nt_row_id_1349\">\n            <td>Tama\u00f1o de la gorra:<\/td><td>Tama\u00f1o promedio<\/td>        <\/tr>\n            <tr data-row_id=\"1350\" class=\"ninja_table_row_9 nt_row_id_1350\">\n            <td>Colores de te\u00f1ido adecuados:<\/td><td>Ninguno<\/td>        <\/tr>\n            <tr data-row_id=\"1351\" class=\"ninja_table_row_10 nt_row_id_1351\">\n            <td><\/td><td><\/td>        <\/tr>\n            <tr data-row_id=\"1352\" class=\"ninja_table_row_11 nt_row_id_1352\">\n            <td>Caracter\u00edstica<\/td><td>Uso diario<\/td>        <\/tr>\n    <\/tbody><!--ninja_tobody_rendering_done-->\n    <\/table>\n                    <style type=\"text\/css\" id='ninja_table_custom_css_4620'>\n                        #footable_4620  {\n    font-family: inherit;\n    font-size: 14px;\n    }\n\n    \n                <\/style>\n                \n    \n    \n<\/div>","protected":false},"excerpt":{"rendered":"<p>Package includes: wig x 1 + separate hairnet x 1 &nbsp; \u2b50\u2b50 Material: Wig is made of excellent synthetic hair with soft texture, skin friendly and comfortable. Wear natural looking real hair. &nbsp; \u2b50 Features: high temperature fiber wig, can be ironed, not dyed. It can withstand temperatures of 150 degrees Celsius (300 degrees Fahrenheit) [&hellip;]<\/p>","protected":false},"featured_media":4624,"comment_status":"open","ping_status":"closed","template":"","meta":{"site-sidebar-layout":"default","site-content-layout":"default","ast-site-content-layout":"","site-content-style":"default","site-sidebar-style":"default","ast-global-header-display":"","ast-banner-title-visibility":"","ast-main-header-display":"","ast-hfb-above-header-display":"","ast-hfb-below-header-display":"","ast-hfb-mobile-header-display":"","site-post-title":"","ast-breadcrumbs-content":"","ast-featured-img":"","footer-sml-layout":"","theme-transparent-header-meta":"default","adv-header-id-meta":"","stick-header-meta":"","header-above-stick-meta":"","header-main-stick-meta":"","header-below-stick-meta":"","astra-migrate-meta-layouts":"default","ast-page-background-enabled":"default","ast-page-background-meta":{"desktop":{"background-color":"var(--ast-global-color-4)","background-image":"","background-repeat":"repeat","background-position":"center center","background-size":"auto","background-attachment":"scroll","background-type":"","background-media":"","overlay-type":"","overlay-color":"","overlay-opacity":"","overlay-gradient":""},"tablet":{"background-color":"","background-image":"","background-repeat":"repeat","background-position":"center center","background-size":"auto","background-attachment":"scroll","background-type":"","background-media":"","overlay-type":"","overlay-color":"","overlay-opacity":"","overlay-gradient":""},"mobile":{"background-color":"","background-image":"","background-repeat":"repeat","background-position":"center center","background-size":"auto","background-attachment":"scroll","background-type":"","background-media":"","overlay-type":"","overlay-color":"","overlay-opacity":"","overlay-gradient":""}},"ast-content-background-meta":{"desktop":{"background-color":"var(--ast-global-color-5)","background-image":"","background-repeat":"repeat","background-position":"center center","background-size":"auto","background-attachment":"scroll","background-type":"","background-media":"","overlay-type":"","overlay-color":"","overlay-opacity":"","overlay-gradient":""},"tablet":{"background-color":"var(--ast-global-color-5)","background-image":"","background-repeat":"repeat","background-position":"center center","background-size":"auto","background-attachment":"scroll","background-type":"","background-media":"","overlay-type":"","overlay-color":"","overlay-opacity":"","overlay-gradient":""},"mobile":{"background-color":"var(--ast-global-color-5)","background-image":"","background-repeat":"repeat","background-position":"center center","background-size":"auto","background-attachment":"scroll","background-type":"","background-media":"","overlay-type":"","overlay-color":"","overlay-opacity":"","overlay-gradient":""}},"jetpack_publicize_message":"","jetpack_is_tweetstorm":false,"jetpack_publicize_feature_enabled":true,"jetpack_social_post_already_shared":false,"jetpack_social_options":{"image_generator_settings":{"template":"highway","enabled":false}}},"product_brand":[],"product_cat":[77,79,35,32],"product_tag":[],"class_list":{"0":"post-4621","1":"product","2":"type-product","3":"status-publish","4":"has-post-thumbnail","6":"product_cat-flash-sale","7":"product_cat-flash-sale-2","8":"product_cat-short-synthetic-wigs","9":"product_cat-synthetic-wigs","10":"desktop-align-left","11":"tablet-align-left","12":"mobile-align-left","14":"first","15":"instock","16":"sale","17":"shipping-taxable","18":"purchasable","19":"product-type-variable"},"jetpack_publicize_connections":[],"yoast_head":"<!-- This site is optimized with the Yoast SEO Premium plugin v20.7 (Yoast SEO v27.6) - https:\/\/yoast.com\/product\/yoast-seo-premium-wordpress\/ -->\n<title>Pixie Blonde Wigs for Women Blonde Brown Pixie Cut Wig - landmark<\/title>\n<meta name=\"robots\" content=\"index, follow, max-snippet:-1, max-image-preview:large, max-video-preview:-1\" \/>\n<link rel=\"canonical\" href=\"https:\/\/synthetichairwig.com\/es\/producto\/pelucas-rubias-pixie-para-mujer-peluca-rubia-marron-corte-pixie\/\" \/>\n<meta property=\"og:locale\" content=\"es_MX\" \/>\n<meta property=\"og:type\" content=\"article\" \/>\n<meta property=\"og:title\" content=\"Pixie Blonde Wigs for Women Blonde Brown Pixie Cut Wig\" \/>\n<meta property=\"og:description\" content=\"Package includes: wig x 1 + separate hairnet x 1 &nbsp; \u2b50\u2b50 Material: Wig is made of excellent synthetic hair with soft texture, skin friendly and comfortable. Wear natural looking real hair. &nbsp; \u2b50 Features: high temperature fiber wig, can be ironed, not dyed. It can withstand temperatures of 150 degrees Celsius (300 degrees Fahrenheit) [&hellip;]\" \/>\n<meta property=\"og:url\" content=\"https:\/\/synthetichairwig.com\/es\/producto\/pelucas-rubias-pixie-para-mujer-peluca-rubia-marron-corte-pixie\/\" \/>\n<meta property=\"og:site_name\" content=\"landmark\" \/>\n<meta property=\"article:modified_time\" content=\"2023-11-14T13:18:26+00:00\" \/>\n<meta property=\"og:image\" content=\"https:\/\/synthetichairwig.com\/wp-content\/uploads\/2023\/08\/\u6b23\u579a03-1.jpg\" \/>\n\t<meta property=\"og:image:width\" content=\"1200\" \/>\n\t<meta property=\"og:image:height\" content=\"1200\" \/>\n\t<meta property=\"og:image:type\" content=\"image\/jpeg\" \/>\n<meta name=\"twitter:card\" content=\"summary_large_image\" \/>\n<meta name=\"twitter:label1\" content=\"Tiempo de lectura\" \/>\n\t<meta name=\"twitter:data1\" content=\"1 minuto\" \/>\n<script type=\"application\/ld+json\" class=\"yoast-schema-graph\">{\"@context\":\"https:\\\/\\\/schema.org\",\"@graph\":[{\"@type\":\"WebPage\",\"@id\":\"https:\\\/\\\/synthetichairwig.com\\\/product\\\/pixie-blonde-wigs-for-women-blonde-brown-pixie-cut-wig\\\/\",\"url\":\"https:\\\/\\\/synthetichairwig.com\\\/product\\\/pixie-blonde-wigs-for-women-blonde-brown-pixie-cut-wig\\\/\",\"name\":\"Pixie Blonde Wigs for Women Blonde Brown Pixie Cut Wig - landmark\",\"isPartOf\":{\"@id\":\"https:\\\/\\\/synthetichairwig.com\\\/#website\"},\"primaryImageOfPage\":{\"@id\":\"https:\\\/\\\/synthetichairwig.com\\\/product\\\/pixie-blonde-wigs-for-women-blonde-brown-pixie-cut-wig\\\/#primaryimage\"},\"image\":{\"@id\":\"https:\\\/\\\/synthetichairwig.com\\\/product\\\/pixie-blonde-wigs-for-women-blonde-brown-pixie-cut-wig\\\/#primaryimage\"},\"thumbnailUrl\":\"https:\\\/\\\/synthetichairwig.com\\\/wp-content\\\/uploads\\\/2023\\\/08\\\/\u6b23\u579a03-1.jpg\",\"datePublished\":\"2023-08-02T03:17:54+00:00\",\"dateModified\":\"2023-11-14T13:18:26+00:00\",\"breadcrumb\":{\"@id\":\"https:\\\/\\\/synthetichairwig.com\\\/product\\\/pixie-blonde-wigs-for-women-blonde-brown-pixie-cut-wig\\\/#breadcrumb\"},\"inLanguage\":\"es\",\"potentialAction\":[{\"@type\":\"ReadAction\",\"target\":[\"https:\\\/\\\/synthetichairwig.com\\\/product\\\/pixie-blonde-wigs-for-women-blonde-brown-pixie-cut-wig\\\/\"]}]},{\"@type\":\"ImageObject\",\"inLanguage\":\"es\",\"@id\":\"https:\\\/\\\/synthetichairwig.com\\\/product\\\/pixie-blonde-wigs-for-women-blonde-brown-pixie-cut-wig\\\/#primaryimage\",\"url\":\"https:\\\/\\\/synthetichairwig.com\\\/wp-content\\\/uploads\\\/2023\\\/08\\\/\u6b23\u579a03-1.jpg\",\"contentUrl\":\"https:\\\/\\\/synthetichairwig.com\\\/wp-content\\\/uploads\\\/2023\\\/08\\\/\u6b23\u579a03-1.jpg\",\"width\":1200,\"height\":1200},{\"@type\":\"BreadcrumbList\",\"@id\":\"https:\\\/\\\/synthetichairwig.com\\\/product\\\/pixie-blonde-wigs-for-women-blonde-brown-pixie-cut-wig\\\/#breadcrumb\",\"itemListElement\":[{\"@type\":\"ListItem\",\"position\":1,\"name\":\"Home\",\"item\":\"https:\\\/\\\/synthetichairwig.com\\\/\"},{\"@type\":\"ListItem\",\"position\":2,\"name\":\"LandMark Hair Shop\",\"item\":\"https:\\\/\\\/synthetichairwig.com\\\/landmark-hair-shop\\\/\"},{\"@type\":\"ListItem\",\"position\":3,\"name\":\"Pixie Blonde Wigs for Women Blonde Brown Pixie Cut Wig\"}]},{\"@type\":\"WebSite\",\"@id\":\"https:\\\/\\\/synthetichairwig.com\\\/#website\",\"url\":\"https:\\\/\\\/synthetichairwig.com\\\/\",\"name\":\"landmark\",\"description\":\"My WordPress Blog\",\"publisher\":{\"@id\":\"https:\\\/\\\/synthetichairwig.com\\\/#organization\"},\"potentialAction\":[{\"@type\":\"SearchAction\",\"target\":{\"@type\":\"EntryPoint\",\"urlTemplate\":\"https:\\\/\\\/synthetichairwig.com\\\/?s={search_term_string}\"},\"query-input\":{\"@type\":\"PropertyValueSpecification\",\"valueRequired\":true,\"valueName\":\"search_term_string\"}}],\"inLanguage\":\"es\"},{\"@type\":\"Organization\",\"@id\":\"https:\\\/\\\/synthetichairwig.com\\\/#organization\",\"name\":\"landmark\",\"url\":\"https:\\\/\\\/synthetichairwig.com\\\/\",\"logo\":{\"@type\":\"ImageObject\",\"inLanguage\":\"es\",\"@id\":\"https:\\\/\\\/synthetichairwig.com\\\/#\\\/schema\\\/logo\\\/image\\\/\",\"url\":\"https:\\\/\\\/synthetichairwig.com\\\/wp-content\\\/uploads\\\/2023\\\/06\\\/cropped-logo3.png\",\"contentUrl\":\"https:\\\/\\\/synthetichairwig.com\\\/wp-content\\\/uploads\\\/2023\\\/06\\\/cropped-logo3.png\",\"width\":1704,\"height\":768,\"caption\":\"landmark\"},\"image\":{\"@id\":\"https:\\\/\\\/synthetichairwig.com\\\/#\\\/schema\\\/logo\\\/image\\\/\"}}]}<\/script>\n<!-- \/ Yoast SEO Premium plugin. -->","yoast_head_json":{"title":"Pixie Blonde Wigs for Women Blonde Brown Pixie Cut Wig - landmark","robots":{"index":"index","follow":"follow","max-snippet":"max-snippet:-1","max-image-preview":"max-image-preview:large","max-video-preview":"max-video-preview:-1"},"canonical":"https:\/\/synthetichairwig.com\/es\/producto\/pelucas-rubias-pixie-para-mujer-peluca-rubia-marron-corte-pixie\/","og_locale":"es_MX","og_type":"article","og_title":"Pixie Blonde Wigs for Women Blonde Brown Pixie Cut Wig","og_description":"Package includes: wig x 1 + separate hairnet x 1 &nbsp; \u2b50\u2b50 Material: Wig is made of excellent synthetic hair with soft texture, skin friendly and comfortable. Wear natural looking real hair. &nbsp; \u2b50 Features: high temperature fiber wig, can be ironed, not dyed. It can withstand temperatures of 150 degrees Celsius (300 degrees Fahrenheit) [&hellip;]","og_url":"https:\/\/synthetichairwig.com\/es\/producto\/pelucas-rubias-pixie-para-mujer-peluca-rubia-marron-corte-pixie\/","og_site_name":"landmark","article_modified_time":"2023-11-14T13:18:26+00:00","og_image":[{"width":1200,"height":1200,"url":"https:\/\/synthetichairwig.com\/wp-content\/uploads\/2023\/08\/\u6b23\u579a03-1.jpg","type":"image\/jpeg"}],"twitter_card":"summary_large_image","twitter_misc":{"Tiempo de lectura":"1 minuto"},"schema":{"@context":"https:\/\/schema.org","@graph":[{"@type":"WebPage","@id":"https:\/\/synthetichairwig.com\/product\/pixie-blonde-wigs-for-women-blonde-brown-pixie-cut-wig\/","url":"https:\/\/synthetichairwig.com\/product\/pixie-blonde-wigs-for-women-blonde-brown-pixie-cut-wig\/","name":"Pixie Blonde Wigs for Women Blonde Brown Pixie Cut Wig - landmark","isPartOf":{"@id":"https:\/\/synthetichairwig.com\/#website"},"primaryImageOfPage":{"@id":"https:\/\/synthetichairwig.com\/product\/pixie-blonde-wigs-for-women-blonde-brown-pixie-cut-wig\/#primaryimage"},"image":{"@id":"https:\/\/synthetichairwig.com\/product\/pixie-blonde-wigs-for-women-blonde-brown-pixie-cut-wig\/#primaryimage"},"thumbnailUrl":"https:\/\/synthetichairwig.com\/wp-content\/uploads\/2023\/08\/\u6b23\u579a03-1.jpg","datePublished":"2023-08-02T03:17:54+00:00","dateModified":"2023-11-14T13:18:26+00:00","breadcrumb":{"@id":"https:\/\/synthetichairwig.com\/product\/pixie-blonde-wigs-for-women-blonde-brown-pixie-cut-wig\/#breadcrumb"},"inLanguage":"es","potentialAction":[{"@type":"ReadAction","target":["https:\/\/synthetichairwig.com\/product\/pixie-blonde-wigs-for-women-blonde-brown-pixie-cut-wig\/"]}]},{"@type":"ImageObject","inLanguage":"es","@id":"https:\/\/synthetichairwig.com\/product\/pixie-blonde-wigs-for-women-blonde-brown-pixie-cut-wig\/#primaryimage","url":"https:\/\/synthetichairwig.com\/wp-content\/uploads\/2023\/08\/\u6b23\u579a03-1.jpg","contentUrl":"https:\/\/synthetichairwig.com\/wp-content\/uploads\/2023\/08\/\u6b23\u579a03-1.jpg","width":1200,"height":1200},{"@type":"BreadcrumbList","@id":"https:\/\/synthetichairwig.com\/product\/pixie-blonde-wigs-for-women-blonde-brown-pixie-cut-wig\/#breadcrumb","itemListElement":[{"@type":"ListItem","position":1,"name":"Home","item":"https:\/\/synthetichairwig.com\/"},{"@type":"ListItem","position":2,"name":"LandMark Hair Shop","item":"https:\/\/synthetichairwig.com\/landmark-hair-shop\/"},{"@type":"ListItem","position":3,"name":"Pixie Blonde Wigs for Women Blonde Brown Pixie Cut Wig"}]},{"@type":"WebSite","@id":"https:\/\/synthetichairwig.com\/#website","url":"https:\/\/synthetichairwig.com\/","name":"landmark","description":"My WordPress Blog","publisher":{"@id":"https:\/\/synthetichairwig.com\/#organization"},"potentialAction":[{"@type":"SearchAction","target":{"@type":"EntryPoint","urlTemplate":"https:\/\/synthetichairwig.com\/?s={search_term_string}"},"query-input":{"@type":"PropertyValueSpecification","valueRequired":true,"valueName":"search_term_string"}}],"inLanguage":"es"},{"@type":"Organization","@id":"https:\/\/synthetichairwig.com\/#organization","name":"landmark","url":"https:\/\/synthetichairwig.com\/","logo":{"@type":"ImageObject","inLanguage":"es","@id":"https:\/\/synthetichairwig.com\/#\/schema\/logo\/image\/","url":"https:\/\/synthetichairwig.com\/wp-content\/uploads\/2023\/06\/cropped-logo3.png","contentUrl":"https:\/\/synthetichairwig.com\/wp-content\/uploads\/2023\/06\/cropped-logo3.png","width":1704,"height":768,"caption":"landmark"},"image":{"@id":"https:\/\/synthetichairwig.com\/#\/schema\/logo\/image\/"}}]}},"_links":{"self":[{"href":"https:\/\/synthetichairwig.com\/es\/wp-json\/wp\/v2\/product\/4621","targetHints":{"allow":["GET"]}}],"collection":[{"href":"https:\/\/synthetichairwig.com\/es\/wp-json\/wp\/v2\/product"}],"about":[{"href":"https:\/\/synthetichairwig.com\/es\/wp-json\/wp\/v2\/types\/product"}],"replies":[{"embeddable":true,"href":"https:\/\/synthetichairwig.com\/es\/wp-json\/wp\/v2\/comments?post=4621"}],"wp:featuredmedia":[{"embeddable":true,"href":"https:\/\/synthetichairwig.com\/es\/wp-json\/wp\/v2\/media\/4624"}],"wp:attachment":[{"href":"https:\/\/synthetichairwig.com\/es\/wp-json\/wp\/v2\/media?parent=4621"}],"wp:term":[{"taxonomy":"product_brand","embeddable":true,"href":"https:\/\/synthetichairwig.com\/es\/wp-json\/wp\/v2\/product_brand?post=4621"},{"taxonomy":"product_cat","embeddable":true,"href":"https:\/\/synthetichairwig.com\/es\/wp-json\/wp\/v2\/product_cat?post=4621"},{"taxonomy":"product_tag","embeddable":true,"href":"https:\/\/synthetichairwig.com\/es\/wp-json\/wp\/v2\/product_tag?post=4621"}],"curies":[{"name":"wp","href":"https:\/\/api.w.org\/{rel}","templated":true}]}}