{"id":4907,"date":"2023-09-02T09:12:22","date_gmt":"2023-09-02T09:12:22","guid":{"rendered":"https:\/\/synthetichairwig.com\/?post_type=product&#038;p=4907"},"modified":"2024-05-29T22:37:06","modified_gmt":"2024-05-29T22:37:06","slug":"folded-winter-custom-logo-solid-color-visor-beanie-running-brimmed-knit-ski-cap","status":"publish","type":"product","link":"https:\/\/synthetichairwig.com\/es\/product\/folded-winter-custom-logo-solid-color-visor-beanie-running-brimmed-knit-ski-cap\/","title":{"rendered":"Gorro con visera de invierno doblado Gorro de esqu\u00ed de punto con ala para correr"},"content":{"rendered":"<p>Disfruta de tus aventuras en la nieve y el hielo, con un suave terciopelo ant\u00e1rtico, suave y c\u00f3modo. Tres opciones de uso, ideales para diversas combinaciones. El\u00e1stico en los cuatro lados, ajustado al contorno de la cabeza, suave al tacto. Con las gafas, el casco es a\u00fan m\u00e1s moderno, se ajusta a la cabeza y permite tomar fotos geniales. Antiest\u00e1tico y antibolitas, dile adi\u00f3s al fr\u00edo invernal y disfruta de la comodidad.<\/p>\n<p><img fetchpriority=\"high\" decoding=\"async\" class=\"alignnone size-full wp-image-4909\" src=\"https:\/\/synthetichairwig.com\/wp-content\/uploads\/2023\/09\/006-1.jpg\" alt=\"\" width=\"773\" height=\"652\" srcset=\"https:\/\/synthetichairwig.com\/wp-content\/uploads\/2023\/09\/006-1.jpg 773w, https:\/\/synthetichairwig.com\/wp-content\/uploads\/2023\/09\/006-1-300x253.jpg 300w, https:\/\/synthetichairwig.com\/wp-content\/uploads\/2023\/09\/006-1-768x648.jpg 768w, https:\/\/synthetichairwig.com\/wp-content\/uploads\/2023\/09\/006-1-600x506.jpg 600w\" sizes=\"(max-width: 773px) 100vw, 773px\" \/> <img decoding=\"async\" class=\"alignnone size-full wp-image-4910\" src=\"https:\/\/synthetichairwig.com\/wp-content\/uploads\/2023\/09\/006-2.jpg\" alt=\"\" width=\"782\" height=\"625\" srcset=\"https:\/\/synthetichairwig.com\/wp-content\/uploads\/2023\/09\/006-2.jpg 782w, https:\/\/synthetichairwig.com\/wp-content\/uploads\/2023\/09\/006-2-300x240.jpg 300w, https:\/\/synthetichairwig.com\/wp-content\/uploads\/2023\/09\/006-2-768x614.jpg 768w, https:\/\/synthetichairwig.com\/wp-content\/uploads\/2023\/09\/006-2-600x480.jpg 600w\" sizes=\"(max-width: 782px) 100vw, 782px\" \/> <img decoding=\"async\" class=\"alignnone size-full wp-image-4911\" src=\"https:\/\/synthetichairwig.com\/wp-content\/uploads\/2023\/09\/006-3.jpg\" alt=\"\" width=\"800\" height=\"800\" srcset=\"https:\/\/synthetichairwig.com\/wp-content\/uploads\/2023\/09\/006-3.jpg 800w, https:\/\/synthetichairwig.com\/wp-content\/uploads\/2023\/09\/006-3-300x300.jpg 300w, https:\/\/synthetichairwig.com\/wp-content\/uploads\/2023\/09\/006-3-150x150.jpg 150w, https:\/\/synthetichairwig.com\/wp-content\/uploads\/2023\/09\/006-3-768x768.jpg 768w, https:\/\/synthetichairwig.com\/wp-content\/uploads\/2023\/09\/006-3-600x600.jpg 600w, https:\/\/synthetichairwig.com\/wp-content\/uploads\/2023\/09\/006-3-100x100.jpg 100w\" sizes=\"(max-width: 800px) 100vw, 800px\" \/> <img loading=\"lazy\" decoding=\"async\" class=\"alignnone size-full wp-image-4912\" src=\"https:\/\/synthetichairwig.com\/wp-content\/uploads\/2023\/09\/\u5927\u56fe006-1-1.jpg\" alt=\"\" width=\"790\" height=\"1029\" srcset=\"https:\/\/synthetichairwig.com\/wp-content\/uploads\/2023\/09\/\u5927\u56fe006-1-1.jpg 790w, https:\/\/synthetichairwig.com\/wp-content\/uploads\/2023\/09\/\u5927\u56fe006-1-1-230x300.jpg 230w, https:\/\/synthetichairwig.com\/wp-content\/uploads\/2023\/09\/\u5927\u56fe006-1-1-786x1024.jpg 786w, https:\/\/synthetichairwig.com\/wp-content\/uploads\/2023\/09\/\u5927\u56fe006-1-1-768x1000.jpg 768w, https:\/\/synthetichairwig.com\/wp-content\/uploads\/2023\/09\/\u5927\u56fe006-1-1-600x782.jpg 600w\" sizes=\"(max-width: 790px) 100vw, 790px\" \/> <img loading=\"lazy\" decoding=\"async\" class=\"alignnone size-full wp-image-4913\" src=\"https:\/\/synthetichairwig.com\/wp-content\/uploads\/2023\/09\/\u5927\u56fe006-2-1.jpg\" alt=\"\" width=\"790\" height=\"1178\" srcset=\"https:\/\/synthetichairwig.com\/wp-content\/uploads\/2023\/09\/\u5927\u56fe006-2-1.jpg 790w, https:\/\/synthetichairwig.com\/wp-content\/uploads\/2023\/09\/\u5927\u56fe006-2-1-201x300.jpg 201w, https:\/\/synthetichairwig.com\/wp-content\/uploads\/2023\/09\/\u5927\u56fe006-2-1-687x1024.jpg 687w, https:\/\/synthetichairwig.com\/wp-content\/uploads\/2023\/09\/\u5927\u56fe006-2-1-768x1145.jpg 768w, https:\/\/synthetichairwig.com\/wp-content\/uploads\/2023\/09\/\u5927\u56fe006-2-1-600x895.jpg 600w\" sizes=\"(max-width: 790px) 100vw, 790px\" \/><\/p>\n<div id=\"footable_parent_4906\"\n         class=\"footable_parent ninja_table_wrapper loading_ninja_table wp_table_data_press_parent semantic_ui\">\n                <table data-ninja_table_instance=\"ninja_table_instance_0\" data-footable_id=\"4906\" data-filter-delay=\"1000\" aria-label=\"\u5e3d\u5b50 \u5de5\u4f5c\u8868.csv\"            id=\"footable_4906\"\n           data-unique_identifier=\"ninja_table_unique_id_954433586_4906\"\n           class=\"foo-table ninja_footable foo_table_4906 ninja_table_unique_id_954433586_4906 ui table  nt_type_legacy_table selectable striped vertical_centered  footable-paging-right ninja_table_pro\">\n                <colgroup>\n                            <col class=\"ninja_column_0\">\n                            <col class=\"ninja_column_1\">\n                    <\/colgroup>\n        <thead>\n<tr class=\"footable-header\">\n                                        <th scope=\"col\"  class=\"ninja_column_0 ninja_clmn_nm_printingmethods\">M\u00e9todos de impresi\u00f3n<\/th><th scope=\"col\"  class=\"ninja_column_1 ninja_clmn_nm_digitalprinting\">Impresi\u00f3n digital<\/th><\/tr>\n<\/thead>\n<tbody>\n\n        <tr data-row_id=\"1434\" class=\"ninja_table_row_0 nt_row_id_1434\">\n            <td>T\u00e9cnica<\/td><td>Bordado 3D<\/td>        <\/tr>\n            <tr data-row_id=\"1435\" class=\"ninja_table_row_1 nt_row_id_1435\">\n            <td>Tipo de patr\u00f3n<\/td><td>No<\/td>        <\/tr>\n            <tr data-row_id=\"1436\" class=\"ninja_table_row_2 nt_row_id_1436\">\n            <td>Escena aplicable<\/td><td>A diario<\/td>        <\/tr>\n            <tr data-row_id=\"1437\" class=\"ninja_table_row_3 nt_row_id_1437\">\n            <td>Estilo<\/td><td>Moda<\/td>        <\/tr>\n            <tr data-row_id=\"1438\" class=\"ninja_table_row_4 nt_row_id_1438\">\n            <td>Temporada aplicable<\/td><td>Cuatro estaciones<\/td>        <\/tr>\n            <tr data-row_id=\"1439\" class=\"ninja_table_row_5 nt_row_id_1439\">\n            <td>Grupo de edad<\/td><td>Adultos<\/td>        <\/tr>\n            <tr data-row_id=\"1440\" class=\"ninja_table_row_6 nt_row_id_1440\">\n            <td>Material<\/td><td>Otro<\/td>        <\/tr>\n            <tr data-row_id=\"1441\" class=\"ninja_table_row_7 nt_row_id_1441\">\n            <td>Tama\u00f1o<\/td><td>Adultos<\/td>        <\/tr>\n            <tr data-row_id=\"1442\" class=\"ninja_table_row_8 nt_row_id_1442\">\n            <td>Lugar de origen<\/td><td>Porcelana<\/td>        <\/tr>\n            <tr data-row_id=\"1443\" class=\"ninja_table_row_9 nt_row_id_1443\">\n            <td>Nombre de la marca<\/td><td>punto de referencia<\/td>        <\/tr>\n            <tr data-row_id=\"1444\" class=\"ninja_table_row_10 nt_row_id_1444\">\n            <td>N\u00famero de modelo<\/td><td>DMZ94<\/td>        <\/tr>\n            <tr data-row_id=\"1445\" class=\"ninja_table_row_11 nt_row_id_1445\">\n            <td>Material<\/td><td>Tejido c\u00e1lido<\/td>        <\/tr>\n            <tr data-row_id=\"1446\" class=\"ninja_table_row_12 nt_row_id_1446\">\n            <td>Color<\/td><td>Tiene 4 colores<\/td>        <\/tr>\n            <tr data-row_id=\"1447\" class=\"ninja_table_row_13 nt_row_id_1447\">\n            <td>Patr\u00f3n<\/td><td>Color s\u00f3lido<\/td>        <\/tr>\n            <tr data-row_id=\"1448\" class=\"ninja_table_row_14 nt_row_id_1448\">\n            <td>Nombre del producto<\/td><td>Sombreros de invierno baratos de moda<\/td>        <\/tr>\n            <tr data-row_id=\"1449\" class=\"ninja_table_row_15 nt_row_id_1449\">\n            <td>Estaci\u00f3n<\/td><td>Oto\u00f1o invierno<\/td>        <\/tr>\n            <tr data-row_id=\"1450\" class=\"ninja_table_row_16 nt_row_id_1450\">\n            <td>Funci\u00f3n<\/td><td>Mant\u00e9ngase abrigado, a prueba de viento y agua.<\/td>        <\/tr>\n            <tr data-row_id=\"1451\" class=\"ninja_table_row_17 nt_row_id_1451\">\n            <td>Caracter\u00edstica<\/td><td>Ligero<\/td>        <\/tr>\n    <\/tbody><!--ninja_tobody_rendering_done-->\n    <\/table>\n                    <style type=\"text\/css\" id='ninja_table_custom_css_4906'>\n                        #footable_4906  {\n    font-family: inherit;\n    font-size: 14px;\n    }\n\n    \n                <\/style>\n                \n    \n    \n<\/div>","protected":false},"excerpt":{"rendered":"<p>Snow and ice journey, enjoy the ski trip, soft Antarctic velvet, soft and comfortable. Three ways to wear, suitable for a variety of ways to match. Four sides high elastic, close to the contours of the head, feel smooth. With the goggles, the helmet is even more, trend-setting, fits the head, and takes cool photos. [&hellip;]<\/p>","protected":false},"featured_media":5433,"comment_status":"open","ping_status":"closed","template":"","meta":{"site-sidebar-layout":"default","site-content-layout":"default","ast-site-content-layout":"","site-content-style":"default","site-sidebar-style":"default","ast-global-header-display":"","ast-banner-title-visibility":"","ast-main-header-display":"","ast-hfb-above-header-display":"","ast-hfb-below-header-display":"","ast-hfb-mobile-header-display":"","site-post-title":"","ast-breadcrumbs-content":"","ast-featured-img":"","footer-sml-layout":"","theme-transparent-header-meta":"default","adv-header-id-meta":"","stick-header-meta":"","header-above-stick-meta":"","header-main-stick-meta":"","header-below-stick-meta":"","astra-migrate-meta-layouts":"default","ast-page-background-enabled":"default","ast-page-background-meta":{"desktop":{"background-color":"var(--ast-global-color-4)","background-image":"","background-repeat":"repeat","background-position":"center center","background-size":"auto","background-attachment":"scroll","background-type":"","background-media":"","overlay-type":"","overlay-color":"","overlay-opacity":"","overlay-gradient":""},"tablet":{"background-color":"","background-image":"","background-repeat":"repeat","background-position":"center center","background-size":"auto","background-attachment":"scroll","background-type":"","background-media":"","overlay-type":"","overlay-color":"","overlay-opacity":"","overlay-gradient":""},"mobile":{"background-color":"","background-image":"","background-repeat":"repeat","background-position":"center center","background-size":"auto","background-attachment":"scroll","background-type":"","background-media":"","overlay-type":"","overlay-color":"","overlay-opacity":"","overlay-gradient":""}},"ast-content-background-meta":{"desktop":{"background-color":"var(--ast-global-color-5)","background-image":"","background-repeat":"repeat","background-position":"center center","background-size":"auto","background-attachment":"scroll","background-type":"","background-media":"","overlay-type":"","overlay-color":"","overlay-opacity":"","overlay-gradient":""},"tablet":{"background-color":"var(--ast-global-color-5)","background-image":"","background-repeat":"repeat","background-position":"center center","background-size":"auto","background-attachment":"scroll","background-type":"","background-media":"","overlay-type":"","overlay-color":"","overlay-opacity":"","overlay-gradient":""},"mobile":{"background-color":"var(--ast-global-color-5)","background-image":"","background-repeat":"repeat","background-position":"center center","background-size":"auto","background-attachment":"scroll","background-type":"","background-media":"","overlay-type":"","overlay-color":"","overlay-opacity":"","overlay-gradient":""}},"jetpack_publicize_message":"","jetpack_is_tweetstorm":false,"jetpack_publicize_feature_enabled":true,"jetpack_social_post_already_shared":false,"jetpack_social_options":{"image_generator_settings":{"template":"highway","enabled":false}}},"product_brand":[],"product_cat":[34,53],"product_tag":[],"class_list":{"0":"post-4907","1":"product","2":"type-product","3":"status-publish","4":"has-post-thumbnail","6":"product_cat-cap","7":"product_cat-winter-hat","8":"desktop-align-left","9":"tablet-align-left","10":"mobile-align-left","12":"first","13":"instock","14":"sale","15":"shipping-taxable","16":"purchasable","17":"product-type-variable"},"jetpack_publicize_connections":[],"yoast_head":"<!-- This site is optimized with the Yoast SEO Premium plugin v20.7 (Yoast SEO v27.3) - https:\/\/yoast.com\/product\/yoast-seo-premium-wordpress\/ -->\n<title>Folded Winter Visor Beanie Running Brimmed Knit Ski Cap - landmark<\/title>\n<meta name=\"robots\" content=\"index, follow, max-snippet:-1, max-image-preview:large, max-video-preview:-1\" \/>\n<link rel=\"canonical\" href=\"https:\/\/synthetichairwig.com\/es\/producto\/folded-winter-custom-logo-solid-color-visor-beanie-running-brimmed-knit-ski-cap\/\" \/>\n<meta property=\"og:locale\" content=\"es_MX\" \/>\n<meta property=\"og:type\" content=\"article\" \/>\n<meta property=\"og:title\" content=\"Folded Winter Visor Beanie Running Brimmed Knit Ski Cap\" \/>\n<meta property=\"og:description\" content=\"Snow and ice journey, enjoy the ski trip, soft Antarctic velvet, soft and comfortable. Three ways to wear, suitable for a variety of ways to match. Four sides high elastic, close to the contours of the head, feel smooth. With the goggles, the helmet is even more, trend-setting, fits the head, and takes cool photos. [&hellip;]\" \/>\n<meta property=\"og:url\" content=\"https:\/\/synthetichairwig.com\/es\/producto\/folded-winter-custom-logo-solid-color-visor-beanie-running-brimmed-knit-ski-cap\/\" \/>\n<meta property=\"og:site_name\" content=\"landmark\" \/>\n<meta property=\"article:modified_time\" content=\"2024-05-29T22:37:06+00:00\" \/>\n<meta property=\"og:image\" content=\"https:\/\/synthetichairwig.com\/wp-content\/uploads\/2023\/09\/006-1-1.jpg\" \/>\n\t<meta property=\"og:image:width\" content=\"600\" \/>\n\t<meta property=\"og:image:height\" content=\"600\" \/>\n\t<meta property=\"og:image:type\" content=\"image\/jpeg\" \/>\n<meta name=\"twitter:card\" content=\"summary_large_image\" \/>\n<meta name=\"twitter:label1\" content=\"Tiempo de lectura\" \/>\n\t<meta name=\"twitter:data1\" content=\"2 minutos\" \/>\n<script type=\"application\/ld+json\" class=\"yoast-schema-graph\">{\"@context\":\"https:\\\/\\\/schema.org\",\"@graph\":[{\"@type\":\"WebPage\",\"@id\":\"https:\\\/\\\/synthetichairwig.com\\\/product\\\/folded-winter-custom-logo-solid-color-visor-beanie-running-brimmed-knit-ski-cap\\\/\",\"url\":\"https:\\\/\\\/synthetichairwig.com\\\/product\\\/folded-winter-custom-logo-solid-color-visor-beanie-running-brimmed-knit-ski-cap\\\/\",\"name\":\"Folded Winter Visor Beanie Running Brimmed Knit Ski Cap - landmark\",\"isPartOf\":{\"@id\":\"https:\\\/\\\/synthetichairwig.com\\\/#website\"},\"primaryImageOfPage\":{\"@id\":\"https:\\\/\\\/synthetichairwig.com\\\/product\\\/folded-winter-custom-logo-solid-color-visor-beanie-running-brimmed-knit-ski-cap\\\/#primaryimage\"},\"image\":{\"@id\":\"https:\\\/\\\/synthetichairwig.com\\\/product\\\/folded-winter-custom-logo-solid-color-visor-beanie-running-brimmed-knit-ski-cap\\\/#primaryimage\"},\"thumbnailUrl\":\"https:\\\/\\\/synthetichairwig.com\\\/wp-content\\\/uploads\\\/2023\\\/09\\\/006-1-1.jpg\",\"datePublished\":\"2023-09-02T09:12:22+00:00\",\"dateModified\":\"2024-05-29T22:37:06+00:00\",\"breadcrumb\":{\"@id\":\"https:\\\/\\\/synthetichairwig.com\\\/product\\\/folded-winter-custom-logo-solid-color-visor-beanie-running-brimmed-knit-ski-cap\\\/#breadcrumb\"},\"inLanguage\":\"es\",\"potentialAction\":[{\"@type\":\"ReadAction\",\"target\":[\"https:\\\/\\\/synthetichairwig.com\\\/product\\\/folded-winter-custom-logo-solid-color-visor-beanie-running-brimmed-knit-ski-cap\\\/\"]}]},{\"@type\":\"ImageObject\",\"inLanguage\":\"es\",\"@id\":\"https:\\\/\\\/synthetichairwig.com\\\/product\\\/folded-winter-custom-logo-solid-color-visor-beanie-running-brimmed-knit-ski-cap\\\/#primaryimage\",\"url\":\"https:\\\/\\\/synthetichairwig.com\\\/wp-content\\\/uploads\\\/2023\\\/09\\\/006-1-1.jpg\",\"contentUrl\":\"https:\\\/\\\/synthetichairwig.com\\\/wp-content\\\/uploads\\\/2023\\\/09\\\/006-1-1.jpg\",\"width\":600,\"height\":600},{\"@type\":\"BreadcrumbList\",\"@id\":\"https:\\\/\\\/synthetichairwig.com\\\/product\\\/folded-winter-custom-logo-solid-color-visor-beanie-running-brimmed-knit-ski-cap\\\/#breadcrumb\",\"itemListElement\":[{\"@type\":\"ListItem\",\"position\":1,\"name\":\"Home\",\"item\":\"https:\\\/\\\/synthetichairwig.com\\\/\"},{\"@type\":\"ListItem\",\"position\":2,\"name\":\"LandMark Hair Shop\",\"item\":\"https:\\\/\\\/synthetichairwig.com\\\/landmark-hair-shop\\\/\"},{\"@type\":\"ListItem\",\"position\":3,\"name\":\"Folded Winter Visor Beanie Running Brimmed Knit Ski Cap\"}]},{\"@type\":\"WebSite\",\"@id\":\"https:\\\/\\\/synthetichairwig.com\\\/#website\",\"url\":\"https:\\\/\\\/synthetichairwig.com\\\/\",\"name\":\"landmark\",\"description\":\"My WordPress Blog\",\"publisher\":{\"@id\":\"https:\\\/\\\/synthetichairwig.com\\\/#organization\"},\"potentialAction\":[{\"@type\":\"SearchAction\",\"target\":{\"@type\":\"EntryPoint\",\"urlTemplate\":\"https:\\\/\\\/synthetichairwig.com\\\/?s={search_term_string}\"},\"query-input\":{\"@type\":\"PropertyValueSpecification\",\"valueRequired\":true,\"valueName\":\"search_term_string\"}}],\"inLanguage\":\"es\"},{\"@type\":\"Organization\",\"@id\":\"https:\\\/\\\/synthetichairwig.com\\\/#organization\",\"name\":\"landmark\",\"url\":\"https:\\\/\\\/synthetichairwig.com\\\/\",\"logo\":{\"@type\":\"ImageObject\",\"inLanguage\":\"es\",\"@id\":\"https:\\\/\\\/synthetichairwig.com\\\/#\\\/schema\\\/logo\\\/image\\\/\",\"url\":\"https:\\\/\\\/synthetichairwig.com\\\/wp-content\\\/uploads\\\/2023\\\/06\\\/cropped-logo3.png\",\"contentUrl\":\"https:\\\/\\\/synthetichairwig.com\\\/wp-content\\\/uploads\\\/2023\\\/06\\\/cropped-logo3.png\",\"width\":1704,\"height\":768,\"caption\":\"landmark\"},\"image\":{\"@id\":\"https:\\\/\\\/synthetichairwig.com\\\/#\\\/schema\\\/logo\\\/image\\\/\"}}]}<\/script>\n<!-- \/ Yoast SEO Premium plugin. -->","yoast_head_json":{"title":"Folded Winter Visor Beanie Running Brimmed Knit Ski Cap - landmark","robots":{"index":"index","follow":"follow","max-snippet":"max-snippet:-1","max-image-preview":"max-image-preview:large","max-video-preview":"max-video-preview:-1"},"canonical":"https:\/\/synthetichairwig.com\/es\/producto\/folded-winter-custom-logo-solid-color-visor-beanie-running-brimmed-knit-ski-cap\/","og_locale":"es_MX","og_type":"article","og_title":"Folded Winter Visor Beanie Running Brimmed Knit Ski Cap","og_description":"Snow and ice journey, enjoy the ski trip, soft Antarctic velvet, soft and comfortable. Three ways to wear, suitable for a variety of ways to match. Four sides high elastic, close to the contours of the head, feel smooth. With the goggles, the helmet is even more, trend-setting, fits the head, and takes cool photos. [&hellip;]","og_url":"https:\/\/synthetichairwig.com\/es\/producto\/folded-winter-custom-logo-solid-color-visor-beanie-running-brimmed-knit-ski-cap\/","og_site_name":"landmark","article_modified_time":"2024-05-29T22:37:06+00:00","og_image":[{"width":600,"height":600,"url":"https:\/\/synthetichairwig.com\/wp-content\/uploads\/2023\/09\/006-1-1.jpg","type":"image\/jpeg"}],"twitter_card":"summary_large_image","twitter_misc":{"Tiempo de lectura":"2 minutos"},"schema":{"@context":"https:\/\/schema.org","@graph":[{"@type":"WebPage","@id":"https:\/\/synthetichairwig.com\/product\/folded-winter-custom-logo-solid-color-visor-beanie-running-brimmed-knit-ski-cap\/","url":"https:\/\/synthetichairwig.com\/product\/folded-winter-custom-logo-solid-color-visor-beanie-running-brimmed-knit-ski-cap\/","name":"Folded Winter Visor Beanie Running Brimmed Knit Ski Cap - landmark","isPartOf":{"@id":"https:\/\/synthetichairwig.com\/#website"},"primaryImageOfPage":{"@id":"https:\/\/synthetichairwig.com\/product\/folded-winter-custom-logo-solid-color-visor-beanie-running-brimmed-knit-ski-cap\/#primaryimage"},"image":{"@id":"https:\/\/synthetichairwig.com\/product\/folded-winter-custom-logo-solid-color-visor-beanie-running-brimmed-knit-ski-cap\/#primaryimage"},"thumbnailUrl":"https:\/\/synthetichairwig.com\/wp-content\/uploads\/2023\/09\/006-1-1.jpg","datePublished":"2023-09-02T09:12:22+00:00","dateModified":"2024-05-29T22:37:06+00:00","breadcrumb":{"@id":"https:\/\/synthetichairwig.com\/product\/folded-winter-custom-logo-solid-color-visor-beanie-running-brimmed-knit-ski-cap\/#breadcrumb"},"inLanguage":"es","potentialAction":[{"@type":"ReadAction","target":["https:\/\/synthetichairwig.com\/product\/folded-winter-custom-logo-solid-color-visor-beanie-running-brimmed-knit-ski-cap\/"]}]},{"@type":"ImageObject","inLanguage":"es","@id":"https:\/\/synthetichairwig.com\/product\/folded-winter-custom-logo-solid-color-visor-beanie-running-brimmed-knit-ski-cap\/#primaryimage","url":"https:\/\/synthetichairwig.com\/wp-content\/uploads\/2023\/09\/006-1-1.jpg","contentUrl":"https:\/\/synthetichairwig.com\/wp-content\/uploads\/2023\/09\/006-1-1.jpg","width":600,"height":600},{"@type":"BreadcrumbList","@id":"https:\/\/synthetichairwig.com\/product\/folded-winter-custom-logo-solid-color-visor-beanie-running-brimmed-knit-ski-cap\/#breadcrumb","itemListElement":[{"@type":"ListItem","position":1,"name":"Home","item":"https:\/\/synthetichairwig.com\/"},{"@type":"ListItem","position":2,"name":"LandMark Hair Shop","item":"https:\/\/synthetichairwig.com\/landmark-hair-shop\/"},{"@type":"ListItem","position":3,"name":"Folded Winter Visor Beanie Running Brimmed Knit Ski Cap"}]},{"@type":"WebSite","@id":"https:\/\/synthetichairwig.com\/#website","url":"https:\/\/synthetichairwig.com\/","name":"landmark","description":"My WordPress Blog","publisher":{"@id":"https:\/\/synthetichairwig.com\/#organization"},"potentialAction":[{"@type":"SearchAction","target":{"@type":"EntryPoint","urlTemplate":"https:\/\/synthetichairwig.com\/?s={search_term_string}"},"query-input":{"@type":"PropertyValueSpecification","valueRequired":true,"valueName":"search_term_string"}}],"inLanguage":"es"},{"@type":"Organization","@id":"https:\/\/synthetichairwig.com\/#organization","name":"landmark","url":"https:\/\/synthetichairwig.com\/","logo":{"@type":"ImageObject","inLanguage":"es","@id":"https:\/\/synthetichairwig.com\/#\/schema\/logo\/image\/","url":"https:\/\/synthetichairwig.com\/wp-content\/uploads\/2023\/06\/cropped-logo3.png","contentUrl":"https:\/\/synthetichairwig.com\/wp-content\/uploads\/2023\/06\/cropped-logo3.png","width":1704,"height":768,"caption":"landmark"},"image":{"@id":"https:\/\/synthetichairwig.com\/#\/schema\/logo\/image\/"}}]}},"_links":{"self":[{"href":"https:\/\/synthetichairwig.com\/es\/wp-json\/wp\/v2\/product\/4907","targetHints":{"allow":["GET"]}}],"collection":[{"href":"https:\/\/synthetichairwig.com\/es\/wp-json\/wp\/v2\/product"}],"about":[{"href":"https:\/\/synthetichairwig.com\/es\/wp-json\/wp\/v2\/types\/product"}],"replies":[{"embeddable":true,"href":"https:\/\/synthetichairwig.com\/es\/wp-json\/wp\/v2\/comments?post=4907"}],"wp:featuredmedia":[{"embeddable":true,"href":"https:\/\/synthetichairwig.com\/es\/wp-json\/wp\/v2\/media\/5433"}],"wp:attachment":[{"href":"https:\/\/synthetichairwig.com\/es\/wp-json\/wp\/v2\/media?parent=4907"}],"wp:term":[{"taxonomy":"product_brand","embeddable":true,"href":"https:\/\/synthetichairwig.com\/es\/wp-json\/wp\/v2\/product_brand?post=4907"},{"taxonomy":"product_cat","embeddable":true,"href":"https:\/\/synthetichairwig.com\/es\/wp-json\/wp\/v2\/product_cat?post=4907"},{"taxonomy":"product_tag","embeddable":true,"href":"https:\/\/synthetichairwig.com\/es\/wp-json\/wp\/v2\/product_tag?post=4907"}],"curies":[{"name":"wp","href":"https:\/\/api.w.org\/{rel}","templated":true}]}}