{"id":5249,"date":"2023-11-04T13:53:39","date_gmt":"2023-11-04T13:53:39","guid":{"rendered":"https:\/\/synthetichairwig.com\/?post_type=product&#038;p=5249"},"modified":"2023-11-17T12:27:09","modified_gmt":"2023-11-17T12:27:09","slug":"pure-cotton-women-riding-felt-hat-fashionable-wintter-riding-equestrian-style-4-colors-100-cotton-bucket-womens-beige-hat","status":"publish","type":"product","link":"https:\/\/synthetichairwig.com\/es\/product\/pure-cotton-women-riding-felt-hat-fashionable-wintter-riding-equestrian-style-4-colors-100-cotton-bucket-womens-beige-hat\/","title":{"rendered":"Sombrero de fieltro de montar a caballo para mujer de algod\u00f3n puro, sombrero de invierno a la moda"},"content":{"rendered":"<p>\u2b50Siente el invierno, siempre hay uno que te enamora<\/p>\n<p>\u2b50Artesan\u00eda, calienta todo tu estado de \u00e1nimo.<\/p>\n<p>\u2b50Muy amplio y elegante, el dise\u00f1o simple brinda un encanto elegante y crea una cara en V peque\u00f1a tridimensional.<\/p>\n<p>\u2b50Sin absorci\u00f3n de calor, sin sensaci\u00f3n sensual, dise\u00f1o de tapa simple, f\u00e1cil de transportar<\/p>\n<p><img fetchpriority=\"high\" decoding=\"async\" class=\"alignnone size-full wp-image-5259\" src=\"https:\/\/synthetichairwig.com\/wp-content\/uploads\/2023\/11\/\u5927\u56fe001-1.jpg\" alt=\"\" width=\"600\" height=\"600\" srcset=\"https:\/\/synthetichairwig.com\/wp-content\/uploads\/2023\/11\/\u5927\u56fe001-1.jpg 600w, https:\/\/synthetichairwig.com\/wp-content\/uploads\/2023\/11\/\u5927\u56fe001-1-300x300.jpg 300w, https:\/\/synthetichairwig.com\/wp-content\/uploads\/2023\/11\/\u5927\u56fe001-1-150x150.jpg 150w, https:\/\/synthetichairwig.com\/wp-content\/uploads\/2023\/11\/\u5927\u56fe001-1-100x100.jpg 100w\" sizes=\"(max-width: 600px) 100vw, 600px\" \/> <img decoding=\"async\" class=\"alignnone size-full wp-image-5260\" src=\"https:\/\/synthetichairwig.com\/wp-content\/uploads\/2023\/11\/\u5927\u56fe001-2.jpg\" alt=\"\" width=\"600\" height=\"600\" srcset=\"https:\/\/synthetichairwig.com\/wp-content\/uploads\/2023\/11\/\u5927\u56fe001-2.jpg 600w, https:\/\/synthetichairwig.com\/wp-content\/uploads\/2023\/11\/\u5927\u56fe001-2-300x300.jpg 300w, https:\/\/synthetichairwig.com\/wp-content\/uploads\/2023\/11\/\u5927\u56fe001-2-150x150.jpg 150w, https:\/\/synthetichairwig.com\/wp-content\/uploads\/2023\/11\/\u5927\u56fe001-2-100x100.jpg 100w\" sizes=\"(max-width: 600px) 100vw, 600px\" \/><\/p>\n<p><img decoding=\"async\" class=\"alignnone size-full wp-image-5261\" src=\"https:\/\/synthetichairwig.com\/wp-content\/uploads\/2023\/11\/\u5927\u56fe001-3.jpg\" alt=\"\" width=\"600\" height=\"600\" srcset=\"https:\/\/synthetichairwig.com\/wp-content\/uploads\/2023\/11\/\u5927\u56fe001-3.jpg 600w, https:\/\/synthetichairwig.com\/wp-content\/uploads\/2023\/11\/\u5927\u56fe001-3-300x300.jpg 300w, https:\/\/synthetichairwig.com\/wp-content\/uploads\/2023\/11\/\u5927\u56fe001-3-150x150.jpg 150w, https:\/\/synthetichairwig.com\/wp-content\/uploads\/2023\/11\/\u5927\u56fe001-3-100x100.jpg 100w\" sizes=\"(max-width: 600px) 100vw, 600px\" \/><\/p>\n<div id=\"footable_parent_5247\"\n         class=\"footable_parent ninja_table_wrapper loading_ninja_table wp_table_data_press_parent semantic_ui\">\n                <table data-ninja_table_instance=\"ninja_table_instance_0\" data-footable_id=\"5247\" data-filter-delay=\"1000\" aria-label=\"\u5e3d\u5b50 \u5de5\u4f5c\u8868.csv\"            id=\"footable_5247\"\n           data-unique_identifier=\"ninja_table_unique_id_133731058_5247\"\n           class=\"foo-table ninja_footable foo_table_5247 ninja_table_unique_id_133731058_5247 ui table  nt_type_legacy_table selectable striped vertical_centered  footable-paging-right ninja_table_pro\">\n                <colgroup>\n                            <col class=\"ninja_column_0\">\n                            <col class=\"ninja_column_1\">\n                    <\/colgroup>\n        <thead>\n<tr class=\"footable-header\">\n                                        <th scope=\"col\"  class=\"ninja_column_0 ninja_clmn_nm_material\">Material<\/th><th scope=\"col\"  class=\"ninja_column_1 ninja_clmn_nm_1cottonpolyesterlining\">100% Forro de algod\u00f3n + poli\u00e9ster<\/th><\/tr>\n<\/thead>\n<tbody>\n\n        <tr data-row_id=\"1608\" class=\"ninja_table_row_0 nt_row_id_1608\">\n            <td>Estilo<\/td><td>Personaje<\/td>        <\/tr>\n            <tr data-row_id=\"1609\" class=\"ninja_table_row_1 nt_row_id_1609\">\n            <td>Lugar de origen<\/td><td>Porcelana<\/td>        <\/tr>\n            <tr data-row_id=\"1610\" class=\"ninja_table_row_2 nt_row_id_1610\">\n            <td>Temporada aplicable<\/td><td>Invierno<\/td>        <\/tr>\n            <tr data-row_id=\"1611\" class=\"ninja_table_row_3 nt_row_id_1611\">\n            <td>Grupo de edad<\/td><td>Adultos<\/td>        <\/tr>\n            <tr data-row_id=\"1612\" class=\"ninja_table_row_4 nt_row_id_1612\">\n            <td>G\u00e9nero<\/td><td>Unisexo<\/td>        <\/tr>\n            <tr data-row_id=\"1613\" class=\"ninja_table_row_5 nt_row_id_1613\">\n            <td>Nombre de la marca<\/td><td>punto de referencia<\/td>        <\/tr>\n            <tr data-row_id=\"1614\" class=\"ninja_table_row_6 nt_row_id_1614\">\n            <td>N\u00famero de modelo<\/td><td>MY1104<\/td>        <\/tr>\n            <tr data-row_id=\"1615\" class=\"ninja_table_row_7 nt_row_id_1615\">\n            <td>Caracter\u00edstica<\/td><td>sombreros de pescador<\/td>        <\/tr>\n            <tr data-row_id=\"1616\" class=\"ninja_table_row_8 nt_row_id_1616\">\n            <td>Material<\/td><td>100% Algod\u00f3n<\/td>        <\/tr>\n            <tr data-row_id=\"1617\" class=\"ninja_table_row_9 nt_row_id_1617\">\n            <td>Nombre del producto<\/td><td>Gorra de montar de algod\u00f3n puro para mujer<\/td>        <\/tr>\n            <tr data-row_id=\"1618\" class=\"ninja_table_row_10 nt_row_id_1618\">\n            <td>Color<\/td><td>4 colores<\/td>        <\/tr>\n            <tr data-row_id=\"1619\" class=\"ninja_table_row_11 nt_row_id_1619\">\n            <td>Palabra clave<\/td><td>Gorra de montar de algod\u00f3n puro para mujer<\/td>        <\/tr>\n            <tr data-row_id=\"1620\" class=\"ninja_table_row_12 nt_row_id_1620\">\n            <td>Uso<\/td><td>Montar a caballo\/Ropa de diario<\/td>        <\/tr>\n            <tr data-row_id=\"1621\" class=\"ninja_table_row_13 nt_row_id_1621\">\n            <td>Estaci\u00f3n<\/td><td>4 estaciones<\/td>        <\/tr>\n            <tr data-row_id=\"1622\" class=\"ninja_table_row_14 nt_row_id_1622\">\n            <td>Tela<\/td><td>100%ald\u00f3n<\/td>        <\/tr>\n            <tr data-row_id=\"1623\" class=\"ninja_table_row_15 nt_row_id_1623\">\n            <td>Tama\u00f1o<\/td><td>56-60 cm<\/td>        <\/tr>\n    <\/tbody><!--ninja_tobody_rendering_done-->\n    <\/table>\n                    <style type=\"text\/css\" id='ninja_table_custom_css_5247'>\n                        #footable_5247  {\n    font-family: inherit;\n    font-size: 14px;\n    }\n\n    \n                <\/style>\n                \n    \n    \n<\/div>","protected":false},"excerpt":{"rendered":"<p>\u2b50Siente el invierno, siempre hay uno que te enamora \u2b50Artesan\u00eda, calienta todo tu estado de \u00e1nimo \u2b50Muy amplio y elegante, el dise\u00f1o simple brinda un encanto elegante, crea una cara en V peque\u00f1a tridimensional \u2b50Sin absorci\u00f3n de calor, sin sensualidad, dise\u00f1o de gorra simple, f\u00e1cil de llevar<\/p>","protected":false},"featured_media":5251,"comment_status":"open","ping_status":"closed","template":"","meta":{"site-sidebar-layout":"default","site-content-layout":"default","ast-site-content-layout":"","site-content-style":"default","site-sidebar-style":"default","ast-global-header-display":"","ast-banner-title-visibility":"","ast-main-header-display":"","ast-hfb-above-header-display":"","ast-hfb-below-header-display":"","ast-hfb-mobile-header-display":"","site-post-title":"","ast-breadcrumbs-content":"","ast-featured-img":"","footer-sml-layout":"","theme-transparent-header-meta":"default","adv-header-id-meta":"","stick-header-meta":"","header-above-stick-meta":"","header-main-stick-meta":"","header-below-stick-meta":"","astra-migrate-meta-layouts":"default","ast-page-background-enabled":"default","ast-page-background-meta":{"desktop":{"background-color":"var(--ast-global-color-4)","background-image":"","background-repeat":"repeat","background-position":"center center","background-size":"auto","background-attachment":"scroll","background-type":"","background-media":"","overlay-type":"","overlay-color":"","overlay-opacity":"","overlay-gradient":""},"tablet":{"background-color":"","background-image":"","background-repeat":"repeat","background-position":"center center","background-size":"auto","background-attachment":"scroll","background-type":"","background-media":"","overlay-type":"","overlay-color":"","overlay-opacity":"","overlay-gradient":""},"mobile":{"background-color":"","background-image":"","background-repeat":"repeat","background-position":"center center","background-size":"auto","background-attachment":"scroll","background-type":"","background-media":"","overlay-type":"","overlay-color":"","overlay-opacity":"","overlay-gradient":""}},"ast-content-background-meta":{"desktop":{"background-color":"var(--ast-global-color-5)","background-image":"","background-repeat":"repeat","background-position":"center center","background-size":"auto","background-attachment":"scroll","background-type":"","background-media":"","overlay-type":"","overlay-color":"","overlay-opacity":"","overlay-gradient":""},"tablet":{"background-color":"var(--ast-global-color-5)","background-image":"","background-repeat":"repeat","background-position":"center center","background-size":"auto","background-attachment":"scroll","background-type":"","background-media":"","overlay-type":"","overlay-color":"","overlay-opacity":"","overlay-gradient":""},"mobile":{"background-color":"var(--ast-global-color-5)","background-image":"","background-repeat":"repeat","background-position":"center center","background-size":"auto","background-attachment":"scroll","background-type":"","background-media":"","overlay-type":"","overlay-color":"","overlay-opacity":"","overlay-gradient":""}},"jetpack_publicize_message":"","jetpack_is_tweetstorm":false,"jetpack_publicize_feature_enabled":true,"jetpack_social_post_already_shared":false,"jetpack_social_options":{"image_generator_settings":{"template":"highway","enabled":false}}},"product_brand":[],"product_cat":[50,34,81],"product_tag":[],"class_list":{"0":"post-5249","1":"product","2":"type-product","3":"status-publish","4":"has-post-thumbnail","6":"product_cat-bucket-hat","7":"product_cat-cap","8":"product_cat-hats-new-arrivals","9":"desktop-align-left","10":"tablet-align-left","11":"mobile-align-left","13":"first","14":"instock","15":"sale","16":"shipping-taxable","17":"purchasable","18":"product-type-variable"},"jetpack_publicize_connections":[],"yoast_head":"<!-- This site is optimized with the Yoast SEO Premium plugin v20.7 (Yoast SEO v27.6) - https:\/\/yoast.com\/product\/yoast-seo-premium-wordpress\/ -->\n<title>Pure Cotton Women Riding Felt Hat Fashionable Wintter Riding - landmark<\/title>\n<meta name=\"robots\" content=\"index, follow, max-snippet:-1, max-image-preview:large, max-video-preview:-1\" \/>\n<link rel=\"canonical\" href=\"https:\/\/synthetichairwig.com\/es\/producto\/pure-cotton-women-riding-felt-hat-fashionable-wintter-riding-equestrian-style-4-colors-100-cotton-bucket-womens-beige-hat\/\" \/>\n<meta property=\"og:locale\" content=\"es_MX\" \/>\n<meta property=\"og:type\" content=\"article\" \/>\n<meta property=\"og:title\" content=\"Pure Cotton Women Riding Felt Hat Fashionable Wintter Riding\" \/>\n<meta property=\"og:description\" content=\"\u2b50Feel the winter, there is always one that makes you fall in love \u2b50Craftsmanship, warm your whole mood \u2b50Very wide and stylish, simple design gives elegant charm, create three-dimensional small V face \u2b50No heat absorption, no sultry, simple cap design, easy to carry\" \/>\n<meta property=\"og:url\" content=\"https:\/\/synthetichairwig.com\/es\/producto\/pure-cotton-women-riding-felt-hat-fashionable-wintter-riding-equestrian-style-4-colors-100-cotton-bucket-womens-beige-hat\/\" \/>\n<meta property=\"og:site_name\" content=\"landmark\" \/>\n<meta property=\"article:modified_time\" content=\"2023-11-17T12:27:09+00:00\" \/>\n<meta property=\"og:image\" content=\"https:\/\/synthetichairwig.com\/wp-content\/uploads\/2023\/11\/\u94e0\u5609\u5e3d\u4e1a001-2.jpg\" \/>\n\t<meta property=\"og:image:width\" content=\"600\" \/>\n\t<meta property=\"og:image:height\" content=\"600\" \/>\n\t<meta property=\"og:image:type\" content=\"image\/jpeg\" \/>\n<meta name=\"twitter:card\" content=\"summary_large_image\" \/>\n<meta name=\"twitter:label1\" content=\"Tiempo de lectura\" \/>\n\t<meta name=\"twitter:data1\" content=\"1 minuto\" \/>\n<script type=\"application\/ld+json\" class=\"yoast-schema-graph\">{\"@context\":\"https:\\\/\\\/schema.org\",\"@graph\":[{\"@type\":\"WebPage\",\"@id\":\"https:\\\/\\\/synthetichairwig.com\\\/product\\\/pure-cotton-women-riding-felt-hat-fashionable-wintter-riding-equestrian-style-4-colors-100-cotton-bucket-womens-beige-hat\\\/\",\"url\":\"https:\\\/\\\/synthetichairwig.com\\\/product\\\/pure-cotton-women-riding-felt-hat-fashionable-wintter-riding-equestrian-style-4-colors-100-cotton-bucket-womens-beige-hat\\\/\",\"name\":\"Pure Cotton Women Riding Felt Hat Fashionable Wintter Riding - landmark\",\"isPartOf\":{\"@id\":\"https:\\\/\\\/synthetichairwig.com\\\/#website\"},\"primaryImageOfPage\":{\"@id\":\"https:\\\/\\\/synthetichairwig.com\\\/product\\\/pure-cotton-women-riding-felt-hat-fashionable-wintter-riding-equestrian-style-4-colors-100-cotton-bucket-womens-beige-hat\\\/#primaryimage\"},\"image\":{\"@id\":\"https:\\\/\\\/synthetichairwig.com\\\/product\\\/pure-cotton-women-riding-felt-hat-fashionable-wintter-riding-equestrian-style-4-colors-100-cotton-bucket-womens-beige-hat\\\/#primaryimage\"},\"thumbnailUrl\":\"https:\\\/\\\/synthetichairwig.com\\\/wp-content\\\/uploads\\\/2023\\\/11\\\/\u94e0\u5609\u5e3d\u4e1a001-2.jpg\",\"datePublished\":\"2023-11-04T13:53:39+00:00\",\"dateModified\":\"2023-11-17T12:27:09+00:00\",\"breadcrumb\":{\"@id\":\"https:\\\/\\\/synthetichairwig.com\\\/product\\\/pure-cotton-women-riding-felt-hat-fashionable-wintter-riding-equestrian-style-4-colors-100-cotton-bucket-womens-beige-hat\\\/#breadcrumb\"},\"inLanguage\":\"es\",\"potentialAction\":[{\"@type\":\"ReadAction\",\"target\":[\"https:\\\/\\\/synthetichairwig.com\\\/product\\\/pure-cotton-women-riding-felt-hat-fashionable-wintter-riding-equestrian-style-4-colors-100-cotton-bucket-womens-beige-hat\\\/\"]}]},{\"@type\":\"ImageObject\",\"inLanguage\":\"es\",\"@id\":\"https:\\\/\\\/synthetichairwig.com\\\/product\\\/pure-cotton-women-riding-felt-hat-fashionable-wintter-riding-equestrian-style-4-colors-100-cotton-bucket-womens-beige-hat\\\/#primaryimage\",\"url\":\"https:\\\/\\\/synthetichairwig.com\\\/wp-content\\\/uploads\\\/2023\\\/11\\\/\u94e0\u5609\u5e3d\u4e1a001-2.jpg\",\"contentUrl\":\"https:\\\/\\\/synthetichairwig.com\\\/wp-content\\\/uploads\\\/2023\\\/11\\\/\u94e0\u5609\u5e3d\u4e1a001-2.jpg\",\"width\":600,\"height\":600},{\"@type\":\"BreadcrumbList\",\"@id\":\"https:\\\/\\\/synthetichairwig.com\\\/product\\\/pure-cotton-women-riding-felt-hat-fashionable-wintter-riding-equestrian-style-4-colors-100-cotton-bucket-womens-beige-hat\\\/#breadcrumb\",\"itemListElement\":[{\"@type\":\"ListItem\",\"position\":1,\"name\":\"Home\",\"item\":\"https:\\\/\\\/synthetichairwig.com\\\/\"},{\"@type\":\"ListItem\",\"position\":2,\"name\":\"LandMark Hair Shop\",\"item\":\"https:\\\/\\\/synthetichairwig.com\\\/landmark-hair-shop\\\/\"},{\"@type\":\"ListItem\",\"position\":3,\"name\":\"Pure Cotton Women Riding Felt Hat Fashionable Wintter Riding\"}]},{\"@type\":\"WebSite\",\"@id\":\"https:\\\/\\\/synthetichairwig.com\\\/#website\",\"url\":\"https:\\\/\\\/synthetichairwig.com\\\/\",\"name\":\"landmark\",\"description\":\"My WordPress Blog\",\"publisher\":{\"@id\":\"https:\\\/\\\/synthetichairwig.com\\\/#organization\"},\"potentialAction\":[{\"@type\":\"SearchAction\",\"target\":{\"@type\":\"EntryPoint\",\"urlTemplate\":\"https:\\\/\\\/synthetichairwig.com\\\/?s={search_term_string}\"},\"query-input\":{\"@type\":\"PropertyValueSpecification\",\"valueRequired\":true,\"valueName\":\"search_term_string\"}}],\"inLanguage\":\"es\"},{\"@type\":\"Organization\",\"@id\":\"https:\\\/\\\/synthetichairwig.com\\\/#organization\",\"name\":\"landmark\",\"url\":\"https:\\\/\\\/synthetichairwig.com\\\/\",\"logo\":{\"@type\":\"ImageObject\",\"inLanguage\":\"es\",\"@id\":\"https:\\\/\\\/synthetichairwig.com\\\/#\\\/schema\\\/logo\\\/image\\\/\",\"url\":\"https:\\\/\\\/synthetichairwig.com\\\/wp-content\\\/uploads\\\/2023\\\/06\\\/cropped-logo3.png\",\"contentUrl\":\"https:\\\/\\\/synthetichairwig.com\\\/wp-content\\\/uploads\\\/2023\\\/06\\\/cropped-logo3.png\",\"width\":1704,\"height\":768,\"caption\":\"landmark\"},\"image\":{\"@id\":\"https:\\\/\\\/synthetichairwig.com\\\/#\\\/schema\\\/logo\\\/image\\\/\"}}]}<\/script>\n<!-- \/ Yoast SEO Premium plugin. -->","yoast_head_json":{"title":"Pure Cotton Women Riding Felt Hat Fashionable Wintter Riding - landmark","robots":{"index":"index","follow":"follow","max-snippet":"max-snippet:-1","max-image-preview":"max-image-preview:large","max-video-preview":"max-video-preview:-1"},"canonical":"https:\/\/synthetichairwig.com\/es\/producto\/pure-cotton-women-riding-felt-hat-fashionable-wintter-riding-equestrian-style-4-colors-100-cotton-bucket-womens-beige-hat\/","og_locale":"es_MX","og_type":"article","og_title":"Pure Cotton Women Riding Felt Hat Fashionable Wintter Riding","og_description":"\u2b50Feel the winter, there is always one that makes you fall in love \u2b50Craftsmanship, warm your whole mood \u2b50Very wide and stylish, simple design gives elegant charm, create three-dimensional small V face \u2b50No heat absorption, no sultry, simple cap design, easy to carry","og_url":"https:\/\/synthetichairwig.com\/es\/producto\/pure-cotton-women-riding-felt-hat-fashionable-wintter-riding-equestrian-style-4-colors-100-cotton-bucket-womens-beige-hat\/","og_site_name":"landmark","article_modified_time":"2023-11-17T12:27:09+00:00","og_image":[{"width":600,"height":600,"url":"https:\/\/synthetichairwig.com\/wp-content\/uploads\/2023\/11\/\u94e0\u5609\u5e3d\u4e1a001-2.jpg","type":"image\/jpeg"}],"twitter_card":"summary_large_image","twitter_misc":{"Tiempo de lectura":"1 minuto"},"schema":{"@context":"https:\/\/schema.org","@graph":[{"@type":"WebPage","@id":"https:\/\/synthetichairwig.com\/product\/pure-cotton-women-riding-felt-hat-fashionable-wintter-riding-equestrian-style-4-colors-100-cotton-bucket-womens-beige-hat\/","url":"https:\/\/synthetichairwig.com\/product\/pure-cotton-women-riding-felt-hat-fashionable-wintter-riding-equestrian-style-4-colors-100-cotton-bucket-womens-beige-hat\/","name":"Pure Cotton Women Riding Felt Hat Fashionable Wintter Riding - landmark","isPartOf":{"@id":"https:\/\/synthetichairwig.com\/#website"},"primaryImageOfPage":{"@id":"https:\/\/synthetichairwig.com\/product\/pure-cotton-women-riding-felt-hat-fashionable-wintter-riding-equestrian-style-4-colors-100-cotton-bucket-womens-beige-hat\/#primaryimage"},"image":{"@id":"https:\/\/synthetichairwig.com\/product\/pure-cotton-women-riding-felt-hat-fashionable-wintter-riding-equestrian-style-4-colors-100-cotton-bucket-womens-beige-hat\/#primaryimage"},"thumbnailUrl":"https:\/\/synthetichairwig.com\/wp-content\/uploads\/2023\/11\/\u94e0\u5609\u5e3d\u4e1a001-2.jpg","datePublished":"2023-11-04T13:53:39+00:00","dateModified":"2023-11-17T12:27:09+00:00","breadcrumb":{"@id":"https:\/\/synthetichairwig.com\/product\/pure-cotton-women-riding-felt-hat-fashionable-wintter-riding-equestrian-style-4-colors-100-cotton-bucket-womens-beige-hat\/#breadcrumb"},"inLanguage":"es","potentialAction":[{"@type":"ReadAction","target":["https:\/\/synthetichairwig.com\/product\/pure-cotton-women-riding-felt-hat-fashionable-wintter-riding-equestrian-style-4-colors-100-cotton-bucket-womens-beige-hat\/"]}]},{"@type":"ImageObject","inLanguage":"es","@id":"https:\/\/synthetichairwig.com\/product\/pure-cotton-women-riding-felt-hat-fashionable-wintter-riding-equestrian-style-4-colors-100-cotton-bucket-womens-beige-hat\/#primaryimage","url":"https:\/\/synthetichairwig.com\/wp-content\/uploads\/2023\/11\/\u94e0\u5609\u5e3d\u4e1a001-2.jpg","contentUrl":"https:\/\/synthetichairwig.com\/wp-content\/uploads\/2023\/11\/\u94e0\u5609\u5e3d\u4e1a001-2.jpg","width":600,"height":600},{"@type":"BreadcrumbList","@id":"https:\/\/synthetichairwig.com\/product\/pure-cotton-women-riding-felt-hat-fashionable-wintter-riding-equestrian-style-4-colors-100-cotton-bucket-womens-beige-hat\/#breadcrumb","itemListElement":[{"@type":"ListItem","position":1,"name":"Home","item":"https:\/\/synthetichairwig.com\/"},{"@type":"ListItem","position":2,"name":"LandMark Hair Shop","item":"https:\/\/synthetichairwig.com\/landmark-hair-shop\/"},{"@type":"ListItem","position":3,"name":"Pure Cotton Women Riding Felt Hat Fashionable Wintter Riding"}]},{"@type":"WebSite","@id":"https:\/\/synthetichairwig.com\/#website","url":"https:\/\/synthetichairwig.com\/","name":"landmark","description":"My WordPress Blog","publisher":{"@id":"https:\/\/synthetichairwig.com\/#organization"},"potentialAction":[{"@type":"SearchAction","target":{"@type":"EntryPoint","urlTemplate":"https:\/\/synthetichairwig.com\/?s={search_term_string}"},"query-input":{"@type":"PropertyValueSpecification","valueRequired":true,"valueName":"search_term_string"}}],"inLanguage":"es"},{"@type":"Organization","@id":"https:\/\/synthetichairwig.com\/#organization","name":"landmark","url":"https:\/\/synthetichairwig.com\/","logo":{"@type":"ImageObject","inLanguage":"es","@id":"https:\/\/synthetichairwig.com\/#\/schema\/logo\/image\/","url":"https:\/\/synthetichairwig.com\/wp-content\/uploads\/2023\/06\/cropped-logo3.png","contentUrl":"https:\/\/synthetichairwig.com\/wp-content\/uploads\/2023\/06\/cropped-logo3.png","width":1704,"height":768,"caption":"landmark"},"image":{"@id":"https:\/\/synthetichairwig.com\/#\/schema\/logo\/image\/"}}]}},"_links":{"self":[{"href":"https:\/\/synthetichairwig.com\/es\/wp-json\/wp\/v2\/product\/5249","targetHints":{"allow":["GET"]}}],"collection":[{"href":"https:\/\/synthetichairwig.com\/es\/wp-json\/wp\/v2\/product"}],"about":[{"href":"https:\/\/synthetichairwig.com\/es\/wp-json\/wp\/v2\/types\/product"}],"replies":[{"embeddable":true,"href":"https:\/\/synthetichairwig.com\/es\/wp-json\/wp\/v2\/comments?post=5249"}],"wp:featuredmedia":[{"embeddable":true,"href":"https:\/\/synthetichairwig.com\/es\/wp-json\/wp\/v2\/media\/5251"}],"wp:attachment":[{"href":"https:\/\/synthetichairwig.com\/es\/wp-json\/wp\/v2\/media?parent=5249"}],"wp:term":[{"taxonomy":"product_brand","embeddable":true,"href":"https:\/\/synthetichairwig.com\/es\/wp-json\/wp\/v2\/product_brand?post=5249"},{"taxonomy":"product_cat","embeddable":true,"href":"https:\/\/synthetichairwig.com\/es\/wp-json\/wp\/v2\/product_cat?post=5249"},{"taxonomy":"product_tag","embeddable":true,"href":"https:\/\/synthetichairwig.com\/es\/wp-json\/wp\/v2\/product_tag?post=5249"}],"curies":[{"name":"wp","href":"https:\/\/api.w.org\/{rel}","templated":true}]}}