{"id":5277,"date":"2023-11-04T14:41:06","date_gmt":"2023-11-04T14:41:06","guid":{"rendered":"https:\/\/synthetichairwig.com\/?post_type=product&#038;p=5277"},"modified":"2024-05-29T22:38:07","modified_gmt":"2024-05-29T22:38:07","slug":"solid-color-elegant-ladies-winter-vintage-berets-women-girls-beret-french-plain-wool-caps-warm","status":"publish","type":"product","link":"https:\/\/synthetichairwig.com\/es\/product\/solid-color-elegant-ladies-winter-vintage-berets-women-girls-beret-french-plain-wool-caps-warm\/","title":{"rendered":"Color s\u00f3lido elegante damas invierno boinas vintage mujeres ni\u00f1as"},"content":{"rendered":"<p>\u2b50Siente el invierno, siempre hay uno que te enamora<\/p>\n<p>\u2b50Artesan\u00eda, calienta todo tu estado de \u00e1nimo.<\/p>\n<p>\u2b50Muy amplio y elegante, el dise\u00f1o simple brinda un encanto elegante y crea una cara en V peque\u00f1a tridimensional.<\/p>\n<p>\u2b50Sin absorci\u00f3n de calor, sin sensaci\u00f3n sensual, dise\u00f1o de tapa simple, f\u00e1cil de transportar<\/p>\n<p><img fetchpriority=\"high\" decoding=\"async\" class=\"alignnone size-full wp-image-5299\" src=\"https:\/\/synthetichairwig.com\/wp-content\/uploads\/2023\/11\/\u5927\u56fe003-2-1.jpg\" alt=\"\" width=\"790\" height=\"1794\" srcset=\"https:\/\/synthetichairwig.com\/wp-content\/uploads\/2023\/11\/\u5927\u56fe003-2-1.jpg 790w, https:\/\/synthetichairwig.com\/wp-content\/uploads\/2023\/11\/\u5927\u56fe003-2-1-132x300.jpg 132w, https:\/\/synthetichairwig.com\/wp-content\/uploads\/2023\/11\/\u5927\u56fe003-2-1-451x1024.jpg 451w, https:\/\/synthetichairwig.com\/wp-content\/uploads\/2023\/11\/\u5927\u56fe003-2-1-768x1744.jpg 768w, https:\/\/synthetichairwig.com\/wp-content\/uploads\/2023\/11\/\u5927\u56fe003-2-1-676x1536.jpg 676w, https:\/\/synthetichairwig.com\/wp-content\/uploads\/2023\/11\/\u5927\u56fe003-2-1-600x1363.jpg 600w\" sizes=\"(max-width: 790px) 100vw, 790px\" \/> <img decoding=\"async\" class=\"alignnone size-full wp-image-5300\" src=\"https:\/\/synthetichairwig.com\/wp-content\/uploads\/2023\/11\/\u5927\u56fe003-4.jpg\" alt=\"\" width=\"790\" height=\"2247\" srcset=\"https:\/\/synthetichairwig.com\/wp-content\/uploads\/2023\/11\/\u5927\u56fe003-4.jpg 790w, https:\/\/synthetichairwig.com\/wp-content\/uploads\/2023\/11\/\u5927\u56fe003-4-105x300.jpg 105w, https:\/\/synthetichairwig.com\/wp-content\/uploads\/2023\/11\/\u5927\u56fe003-4-360x1024.jpg 360w, https:\/\/synthetichairwig.com\/wp-content\/uploads\/2023\/11\/\u5927\u56fe003-4-768x2184.jpg 768w, https:\/\/synthetichairwig.com\/wp-content\/uploads\/2023\/11\/\u5927\u56fe003-4-540x1536.jpg 540w, https:\/\/synthetichairwig.com\/wp-content\/uploads\/2023\/11\/\u5927\u56fe003-4-720x2048.jpg 720w, https:\/\/synthetichairwig.com\/wp-content\/uploads\/2023\/11\/\u5927\u56fe003-4-600x1707.jpg 600w\" sizes=\"(max-width: 790px) 100vw, 790px\" \/> <img decoding=\"async\" class=\"alignnone size-full wp-image-5302\" src=\"https:\/\/synthetichairwig.com\/wp-content\/uploads\/2023\/11\/\u5927\u56fe003-6-1.jpg\" alt=\"\" width=\"782\" height=\"1944\" srcset=\"https:\/\/synthetichairwig.com\/wp-content\/uploads\/2023\/11\/\u5927\u56fe003-6-1.jpg 782w, https:\/\/synthetichairwig.com\/wp-content\/uploads\/2023\/11\/\u5927\u56fe003-6-1-121x300.jpg 121w, https:\/\/synthetichairwig.com\/wp-content\/uploads\/2023\/11\/\u5927\u56fe003-6-1-412x1024.jpg 412w, https:\/\/synthetichairwig.com\/wp-content\/uploads\/2023\/11\/\u5927\u56fe003-6-1-768x1909.jpg 768w, https:\/\/synthetichairwig.com\/wp-content\/uploads\/2023\/11\/\u5927\u56fe003-6-1-618x1536.jpg 618w, https:\/\/synthetichairwig.com\/wp-content\/uploads\/2023\/11\/\u5927\u56fe003-6-1-600x1492.jpg 600w\" sizes=\"(max-width: 782px) 100vw, 782px\" \/><\/p>\n<div id=\"footable_parent_5276\"\n         class=\"footable_parent ninja_table_wrapper loading_ninja_table wp_table_data_press_parent semantic_ui\">\n                <table data-ninja_table_instance=\"ninja_table_instance_0\" data-footable_id=\"5276\" data-filter-delay=\"1000\" aria-label=\"\u5e3d\u5b50 \u5de5\u4f5c\u8868.csv\"            id=\"footable_5276\"\n           data-unique_identifier=\"ninja_table_unique_id_356465146_5276\"\n           class=\"foo-table ninja_footable foo_table_5276 ninja_table_unique_id_356465146_5276 ui table  nt_type_legacy_table selectable striped vertical_centered  footable-paging-right ninja_table_pro\">\n                <colgroup>\n                            <col class=\"ninja_column_0\">\n                            <col class=\"ninja_column_1\">\n                    <\/colgroup>\n        <thead>\n<tr class=\"footable-header\">\n                                        <th scope=\"col\"  class=\"ninja_column_0 ninja_clmn_nm_placeoforigin\">Lugar de origen<\/th><th scope=\"col\"  class=\"ninja_column_1 ninja_clmn_nm_china\"> Porcelana<\/th><\/tr>\n<\/thead>\n<tbody>\n\n        <tr data-row_id=\"1635\" class=\"ninja_table_row_0 nt_row_id_1635\">\n            <td>Escena aplicable<\/td><td>Informal, Aire libre, Viajes, Deportes, Ciclismo, Ir de compras, Fiesta, Negocios, Pesca, Uso dom\u00e9stico, Diario, Viajes<\/td>        <\/tr>\n            <tr data-row_id=\"1636\" class=\"ninja_table_row_1 nt_row_id_1636\">\n            <td>Nombre de la marca<\/td><td>punto de referencia<\/td>        <\/tr>\n            <tr data-row_id=\"1637\" class=\"ninja_table_row_2 nt_row_id_1637\">\n            <td>N\u00famero de modelo<\/td><td>\nMS0269<\/td>        <\/tr>\n            <tr data-row_id=\"1638\" class=\"ninja_table_row_3 nt_row_id_1638\">\n            <td>Caracter\u00edstica de la tela<\/td><td>Transpirable e impermeable<\/td>        <\/tr>\n            <tr data-row_id=\"1639\" class=\"ninja_table_row_4 nt_row_id_1639\">\n            <td>Tama\u00f1o<\/td><td>56-58 cm<\/td>        <\/tr>\n            <tr data-row_id=\"1640\" class=\"ninja_table_row_5 nt_row_id_1640\">\n            <td>Material<\/td><td>Lana 100%<\/td>        <\/tr>\n            <tr data-row_id=\"1641\" class=\"ninja_table_row_6 nt_row_id_1641\">\n            <td>G\u00e9nero<\/td><td>Femenino<\/td>        <\/tr>\n            <tr data-row_id=\"1642\" class=\"ninja_table_row_7 nt_row_id_1642\">\n            <td>Grupo de edad<\/td><td>Adultos<\/td>        <\/tr>\n            <tr data-row_id=\"1643\" class=\"ninja_table_row_8 nt_row_id_1643\">\n            <td>Estilo<\/td><td>Personaje<\/td>        <\/tr>\n    <\/tbody><!--ninja_tobody_rendering_done-->\n    <\/table>\n                    <style type=\"text\/css\" id='ninja_table_custom_css_5276'>\n                        #footable_5276  {\n    font-family: inherit;\n    font-size: 14px;\n    }\n\n    \n                <\/style>\n                \n    \n    \n<\/div>","protected":false},"excerpt":{"rendered":"<p>\u2b50Siente el invierno, siempre hay uno que te enamora \u2b50Artesan\u00eda, calienta todo tu estado de \u00e1nimo \u2b50Muy amplio y elegante, el dise\u00f1o simple brinda un encanto elegante, crea una cara en V peque\u00f1a tridimensional \u2b50Sin absorci\u00f3n de calor, sin sensualidad, dise\u00f1o de gorra simple, f\u00e1cil de llevar<\/p>","protected":false},"featured_media":5279,"comment_status":"open","ping_status":"closed","template":"","meta":{"site-sidebar-layout":"default","site-content-layout":"default","ast-site-content-layout":"","site-content-style":"default","site-sidebar-style":"default","ast-global-header-display":"","ast-banner-title-visibility":"","ast-main-header-display":"","ast-hfb-above-header-display":"","ast-hfb-below-header-display":"","ast-hfb-mobile-header-display":"","site-post-title":"","ast-breadcrumbs-content":"","ast-featured-img":"","footer-sml-layout":"","theme-transparent-header-meta":"default","adv-header-id-meta":"","stick-header-meta":"","header-above-stick-meta":"","header-main-stick-meta":"","header-below-stick-meta":"","astra-migrate-meta-layouts":"default","ast-page-background-enabled":"default","ast-page-background-meta":{"desktop":{"background-color":"var(--ast-global-color-4)","background-image":"","background-repeat":"repeat","background-position":"center center","background-size":"auto","background-attachment":"scroll","background-type":"","background-media":"","overlay-type":"","overlay-color":"","overlay-opacity":"","overlay-gradient":""},"tablet":{"background-color":"","background-image":"","background-repeat":"repeat","background-position":"center center","background-size":"auto","background-attachment":"scroll","background-type":"","background-media":"","overlay-type":"","overlay-color":"","overlay-opacity":"","overlay-gradient":""},"mobile":{"background-color":"","background-image":"","background-repeat":"repeat","background-position":"center center","background-size":"auto","background-attachment":"scroll","background-type":"","background-media":"","overlay-type":"","overlay-color":"","overlay-opacity":"","overlay-gradient":""}},"ast-content-background-meta":{"desktop":{"background-color":"var(--ast-global-color-5)","background-image":"","background-repeat":"repeat","background-position":"center center","background-size":"auto","background-attachment":"scroll","background-type":"","background-media":"","overlay-type":"","overlay-color":"","overlay-opacity":"","overlay-gradient":""},"tablet":{"background-color":"var(--ast-global-color-5)","background-image":"","background-repeat":"repeat","background-position":"center center","background-size":"auto","background-attachment":"scroll","background-type":"","background-media":"","overlay-type":"","overlay-color":"","overlay-opacity":"","overlay-gradient":""},"mobile":{"background-color":"var(--ast-global-color-5)","background-image":"","background-repeat":"repeat","background-position":"center center","background-size":"auto","background-attachment":"scroll","background-type":"","background-media":"","overlay-type":"","overlay-color":"","overlay-opacity":"","overlay-gradient":""}},"jetpack_publicize_message":"","jetpack_is_tweetstorm":false,"jetpack_publicize_feature_enabled":true,"jetpack_social_post_already_shared":false,"jetpack_social_options":{"image_generator_settings":{"template":"highway","enabled":false}}},"product_brand":[],"product_cat":[55,34,78,81],"product_tag":[],"class_list":{"0":"post-5277","1":"product","2":"type-product","3":"status-publish","4":"has-post-thumbnail","6":"product_cat-beret","7":"product_cat-cap","8":"product_cat-flash-sale-cap","9":"product_cat-hats-new-arrivals","10":"desktop-align-left","11":"tablet-align-left","12":"mobile-align-left","14":"first","15":"instock","16":"sale","17":"shipping-taxable","18":"purchasable","19":"product-type-variable"},"jetpack_publicize_connections":[],"yoast_head":"<!-- This site is optimized with the Yoast SEO Premium plugin v20.7 (Yoast SEO v27.3) - https:\/\/yoast.com\/product\/yoast-seo-premium-wordpress\/ -->\n<title>Solid Color Elegant Ladies Winter Vintage Berets Women Girls - landmark<\/title>\n<meta name=\"robots\" content=\"index, follow, max-snippet:-1, max-image-preview:large, max-video-preview:-1\" \/>\n<link rel=\"canonical\" href=\"https:\/\/synthetichairwig.com\/es\/producto\/solid-color-elegant-ladies-winter-vintage-berets-women-girls-beret-french-plain-wool-caps-warm\/\" \/>\n<meta property=\"og:locale\" content=\"es_MX\" \/>\n<meta property=\"og:type\" content=\"article\" \/>\n<meta property=\"og:title\" content=\"Solid Color Elegant Ladies Winter Vintage Berets Women Girls\" \/>\n<meta property=\"og:description\" content=\"\u2b50Feel the winter, there is always one that makes you fall in love \u2b50Craftsmanship, warm your whole mood \u2b50Very wide and stylish, simple design gives elegant charm, create three-dimensional small V face \u2b50No heat absorption, no sultry, simple cap design, easy to carry\" \/>\n<meta property=\"og:url\" content=\"https:\/\/synthetichairwig.com\/es\/producto\/solid-color-elegant-ladies-winter-vintage-berets-women-girls-beret-french-plain-wool-caps-warm\/\" \/>\n<meta property=\"og:site_name\" content=\"landmark\" \/>\n<meta property=\"article:modified_time\" content=\"2024-05-29T22:38:07+00:00\" \/>\n<meta property=\"og:image\" content=\"https:\/\/synthetichairwig.com\/wp-content\/uploads\/2023\/11\/003-1.jpg\" \/>\n\t<meta property=\"og:image:width\" content=\"800\" \/>\n\t<meta property=\"og:image:height\" content=\"800\" \/>\n\t<meta property=\"og:image:type\" content=\"image\/jpeg\" \/>\n<meta name=\"twitter:card\" content=\"summary_large_image\" \/>\n<meta name=\"twitter:label1\" content=\"Tiempo de lectura\" \/>\n\t<meta name=\"twitter:data1\" content=\"1 minuto\" \/>\n<script type=\"application\/ld+json\" class=\"yoast-schema-graph\">{\"@context\":\"https:\\\/\\\/schema.org\",\"@graph\":[{\"@type\":\"WebPage\",\"@id\":\"https:\\\/\\\/synthetichairwig.com\\\/product\\\/solid-color-elegant-ladies-winter-vintage-berets-women-girls-beret-french-plain-wool-caps-warm\\\/\",\"url\":\"https:\\\/\\\/synthetichairwig.com\\\/product\\\/solid-color-elegant-ladies-winter-vintage-berets-women-girls-beret-french-plain-wool-caps-warm\\\/\",\"name\":\"Solid Color Elegant Ladies Winter Vintage Berets Women Girls - landmark\",\"isPartOf\":{\"@id\":\"https:\\\/\\\/synthetichairwig.com\\\/#website\"},\"primaryImageOfPage\":{\"@id\":\"https:\\\/\\\/synthetichairwig.com\\\/product\\\/solid-color-elegant-ladies-winter-vintage-berets-women-girls-beret-french-plain-wool-caps-warm\\\/#primaryimage\"},\"image\":{\"@id\":\"https:\\\/\\\/synthetichairwig.com\\\/product\\\/solid-color-elegant-ladies-winter-vintage-berets-women-girls-beret-french-plain-wool-caps-warm\\\/#primaryimage\"},\"thumbnailUrl\":\"https:\\\/\\\/synthetichairwig.com\\\/wp-content\\\/uploads\\\/2023\\\/11\\\/003-1.jpg\",\"datePublished\":\"2023-11-04T14:41:06+00:00\",\"dateModified\":\"2024-05-29T22:38:07+00:00\",\"breadcrumb\":{\"@id\":\"https:\\\/\\\/synthetichairwig.com\\\/product\\\/solid-color-elegant-ladies-winter-vintage-berets-women-girls-beret-french-plain-wool-caps-warm\\\/#breadcrumb\"},\"inLanguage\":\"es\",\"potentialAction\":[{\"@type\":\"ReadAction\",\"target\":[\"https:\\\/\\\/synthetichairwig.com\\\/product\\\/solid-color-elegant-ladies-winter-vintage-berets-women-girls-beret-french-plain-wool-caps-warm\\\/\"]}]},{\"@type\":\"ImageObject\",\"inLanguage\":\"es\",\"@id\":\"https:\\\/\\\/synthetichairwig.com\\\/product\\\/solid-color-elegant-ladies-winter-vintage-berets-women-girls-beret-french-plain-wool-caps-warm\\\/#primaryimage\",\"url\":\"https:\\\/\\\/synthetichairwig.com\\\/wp-content\\\/uploads\\\/2023\\\/11\\\/003-1.jpg\",\"contentUrl\":\"https:\\\/\\\/synthetichairwig.com\\\/wp-content\\\/uploads\\\/2023\\\/11\\\/003-1.jpg\",\"width\":800,\"height\":800},{\"@type\":\"BreadcrumbList\",\"@id\":\"https:\\\/\\\/synthetichairwig.com\\\/product\\\/solid-color-elegant-ladies-winter-vintage-berets-women-girls-beret-french-plain-wool-caps-warm\\\/#breadcrumb\",\"itemListElement\":[{\"@type\":\"ListItem\",\"position\":1,\"name\":\"Home\",\"item\":\"https:\\\/\\\/synthetichairwig.com\\\/\"},{\"@type\":\"ListItem\",\"position\":2,\"name\":\"LandMark Hair Shop\",\"item\":\"https:\\\/\\\/synthetichairwig.com\\\/landmark-hair-shop\\\/\"},{\"@type\":\"ListItem\",\"position\":3,\"name\":\"Solid Color Elegant Ladies Winter Vintage Berets Women Girls\"}]},{\"@type\":\"WebSite\",\"@id\":\"https:\\\/\\\/synthetichairwig.com\\\/#website\",\"url\":\"https:\\\/\\\/synthetichairwig.com\\\/\",\"name\":\"landmark\",\"description\":\"My WordPress Blog\",\"publisher\":{\"@id\":\"https:\\\/\\\/synthetichairwig.com\\\/#organization\"},\"potentialAction\":[{\"@type\":\"SearchAction\",\"target\":{\"@type\":\"EntryPoint\",\"urlTemplate\":\"https:\\\/\\\/synthetichairwig.com\\\/?s={search_term_string}\"},\"query-input\":{\"@type\":\"PropertyValueSpecification\",\"valueRequired\":true,\"valueName\":\"search_term_string\"}}],\"inLanguage\":\"es\"},{\"@type\":\"Organization\",\"@id\":\"https:\\\/\\\/synthetichairwig.com\\\/#organization\",\"name\":\"landmark\",\"url\":\"https:\\\/\\\/synthetichairwig.com\\\/\",\"logo\":{\"@type\":\"ImageObject\",\"inLanguage\":\"es\",\"@id\":\"https:\\\/\\\/synthetichairwig.com\\\/#\\\/schema\\\/logo\\\/image\\\/\",\"url\":\"https:\\\/\\\/synthetichairwig.com\\\/wp-content\\\/uploads\\\/2023\\\/06\\\/cropped-logo3.png\",\"contentUrl\":\"https:\\\/\\\/synthetichairwig.com\\\/wp-content\\\/uploads\\\/2023\\\/06\\\/cropped-logo3.png\",\"width\":1704,\"height\":768,\"caption\":\"landmark\"},\"image\":{\"@id\":\"https:\\\/\\\/synthetichairwig.com\\\/#\\\/schema\\\/logo\\\/image\\\/\"}}]}<\/script>\n<!-- \/ Yoast SEO Premium plugin. -->","yoast_head_json":{"title":"Solid Color Elegant Ladies Winter Vintage Berets Women Girls - landmark","robots":{"index":"index","follow":"follow","max-snippet":"max-snippet:-1","max-image-preview":"max-image-preview:large","max-video-preview":"max-video-preview:-1"},"canonical":"https:\/\/synthetichairwig.com\/es\/producto\/solid-color-elegant-ladies-winter-vintage-berets-women-girls-beret-french-plain-wool-caps-warm\/","og_locale":"es_MX","og_type":"article","og_title":"Solid Color Elegant Ladies Winter Vintage Berets Women Girls","og_description":"\u2b50Feel the winter, there is always one that makes you fall in love \u2b50Craftsmanship, warm your whole mood \u2b50Very wide and stylish, simple design gives elegant charm, create three-dimensional small V face \u2b50No heat absorption, no sultry, simple cap design, easy to carry","og_url":"https:\/\/synthetichairwig.com\/es\/producto\/solid-color-elegant-ladies-winter-vintage-berets-women-girls-beret-french-plain-wool-caps-warm\/","og_site_name":"landmark","article_modified_time":"2024-05-29T22:38:07+00:00","og_image":[{"width":800,"height":800,"url":"https:\/\/synthetichairwig.com\/wp-content\/uploads\/2023\/11\/003-1.jpg","type":"image\/jpeg"}],"twitter_card":"summary_large_image","twitter_misc":{"Tiempo de lectura":"1 minuto"},"schema":{"@context":"https:\/\/schema.org","@graph":[{"@type":"WebPage","@id":"https:\/\/synthetichairwig.com\/product\/solid-color-elegant-ladies-winter-vintage-berets-women-girls-beret-french-plain-wool-caps-warm\/","url":"https:\/\/synthetichairwig.com\/product\/solid-color-elegant-ladies-winter-vintage-berets-women-girls-beret-french-plain-wool-caps-warm\/","name":"Solid Color Elegant Ladies Winter Vintage Berets Women Girls - landmark","isPartOf":{"@id":"https:\/\/synthetichairwig.com\/#website"},"primaryImageOfPage":{"@id":"https:\/\/synthetichairwig.com\/product\/solid-color-elegant-ladies-winter-vintage-berets-women-girls-beret-french-plain-wool-caps-warm\/#primaryimage"},"image":{"@id":"https:\/\/synthetichairwig.com\/product\/solid-color-elegant-ladies-winter-vintage-berets-women-girls-beret-french-plain-wool-caps-warm\/#primaryimage"},"thumbnailUrl":"https:\/\/synthetichairwig.com\/wp-content\/uploads\/2023\/11\/003-1.jpg","datePublished":"2023-11-04T14:41:06+00:00","dateModified":"2024-05-29T22:38:07+00:00","breadcrumb":{"@id":"https:\/\/synthetichairwig.com\/product\/solid-color-elegant-ladies-winter-vintage-berets-women-girls-beret-french-plain-wool-caps-warm\/#breadcrumb"},"inLanguage":"es","potentialAction":[{"@type":"ReadAction","target":["https:\/\/synthetichairwig.com\/product\/solid-color-elegant-ladies-winter-vintage-berets-women-girls-beret-french-plain-wool-caps-warm\/"]}]},{"@type":"ImageObject","inLanguage":"es","@id":"https:\/\/synthetichairwig.com\/product\/solid-color-elegant-ladies-winter-vintage-berets-women-girls-beret-french-plain-wool-caps-warm\/#primaryimage","url":"https:\/\/synthetichairwig.com\/wp-content\/uploads\/2023\/11\/003-1.jpg","contentUrl":"https:\/\/synthetichairwig.com\/wp-content\/uploads\/2023\/11\/003-1.jpg","width":800,"height":800},{"@type":"BreadcrumbList","@id":"https:\/\/synthetichairwig.com\/product\/solid-color-elegant-ladies-winter-vintage-berets-women-girls-beret-french-plain-wool-caps-warm\/#breadcrumb","itemListElement":[{"@type":"ListItem","position":1,"name":"Home","item":"https:\/\/synthetichairwig.com\/"},{"@type":"ListItem","position":2,"name":"LandMark Hair Shop","item":"https:\/\/synthetichairwig.com\/landmark-hair-shop\/"},{"@type":"ListItem","position":3,"name":"Solid Color Elegant Ladies Winter Vintage Berets Women Girls"}]},{"@type":"WebSite","@id":"https:\/\/synthetichairwig.com\/#website","url":"https:\/\/synthetichairwig.com\/","name":"landmark","description":"My WordPress Blog","publisher":{"@id":"https:\/\/synthetichairwig.com\/#organization"},"potentialAction":[{"@type":"SearchAction","target":{"@type":"EntryPoint","urlTemplate":"https:\/\/synthetichairwig.com\/?s={search_term_string}"},"query-input":{"@type":"PropertyValueSpecification","valueRequired":true,"valueName":"search_term_string"}}],"inLanguage":"es"},{"@type":"Organization","@id":"https:\/\/synthetichairwig.com\/#organization","name":"landmark","url":"https:\/\/synthetichairwig.com\/","logo":{"@type":"ImageObject","inLanguage":"es","@id":"https:\/\/synthetichairwig.com\/#\/schema\/logo\/image\/","url":"https:\/\/synthetichairwig.com\/wp-content\/uploads\/2023\/06\/cropped-logo3.png","contentUrl":"https:\/\/synthetichairwig.com\/wp-content\/uploads\/2023\/06\/cropped-logo3.png","width":1704,"height":768,"caption":"landmark"},"image":{"@id":"https:\/\/synthetichairwig.com\/#\/schema\/logo\/image\/"}}]}},"_links":{"self":[{"href":"https:\/\/synthetichairwig.com\/es\/wp-json\/wp\/v2\/product\/5277","targetHints":{"allow":["GET"]}}],"collection":[{"href":"https:\/\/synthetichairwig.com\/es\/wp-json\/wp\/v2\/product"}],"about":[{"href":"https:\/\/synthetichairwig.com\/es\/wp-json\/wp\/v2\/types\/product"}],"replies":[{"embeddable":true,"href":"https:\/\/synthetichairwig.com\/es\/wp-json\/wp\/v2\/comments?post=5277"}],"wp:featuredmedia":[{"embeddable":true,"href":"https:\/\/synthetichairwig.com\/es\/wp-json\/wp\/v2\/media\/5279"}],"wp:attachment":[{"href":"https:\/\/synthetichairwig.com\/es\/wp-json\/wp\/v2\/media?parent=5277"}],"wp:term":[{"taxonomy":"product_brand","embeddable":true,"href":"https:\/\/synthetichairwig.com\/es\/wp-json\/wp\/v2\/product_brand?post=5277"},{"taxonomy":"product_cat","embeddable":true,"href":"https:\/\/synthetichairwig.com\/es\/wp-json\/wp\/v2\/product_cat?post=5277"},{"taxonomy":"product_tag","embeddable":true,"href":"https:\/\/synthetichairwig.com\/es\/wp-json\/wp\/v2\/product_tag?post=5277"}],"curies":[{"name":"wp","href":"https:\/\/api.w.org\/{rel}","templated":true}]}}