{"id":2530,"date":"2023-06-21T06:21:47","date_gmt":"2023-06-21T06:21:47","guid":{"rendered":"https:\/\/synthetichairwig.com\/?page_id=2530"},"modified":"2023-06-21T06:23:54","modified_gmt":"2023-06-21T06:23:54","slug":"shipping-tracking","status":"publish","type":"page","link":"https:\/\/synthetichairwig.com\/pt\/shipping-tracking\/","title":{"rendered":"Envio e rastreamento"},"content":{"rendered":"<div data-elementor-type=\"wp-page\" data-elementor-id=\"2530\" class=\"elementor elementor-2530\" data-elementor-post-type=\"page\">\n\t\t\t\t\t\t<section data-particle_enable=\"false\" data-particle-mobile-disabled=\"false\" class=\"elementor-section elementor-top-section elementor-element elementor-element-1597efd elementor-section-boxed elementor-section-height-default elementor-section-height-default\" data-id=\"1597efd\" data-element_type=\"section\">\n\t\t\t\t\t\t<div class=\"elementor-container elementor-column-gap-default\">\n\t\t\t\t\t<div class=\"elementor-column elementor-col-100 elementor-top-column elementor-element elementor-element-776172d\" data-id=\"776172d\" data-element_type=\"column\">\n\t\t\t<div class=\"elementor-widget-wrap elementor-element-populated\">\n\t\t\t\t\t\t<div class=\"elementor-element elementor-element-9e24e30 elementor-widget elementor-widget-spacer\" data-id=\"9e24e30\" data-element_type=\"widget\" data-widget_type=\"spacer.default\">\n\t\t\t\t<div class=\"elementor-widget-container\">\n\t\t\t\t\t<div class=\"elementor-spacer\">\n\t\t\t<div class=\"elementor-spacer-inner\"><\/div>\n\t\t<\/div>\n\t\t\t\t<\/div>\n\t\t\t\t<\/div>\n\t\t\t\t\t<\/div>\n\t\t<\/div>\n\t\t\t\t\t<\/div>\n\t\t<\/section>\n\t\t\t\t<section data-particle_enable=\"false\" data-particle-mobile-disabled=\"false\" class=\"elementor-section elementor-top-section elementor-element elementor-element-911053a elementor-section-boxed elementor-section-height-default elementor-section-height-default\" data-id=\"911053a\" data-element_type=\"section\">\n\t\t\t\t\t\t<div class=\"elementor-container elementor-column-gap-default\">\n\t\t\t\t\t<div class=\"elementor-column elementor-col-100 elementor-top-column elementor-element elementor-element-388df51\" data-id=\"388df51\" data-element_type=\"column\">\n\t\t\t<div class=\"elementor-widget-wrap elementor-element-populated\">\n\t\t\t\t\t\t<div class=\"elementor-element elementor-element-c743b67 elementor-widget elementor-widget-heading\" data-id=\"c743b67\" data-element_type=\"widget\" data-widget_type=\"heading.default\">\n\t\t\t\t<div class=\"elementor-widget-container\">\n\t\t\t<h2 class=\"elementor-heading-title elementor-size-default\">Envio e Rastreamento\n<\/h2>\t\t<\/div>\n\t\t\t\t<\/div>\n\t\t\t\t\t<\/div>\n\t\t<\/div>\n\t\t\t\t\t<\/div>\n\t\t<\/section>\n\t\t\t\t<section data-particle_enable=\"false\" data-particle-mobile-disabled=\"false\" class=\"elementor-section elementor-top-section elementor-element elementor-element-b1ddd9b elementor-section-boxed elementor-section-height-default elementor-section-height-default\" data-id=\"b1ddd9b\" data-element_type=\"section\">\n\t\t\t\t\t\t<div class=\"elementor-container elementor-column-gap-default\">\n\t\t\t\t\t<div class=\"elementor-column elementor-col-100 elementor-top-column elementor-element elementor-element-5ce423c\" data-id=\"5ce423c\" data-element_type=\"column\">\n\t\t\t<div class=\"elementor-widget-wrap elementor-element-populated\">\n\t\t\t\t\t\t<div class=\"elementor-element elementor-element-45d4858 elementor-widget elementor-widget-text-editor\" data-id=\"45d4858\" data-element_type=\"widget\" data-widget_type=\"text-editor.default\">\n\t\t\t\t<div class=\"elementor-widget-container\">\n\t\t\t\t\t\t\t<p>Envio e rastreamento<\/p><p>Nosso objetivo \u00e9 oferecer op\u00e7\u00f5es de envio mais seguras e r\u00e1pidas, onde quer que voc\u00ea esteja.<\/p><p>O prazo de entrega do pedido \u00e9 dividido em duas partes: tempo de processamento e tempo de envio.<\/p><p><span style=\"color: #ff0000;\">Afetados pela Covid-19, haver\u00e1 alguns atrasos na entrega.<\/span><\/p><p><strong>1. Tempo de processamento<\/strong><\/p><p>Tempo de processamento: 0-2 dias. Cumprido: Seg-S\u00e1b.<\/p><p>Hor\u00e1rio limite do pedido: 23h (GMT-08h), hor\u00e1rio padr\u00e3o do Pac\u00edfico.<\/p><p>N\u00e3o processamos aos domingos ou feriados. O tempo de processamento N\u00c3O est\u00e1 inclu\u00eddo no tempo de envio. Por favor, planeje adequadamente.<\/p><p><strong>2. Tempo de envio<\/strong><\/p><p>Envio para os Estados Unidos: 3 a 5 dias. Envio: de segunda a domingo. Envio da China. M\u00e9todo de envio: DHL\/USPS\/FedEx.<\/p><p>Envio para o Canad\u00e1: 4 a 7 dias. Envio: de segunda a domingo. Envio da China. M\u00e9todo de envio: DHL\/Fedex.<\/p><p>Envio para M\u00e9xico, Reino Unido, Fran\u00e7a e Alemanha: 3 a 7 dias. Envio: de segunda a domingo. Envio da China. M\u00e9todo de envio: DHL.<\/p><p>Envio para os Emirados \u00c1rabes Unidos: 7 a 10 dias. Envio: de segunda a domingo. Envio da China. M\u00e9todo de envio: DHL\/Fedex.<\/p><p>Envio para a \u00c1frica do Sul: 7 a 10 dias. Envio: de segunda a domingo. Envio da China. M\u00e9todo de envio: DHL\/Dpex\/TNT.<\/p><p>Envio para outros pa\u00edses: 7 a 10 dias. Envio: de segunda a domingo. Envio da China. M\u00e9todo de envio: DHL\/Dpex\/TNT.<\/p><p>Aten\u00e7\u00e3o: Embora tentemos enviar seu cabelo o mais r\u00e1pido poss\u00edvel, n\u00e3o fa\u00e7a seu pedido com menos de 48 horas de anteced\u00eancia! \u00c9 sempre melhor dar a si mesmo uma margem de pelo menos 2 semanas antes de precisar dele para evitar imprevistos que possam atrasar a entrega.<\/p><p><strong>Taxa de envio<\/strong><\/p><p>Para a China, o frete \u00e9 gr\u00e1tis.<\/p><p>Tamb\u00e9m oferece frete gr\u00e1tis para os Estados Unidos, Canad\u00e1, M\u00e9xico, Reino Unido, Fran\u00e7a e Alemanha.<\/p><p>Para o resto do mundo, cobramos $20-$25 por pedido.<\/p><p>Aten\u00e7\u00e3o:<\/p><p>N\u00e3o processamos pedidos aos domingos porque as transportadoras n\u00e3o trabalham aos domingos.<\/p><p><strong>Os prazos de processamento e envio podem ser estendidos durante feriados.<\/strong><\/p><p>Os pedidos permanecer\u00e3o v\u00e1lidos por apenas 5 dias \u00fateis ap\u00f3s o envio caso o n\u00famero de telefone esteja faltando ou o endere\u00e7o esteja incompleto. Caso contr\u00e1rio, o pedido ser\u00e1 cancelado e o dinheiro ser\u00e1 devolvido. Portanto, certifique-se de informar o endere\u00e7o de entrega e o n\u00famero de contato corretos ao fazer o pedido.<\/p>\t\t\t\t\t\t<\/div>\n\t\t\t\t<\/div>\n\t\t\t\t\t<\/div>\n\t\t<\/div>\n\t\t\t\t\t<\/div>\n\t\t<\/section>\n\t\t\t\t<\/div>","protected":false},"excerpt":{"rendered":"<p>Shipping &#038; Tracking Shipping &amp; Tracking Our goal is to provide safer and faster shipping options wherever you live. The time frame for order delivery is divided into two parts: processing time and shipping time. Affected by Covid-19, there will be some delays in the delivery. 1. Processing time Processing time: 0-2 days. Fulfilled: Mon-Sat. [&hellip;]<\/p>","protected":false},"author":1,"featured_media":0,"parent":0,"menu_order":0,"comment_status":"closed","ping_status":"closed","template":"","meta":{"site-sidebar-layout":"no-sidebar","site-content-layout":"page-builder","ast-site-content-layout":"","site-content-style":"default","site-sidebar-style":"default","ast-global-header-display":"","ast-banner-title-visibility":"","ast-main-header-display":"","ast-hfb-above-header-display":"","ast-hfb-below-header-display":"","ast-hfb-mobile-header-display":"","site-post-title":"disabled","ast-breadcrumbs-content":"","ast-featured-img":"disabled","footer-sml-layout":"","theme-transparent-header-meta":"default","adv-header-id-meta":"","stick-header-meta":"","header-above-stick-meta":"","header-main-stick-meta":"","header-below-stick-meta":"","astra-migrate-meta-layouts":"default","ast-page-background-enabled":"default","ast-page-background-meta":{"desktop":{"background-color":"var(--ast-global-color-4)","background-image":"","background-repeat":"repeat","background-position":"center center","background-size":"auto","background-attachment":"scroll","background-type":"","background-media":"","overlay-type":"","overlay-color":"","overlay-opacity":"","overlay-gradient":""},"tablet":{"background-color":"","background-image":"","background-repeat":"repeat","background-position":"center center","background-size":"auto","background-attachment":"scroll","background-type":"","background-media":"","overlay-type":"","overlay-color":"","overlay-opacity":"","overlay-gradient":""},"mobile":{"background-color":"","background-image":"","background-repeat":"repeat","background-position":"center center","background-size":"auto","background-attachment":"scroll","background-type":"","background-media":"","overlay-type":"","overlay-color":"","overlay-opacity":"","overlay-gradient":""}},"ast-content-background-meta":{"desktop":{"background-color":"var(--ast-global-color-5)","background-image":"","background-repeat":"repeat","background-position":"center center","background-size":"auto","background-attachment":"scroll","background-type":"","background-media":"","overlay-type":"","overlay-color":"","overlay-opacity":"","overlay-gradient":""},"tablet":{"background-color":"var(--ast-global-color-5)","background-image":"","background-repeat":"repeat","background-position":"center center","background-size":"auto","background-attachment":"scroll","background-type":"","background-media":"","overlay-type":"","overlay-color":"","overlay-opacity":"","overlay-gradient":""},"mobile":{"background-color":"var(--ast-global-color-5)","background-image":"","background-repeat":"repeat","background-position":"center center","background-size":"auto","background-attachment":"scroll","background-type":"","background-media":"","overlay-type":"","overlay-color":"","overlay-opacity":"","overlay-gradient":""}},"footnotes":""},"class_list":["post-2530","page","type-page","status-publish","hentry"],"yoast_head":"<!-- This site is optimized with the Yoast SEO Premium plugin v20.7 (Yoast SEO v27.6) - https:\/\/yoast.com\/product\/yoast-seo-premium-wordpress\/ -->\n<title>Shipping &amp; Tracking - landmark<\/title>\n<meta name=\"robots\" content=\"index, follow, max-snippet:-1, max-image-preview:large, max-video-preview:-1\" \/>\n<link rel=\"canonical\" href=\"https:\/\/synthetichairwig.com\/pt\/shipping-tracking\/\" \/>\n<meta property=\"og:locale\" content=\"pt_PT\" \/>\n<meta property=\"og:type\" content=\"article\" \/>\n<meta property=\"og:title\" content=\"Shipping &amp; Tracking\" \/>\n<meta property=\"og:description\" content=\"Shipping &#038; Tracking Shipping &amp; Tracking Our goal is to provide safer and faster shipping options wherever you live. The time frame for order delivery is divided into two parts: processing time and shipping time. Affected by Covid-19, there will be some delays in the delivery. 1. Processing time Processing time: 0-2 days. Fulfilled: Mon-Sat. [&hellip;]\" \/>\n<meta property=\"og:url\" content=\"https:\/\/synthetichairwig.com\/pt\/shipping-tracking\/\" \/>\n<meta property=\"og:site_name\" content=\"landmark\" \/>\n<meta property=\"article:modified_time\" content=\"2023-06-21T06:23:54+00:00\" \/>\n<meta name=\"twitter:card\" content=\"summary_large_image\" \/>\n<meta name=\"twitter:label1\" content=\"Tempo estimado de leitura\" \/>\n\t<meta name=\"twitter:data1\" content=\"2 minutos\" \/>\n<script type=\"application\/ld+json\" class=\"yoast-schema-graph\">{\"@context\":\"https:\\\/\\\/schema.org\",\"@graph\":[{\"@type\":\"WebPage\",\"@id\":\"https:\\\/\\\/synthetichairwig.com\\\/shipping-tracking\\\/\",\"url\":\"https:\\\/\\\/synthetichairwig.com\\\/shipping-tracking\\\/\",\"name\":\"Shipping & Tracking - landmark\",\"isPartOf\":{\"@id\":\"https:\\\/\\\/synthetichairwig.com\\\/#website\"},\"datePublished\":\"2023-06-21T06:21:47+00:00\",\"dateModified\":\"2023-06-21T06:23:54+00:00\",\"breadcrumb\":{\"@id\":\"https:\\\/\\\/synthetichairwig.com\\\/shipping-tracking\\\/#breadcrumb\"},\"inLanguage\":\"pt-PT\",\"potentialAction\":[{\"@type\":\"ReadAction\",\"target\":[\"https:\\\/\\\/synthetichairwig.com\\\/shipping-tracking\\\/\"]}]},{\"@type\":\"BreadcrumbList\",\"@id\":\"https:\\\/\\\/synthetichairwig.com\\\/shipping-tracking\\\/#breadcrumb\",\"itemListElement\":[{\"@type\":\"ListItem\",\"position\":1,\"name\":\"Home\",\"item\":\"https:\\\/\\\/synthetichairwig.com\\\/\"},{\"@type\":\"ListItem\",\"position\":2,\"name\":\"Shipping &#038; Tracking\"}]},{\"@type\":\"WebSite\",\"@id\":\"https:\\\/\\\/synthetichairwig.com\\\/#website\",\"url\":\"https:\\\/\\\/synthetichairwig.com\\\/\",\"name\":\"landmark\",\"description\":\"My WordPress Blog\",\"publisher\":{\"@id\":\"https:\\\/\\\/synthetichairwig.com\\\/#organization\"},\"potentialAction\":[{\"@type\":\"SearchAction\",\"target\":{\"@type\":\"EntryPoint\",\"urlTemplate\":\"https:\\\/\\\/synthetichairwig.com\\\/?s={search_term_string}\"},\"query-input\":{\"@type\":\"PropertyValueSpecification\",\"valueRequired\":true,\"valueName\":\"search_term_string\"}}],\"inLanguage\":\"pt-PT\"},{\"@type\":\"Organization\",\"@id\":\"https:\\\/\\\/synthetichairwig.com\\\/#organization\",\"name\":\"landmark\",\"url\":\"https:\\\/\\\/synthetichairwig.com\\\/\",\"logo\":{\"@type\":\"ImageObject\",\"inLanguage\":\"pt-PT\",\"@id\":\"https:\\\/\\\/synthetichairwig.com\\\/#\\\/schema\\\/logo\\\/image\\\/\",\"url\":\"https:\\\/\\\/synthetichairwig.com\\\/wp-content\\\/uploads\\\/2023\\\/06\\\/cropped-logo3.png\",\"contentUrl\":\"https:\\\/\\\/synthetichairwig.com\\\/wp-content\\\/uploads\\\/2023\\\/06\\\/cropped-logo3.png\",\"width\":1704,\"height\":768,\"caption\":\"landmark\"},\"image\":{\"@id\":\"https:\\\/\\\/synthetichairwig.com\\\/#\\\/schema\\\/logo\\\/image\\\/\"}}]}<\/script>\n<!-- \/ Yoast SEO Premium plugin. -->","yoast_head_json":{"title":"Shipping & Tracking - landmark","robots":{"index":"index","follow":"follow","max-snippet":"max-snippet:-1","max-image-preview":"max-image-preview:large","max-video-preview":"max-video-preview:-1"},"canonical":"https:\/\/synthetichairwig.com\/pt\/shipping-tracking\/","og_locale":"pt_PT","og_type":"article","og_title":"Shipping & Tracking","og_description":"Shipping &#038; Tracking Shipping &amp; Tracking Our goal is to provide safer and faster shipping options wherever you live. The time frame for order delivery is divided into two parts: processing time and shipping time. Affected by Covid-19, there will be some delays in the delivery. 1. Processing time Processing time: 0-2 days. Fulfilled: Mon-Sat. [&hellip;]","og_url":"https:\/\/synthetichairwig.com\/pt\/shipping-tracking\/","og_site_name":"landmark","article_modified_time":"2023-06-21T06:23:54+00:00","twitter_card":"summary_large_image","twitter_misc":{"Tempo estimado de leitura":"2 minutos"},"schema":{"@context":"https:\/\/schema.org","@graph":[{"@type":"WebPage","@id":"https:\/\/synthetichairwig.com\/shipping-tracking\/","url":"https:\/\/synthetichairwig.com\/shipping-tracking\/","name":"Shipping & Tracking - landmark","isPartOf":{"@id":"https:\/\/synthetichairwig.com\/#website"},"datePublished":"2023-06-21T06:21:47+00:00","dateModified":"2023-06-21T06:23:54+00:00","breadcrumb":{"@id":"https:\/\/synthetichairwig.com\/shipping-tracking\/#breadcrumb"},"inLanguage":"pt-PT","potentialAction":[{"@type":"ReadAction","target":["https:\/\/synthetichairwig.com\/shipping-tracking\/"]}]},{"@type":"BreadcrumbList","@id":"https:\/\/synthetichairwig.com\/shipping-tracking\/#breadcrumb","itemListElement":[{"@type":"ListItem","position":1,"name":"Home","item":"https:\/\/synthetichairwig.com\/"},{"@type":"ListItem","position":2,"name":"Shipping &#038; Tracking"}]},{"@type":"WebSite","@id":"https:\/\/synthetichairwig.com\/#website","url":"https:\/\/synthetichairwig.com\/","name":"landmark","description":"My WordPress Blog","publisher":{"@id":"https:\/\/synthetichairwig.com\/#organization"},"potentialAction":[{"@type":"SearchAction","target":{"@type":"EntryPoint","urlTemplate":"https:\/\/synthetichairwig.com\/?s={search_term_string}"},"query-input":{"@type":"PropertyValueSpecification","valueRequired":true,"valueName":"search_term_string"}}],"inLanguage":"pt-PT"},{"@type":"Organization","@id":"https:\/\/synthetichairwig.com\/#organization","name":"landmark","url":"https:\/\/synthetichairwig.com\/","logo":{"@type":"ImageObject","inLanguage":"pt-PT","@id":"https:\/\/synthetichairwig.com\/#\/schema\/logo\/image\/","url":"https:\/\/synthetichairwig.com\/wp-content\/uploads\/2023\/06\/cropped-logo3.png","contentUrl":"https:\/\/synthetichairwig.com\/wp-content\/uploads\/2023\/06\/cropped-logo3.png","width":1704,"height":768,"caption":"landmark"},"image":{"@id":"https:\/\/synthetichairwig.com\/#\/schema\/logo\/image\/"}}]}},"_links":{"self":[{"href":"https:\/\/synthetichairwig.com\/pt\/wp-json\/wp\/v2\/pages\/2530","targetHints":{"allow":["GET"]}}],"collection":[{"href":"https:\/\/synthetichairwig.com\/pt\/wp-json\/wp\/v2\/pages"}],"about":[{"href":"https:\/\/synthetichairwig.com\/pt\/wp-json\/wp\/v2\/types\/page"}],"author":[{"embeddable":true,"href":"https:\/\/synthetichairwig.com\/pt\/wp-json\/wp\/v2\/users\/1"}],"replies":[{"embeddable":true,"href":"https:\/\/synthetichairwig.com\/pt\/wp-json\/wp\/v2\/comments?post=2530"}],"version-history":[{"count":0,"href":"https:\/\/synthetichairwig.com\/pt\/wp-json\/wp\/v2\/pages\/2530\/revisions"}],"wp:attachment":[{"href":"https:\/\/synthetichairwig.com\/pt\/wp-json\/wp\/v2\/media?parent=2530"}],"curies":[{"name":"wp","href":"https:\/\/api.w.org\/{rel}","templated":true}]}}