{"id":2548,"date":"2023-06-21T06:28:36","date_gmt":"2023-06-21T06:28:36","guid":{"rendered":"https:\/\/synthetichairwig.com\/?page_id=2548"},"modified":"2023-06-21T06:29:54","modified_gmt":"2023-06-21T06:29:54","slug":"help-faqs","status":"publish","type":"page","link":"https:\/\/synthetichairwig.com\/pt\/perguntas-frequentes-sobre-ajuda\/","title":{"rendered":"Ajuda e perguntas frequentes"},"content":{"rendered":"<div data-elementor-type=\"wp-page\" data-elementor-id=\"2548\" class=\"elementor elementor-2548\" data-elementor-post-type=\"page\">\n\t\t\t\t\t\t<section data-particle_enable=\"false\" data-particle-mobile-disabled=\"false\" class=\"elementor-section elementor-top-section elementor-element elementor-element-94abeb5 elementor-section-boxed elementor-section-height-default elementor-section-height-default\" data-id=\"94abeb5\" data-element_type=\"section\">\n\t\t\t\t\t\t<div class=\"elementor-container elementor-column-gap-default\">\n\t\t\t\t\t<div class=\"elementor-column elementor-col-100 elementor-top-column elementor-element elementor-element-3542719\" data-id=\"3542719\" data-element_type=\"column\">\n\t\t\t<div class=\"elementor-widget-wrap elementor-element-populated\">\n\t\t\t\t\t\t<div class=\"elementor-element elementor-element-51e5f99 elementor-widget elementor-widget-spacer\" data-id=\"51e5f99\" data-element_type=\"widget\" data-widget_type=\"spacer.default\">\n\t\t\t\t<div class=\"elementor-widget-container\">\n\t\t\t\t\t<div class=\"elementor-spacer\">\n\t\t\t<div class=\"elementor-spacer-inner\"><\/div>\n\t\t<\/div>\n\t\t\t\t<\/div>\n\t\t\t\t<\/div>\n\t\t\t\t\t<\/div>\n\t\t<\/div>\n\t\t\t\t\t<\/div>\n\t\t<\/section>\n\t\t\t\t<section data-particle_enable=\"false\" data-particle-mobile-disabled=\"false\" class=\"elementor-section elementor-top-section elementor-element elementor-element-e75a9d2 elementor-section-boxed elementor-section-height-default elementor-section-height-default\" data-id=\"e75a9d2\" data-element_type=\"section\">\n\t\t\t\t\t\t<div class=\"elementor-container elementor-column-gap-default\">\n\t\t\t\t\t<div class=\"elementor-column elementor-col-100 elementor-top-column elementor-element elementor-element-fdc5d12\" data-id=\"fdc5d12\" data-element_type=\"column\">\n\t\t\t<div class=\"elementor-widget-wrap elementor-element-populated\">\n\t\t\t\t\t\t<div class=\"elementor-element elementor-element-7c7fa14 elementor-widget elementor-widget-heading\" data-id=\"7c7fa14\" data-element_type=\"widget\" data-widget_type=\"heading.default\">\n\t\t\t\t<div class=\"elementor-widget-container\">\n\t\t\t<h2 class=\"elementor-heading-title elementor-size-default\">Ajuda e perguntas frequentes<\/h2>\t\t<\/div>\n\t\t\t\t<\/div>\n\t\t\t\t\t<\/div>\n\t\t<\/div>\n\t\t\t\t\t<\/div>\n\t\t<\/section>\n\t\t\t\t<section data-particle_enable=\"false\" data-particle-mobile-disabled=\"false\" class=\"elementor-section elementor-top-section elementor-element elementor-element-88b446e elementor-section-boxed elementor-section-height-default elementor-section-height-default\" data-id=\"88b446e\" data-element_type=\"section\">\n\t\t\t\t\t\t<div class=\"elementor-container elementor-column-gap-default\">\n\t\t\t\t\t<div class=\"elementor-column elementor-col-100 elementor-top-column elementor-element elementor-element-0b8d738\" data-id=\"0b8d738\" data-element_type=\"column\">\n\t\t\t<div class=\"elementor-widget-wrap elementor-element-populated\">\n\t\t\t\t\t\t<div class=\"elementor-element elementor-element-8babec3 elementor-widget elementor-widget-text-editor\" data-id=\"8babec3\" data-element_type=\"widget\" data-widget_type=\"text-editor.default\">\n\t\t\t\t<div class=\"elementor-widget-container\">\n\t\t\t\t\t\t\t<p class=\"xsj_paragraph xsj_paragraph_level_0\" data-source-line=\"0\" data-source-line-display=\"true\">Ajuda e perguntas frequentes<\/p><div class=\"xiaoshujiang_element xsj_anchor\"><a class=\"blank_anchor_name\" name=\"q20do20i20need20an20account20to20place20an20order_1\"><\/a><a id=\"q20do20i20need20an20account20to20place20an20order_1\" class=\"blank_anchor_id\"><\/a><a class=\"blank_anchor_name\" name=\"q-do-i-need-an-account-to-place-an-order\"><\/a><a id=\"q-do-i-need-an-account-to-place-an-order\" class=\"blank_anchor_id\"><\/a><\/div><h4 id=\"q20do20i20need20an20account20to20place20an20order_1\" class=\"xsj_heading_hash xsj_heading xsj_heading_h4\" data-source-line=\"2\" data-source-line-display=\"true\"><span class=\"xsj_heading_content\">P: PRECISO DE UMA CONTA PARA FAZER UM PEDIDO?<\/span><\/h4><p class=\"xsj_paragraph xsj_paragraph_level_0\" data-source-line=\"4\" data-source-line-display=\"true\">R: Para pagar seu pedido no Landmark Mall, siga os passos abaixo:<\/p><ol class=\"markdown_ol\" data-source-line=\"6\"><li data-source-line=\"6\"><p class=\"xsj_paragraph xsj_paragraph_level_2\">Selecione o pedido e clique no bot\u00e3o \u201cPagar agora\u201d<\/p><\/li><li data-source-line=\"8\"><p class=\"xsj_paragraph xsj_paragraph_level_2\">Escolha o m\u00e9todo de pagamento PayPal na p\u00e1gina de finaliza\u00e7\u00e3o da compra<\/p><\/li><\/ol><div class=\"xiaoshujiang_element xsj_anchor\"><a class=\"blank_anchor_name\" name=\"q20what20payment20methods20do20you20accept_2\"><\/a><a id=\"q20what20payment20methods20do20you20accept_2\" class=\"blank_anchor_id\"><\/a><a class=\"blank_anchor_name\" name=\"q-what-payment-methods-do-you-accept\"><\/a><a id=\"q-what-payment-methods-do-you-accept\" class=\"blank_anchor_id\"><\/a><\/div><h4 id=\"q20what20payment20methods20do20you20accept_2\" class=\"xsj_heading_hash xsj_heading xsj_heading_h4\" data-source-line=\"12\" data-source-line-display=\"true\"><span class=\"xsj_heading_content\">P: QUE M\u00c9TODOS DE PAGAMENTO VOC\u00ca ACEITA?<\/span><\/h4><p class=\"xsj_paragraph xsj_paragraph_level_0\" data-source-line=\"14\" data-source-line-display=\"true\">R: Aceitamos os seguintes m\u00e9todos de pagamento:<\/p><p class=\"xsj_paragraph xsj_paragraph_level_0\" data-source-line=\"16\" data-source-line-display=\"true\">Cart\u00f5es de cr\u00e9dito: VISA, MasterCard, Paypal e American Express.<\/p><p class=\"xsj_paragraph xsj_paragraph_level_0\" data-source-line=\"18\" data-source-line-display=\"true\">Interac: Voc\u00ea pode pagar seu pedido online. Observe que o titular do cart\u00e3o deve ter acesso ao banco on-line.<\/p><div class=\"xiaoshujiang_element xsj_anchor\"><a class=\"blank_anchor_name\" name=\"q20how20can20i20track20my20order_3\"><\/a><a id=\"q20how20can20i20track20my20order_3\" class=\"blank_anchor_id\"><\/a><a class=\"blank_anchor_name\" name=\"q-how-can-i-track-my-order\"><\/a><a id=\"q-how-can-i-track-my-order\" class=\"blank_anchor_id\"><\/a><\/div><h4 id=\"q20how20can20i20track20my20order_3\" class=\"xsj_heading_hash xsj_heading xsj_heading_h4\" data-source-line=\"22\" data-source-line-display=\"true\"><span class=\"xsj_heading_content\">P: COMO POSSO RASTREAR MEU PEDIDO?<\/span><\/h4><p class=\"xsj_paragraph xsj_paragraph_level_0\" data-source-line=\"24\" data-source-line-display=\"true\">R: Veja como voc\u00ea rastreia seu pedido:<\/p><p class=\"xsj_paragraph xsj_paragraph_level_0\" data-source-line=\"26\" data-source-line-display=\"true\">Fa\u00e7a login em MINHA CONTA para visualizar o status do seu pedido. Rastreie sua remessa usando o n\u00famero de rastreamento fornecido assim que seus itens forem enviados. Voc\u00ea n\u00e3o pode rastrear seu pedido antes de ele ser enviado.<\/p><p class=\"xsj_paragraph xsj_paragraph_level_0\" data-source-line=\"28\" data-source-line-display=\"true\">Se voc\u00ea n\u00e3o sabe seu n\u00famero de rastreamento ou est\u00e1 tendo dificuldades para rastrear seu pacote, entre em contato com nosso departamento de atendimento ao cliente para obter assist\u00eancia.<\/p><div class=\"xiaoshujiang_element xsj_anchor\"><a class=\"blank_anchor_name\" name=\"q20i20cant20track20my20order20using20the20tracking20number20provided20what20can20i20do_4\"><\/a><a id=\"q20i20cant20track20my20order20using20the20tracking20number20provided20what20can20i20do_4\" class=\"blank_anchor_id\"><\/a><a class=\"blank_anchor_name\" name=\"q-i-cant-track-my-order-using-the-tracking-number-provided-what-can-i-do\"><\/a><a id=\"q-i-cant-track-my-order-using-the-tracking-number-provided-what-can-i-do\" class=\"blank_anchor_id\"><\/a><\/div><h4 id=\"q20i20cant20track20my20order20using20the20tracking20number20provided20what20can20i20do_4\" class=\"xsj_heading_hash xsj_heading xsj_heading_h4\" data-source-line=\"32\" data-source-line-display=\"true\"><span class=\"xsj_heading_content\">P: N\u00c3O POSSO RASTREAR MEU PEDIDO USANDO O N\u00daMERO DE RASTREIO FORNECIDO. O QUE POSSO FAZER?<\/span><\/h4><p class=\"xsj_paragraph xsj_paragraph_level_0\" data-source-line=\"34\" data-source-line-display=\"true\">R: Se voc\u00ea n\u00e3o conseguir rastrear seu pedido usando o n\u00famero de rastreamento fornecido:<\/p><ol class=\"markdown_ol\" data-source-line=\"36\"><li data-source-line=\"36\"><p class=\"xsj_paragraph xsj_paragraph_level_2\">Entre em contato com o fornecedor para confirmar se ele forneceu o n\u00famero de rastreamento correto. Verifique tamb\u00e9m se eles alteraram as informa\u00e7\u00f5es de envio. Voc\u00ea pode encontrar o fornecedor usando nossa ferramenta de mensagens instant\u00e2neas, conversar conosco ou clicar em contato para nos enviar mensagens.<\/p><\/li><li data-source-line=\"38\"><p class=\"xsj_paragraph xsj_paragraph_level_2\">Por favor, entre em contato com a transportadora para confirmar se o pedido foi despachado. \u00c0s vezes, as empresas de transporte levam de 1 a 2 dias para atualizar novas informa\u00e7\u00f5es de entrega em seus sites.<\/p><\/li><\/ol><div class=\"xiaoshujiang_element xsj_anchor\"><a class=\"blank_anchor_name\" name=\"q20how20long20will20it20take20to20receive20my20order_5\"><\/a><a id=\"q20how20long20will20it20take20to20receive20my20order_5\" class=\"blank_anchor_id\"><\/a><a class=\"blank_anchor_name\" name=\"q-how-long-will-it-take-to-receive-my-order\"><\/a><a id=\"q-how-long-will-it-take-to-receive-my-order\" class=\"blank_anchor_id\"><\/a><\/div><h4 id=\"q20how20long20will20it20take20to20receive20my20order_5\" class=\"xsj_heading_hash xsj_heading xsj_heading_h4\" data-source-line=\"42\" data-source-line-display=\"true\"><span class=\"xsj_heading_content\">P: QUANTO TEMPO DEMORA PARA RECEBER MEU PEDIDO?<\/span><\/h4><p class=\"xsj_paragraph xsj_paragraph_level_0\" data-source-line=\"44\" data-source-line-display=\"true\">R: Normalmente, o pacote pode ser entregue dentro de 3-5 dias; o per\u00edodo de recebimento do seu pedido depender\u00e1 de muitos fatores, como o m\u00e9todo de envio e a localiza\u00e7\u00e3o do endere\u00e7o de entrega.<\/p><p class=\"xsj_paragraph xsj_paragraph_level_0\" data-source-line=\"46\" data-source-line-display=\"true\">Assim que seu pedido for enviado, voc\u00ea receber\u00e1 um n\u00famero de rastreamento por e-mail, permitindo que voc\u00ea rastreie seu pedido.<\/p><p class=\"xsj_paragraph xsj_paragraph_level_0\" data-source-line=\"48\" data-source-line-display=\"true\">R: Se voc\u00ea cancelar seu pedido, poder\u00e1 entrar em contato com nosso departamento de atendimento ao cliente, que ir\u00e1 atend\u00ea-lo.<\/p><div class=\"xiaoshujiang_element xsj_anchor\"><a class=\"blank_anchor_name\" name=\"q20why20was20my20itemorder20canceled_6\"><\/a><a id=\"q20why20was20my20itemorder20canceled_6\" class=\"blank_anchor_id\"><\/a><a class=\"blank_anchor_name\" name=\"q-why-was-my-itemorder-canceled\"><\/a><a id=\"q-why-was-my-itemorder-canceled\" class=\"blank_anchor_id\"><\/a><\/div><h4 id=\"q20why20was20my20itemorder20canceled_6\" class=\"xsj_heading_hash xsj_heading xsj_heading_h4\" data-source-line=\"52\" data-source-line-display=\"true\"><span class=\"xsj_heading_content\">P: POR QUE MEU ITEM\/PEDIDO FOI CANCELADO?<\/span><\/h4><p class=\"xsj_paragraph xsj_paragraph_level_0\" data-source-line=\"54\" data-source-line-display=\"true\">R: Seu pedido foi cancelado pelos seguintes motivos: Os itens ficaram indispon\u00edveis depois que seu pedido foi feito. Dificuldade em processar suas informa\u00e7\u00f5es de pagamento, Incapacidade de enviar para o endere\u00e7o fornecido. Se voc\u00ea tiver d\u00favidas ou quiser fazer um novo pedido, entre em contato conosco<\/p><div class=\"xiaoshujiang_element xsj_anchor\"><a class=\"blank_anchor_name\" name=\"q20what20if20i20forget20my20password_7\"><\/a><a id=\"q20what20if20i20forget20my20password_7\" class=\"blank_anchor_id\"><\/a><a class=\"blank_anchor_name\" name=\"q-what-if-i-forget-my-password\"><\/a><a id=\"q-what-if-i-forget-my-password\" class=\"blank_anchor_id\"><\/a><\/div><h4 id=\"q20what20if20i20forget20my20password_7\" class=\"xsj_heading_hash xsj_heading xsj_heading_h4\" data-source-line=\"58\" data-source-line-display=\"true\"><span class=\"xsj_heading_content\">P: E SE EU ESQUECER MINHA SENHA?<\/span><\/h4><p class=\"xsj_paragraph xsj_paragraph_level_0\" data-source-line=\"60\" data-source-line-display=\"true\">R: Podemos enviar-lhe rapidamente por e-mail um link para redefinir sua senha. Clique aqui para ir para a p\u00e1gina de login e clique em \u201cEsqueceu sua senha?\u201d.<\/p><div class=\"xiaoshujiang_element xsj_anchor\"><a class=\"blank_anchor_name\" name=\"q20when20will20i20receive20my20refund_8\"><\/a><a id=\"q20when20will20i20receive20my20refund_8\" class=\"blank_anchor_id\"><\/a><a class=\"blank_anchor_name\" name=\"q-when-will-i-receive-my-refund\"><\/a><a id=\"q-when-will-i-receive-my-refund\" class=\"blank_anchor_id\"><\/a><\/div><h4 id=\"q20when20will20i20receive20my20refund_8\" class=\"xsj_heading_hash xsj_heading xsj_heading_h4\" data-source-line=\"64\" data-source-line-display=\"true\"><span class=\"xsj_heading_content\">P: QUANDO RECEBEREI MEU REEMBOLSO?<\/span><\/h4><p class=\"xsj_paragraph xsj_paragraph_level_0\" data-source-line=\"66\" data-source-line-display=\"true\">R: O reembolso causado pelo cancelamento do pedido, acordo de reembolso ou media\u00e7\u00e3o ser\u00e1 processado instantaneamente na conta Landmark. No entanto, a exibi\u00e7\u00e3o na fatura do seu cart\u00e3o de cr\u00e9dito pode levar de 7 a 10 dias \u00fateis.<\/p>\t\t\t\t\t\t<\/div>\n\t\t\t\t<\/div>\n\t\t\t\t\t<\/div>\n\t\t<\/div>\n\t\t\t\t\t<\/div>\n\t\t<\/section>\n\t\t\t\t<\/div>","protected":false},"excerpt":{"rendered":"<p>Help &#038; FAQS Help &amp; FAQS Q: DO I NEED AN ACCOUNT TO PLACE AN ORDER? A: To pay for your order at Landmark Mall, follow the steps below: Select the order and click the &#8220;Pay Now&#8221; button Choose the PayPal payment method on the checkout page Q: WHAT PAYMENT METHODS DO YOU ACCEPT? A: [&hellip;]<\/p>","protected":false},"author":1,"featured_media":0,"parent":0,"menu_order":0,"comment_status":"closed","ping_status":"closed","template":"","meta":{"site-sidebar-layout":"no-sidebar","site-content-layout":"page-builder","ast-site-content-layout":"","site-content-style":"default","site-sidebar-style":"default","ast-global-header-display":"","ast-banner-title-visibility":"","ast-main-header-display":"","ast-hfb-above-header-display":"","ast-hfb-below-header-display":"","ast-hfb-mobile-header-display":"","site-post-title":"disabled","ast-breadcrumbs-content":"","ast-featured-img":"disabled","footer-sml-layout":"","theme-transparent-header-meta":"default","adv-header-id-meta":"","stick-header-meta":"","header-above-stick-meta":"","header-main-stick-meta":"","header-below-stick-meta":"","astra-migrate-meta-layouts":"default","ast-page-background-enabled":"default","ast-page-background-meta":{"desktop":{"background-color":"var(--ast-global-color-4)","background-image":"","background-repeat":"repeat","background-position":"center center","background-size":"auto","background-attachment":"scroll","background-type":"","background-media":"","overlay-type":"","overlay-color":"","overlay-opacity":"","overlay-gradient":""},"tablet":{"background-color":"","background-image":"","background-repeat":"repeat","background-position":"center center","background-size":"auto","background-attachment":"scroll","background-type":"","background-media":"","overlay-type":"","overlay-color":"","overlay-opacity":"","overlay-gradient":""},"mobile":{"background-color":"","background-image":"","background-repeat":"repeat","background-position":"center center","background-size":"auto","background-attachment":"scroll","background-type":"","background-media":"","overlay-type":"","overlay-color":"","overlay-opacity":"","overlay-gradient":""}},"ast-content-background-meta":{"desktop":{"background-color":"var(--ast-global-color-5)","background-image":"","background-repeat":"repeat","background-position":"center center","background-size":"auto","background-attachment":"scroll","background-type":"","background-media":"","overlay-type":"","overlay-color":"","overlay-opacity":"","overlay-gradient":""},"tablet":{"background-color":"var(--ast-global-color-5)","background-image":"","background-repeat":"repeat","background-position":"center center","background-size":"auto","background-attachment":"scroll","background-type":"","background-media":"","overlay-type":"","overlay-color":"","overlay-opacity":"","overlay-gradient":""},"mobile":{"background-color":"var(--ast-global-color-5)","background-image":"","background-repeat":"repeat","background-position":"center center","background-size":"auto","background-attachment":"scroll","background-type":"","background-media":"","overlay-type":"","overlay-color":"","overlay-opacity":"","overlay-gradient":""}},"footnotes":""},"class_list":["post-2548","page","type-page","status-publish","hentry"],"yoast_head":"<!-- This site is optimized with the Yoast SEO Premium plugin v20.7 (Yoast SEO v27.6) - https:\/\/yoast.com\/product\/yoast-seo-premium-wordpress\/ -->\n<title>Help &amp; FAQS - landmark<\/title>\n<meta name=\"robots\" content=\"index, follow, max-snippet:-1, max-image-preview:large, max-video-preview:-1\" \/>\n<link rel=\"canonical\" href=\"https:\/\/synthetichairwig.com\/pt\/perguntas-frequentes-sobre-ajuda\/\" \/>\n<meta property=\"og:locale\" content=\"pt_PT\" \/>\n<meta property=\"og:type\" content=\"article\" \/>\n<meta property=\"og:title\" content=\"Help &amp; FAQS\" \/>\n<meta property=\"og:description\" content=\"Help &#038; FAQS Help &amp; FAQS Q: DO I NEED AN ACCOUNT TO PLACE AN ORDER? A: To pay for your order at Landmark Mall, follow the steps below: Select the order and click the &#8220;Pay Now&#8221; button Choose the PayPal payment method on the checkout page Q: WHAT PAYMENT METHODS DO YOU ACCEPT? A: [&hellip;]\" \/>\n<meta property=\"og:url\" content=\"https:\/\/synthetichairwig.com\/pt\/perguntas-frequentes-sobre-ajuda\/\" \/>\n<meta property=\"og:site_name\" content=\"landmark\" \/>\n<meta property=\"article:modified_time\" content=\"2023-06-21T06:29:54+00:00\" \/>\n<meta name=\"twitter:card\" content=\"summary_large_image\" \/>\n<meta name=\"twitter:label1\" content=\"Tempo estimado de leitura\" \/>\n\t<meta name=\"twitter:data1\" content=\"3 minutos\" \/>\n<script type=\"application\/ld+json\" class=\"yoast-schema-graph\">{\"@context\":\"https:\\\/\\\/schema.org\",\"@graph\":[{\"@type\":\"WebPage\",\"@id\":\"https:\\\/\\\/synthetichairwig.com\\\/help-faqs\\\/\",\"url\":\"https:\\\/\\\/synthetichairwig.com\\\/help-faqs\\\/\",\"name\":\"Help & FAQS - landmark\",\"isPartOf\":{\"@id\":\"https:\\\/\\\/synthetichairwig.com\\\/#website\"},\"datePublished\":\"2023-06-21T06:28:36+00:00\",\"dateModified\":\"2023-06-21T06:29:54+00:00\",\"breadcrumb\":{\"@id\":\"https:\\\/\\\/synthetichairwig.com\\\/help-faqs\\\/#breadcrumb\"},\"inLanguage\":\"pt-PT\",\"potentialAction\":[{\"@type\":\"ReadAction\",\"target\":[\"https:\\\/\\\/synthetichairwig.com\\\/help-faqs\\\/\"]}]},{\"@type\":\"BreadcrumbList\",\"@id\":\"https:\\\/\\\/synthetichairwig.com\\\/help-faqs\\\/#breadcrumb\",\"itemListElement\":[{\"@type\":\"ListItem\",\"position\":1,\"name\":\"Home\",\"item\":\"https:\\\/\\\/synthetichairwig.com\\\/\"},{\"@type\":\"ListItem\",\"position\":2,\"name\":\"Help &#038; FAQS\"}]},{\"@type\":\"WebSite\",\"@id\":\"https:\\\/\\\/synthetichairwig.com\\\/#website\",\"url\":\"https:\\\/\\\/synthetichairwig.com\\\/\",\"name\":\"landmark\",\"description\":\"My WordPress Blog\",\"publisher\":{\"@id\":\"https:\\\/\\\/synthetichairwig.com\\\/#organization\"},\"potentialAction\":[{\"@type\":\"SearchAction\",\"target\":{\"@type\":\"EntryPoint\",\"urlTemplate\":\"https:\\\/\\\/synthetichairwig.com\\\/?s={search_term_string}\"},\"query-input\":{\"@type\":\"PropertyValueSpecification\",\"valueRequired\":true,\"valueName\":\"search_term_string\"}}],\"inLanguage\":\"pt-PT\"},{\"@type\":\"Organization\",\"@id\":\"https:\\\/\\\/synthetichairwig.com\\\/#organization\",\"name\":\"landmark\",\"url\":\"https:\\\/\\\/synthetichairwig.com\\\/\",\"logo\":{\"@type\":\"ImageObject\",\"inLanguage\":\"pt-PT\",\"@id\":\"https:\\\/\\\/synthetichairwig.com\\\/#\\\/schema\\\/logo\\\/image\\\/\",\"url\":\"https:\\\/\\\/synthetichairwig.com\\\/wp-content\\\/uploads\\\/2023\\\/06\\\/cropped-logo3.png\",\"contentUrl\":\"https:\\\/\\\/synthetichairwig.com\\\/wp-content\\\/uploads\\\/2023\\\/06\\\/cropped-logo3.png\",\"width\":1704,\"height\":768,\"caption\":\"landmark\"},\"image\":{\"@id\":\"https:\\\/\\\/synthetichairwig.com\\\/#\\\/schema\\\/logo\\\/image\\\/\"}}]}<\/script>\n<!-- \/ Yoast SEO Premium plugin. -->","yoast_head_json":{"title":"Help & FAQS - landmark","robots":{"index":"index","follow":"follow","max-snippet":"max-snippet:-1","max-image-preview":"max-image-preview:large","max-video-preview":"max-video-preview:-1"},"canonical":"https:\/\/synthetichairwig.com\/pt\/perguntas-frequentes-sobre-ajuda\/","og_locale":"pt_PT","og_type":"article","og_title":"Help & FAQS","og_description":"Help &#038; FAQS Help &amp; FAQS Q: DO I NEED AN ACCOUNT TO PLACE AN ORDER? A: To pay for your order at Landmark Mall, follow the steps below: Select the order and click the &#8220;Pay Now&#8221; button Choose the PayPal payment method on the checkout page Q: WHAT PAYMENT METHODS DO YOU ACCEPT? A: [&hellip;]","og_url":"https:\/\/synthetichairwig.com\/pt\/perguntas-frequentes-sobre-ajuda\/","og_site_name":"landmark","article_modified_time":"2023-06-21T06:29:54+00:00","twitter_card":"summary_large_image","twitter_misc":{"Tempo estimado de leitura":"3 minutos"},"schema":{"@context":"https:\/\/schema.org","@graph":[{"@type":"WebPage","@id":"https:\/\/synthetichairwig.com\/help-faqs\/","url":"https:\/\/synthetichairwig.com\/help-faqs\/","name":"Help & FAQS - landmark","isPartOf":{"@id":"https:\/\/synthetichairwig.com\/#website"},"datePublished":"2023-06-21T06:28:36+00:00","dateModified":"2023-06-21T06:29:54+00:00","breadcrumb":{"@id":"https:\/\/synthetichairwig.com\/help-faqs\/#breadcrumb"},"inLanguage":"pt-PT","potentialAction":[{"@type":"ReadAction","target":["https:\/\/synthetichairwig.com\/help-faqs\/"]}]},{"@type":"BreadcrumbList","@id":"https:\/\/synthetichairwig.com\/help-faqs\/#breadcrumb","itemListElement":[{"@type":"ListItem","position":1,"name":"Home","item":"https:\/\/synthetichairwig.com\/"},{"@type":"ListItem","position":2,"name":"Help &#038; FAQS"}]},{"@type":"WebSite","@id":"https:\/\/synthetichairwig.com\/#website","url":"https:\/\/synthetichairwig.com\/","name":"landmark","description":"My WordPress Blog","publisher":{"@id":"https:\/\/synthetichairwig.com\/#organization"},"potentialAction":[{"@type":"SearchAction","target":{"@type":"EntryPoint","urlTemplate":"https:\/\/synthetichairwig.com\/?s={search_term_string}"},"query-input":{"@type":"PropertyValueSpecification","valueRequired":true,"valueName":"search_term_string"}}],"inLanguage":"pt-PT"},{"@type":"Organization","@id":"https:\/\/synthetichairwig.com\/#organization","name":"landmark","url":"https:\/\/synthetichairwig.com\/","logo":{"@type":"ImageObject","inLanguage":"pt-PT","@id":"https:\/\/synthetichairwig.com\/#\/schema\/logo\/image\/","url":"https:\/\/synthetichairwig.com\/wp-content\/uploads\/2023\/06\/cropped-logo3.png","contentUrl":"https:\/\/synthetichairwig.com\/wp-content\/uploads\/2023\/06\/cropped-logo3.png","width":1704,"height":768,"caption":"landmark"},"image":{"@id":"https:\/\/synthetichairwig.com\/#\/schema\/logo\/image\/"}}]}},"_links":{"self":[{"href":"https:\/\/synthetichairwig.com\/pt\/wp-json\/wp\/v2\/pages\/2548","targetHints":{"allow":["GET"]}}],"collection":[{"href":"https:\/\/synthetichairwig.com\/pt\/wp-json\/wp\/v2\/pages"}],"about":[{"href":"https:\/\/synthetichairwig.com\/pt\/wp-json\/wp\/v2\/types\/page"}],"author":[{"embeddable":true,"href":"https:\/\/synthetichairwig.com\/pt\/wp-json\/wp\/v2\/users\/1"}],"replies":[{"embeddable":true,"href":"https:\/\/synthetichairwig.com\/pt\/wp-json\/wp\/v2\/comments?post=2548"}],"version-history":[{"count":0,"href":"https:\/\/synthetichairwig.com\/pt\/wp-json\/wp\/v2\/pages\/2548\/revisions"}],"wp:attachment":[{"href":"https:\/\/synthetichairwig.com\/pt\/wp-json\/wp\/v2\/media?parent=2548"}],"curies":[{"name":"wp","href":"https:\/\/api.w.org\/{rel}","templated":true}]}}