{"id":2564,"date":"2023-06-21T06:38:16","date_gmt":"2023-06-21T06:38:16","guid":{"rendered":"https:\/\/synthetichairwig.com\/?page_id=2564"},"modified":"2023-06-21T06:40:16","modified_gmt":"2023-06-21T06:40:16","slug":"refund-policy","status":"publish","type":"page","link":"https:\/\/synthetichairwig.com\/pt\/politica-de-reembolso\/","title":{"rendered":"Politica de reembolso"},"content":{"rendered":"<div data-elementor-type=\"wp-page\" data-elementor-id=\"2564\" class=\"elementor elementor-2564\" data-elementor-post-type=\"page\">\n\t\t\t\t\t\t<section data-particle_enable=\"false\" data-particle-mobile-disabled=\"false\" class=\"elementor-section elementor-top-section elementor-element elementor-element-6be9274 elementor-section-boxed elementor-section-height-default elementor-section-height-default\" data-id=\"6be9274\" data-element_type=\"section\">\n\t\t\t\t\t\t<div class=\"elementor-container elementor-column-gap-default\">\n\t\t\t\t\t<div class=\"elementor-column elementor-col-100 elementor-top-column elementor-element elementor-element-123e3f1\" data-id=\"123e3f1\" data-element_type=\"column\">\n\t\t\t<div class=\"elementor-widget-wrap elementor-element-populated\">\n\t\t\t\t\t\t<div class=\"elementor-element elementor-element-48f58c9 elementor-widget elementor-widget-spacer\" data-id=\"48f58c9\" data-element_type=\"widget\" data-widget_type=\"spacer.default\">\n\t\t\t\t<div class=\"elementor-widget-container\">\n\t\t\t\t\t<div class=\"elementor-spacer\">\n\t\t\t<div class=\"elementor-spacer-inner\"><\/div>\n\t\t<\/div>\n\t\t\t\t<\/div>\n\t\t\t\t<\/div>\n\t\t\t\t\t<\/div>\n\t\t<\/div>\n\t\t\t\t\t<\/div>\n\t\t<\/section>\n\t\t\t\t<section data-particle_enable=\"false\" data-particle-mobile-disabled=\"false\" class=\"elementor-section elementor-top-section elementor-element elementor-element-ed9fc64 elementor-section-boxed elementor-section-height-default elementor-section-height-default\" data-id=\"ed9fc64\" data-element_type=\"section\">\n\t\t\t\t\t\t<div class=\"elementor-container elementor-column-gap-default\">\n\t\t\t\t\t<div class=\"elementor-column elementor-col-100 elementor-top-column elementor-element elementor-element-2eb16ef\" data-id=\"2eb16ef\" data-element_type=\"column\">\n\t\t\t<div class=\"elementor-widget-wrap elementor-element-populated\">\n\t\t\t\t\t\t<div class=\"elementor-element elementor-element-186f62f elementor-widget elementor-widget-heading\" data-id=\"186f62f\" data-element_type=\"widget\" data-widget_type=\"heading.default\">\n\t\t\t\t<div class=\"elementor-widget-container\">\n\t\t\t<h2 class=\"elementor-heading-title elementor-size-default\">Politica de reembolso\n<\/h2>\t\t<\/div>\n\t\t\t\t<\/div>\n\t\t\t\t\t<\/div>\n\t\t<\/div>\n\t\t\t\t\t<\/div>\n\t\t<\/section>\n\t\t\t\t<section data-particle_enable=\"false\" data-particle-mobile-disabled=\"false\" class=\"elementor-section elementor-top-section elementor-element elementor-element-fbefcd3 elementor-section-boxed elementor-section-height-default elementor-section-height-default\" data-id=\"fbefcd3\" data-element_type=\"section\">\n\t\t\t\t\t\t<div class=\"elementor-container elementor-column-gap-default\">\n\t\t\t\t\t<div class=\"elementor-column elementor-col-100 elementor-top-column elementor-element elementor-element-8062a2f\" data-id=\"8062a2f\" data-element_type=\"column\">\n\t\t\t<div class=\"elementor-widget-wrap elementor-element-populated\">\n\t\t\t\t\t\t<div class=\"elementor-element elementor-element-33ac1e0 elementor-widget elementor-widget-text-editor\" data-id=\"33ac1e0\" data-element_type=\"widget\" data-widget_type=\"text-editor.default\">\n\t\t\t\t<div class=\"elementor-widget-container\">\n\t\t\t\t\t\t\t<p class=\"xsj_paragraph xsj_paragraph_level_0\" data-source-line=\"0\" data-source-line-display=\"true\"><strong class=\"markdown_strong_asterisk\">Sobre o retorno.<\/strong><\/p><p class=\"xsj_paragraph xsj_paragraph_level_0\" data-source-line=\"4\" data-source-line-display=\"true\">Aceitamos devolu\u00e7\u00f5es f\u00e1ceis? Sim! A satisfa\u00e7\u00e3o do nosso cliente \u00e9 o nosso destino! Sinta-se \u00e0 vontade para devolver qualquer item eleg\u00edvel dentro de 30 dias.<\/p><ol class=\"markdown_ol\" data-source-line=\"8\"><li data-source-line=\"8\"><p class=\"xsj_paragraph xsj_paragraph_level_2\">Os itens devolvidos dentro de 30 dias ap\u00f3s o recebimento do pedido original ser\u00e3o eleg\u00edveis para reembolso se apresentarem um defeito de fabrica\u00e7\u00e3o evidente, como tamanho, estilo, material do cabelo, constru\u00e7\u00e3o da tampa ou cor n\u00e3o corresponder \u00e0 descri\u00e7\u00e3o. entre em contato conosco, nosso atendimento ao cliente responder\u00e1 o mais breve poss\u00edvel.<\/p><\/li><li data-source-line=\"12\"><p class=\"xsj_paragraph xsj_paragraph_level_2\">Os itens devem ser devolvidos em condi\u00e7\u00f5es originais de f\u00e1brica (inalterados, sem uso, sem danos e com etiquetas anexadas na embalagem original), pois n\u00e3o vendemos produtos recondicionados ou de propriedade anterior. Certifique-se de que a peruca esteja INTATA e que o RENDA N\u00c3O tenha sido cortado.<\/p><\/li><li data-source-line=\"16\"><p class=\"xsj_paragraph xsj_paragraph_level_2\">Observe que se desejar devolver alguma ou todas as partes do seu pedido, voc\u00ea deve primeiro entrar em contato com o atendimento ao cliente; voc\u00ea pode enviar os itens de volta ap\u00f3s sua confirma\u00e7\u00e3o. Assim que o item devolvido for recebido e inspecionado, seu reembolso ser\u00e1 processado e aplicado automaticamente \u00e0 sua conta de pagamento original. O comprador precisa pagar a taxa de envio de devolu\u00e7\u00e3o. Ou voc\u00ea pode ficar com o produto e negociar diretamente com nosso atendimento ao cliente o reembolso.<\/p><\/li><li data-source-line=\"20\"><p class=\"xsj_paragraph xsj_paragraph_level_2\">Produtos de cuidado e estilo, acess\u00f3rios, l\u00edquidos e itens de pedidos especiais n\u00e3o s\u00e3o eleg\u00edveis para devolu\u00e7\u00e3o. Observe que os presentes devem ser enviados com a embalagem original.<\/p><\/li><li data-source-line=\"24\"><p class=\"xsj_paragraph xsj_paragraph_level_2\">Depois de autorizado o pedido de devolu\u00e7\u00e3o, os produtos poder\u00e3o ser reenviados para a morada que lhe indic\u00e1mos. Por favor, envie um e-mail sobre o n\u00famero do seu pedido e o n\u00famero do pacote devolvido.<\/p><\/li><\/ol><p class=\"xsj_paragraph xsj_paragraph_level_0\" data-source-line=\"28\" data-source-line-display=\"true\"><strong class=\"markdown_strong_asterisk\">Reembolso ou Troca<\/strong><\/p><p class=\"xsj_paragraph xsj_paragraph_level_0\" data-source-line=\"32\" data-source-line-display=\"true\"><strong class=\"markdown_strong_asterisk\">Reembolso<\/strong><\/p><p class=\"xsj_paragraph xsj_paragraph_level_0\" data-source-line=\"36\" data-source-line-display=\"true\">1. Se a devolu\u00e7\u00e3o for devido a nossos problemas (como produtos incorretos, problemas de qualidade dos produtos), ofereceremos um reembolso total para voc\u00ea.<\/p><p class=\"xsj_paragraph xsj_paragraph_level_0\" data-source-line=\"40\" data-source-line-display=\"true\">2. se a devolu\u00e7\u00e3o for devido a um problema do comprador (como: n\u00e3o gosto\/n\u00e3o preciso mais, pe\u00e7a produto\/tamanho errado), removeremos $20 do seu pagamento como perda de taxa de envio e antes de fazer qualquer devolu\u00e7\u00e3o, entre em contato com nossa equipe de atendimento dentro de 30 dias ap\u00f3s receber o pacote de cabelo.<\/p><p class=\"xsj_paragraph xsj_paragraph_level_0\" data-source-line=\"44\" data-source-line-display=\"true\">3. Assim que seus produtos devolvidos forem recebidos e inspecionados, enviaremos um e-mail ou mensagem para notific\u00e1-lo de que recebemos o item. Tamb\u00e9m iremos inform\u00e1-lo sobre a aprova\u00e7\u00e3o ou rejei\u00e7\u00e3o do seu reembolso. Assim que concordarmos, o reembolso ser\u00e1 processado; trataremos do reembolso atrav\u00e9s do pagamento que recebemos do PayPal; se voc\u00ea tiver um PayPal registrado, receber\u00e1 o reembolso dentro de 1 a 2 dias \u00fateis; se voc\u00ea estiver usando um m\u00e9todo de pagamento com cart\u00e3o de d\u00e9bito ou cart\u00e3o Visa, o que levaria de 7 a 10 dias \u00fateis se voc\u00ea quiser devolv\u00ea-lo mais r\u00e1pido, entre em contato com o servi\u00e7o banc\u00e1rio local. Caso voc\u00ea n\u00e3o utilize mais o cart\u00e3o original, entre em contato conosco com anteced\u00eancia para evitar qualquer perda.<\/p><p class=\"xsj_paragraph xsj_paragraph_level_0\" data-source-line=\"48\" data-source-line-display=\"true\">4. Se o cabelo estiver danificado ou com defeito, faremos um reembolso parcial; nosso atendimento ao cliente conversar\u00e1 com voc\u00ea para obter informa\u00e7\u00f5es detalhadas sobre reembolso.<\/p><p class=\"xsj_paragraph xsj_paragraph_level_0\" data-source-line=\"52\" data-source-line-display=\"true\"><strong class=\"markdown_strong_asterisk\">Interc\u00e2mbio<\/strong><\/p><p class=\"xsj_paragraph xsj_paragraph_level_0\" data-source-line=\"56\" data-source-line-display=\"true\">Desde que o cabelo que voc\u00ea devolveu esteja em bom estado. Caso n\u00e3o queira reembolso e queira trocar cabelos diferentes, aceitamos; o novo casaco que voc\u00ea deseja; se o pre\u00e7o for superior aos produtos devolvidos, voc\u00ea precisar\u00e1 pagar uma taxa extra para obter o cabelo mais recente; se o novo cabelo for inferior aos produtos que voc\u00ea devolveu, providenciaremos um pre\u00e7o diferente para voc\u00ea e providenciaremos um novo pacote de cabelo para voc\u00ea o mais r\u00e1pido poss\u00edvel. Entraremos em contato com voc\u00ea por e-mail durante todo o processo, portanto, preste mais aten\u00e7\u00e3o ao seu e-mail.<\/p>\t\t\t\t\t\t<\/div>\n\t\t\t\t<\/div>\n\t\t\t\t\t<\/div>\n\t\t<\/div>\n\t\t\t\t\t<\/div>\n\t\t<\/section>\n\t\t\t\t<\/div>","protected":false},"excerpt":{"rendered":"<p>Refund policy About the return. Do we accept easy returns? Yes! Our customer satisfaction is our destination! Please feel free to return any eligible item within 30 days. Items returned within 30 days of receiving your original order will be eligible for a refund if it has an evident manufacturing defect, such as the size, [&hellip;]<\/p>","protected":false},"author":1,"featured_media":0,"parent":0,"menu_order":0,"comment_status":"closed","ping_status":"closed","template":"","meta":{"site-sidebar-layout":"no-sidebar","site-content-layout":"page-builder","ast-site-content-layout":"","site-content-style":"default","site-sidebar-style":"default","ast-global-header-display":"","ast-banner-title-visibility":"","ast-main-header-display":"","ast-hfb-above-header-display":"","ast-hfb-below-header-display":"","ast-hfb-mobile-header-display":"","site-post-title":"disabled","ast-breadcrumbs-content":"","ast-featured-img":"disabled","footer-sml-layout":"","theme-transparent-header-meta":"default","adv-header-id-meta":"","stick-header-meta":"","header-above-stick-meta":"","header-main-stick-meta":"","header-below-stick-meta":"","astra-migrate-meta-layouts":"default","ast-page-background-enabled":"default","ast-page-background-meta":{"desktop":{"background-color":"var(--ast-global-color-4)","background-image":"","background-repeat":"repeat","background-position":"center center","background-size":"auto","background-attachment":"scroll","background-type":"","background-media":"","overlay-type":"","overlay-color":"","overlay-opacity":"","overlay-gradient":""},"tablet":{"background-color":"","background-image":"","background-repeat":"repeat","background-position":"center center","background-size":"auto","background-attachment":"scroll","background-type":"","background-media":"","overlay-type":"","overlay-color":"","overlay-opacity":"","overlay-gradient":""},"mobile":{"background-color":"","background-image":"","background-repeat":"repeat","background-position":"center center","background-size":"auto","background-attachment":"scroll","background-type":"","background-media":"","overlay-type":"","overlay-color":"","overlay-opacity":"","overlay-gradient":""}},"ast-content-background-meta":{"desktop":{"background-color":"var(--ast-global-color-5)","background-image":"","background-repeat":"repeat","background-position":"center center","background-size":"auto","background-attachment":"scroll","background-type":"","background-media":"","overlay-type":"","overlay-color":"","overlay-opacity":"","overlay-gradient":""},"tablet":{"background-color":"var(--ast-global-color-5)","background-image":"","background-repeat":"repeat","background-position":"center center","background-size":"auto","background-attachment":"scroll","background-type":"","background-media":"","overlay-type":"","overlay-color":"","overlay-opacity":"","overlay-gradient":""},"mobile":{"background-color":"var(--ast-global-color-5)","background-image":"","background-repeat":"repeat","background-position":"center center","background-size":"auto","background-attachment":"scroll","background-type":"","background-media":"","overlay-type":"","overlay-color":"","overlay-opacity":"","overlay-gradient":""}},"footnotes":""},"class_list":["post-2564","page","type-page","status-publish","hentry"],"yoast_head":"<!-- This site is optimized with the Yoast SEO Premium plugin v20.7 (Yoast SEO v27.6) - https:\/\/yoast.com\/product\/yoast-seo-premium-wordpress\/ -->\n<title>Refund policy - landmark<\/title>\n<meta name=\"robots\" content=\"index, follow, max-snippet:-1, max-image-preview:large, max-video-preview:-1\" \/>\n<link rel=\"canonical\" href=\"https:\/\/synthetichairwig.com\/pt\/politica-de-reembolso\/\" \/>\n<meta property=\"og:locale\" content=\"pt_PT\" \/>\n<meta property=\"og:type\" content=\"article\" \/>\n<meta property=\"og:title\" content=\"Refund policy\" \/>\n<meta property=\"og:description\" content=\"Refund policy About the return. Do we accept easy returns? Yes! Our customer satisfaction is our destination! Please feel free to return any eligible item within 30 days. Items returned within 30 days of receiving your original order will be eligible for a refund if it has an evident manufacturing defect, such as the size, [&hellip;]\" \/>\n<meta property=\"og:url\" content=\"https:\/\/synthetichairwig.com\/pt\/politica-de-reembolso\/\" \/>\n<meta property=\"og:site_name\" content=\"landmark\" \/>\n<meta property=\"article:modified_time\" content=\"2023-06-21T06:40:16+00:00\" \/>\n<meta name=\"twitter:card\" content=\"summary_large_image\" \/>\n<meta name=\"twitter:label1\" content=\"Tempo estimado de leitura\" \/>\n\t<meta name=\"twitter:data1\" content=\"3 minutos\" \/>\n<script type=\"application\/ld+json\" class=\"yoast-schema-graph\">{\"@context\":\"https:\\\/\\\/schema.org\",\"@graph\":[{\"@type\":\"WebPage\",\"@id\":\"https:\\\/\\\/synthetichairwig.com\\\/refund-policy\\\/\",\"url\":\"https:\\\/\\\/synthetichairwig.com\\\/refund-policy\\\/\",\"name\":\"Refund policy - landmark\",\"isPartOf\":{\"@id\":\"https:\\\/\\\/synthetichairwig.com\\\/#website\"},\"datePublished\":\"2023-06-21T06:38:16+00:00\",\"dateModified\":\"2023-06-21T06:40:16+00:00\",\"breadcrumb\":{\"@id\":\"https:\\\/\\\/synthetichairwig.com\\\/refund-policy\\\/#breadcrumb\"},\"inLanguage\":\"pt-PT\",\"potentialAction\":[{\"@type\":\"ReadAction\",\"target\":[\"https:\\\/\\\/synthetichairwig.com\\\/refund-policy\\\/\"]}]},{\"@type\":\"BreadcrumbList\",\"@id\":\"https:\\\/\\\/synthetichairwig.com\\\/refund-policy\\\/#breadcrumb\",\"itemListElement\":[{\"@type\":\"ListItem\",\"position\":1,\"name\":\"Home\",\"item\":\"https:\\\/\\\/synthetichairwig.com\\\/\"},{\"@type\":\"ListItem\",\"position\":2,\"name\":\"Refund policy\"}]},{\"@type\":\"WebSite\",\"@id\":\"https:\\\/\\\/synthetichairwig.com\\\/#website\",\"url\":\"https:\\\/\\\/synthetichairwig.com\\\/\",\"name\":\"landmark\",\"description\":\"My WordPress Blog\",\"publisher\":{\"@id\":\"https:\\\/\\\/synthetichairwig.com\\\/#organization\"},\"potentialAction\":[{\"@type\":\"SearchAction\",\"target\":{\"@type\":\"EntryPoint\",\"urlTemplate\":\"https:\\\/\\\/synthetichairwig.com\\\/?s={search_term_string}\"},\"query-input\":{\"@type\":\"PropertyValueSpecification\",\"valueRequired\":true,\"valueName\":\"search_term_string\"}}],\"inLanguage\":\"pt-PT\"},{\"@type\":\"Organization\",\"@id\":\"https:\\\/\\\/synthetichairwig.com\\\/#organization\",\"name\":\"landmark\",\"url\":\"https:\\\/\\\/synthetichairwig.com\\\/\",\"logo\":{\"@type\":\"ImageObject\",\"inLanguage\":\"pt-PT\",\"@id\":\"https:\\\/\\\/synthetichairwig.com\\\/#\\\/schema\\\/logo\\\/image\\\/\",\"url\":\"https:\\\/\\\/synthetichairwig.com\\\/wp-content\\\/uploads\\\/2023\\\/06\\\/cropped-logo3.png\",\"contentUrl\":\"https:\\\/\\\/synthetichairwig.com\\\/wp-content\\\/uploads\\\/2023\\\/06\\\/cropped-logo3.png\",\"width\":1704,\"height\":768,\"caption\":\"landmark\"},\"image\":{\"@id\":\"https:\\\/\\\/synthetichairwig.com\\\/#\\\/schema\\\/logo\\\/image\\\/\"}}]}<\/script>\n<!-- \/ Yoast SEO Premium plugin. -->","yoast_head_json":{"title":"Refund policy - landmark","robots":{"index":"index","follow":"follow","max-snippet":"max-snippet:-1","max-image-preview":"max-image-preview:large","max-video-preview":"max-video-preview:-1"},"canonical":"https:\/\/synthetichairwig.com\/pt\/politica-de-reembolso\/","og_locale":"pt_PT","og_type":"article","og_title":"Refund policy","og_description":"Refund policy About the return. Do we accept easy returns? Yes! Our customer satisfaction is our destination! Please feel free to return any eligible item within 30 days. Items returned within 30 days of receiving your original order will be eligible for a refund if it has an evident manufacturing defect, such as the size, [&hellip;]","og_url":"https:\/\/synthetichairwig.com\/pt\/politica-de-reembolso\/","og_site_name":"landmark","article_modified_time":"2023-06-21T06:40:16+00:00","twitter_card":"summary_large_image","twitter_misc":{"Tempo estimado de leitura":"3 minutos"},"schema":{"@context":"https:\/\/schema.org","@graph":[{"@type":"WebPage","@id":"https:\/\/synthetichairwig.com\/refund-policy\/","url":"https:\/\/synthetichairwig.com\/refund-policy\/","name":"Refund policy - landmark","isPartOf":{"@id":"https:\/\/synthetichairwig.com\/#website"},"datePublished":"2023-06-21T06:38:16+00:00","dateModified":"2023-06-21T06:40:16+00:00","breadcrumb":{"@id":"https:\/\/synthetichairwig.com\/refund-policy\/#breadcrumb"},"inLanguage":"pt-PT","potentialAction":[{"@type":"ReadAction","target":["https:\/\/synthetichairwig.com\/refund-policy\/"]}]},{"@type":"BreadcrumbList","@id":"https:\/\/synthetichairwig.com\/refund-policy\/#breadcrumb","itemListElement":[{"@type":"ListItem","position":1,"name":"Home","item":"https:\/\/synthetichairwig.com\/"},{"@type":"ListItem","position":2,"name":"Refund policy"}]},{"@type":"WebSite","@id":"https:\/\/synthetichairwig.com\/#website","url":"https:\/\/synthetichairwig.com\/","name":"landmark","description":"My WordPress Blog","publisher":{"@id":"https:\/\/synthetichairwig.com\/#organization"},"potentialAction":[{"@type":"SearchAction","target":{"@type":"EntryPoint","urlTemplate":"https:\/\/synthetichairwig.com\/?s={search_term_string}"},"query-input":{"@type":"PropertyValueSpecification","valueRequired":true,"valueName":"search_term_string"}}],"inLanguage":"pt-PT"},{"@type":"Organization","@id":"https:\/\/synthetichairwig.com\/#organization","name":"landmark","url":"https:\/\/synthetichairwig.com\/","logo":{"@type":"ImageObject","inLanguage":"pt-PT","@id":"https:\/\/synthetichairwig.com\/#\/schema\/logo\/image\/","url":"https:\/\/synthetichairwig.com\/wp-content\/uploads\/2023\/06\/cropped-logo3.png","contentUrl":"https:\/\/synthetichairwig.com\/wp-content\/uploads\/2023\/06\/cropped-logo3.png","width":1704,"height":768,"caption":"landmark"},"image":{"@id":"https:\/\/synthetichairwig.com\/#\/schema\/logo\/image\/"}}]}},"_links":{"self":[{"href":"https:\/\/synthetichairwig.com\/pt\/wp-json\/wp\/v2\/pages\/2564","targetHints":{"allow":["GET"]}}],"collection":[{"href":"https:\/\/synthetichairwig.com\/pt\/wp-json\/wp\/v2\/pages"}],"about":[{"href":"https:\/\/synthetichairwig.com\/pt\/wp-json\/wp\/v2\/types\/page"}],"author":[{"embeddable":true,"href":"https:\/\/synthetichairwig.com\/pt\/wp-json\/wp\/v2\/users\/1"}],"replies":[{"embeddable":true,"href":"https:\/\/synthetichairwig.com\/pt\/wp-json\/wp\/v2\/comments?post=2564"}],"version-history":[{"count":0,"href":"https:\/\/synthetichairwig.com\/pt\/wp-json\/wp\/v2\/pages\/2564\/revisions"}],"wp:attachment":[{"href":"https:\/\/synthetichairwig.com\/pt\/wp-json\/wp\/v2\/media?parent=2564"}],"curies":[{"name":"wp","href":"https:\/\/api.w.org\/{rel}","templated":true}]}}