{"id":1693,"date":"2023-06-20T07:00:15","date_gmt":"2023-06-20T07:00:15","guid":{"rendered":"https:\/\/synthetichairwig.com\/?post_type=product&#038;p=1693"},"modified":"2023-09-11T07:51:12","modified_gmt":"2023-09-11T07:51:12","slug":"light-blonde-peruvian-short-bob-heat-resistant-synthetic-wig-hair","status":"publish","type":"product","link":"https:\/\/synthetichairwig.com\/pt\/product\/light-blonde-peruvian-short-bob-heat-resistant-synthetic-wig-hair\/","title":{"rendered":"Cabelo sint\u00e9tico loiro claro peruano curto bob resistente ao calor"},"content":{"rendered":"<p><img fetchpriority=\"high\" decoding=\"async\" class=\"alignnone size-full wp-image-4374\" src=\"https:\/\/synthetichairwig.com\/wp-content\/uploads\/2023\/06\/006-1-1.jpg\" alt=\"\" width=\"800\" height=\"800\" srcset=\"https:\/\/synthetichairwig.com\/wp-content\/uploads\/2023\/06\/006-1-1.jpg 800w, https:\/\/synthetichairwig.com\/wp-content\/uploads\/2023\/06\/006-1-1-300x300.jpg 300w, https:\/\/synthetichairwig.com\/wp-content\/uploads\/2023\/06\/006-1-1-150x150.jpg 150w, https:\/\/synthetichairwig.com\/wp-content\/uploads\/2023\/06\/006-1-1-768x768.jpg 768w, https:\/\/synthetichairwig.com\/wp-content\/uploads\/2023\/06\/006-1-1-600x600.jpg 600w, https:\/\/synthetichairwig.com\/wp-content\/uploads\/2023\/06\/006-1-1-100x100.jpg 100w\" sizes=\"(max-width: 800px) 100vw, 800px\" \/> <img decoding=\"async\" class=\"alignnone size-full wp-image-4375\" src=\"https:\/\/synthetichairwig.com\/wp-content\/uploads\/2023\/06\/006-2-1.jpg\" alt=\"\" width=\"750\" height=\"750\" srcset=\"https:\/\/synthetichairwig.com\/wp-content\/uploads\/2023\/06\/006-2-1.jpg 750w, https:\/\/synthetichairwig.com\/wp-content\/uploads\/2023\/06\/006-2-1-300x300.jpg 300w, https:\/\/synthetichairwig.com\/wp-content\/uploads\/2023\/06\/006-2-1-150x150.jpg 150w, https:\/\/synthetichairwig.com\/wp-content\/uploads\/2023\/06\/006-2-1-600x600.jpg 600w, https:\/\/synthetichairwig.com\/wp-content\/uploads\/2023\/06\/006-2-1-100x100.jpg 100w\" sizes=\"(max-width: 750px) 100vw, 750px\" \/> <img decoding=\"async\" class=\"alignnone size-full wp-image-4376\" src=\"https:\/\/synthetichairwig.com\/wp-content\/uploads\/2023\/06\/006-3-1.jpg\" alt=\"\" width=\"750\" height=\"750\" srcset=\"https:\/\/synthetichairwig.com\/wp-content\/uploads\/2023\/06\/006-3-1.jpg 750w, https:\/\/synthetichairwig.com\/wp-content\/uploads\/2023\/06\/006-3-1-300x300.jpg 300w, https:\/\/synthetichairwig.com\/wp-content\/uploads\/2023\/06\/006-3-1-150x150.jpg 150w, https:\/\/synthetichairwig.com\/wp-content\/uploads\/2023\/06\/006-3-1-600x600.jpg 600w, https:\/\/synthetichairwig.com\/wp-content\/uploads\/2023\/06\/006-3-1-100x100.jpg 100w\" sizes=\"(max-width: 750px) 100vw, 750px\" \/> <img loading=\"lazy\" decoding=\"async\" class=\"alignnone size-full wp-image-4377\" src=\"https:\/\/synthetichairwig.com\/wp-content\/uploads\/2023\/06\/006-4-1.jpg\" alt=\"\" width=\"800\" height=\"800\" srcset=\"https:\/\/synthetichairwig.com\/wp-content\/uploads\/2023\/06\/006-4-1.jpg 800w, https:\/\/synthetichairwig.com\/wp-content\/uploads\/2023\/06\/006-4-1-300x300.jpg 300w, https:\/\/synthetichairwig.com\/wp-content\/uploads\/2023\/06\/006-4-1-150x150.jpg 150w, https:\/\/synthetichairwig.com\/wp-content\/uploads\/2023\/06\/006-4-1-768x768.jpg 768w, https:\/\/synthetichairwig.com\/wp-content\/uploads\/2023\/06\/006-4-1-600x600.jpg 600w, https:\/\/synthetichairwig.com\/wp-content\/uploads\/2023\/06\/006-4-1-100x100.jpg 100w\" sizes=\"(max-width: 800px) 100vw, 800px\" \/><\/p>\n<div id=\"footable_parent_1702\"\n         class=\"footable_parent ninja_table_wrapper loading_ninja_table wp_table_data_press_parent semantic_ui\">\n                <table data-ninja_table_instance=\"ninja_table_instance_0\" data-footable_id=\"1702\" data-filter-delay=\"1000\" aria-label=\"1\u65b01\u5efa XLSX arquivo (2).csv\"            id=\"footable_1702\"\n           data-unique_identifier=\"ninja_table_unique_id_326586331_1702\"\n           class=\"foo-table ninja_footable foo_table_1702 ninja_table_unique_id_326586331_1702 ui table  nt_type_legacy_table selectable striped vertical_centered  footable-paging-right ninja_table_search_disabled ninja_table_pro\">\n                <colgroup>\n                            <col class=\"ninja_column_0\">\n                            <col class=\"ninja_column_1\">\n                    <\/colgroup>\n        <thead>\n<tr class=\"footable-header\">\n                                        <th scope=\"col\"  class=\"ninja_column_0 ninja_clmn_nm_placeoforigin\">Lugar de origem:<\/th><th scope=\"col\"  class=\"ninja_column_1 ninja_clmn_nm_china\">China<\/th><\/tr>\n<\/thead>\n<tbody>\n\n        <tr data-row_id=\"1\" class=\"ninja_table_row_0 nt_row_id_1\">\n            <td>Marca:<\/td><td>Marco<\/td>        <\/tr>\n            <tr data-row_id=\"2\" class=\"ninja_table_row_1 nt_row_id_2\">\n            <td>N\u00famero do modelo:<\/td><td>7024<\/td>        <\/tr>\n            <tr data-row_id=\"3\" class=\"ninja_table_row_2 nt_row_id_3\">\n            <td>Peso:<\/td><td>100g<\/td>        <\/tr>\n            <tr data-row_id=\"4\" class=\"ninja_table_row_3 nt_row_id_4\">\n            <td>Estilo:<\/td><td>Direto<\/td>        <\/tr>\n            <tr data-row_id=\"5\" class=\"ninja_table_row_4 nt_row_id_5\">\n            <td>T\u00e9cnica:<\/td><td>Peruca feita \u00e0 m\u00e1quina<\/td>        <\/tr>\n            <tr data-row_id=\"6\" class=\"ninja_table_row_5 nt_row_id_6\">\n            <td>Tipo de peruca de renda:<\/td><td>Perucas frontais de renda<\/td>        <\/tr>\n            <tr data-row_id=\"7\" class=\"ninja_table_row_6 nt_row_id_7\">\n            <td>Densidade:<\/td><td>150%, 180%, 250%<\/td>        <\/tr>\n            <tr data-row_id=\"8\" class=\"ninja_table_row_7 nt_row_id_8\">\n            <td>Comprimento das perucas:<\/td><td>Curto<\/td>        <\/tr>\n            <tr data-row_id=\"9\" class=\"ninja_table_row_8 nt_row_id_9\">\n            <td>Tamanho da tampa:<\/td><td>Tamanho m\u00e9dio<\/td>        <\/tr>\n            <tr data-row_id=\"10\" class=\"ninja_table_row_9 nt_row_id_10\">\n            <td>Cores tingidas adequadas:<\/td><td>TODAS AS CORES<\/td>        <\/tr>\n            <tr data-row_id=\"11\" class=\"ninja_table_row_10 nt_row_id_11\">\n            <td>Cor da Renda:<\/td><td>Transparente<\/td>        <\/tr>\n            <tr data-row_id=\"12\" class=\"ninja_table_row_11 nt_row_id_12\">\n            <td>Material base:<\/td><td>Renda Su\u00ed\u00e7a<\/td>        <\/tr>\n            <tr data-row_id=\"13\" class=\"ninja_table_row_12 nt_row_id_13\">\n            <td>material de cabelo sint\u00e9tico:<\/td><td>Fibra de alta temperatura<\/td>        <\/tr>\n    <\/tbody><!--ninja_tobody_rendering_done-->\n    <\/table>\n                    <style type=\"text\/css\" id='ninja_table_custom_css_1702'>\n                        #footable_1702  {\n    font-family: inherit;\n    font-size: 14px;\n    }\n\n    \n                <\/style>\n                \n    \n    \n<\/div>\n\n<p>UM <strong>Perucas sint\u00e9ticas curtas peruanas loiras claras, resistentes ao calor<\/strong> \u00c9 um tipo de peruca feita de cabelo sint\u00e9tico resistente ao calor e projetada para imitar a apar\u00eancia e o toque do cabelo peruano loiro claro. Ela \u00e9 cortada em um estilo bob curto e pode ser modelada com ferramentas de calor, como babyliss e chapinhas, sem causar danos. Esse tipo de peruca \u00e9 popular entre pessoas que desejam mudar o penteado ou a cor sem se comprometer com uma mudan\u00e7a permanente.<\/p>\n<p>Perucas sint\u00e9ticas resistentes ao calor, estilo bob curto peruano loiro claro, permitem que as pessoas experimentem diferentes estilos de penteado e cor sem se comprometer com uma mudan\u00e7a permanente. Elas podem ser modeladas com ferramentas t\u00e9rmicas, como modeladores de cachos e chapinhas, sem causar danos \u00e0 peruca. Esta peruca \u00e9 ideal para quem busca uma op\u00e7\u00e3o de mudan\u00e7a capilar estilosa e acess\u00edvel.<\/p>","protected":false},"excerpt":{"rendered":"<p>Esta peruca est\u00e1 dispon\u00edvel em tr\u00eas densidades diferentes, variando de 150% a 250%, para atender \u00e0s prefer\u00eancias de cada pessoa. Sua touca de tamanho m\u00e9dio se ajusta perfeitamente \u00e0 cabe\u00e7a, proporcionando um ajuste confort\u00e1vel. A peruca possui uma renda transparente, facilitando a combina\u00e7\u00e3o com qualquer tom de pele e linha capilar.<\/p>","protected":false},"featured_media":1721,"comment_status":"open","ping_status":"closed","template":"","meta":{"site-sidebar-layout":"default","site-content-layout":"default","ast-site-content-layout":"","site-content-style":"default","site-sidebar-style":"default","ast-global-header-display":"","ast-banner-title-visibility":"","ast-main-header-display":"","ast-hfb-above-header-display":"","ast-hfb-below-header-display":"","ast-hfb-mobile-header-display":"","site-post-title":"","ast-breadcrumbs-content":"","ast-featured-img":"","footer-sml-layout":"","theme-transparent-header-meta":"default","adv-header-id-meta":"","stick-header-meta":"","header-above-stick-meta":"","header-main-stick-meta":"","header-below-stick-meta":"","astra-migrate-meta-layouts":"default","ast-page-background-enabled":"default","ast-page-background-meta":{"desktop":{"background-color":"var(--ast-global-color-4)","background-image":"","background-repeat":"repeat","background-position":"center center","background-size":"auto","background-attachment":"scroll","background-type":"","background-media":"","overlay-type":"","overlay-color":"","overlay-opacity":"","overlay-gradient":""},"tablet":{"background-color":"","background-image":"","background-repeat":"repeat","background-position":"center center","background-size":"auto","background-attachment":"scroll","background-type":"","background-media":"","overlay-type":"","overlay-color":"","overlay-opacity":"","overlay-gradient":""},"mobile":{"background-color":"","background-image":"","background-repeat":"repeat","background-position":"center center","background-size":"auto","background-attachment":"scroll","background-type":"","background-media":"","overlay-type":"","overlay-color":"","overlay-opacity":"","overlay-gradient":""}},"ast-content-background-meta":{"desktop":{"background-color":"var(--ast-global-color-5)","background-image":"","background-repeat":"repeat","background-position":"center center","background-size":"auto","background-attachment":"scroll","background-type":"","background-media":"","overlay-type":"","overlay-color":"","overlay-opacity":"","overlay-gradient":""},"tablet":{"background-color":"var(--ast-global-color-5)","background-image":"","background-repeat":"repeat","background-position":"center center","background-size":"auto","background-attachment":"scroll","background-type":"","background-media":"","overlay-type":"","overlay-color":"","overlay-opacity":"","overlay-gradient":""},"mobile":{"background-color":"var(--ast-global-color-5)","background-image":"","background-repeat":"repeat","background-position":"center center","background-size":"auto","background-attachment":"scroll","background-type":"","background-media":"","overlay-type":"","overlay-color":"","overlay-opacity":"","overlay-gradient":""}},"jetpack_publicize_message":"","jetpack_is_tweetstorm":false,"jetpack_publicize_feature_enabled":true,"jetpack_social_post_already_shared":false,"jetpack_social_options":{"image_generator_settings":{"template":"highway","enabled":false}}},"product_brand":[],"product_cat":[35,32],"product_tag":[],"class_list":{"0":"post-1693","1":"product","2":"type-product","3":"status-publish","4":"has-post-thumbnail","6":"product_cat-short-synthetic-wigs","7":"product_cat-synthetic-wigs","8":"desktop-align-left","9":"tablet-align-left","10":"mobile-align-left","12":"first","13":"instock","14":"sale","15":"shipping-taxable","16":"purchasable","17":"product-type-variable"},"jetpack_publicize_connections":[],"yoast_head":"<!-- This site is optimized with the Yoast SEO Premium plugin v20.7 (Yoast SEO v27.6) - https:\/\/yoast.com\/product\/yoast-seo-premium-wordpress\/ -->\n<title>Light Blonde Peruvian Short Bob Heat Resistant Synthetic Wig Hair - landmark<\/title>\n<meta name=\"description\" content=\"Transform your look with a Light Blonde Peruvian Short Bob Heat Resistant Synthetic Wig Hair! Discover the versatility of heat resistant synthetic wigs today.\" \/>\n<meta name=\"robots\" content=\"index, follow, max-snippet:-1, max-image-preview:large, max-video-preview:-1\" \/>\n<link rel=\"canonical\" href=\"https:\/\/synthetichairwig.com\/pt\/produto\/light-blonde-peruvian-short-bob-heat-resistant-synthetic-wig-hair\/\" \/>\n<meta property=\"og:locale\" content=\"pt_PT\" \/>\n<meta property=\"og:type\" content=\"article\" \/>\n<meta property=\"og:title\" content=\"Light Blonde Peruvian Short Bob Heat Resistant Synthetic Wig Hair\" \/>\n<meta property=\"og:description\" content=\"Transform your look with a Light Blonde Peruvian Short Bob Heat Resistant Synthetic Wig Hair! Discover the versatility of heat resistant synthetic wigs today.\" \/>\n<meta property=\"og:url\" content=\"https:\/\/synthetichairwig.com\/pt\/produto\/light-blonde-peruvian-short-bob-heat-resistant-synthetic-wig-hair\/\" \/>\n<meta property=\"og:site_name\" content=\"landmark\" \/>\n<meta property=\"article:modified_time\" content=\"2023-09-11T07:51:12+00:00\" \/>\n<meta property=\"og:image\" content=\"https:\/\/synthetichairwig.com\/wp-content\/uploads\/2023\/06\/002-3.jpg\" \/>\n\t<meta property=\"og:image:width\" content=\"750\" \/>\n\t<meta property=\"og:image:height\" content=\"750\" \/>\n\t<meta property=\"og:image:type\" content=\"image\/jpeg\" \/>\n<meta name=\"twitter:card\" content=\"summary_large_image\" \/>\n<meta name=\"twitter:label1\" content=\"Tempo estimado de leitura\" \/>\n\t<meta name=\"twitter:data1\" content=\"2 minutos\" \/>\n<script type=\"application\/ld+json\" class=\"yoast-schema-graph\">{\"@context\":\"https:\\\/\\\/schema.org\",\"@graph\":[{\"@type\":\"WebPage\",\"@id\":\"https:\\\/\\\/synthetichairwig.com\\\/product\\\/light-blonde-peruvian-short-bob-heat-resistant-synthetic-wig-hair\\\/\",\"url\":\"https:\\\/\\\/synthetichairwig.com\\\/product\\\/light-blonde-peruvian-short-bob-heat-resistant-synthetic-wig-hair\\\/\",\"name\":\"Light Blonde Peruvian Short Bob Heat Resistant Synthetic Wig Hair - landmark\",\"isPartOf\":{\"@id\":\"https:\\\/\\\/synthetichairwig.com\\\/#website\"},\"primaryImageOfPage\":{\"@id\":\"https:\\\/\\\/synthetichairwig.com\\\/product\\\/light-blonde-peruvian-short-bob-heat-resistant-synthetic-wig-hair\\\/#primaryimage\"},\"image\":{\"@id\":\"https:\\\/\\\/synthetichairwig.com\\\/product\\\/light-blonde-peruvian-short-bob-heat-resistant-synthetic-wig-hair\\\/#primaryimage\"},\"thumbnailUrl\":\"https:\\\/\\\/synthetichairwig.com\\\/wp-content\\\/uploads\\\/2023\\\/06\\\/002-3.jpg\",\"datePublished\":\"2023-06-20T07:00:15+00:00\",\"dateModified\":\"2023-09-11T07:51:12+00:00\",\"description\":\"Transform your look with a Light Blonde Peruvian Short Bob Heat Resistant Synthetic Wig Hair! Discover the versatility of heat resistant synthetic wigs today.\",\"breadcrumb\":{\"@id\":\"https:\\\/\\\/synthetichairwig.com\\\/product\\\/light-blonde-peruvian-short-bob-heat-resistant-synthetic-wig-hair\\\/#breadcrumb\"},\"inLanguage\":\"pt-PT\",\"potentialAction\":[{\"@type\":\"ReadAction\",\"target\":[\"https:\\\/\\\/synthetichairwig.com\\\/product\\\/light-blonde-peruvian-short-bob-heat-resistant-synthetic-wig-hair\\\/\"]}]},{\"@type\":\"ImageObject\",\"inLanguage\":\"pt-PT\",\"@id\":\"https:\\\/\\\/synthetichairwig.com\\\/product\\\/light-blonde-peruvian-short-bob-heat-resistant-synthetic-wig-hair\\\/#primaryimage\",\"url\":\"https:\\\/\\\/synthetichairwig.com\\\/wp-content\\\/uploads\\\/2023\\\/06\\\/002-3.jpg\",\"contentUrl\":\"https:\\\/\\\/synthetichairwig.com\\\/wp-content\\\/uploads\\\/2023\\\/06\\\/002-3.jpg\",\"width\":750,\"height\":750,\"caption\":\"Light Blonde Peruvian Short Bob Heat Resistant Synthetic Wig Hair\"},{\"@type\":\"BreadcrumbList\",\"@id\":\"https:\\\/\\\/synthetichairwig.com\\\/product\\\/light-blonde-peruvian-short-bob-heat-resistant-synthetic-wig-hair\\\/#breadcrumb\",\"itemListElement\":[{\"@type\":\"ListItem\",\"position\":1,\"name\":\"Home\",\"item\":\"https:\\\/\\\/synthetichairwig.com\\\/\"},{\"@type\":\"ListItem\",\"position\":2,\"name\":\"LandMark Hair Shop\",\"item\":\"https:\\\/\\\/synthetichairwig.com\\\/landmark-hair-shop\\\/\"},{\"@type\":\"ListItem\",\"position\":3,\"name\":\"Light Blonde Peruvian Short Bob Heat Resistant Synthetic Wig Hair\"}]},{\"@type\":\"WebSite\",\"@id\":\"https:\\\/\\\/synthetichairwig.com\\\/#website\",\"url\":\"https:\\\/\\\/synthetichairwig.com\\\/\",\"name\":\"landmark\",\"description\":\"My WordPress Blog\",\"publisher\":{\"@id\":\"https:\\\/\\\/synthetichairwig.com\\\/#organization\"},\"potentialAction\":[{\"@type\":\"SearchAction\",\"target\":{\"@type\":\"EntryPoint\",\"urlTemplate\":\"https:\\\/\\\/synthetichairwig.com\\\/?s={search_term_string}\"},\"query-input\":{\"@type\":\"PropertyValueSpecification\",\"valueRequired\":true,\"valueName\":\"search_term_string\"}}],\"inLanguage\":\"pt-PT\"},{\"@type\":\"Organization\",\"@id\":\"https:\\\/\\\/synthetichairwig.com\\\/#organization\",\"name\":\"landmark\",\"url\":\"https:\\\/\\\/synthetichairwig.com\\\/\",\"logo\":{\"@type\":\"ImageObject\",\"inLanguage\":\"pt-PT\",\"@id\":\"https:\\\/\\\/synthetichairwig.com\\\/#\\\/schema\\\/logo\\\/image\\\/\",\"url\":\"https:\\\/\\\/synthetichairwig.com\\\/wp-content\\\/uploads\\\/2023\\\/06\\\/cropped-logo3.png\",\"contentUrl\":\"https:\\\/\\\/synthetichairwig.com\\\/wp-content\\\/uploads\\\/2023\\\/06\\\/cropped-logo3.png\",\"width\":1704,\"height\":768,\"caption\":\"landmark\"},\"image\":{\"@id\":\"https:\\\/\\\/synthetichairwig.com\\\/#\\\/schema\\\/logo\\\/image\\\/\"}}]}<\/script>\n<!-- \/ Yoast SEO Premium plugin. -->","yoast_head_json":{"title":"Light Blonde Peruvian Short Bob Heat Resistant Synthetic Wig Hair - landmark","description":"Transform your look with a Light Blonde Peruvian Short Bob Heat Resistant Synthetic Wig Hair! Discover the versatility of heat resistant synthetic wigs today.","robots":{"index":"index","follow":"follow","max-snippet":"max-snippet:-1","max-image-preview":"max-image-preview:large","max-video-preview":"max-video-preview:-1"},"canonical":"https:\/\/synthetichairwig.com\/pt\/produto\/light-blonde-peruvian-short-bob-heat-resistant-synthetic-wig-hair\/","og_locale":"pt_PT","og_type":"article","og_title":"Light Blonde Peruvian Short Bob Heat Resistant Synthetic Wig Hair","og_description":"Transform your look with a Light Blonde Peruvian Short Bob Heat Resistant Synthetic Wig Hair! Discover the versatility of heat resistant synthetic wigs today.","og_url":"https:\/\/synthetichairwig.com\/pt\/produto\/light-blonde-peruvian-short-bob-heat-resistant-synthetic-wig-hair\/","og_site_name":"landmark","article_modified_time":"2023-09-11T07:51:12+00:00","og_image":[{"width":750,"height":750,"url":"https:\/\/synthetichairwig.com\/wp-content\/uploads\/2023\/06\/002-3.jpg","type":"image\/jpeg"}],"twitter_card":"summary_large_image","twitter_misc":{"Tempo estimado de leitura":"2 minutos"},"schema":{"@context":"https:\/\/schema.org","@graph":[{"@type":"WebPage","@id":"https:\/\/synthetichairwig.com\/product\/light-blonde-peruvian-short-bob-heat-resistant-synthetic-wig-hair\/","url":"https:\/\/synthetichairwig.com\/product\/light-blonde-peruvian-short-bob-heat-resistant-synthetic-wig-hair\/","name":"Light Blonde Peruvian Short Bob Heat Resistant Synthetic Wig Hair - landmark","isPartOf":{"@id":"https:\/\/synthetichairwig.com\/#website"},"primaryImageOfPage":{"@id":"https:\/\/synthetichairwig.com\/product\/light-blonde-peruvian-short-bob-heat-resistant-synthetic-wig-hair\/#primaryimage"},"image":{"@id":"https:\/\/synthetichairwig.com\/product\/light-blonde-peruvian-short-bob-heat-resistant-synthetic-wig-hair\/#primaryimage"},"thumbnailUrl":"https:\/\/synthetichairwig.com\/wp-content\/uploads\/2023\/06\/002-3.jpg","datePublished":"2023-06-20T07:00:15+00:00","dateModified":"2023-09-11T07:51:12+00:00","description":"Transform your look with a Light Blonde Peruvian Short Bob Heat Resistant Synthetic Wig Hair! Discover the versatility of heat resistant synthetic wigs today.","breadcrumb":{"@id":"https:\/\/synthetichairwig.com\/product\/light-blonde-peruvian-short-bob-heat-resistant-synthetic-wig-hair\/#breadcrumb"},"inLanguage":"pt-PT","potentialAction":[{"@type":"ReadAction","target":["https:\/\/synthetichairwig.com\/product\/light-blonde-peruvian-short-bob-heat-resistant-synthetic-wig-hair\/"]}]},{"@type":"ImageObject","inLanguage":"pt-PT","@id":"https:\/\/synthetichairwig.com\/product\/light-blonde-peruvian-short-bob-heat-resistant-synthetic-wig-hair\/#primaryimage","url":"https:\/\/synthetichairwig.com\/wp-content\/uploads\/2023\/06\/002-3.jpg","contentUrl":"https:\/\/synthetichairwig.com\/wp-content\/uploads\/2023\/06\/002-3.jpg","width":750,"height":750,"caption":"Light Blonde Peruvian Short Bob Heat Resistant Synthetic Wig Hair"},{"@type":"BreadcrumbList","@id":"https:\/\/synthetichairwig.com\/product\/light-blonde-peruvian-short-bob-heat-resistant-synthetic-wig-hair\/#breadcrumb","itemListElement":[{"@type":"ListItem","position":1,"name":"Home","item":"https:\/\/synthetichairwig.com\/"},{"@type":"ListItem","position":2,"name":"LandMark Hair Shop","item":"https:\/\/synthetichairwig.com\/landmark-hair-shop\/"},{"@type":"ListItem","position":3,"name":"Light Blonde Peruvian Short Bob Heat Resistant Synthetic Wig Hair"}]},{"@type":"WebSite","@id":"https:\/\/synthetichairwig.com\/#website","url":"https:\/\/synthetichairwig.com\/","name":"landmark","description":"My WordPress Blog","publisher":{"@id":"https:\/\/synthetichairwig.com\/#organization"},"potentialAction":[{"@type":"SearchAction","target":{"@type":"EntryPoint","urlTemplate":"https:\/\/synthetichairwig.com\/?s={search_term_string}"},"query-input":{"@type":"PropertyValueSpecification","valueRequired":true,"valueName":"search_term_string"}}],"inLanguage":"pt-PT"},{"@type":"Organization","@id":"https:\/\/synthetichairwig.com\/#organization","name":"landmark","url":"https:\/\/synthetichairwig.com\/","logo":{"@type":"ImageObject","inLanguage":"pt-PT","@id":"https:\/\/synthetichairwig.com\/#\/schema\/logo\/image\/","url":"https:\/\/synthetichairwig.com\/wp-content\/uploads\/2023\/06\/cropped-logo3.png","contentUrl":"https:\/\/synthetichairwig.com\/wp-content\/uploads\/2023\/06\/cropped-logo3.png","width":1704,"height":768,"caption":"landmark"},"image":{"@id":"https:\/\/synthetichairwig.com\/#\/schema\/logo\/image\/"}}]}},"_links":{"self":[{"href":"https:\/\/synthetichairwig.com\/pt\/wp-json\/wp\/v2\/product\/1693","targetHints":{"allow":["GET"]}}],"collection":[{"href":"https:\/\/synthetichairwig.com\/pt\/wp-json\/wp\/v2\/product"}],"about":[{"href":"https:\/\/synthetichairwig.com\/pt\/wp-json\/wp\/v2\/types\/product"}],"replies":[{"embeddable":true,"href":"https:\/\/synthetichairwig.com\/pt\/wp-json\/wp\/v2\/comments?post=1693"}],"wp:featuredmedia":[{"embeddable":true,"href":"https:\/\/synthetichairwig.com\/pt\/wp-json\/wp\/v2\/media\/1721"}],"wp:attachment":[{"href":"https:\/\/synthetichairwig.com\/pt\/wp-json\/wp\/v2\/media?parent=1693"}],"wp:term":[{"taxonomy":"product_brand","embeddable":true,"href":"https:\/\/synthetichairwig.com\/pt\/wp-json\/wp\/v2\/product_brand?post=1693"},{"taxonomy":"product_cat","embeddable":true,"href":"https:\/\/synthetichairwig.com\/pt\/wp-json\/wp\/v2\/product_cat?post=1693"},{"taxonomy":"product_tag","embeddable":true,"href":"https:\/\/synthetichairwig.com\/pt\/wp-json\/wp\/v2\/product_tag?post=1693"}],"curies":[{"name":"wp","href":"https:\/\/api.w.org\/{rel}","templated":true}]}}