{"id":1926,"date":"2023-06-19T11:42:56","date_gmt":"2023-06-19T11:42:56","guid":{"rendered":"https:\/\/synthetichairwig.com\/?post_type=product&#038;p=1926"},"modified":"2023-07-31T09:10:43","modified_gmt":"2023-07-31T09:10:43","slug":"sun-protection-waterproof-wear-outdoor-sports-cowboy-hats","status":"publish","type":"product","link":"https:\/\/synthetichairwig.com\/pt\/product\/sun-protection-waterproof-wear-outdoor-sports-cowboy-hats\/","title":{"rendered":"Chap\u00e9us de cowboy para esportes ao ar livre com prote\u00e7\u00e3o solar \u00e0 prova d&#039;\u00e1gua"},"content":{"rendered":"<p>&nbsp;<\/p>\n<div id=\"footable_parent_1928\"\n         class=\"footable_parent ninja_table_wrapper loading_ninja_table wp_table_data_press_parent semantic_ui\">\n                <table data-ninja_table_instance=\"ninja_table_instance_0\" data-footable_id=\"1928\" data-filter-delay=\"1000\" aria-label=\"2221\u65b0\u5efa222 XLSX arquivo (2).csv\"            id=\"footable_1928\"\n           data-unique_identifier=\"ninja_table_unique_id_395058865_1928\"\n           class=\"foo-table ninja_footable foo_table_1928 ninja_table_unique_id_395058865_1928 ui table  nt_type_legacy_table selectable striped vertical_centered  footable-paging-right ninja_table_search_disabled ninja_table_pro\">\n                <colgroup>\n                            <col class=\"ninja_column_0\">\n                            <col class=\"ninja_column_1\">\n                    <\/colgroup>\n        <thead>\n<tr class=\"footable-header\">\n                                        <th scope=\"col\"  class=\"ninja_column_0 ninja_clmn_nm_applicablescene\">Cena aplic\u00e1vel:<\/th><th scope=\"col\"  class=\"ninja_column_1 ninja_clmn_nm_beachcasualoutdoortravelsportscyclinggoshoppingfishingskihomeusedailytraveling\">Praia, Casual, Ao ar livre, Viagem, Esportes, Ciclismo, Fazer compras, Pesca, ESQUI, Uso dom\u00e9stico, Di\u00e1rio, Viagem<\/th><\/tr>\n<\/thead>\n<tbody>\n\n        <tr data-row_id=\"251\" class=\"ninja_table_row_0 nt_row_id_251\">\n            <td>Grupo de idade:<\/td><td>Adultos<\/td>        <\/tr>\n            <tr data-row_id=\"252\" class=\"ninja_table_row_1 nt_row_id_252\">\n            <td>G\u00eanero:<\/td><td>Unissex<\/td>        <\/tr>\n            <tr data-row_id=\"253\" class=\"ninja_table_row_2 nt_row_id_253\">\n            <td>Material:<\/td><td>Imperme\u00e1vel<\/td>        <\/tr>\n            <tr data-row_id=\"254\" class=\"ninja_table_row_3 nt_row_id_254\">\n            <td>Estilo:<\/td><td>Imagem<\/td>        <\/tr>\n            <tr data-row_id=\"255\" class=\"ninja_table_row_4 nt_row_id_255\">\n            <td>Padr\u00e3o:<\/td><td>Simples<\/td>        <\/tr>\n            <tr data-row_id=\"256\" class=\"ninja_table_row_5 nt_row_id_256\">\n            <td>Lugar de origem:<\/td><td>China<\/td>        <\/tr>\n            <tr data-row_id=\"257\" class=\"ninja_table_row_6 nt_row_id_257\">\n            <td>Marca:<\/td><td>Marco<\/td>        <\/tr>\n            <tr data-row_id=\"258\" class=\"ninja_table_row_7 nt_row_id_258\">\n            <td>N\u00famero do modelo:<\/td><td>XMZ77<\/td>        <\/tr>\n            <tr data-row_id=\"259\" class=\"ninja_table_row_8 nt_row_id_259\">\n            <td>Temporada aplic\u00e1vel:<\/td><td>Ver\u00e3o<\/td>        <\/tr>\n            <tr data-row_id=\"260\" class=\"ninja_table_row_9 nt_row_id_260\">\n            <td>Riscabilidade:<\/td><td>Resistente a riscos<\/td>        <\/tr>\n            <tr data-row_id=\"261\" class=\"ninja_table_row_10 nt_row_id_261\">\n            <td>Fun\u00e7\u00e3o:<\/td><td>Absorve umidade, descarrega suor, dissipa calor<\/td>        <\/tr>\n            <tr data-row_id=\"262\" class=\"ninja_table_row_11 nt_row_id_262\">\n            <td>Cor:<\/td><td>Tem 6 cores<\/td>        <\/tr>\n            <tr data-row_id=\"263\" class=\"ninja_table_row_12 nt_row_id_263\">\n            <td>Elasticidade:<\/td><td>Grande<\/td>        <\/tr>\n            <tr data-row_id=\"264\" class=\"ninja_table_row_13 nt_row_id_264\">\n            <td>Palavra-chave:<\/td><td>Chap\u00e9us de cowboy<\/td>        <\/tr>\n            <tr data-row_id=\"265\" class=\"ninja_table_row_14 nt_row_id_265\">\n            <td>Embalagem:<\/td><td>1 pe\u00e7a\/saco, 100 pe\u00e7as\/caixa<\/td>        <\/tr>\n            <tr data-row_id=\"266\" class=\"ninja_table_row_15 nt_row_id_266\">\n            <td>Temporada:<\/td><td>Ver\u00e3o, primavera, outono<\/td>        <\/tr>\n            <tr data-row_id=\"267\" class=\"ninja_table_row_16 nt_row_id_267\">\n            <td>Usar:<\/td><td>Esportes, corrida, pesca, escalada<\/td>        <\/tr>\n            <tr data-row_id=\"268\" class=\"ninja_table_row_17 nt_row_id_268\">\n            <td>Peso:<\/td><td>120g<\/td>        <\/tr>\n    <\/tbody><!--ninja_tobody_rendering_done-->\n    <\/table>\n                    <style type=\"text\/css\" id='ninja_table_custom_css_1928'>\n                        #footable_1928  {\n    font-family: inherit;\n    font-size: 14px;\n    }\n\n    \n                <\/style>\n                \n    \n    \n<\/div>","protected":false},"excerpt":{"rendered":"<h6>Tamanho: 62 cm<\/h6>","protected":false},"featured_media":1929,"comment_status":"open","ping_status":"closed","template":"","meta":{"site-sidebar-layout":"default","site-content-layout":"default","ast-site-content-layout":"","site-content-style":"default","site-sidebar-style":"default","ast-global-header-display":"","ast-banner-title-visibility":"","ast-main-header-display":"","ast-hfb-above-header-display":"","ast-hfb-below-header-display":"","ast-hfb-mobile-header-display":"","site-post-title":"","ast-breadcrumbs-content":"","ast-featured-img":"","footer-sml-layout":"","theme-transparent-header-meta":"default","adv-header-id-meta":"","stick-header-meta":"","header-above-stick-meta":"","header-main-stick-meta":"","header-below-stick-meta":"","astra-migrate-meta-layouts":"default","ast-page-background-enabled":"default","ast-page-background-meta":{"desktop":{"background-color":"var(--ast-global-color-4)","background-image":"","background-repeat":"repeat","background-position":"center center","background-size":"auto","background-attachment":"scroll","background-type":"","background-media":"","overlay-type":"","overlay-color":"","overlay-opacity":"","overlay-gradient":""},"tablet":{"background-color":"","background-image":"","background-repeat":"repeat","background-position":"center center","background-size":"auto","background-attachment":"scroll","background-type":"","background-media":"","overlay-type":"","overlay-color":"","overlay-opacity":"","overlay-gradient":""},"mobile":{"background-color":"","background-image":"","background-repeat":"repeat","background-position":"center center","background-size":"auto","background-attachment":"scroll","background-type":"","background-media":"","overlay-type":"","overlay-color":"","overlay-opacity":"","overlay-gradient":""}},"ast-content-background-meta":{"desktop":{"background-color":"var(--ast-global-color-5)","background-image":"","background-repeat":"repeat","background-position":"center center","background-size":"auto","background-attachment":"scroll","background-type":"","background-media":"","overlay-type":"","overlay-color":"","overlay-opacity":"","overlay-gradient":""},"tablet":{"background-color":"var(--ast-global-color-5)","background-image":"","background-repeat":"repeat","background-position":"center center","background-size":"auto","background-attachment":"scroll","background-type":"","background-media":"","overlay-type":"","overlay-color":"","overlay-opacity":"","overlay-gradient":""},"mobile":{"background-color":"var(--ast-global-color-5)","background-image":"","background-repeat":"repeat","background-position":"center center","background-size":"auto","background-attachment":"scroll","background-type":"","background-media":"","overlay-type":"","overlay-color":"","overlay-opacity":"","overlay-gradient":""}},"jetpack_publicize_message":"","jetpack_is_tweetstorm":false,"jetpack_publicize_feature_enabled":true,"jetpack_social_post_already_shared":false,"jetpack_social_options":{"image_generator_settings":{"template":"highway","enabled":false}}},"product_brand":[],"product_cat":[34,49],"product_tag":[],"class_list":{"0":"post-1926","1":"product","2":"type-product","3":"status-publish","4":"has-post-thumbnail","6":"product_cat-cap","7":"product_cat-sport-cap","8":"desktop-align-left","9":"tablet-align-left","10":"mobile-align-left","12":"first","13":"instock","14":"sale","15":"shipping-taxable","16":"purchasable","17":"product-type-variable"},"jetpack_publicize_connections":[],"yoast_head":"<!-- This site is optimized with the Yoast SEO Premium plugin v20.7 (Yoast SEO v27.6) - https:\/\/yoast.com\/product\/yoast-seo-premium-wordpress\/ -->\n<title>Sun Protection Waterproof Wear Outdoor Sports Cowboy Hats - landmark<\/title>\n<meta name=\"robots\" content=\"index, follow, max-snippet:-1, max-image-preview:large, max-video-preview:-1\" \/>\n<link rel=\"canonical\" href=\"https:\/\/synthetichairwig.com\/pt\/produto\/sun-protection-waterproof-wear-outdoor-sports-cowboy-hats\/\" \/>\n<meta property=\"og:locale\" content=\"pt_PT\" \/>\n<meta property=\"og:type\" content=\"article\" \/>\n<meta property=\"og:title\" content=\"Sun Protection Waterproof Wear Outdoor Sports Cowboy Hats\" \/>\n<meta property=\"og:description\" content=\"Size\uff1a62CM\" \/>\n<meta property=\"og:url\" content=\"https:\/\/synthetichairwig.com\/pt\/produto\/sun-protection-waterproof-wear-outdoor-sports-cowboy-hats\/\" \/>\n<meta property=\"og:site_name\" content=\"landmark\" \/>\n<meta property=\"article:modified_time\" content=\"2023-07-31T09:10:43+00:00\" \/>\n<meta property=\"og:image\" content=\"https:\/\/synthetichairwig.com\/wp-content\/uploads\/2023\/06\/002-1-2.jpg\" \/>\n\t<meta property=\"og:image:width\" content=\"250\" \/>\n\t<meta property=\"og:image:height\" content=\"250\" \/>\n\t<meta property=\"og:image:type\" content=\"image\/jpeg\" \/>\n<meta name=\"twitter:card\" content=\"summary_large_image\" \/>\n<meta name=\"twitter:label1\" content=\"Tempo estimado de leitura\" \/>\n\t<meta name=\"twitter:data1\" content=\"1 minuto\" \/>\n<script type=\"application\/ld+json\" class=\"yoast-schema-graph\">{\"@context\":\"https:\\\/\\\/schema.org\",\"@graph\":[{\"@type\":\"WebPage\",\"@id\":\"https:\\\/\\\/synthetichairwig.com\\\/product\\\/sun-protection-waterproof-wear-outdoor-sports-cowboy-hats\\\/\",\"url\":\"https:\\\/\\\/synthetichairwig.com\\\/product\\\/sun-protection-waterproof-wear-outdoor-sports-cowboy-hats\\\/\",\"name\":\"Sun Protection Waterproof Wear Outdoor Sports Cowboy Hats - landmark\",\"isPartOf\":{\"@id\":\"https:\\\/\\\/synthetichairwig.com\\\/#website\"},\"primaryImageOfPage\":{\"@id\":\"https:\\\/\\\/synthetichairwig.com\\\/product\\\/sun-protection-waterproof-wear-outdoor-sports-cowboy-hats\\\/#primaryimage\"},\"image\":{\"@id\":\"https:\\\/\\\/synthetichairwig.com\\\/product\\\/sun-protection-waterproof-wear-outdoor-sports-cowboy-hats\\\/#primaryimage\"},\"thumbnailUrl\":\"https:\\\/\\\/synthetichairwig.com\\\/wp-content\\\/uploads\\\/2023\\\/06\\\/002-1-2.jpg\",\"datePublished\":\"2023-06-19T11:42:56+00:00\",\"dateModified\":\"2023-07-31T09:10:43+00:00\",\"breadcrumb\":{\"@id\":\"https:\\\/\\\/synthetichairwig.com\\\/product\\\/sun-protection-waterproof-wear-outdoor-sports-cowboy-hats\\\/#breadcrumb\"},\"inLanguage\":\"pt-PT\",\"potentialAction\":[{\"@type\":\"ReadAction\",\"target\":[\"https:\\\/\\\/synthetichairwig.com\\\/product\\\/sun-protection-waterproof-wear-outdoor-sports-cowboy-hats\\\/\"]}]},{\"@type\":\"ImageObject\",\"inLanguage\":\"pt-PT\",\"@id\":\"https:\\\/\\\/synthetichairwig.com\\\/product\\\/sun-protection-waterproof-wear-outdoor-sports-cowboy-hats\\\/#primaryimage\",\"url\":\"https:\\\/\\\/synthetichairwig.com\\\/wp-content\\\/uploads\\\/2023\\\/06\\\/002-1-2.jpg\",\"contentUrl\":\"https:\\\/\\\/synthetichairwig.com\\\/wp-content\\\/uploads\\\/2023\\\/06\\\/002-1-2.jpg\",\"width\":250,\"height\":250,\"caption\":\"Sun Protection Waterproof Wear Outdoor Sports Cowboy Hats\"},{\"@type\":\"BreadcrumbList\",\"@id\":\"https:\\\/\\\/synthetichairwig.com\\\/product\\\/sun-protection-waterproof-wear-outdoor-sports-cowboy-hats\\\/#breadcrumb\",\"itemListElement\":[{\"@type\":\"ListItem\",\"position\":1,\"name\":\"Home\",\"item\":\"https:\\\/\\\/synthetichairwig.com\\\/\"},{\"@type\":\"ListItem\",\"position\":2,\"name\":\"LandMark Hair Shop\",\"item\":\"https:\\\/\\\/synthetichairwig.com\\\/landmark-hair-shop\\\/\"},{\"@type\":\"ListItem\",\"position\":3,\"name\":\"Sun Protection Waterproof Wear Outdoor Sports Cowboy Hats\"}]},{\"@type\":\"WebSite\",\"@id\":\"https:\\\/\\\/synthetichairwig.com\\\/#website\",\"url\":\"https:\\\/\\\/synthetichairwig.com\\\/\",\"name\":\"landmark\",\"description\":\"My WordPress Blog\",\"publisher\":{\"@id\":\"https:\\\/\\\/synthetichairwig.com\\\/#organization\"},\"potentialAction\":[{\"@type\":\"SearchAction\",\"target\":{\"@type\":\"EntryPoint\",\"urlTemplate\":\"https:\\\/\\\/synthetichairwig.com\\\/?s={search_term_string}\"},\"query-input\":{\"@type\":\"PropertyValueSpecification\",\"valueRequired\":true,\"valueName\":\"search_term_string\"}}],\"inLanguage\":\"pt-PT\"},{\"@type\":\"Organization\",\"@id\":\"https:\\\/\\\/synthetichairwig.com\\\/#organization\",\"name\":\"landmark\",\"url\":\"https:\\\/\\\/synthetichairwig.com\\\/\",\"logo\":{\"@type\":\"ImageObject\",\"inLanguage\":\"pt-PT\",\"@id\":\"https:\\\/\\\/synthetichairwig.com\\\/#\\\/schema\\\/logo\\\/image\\\/\",\"url\":\"https:\\\/\\\/synthetichairwig.com\\\/wp-content\\\/uploads\\\/2023\\\/06\\\/cropped-logo3.png\",\"contentUrl\":\"https:\\\/\\\/synthetichairwig.com\\\/wp-content\\\/uploads\\\/2023\\\/06\\\/cropped-logo3.png\",\"width\":1704,\"height\":768,\"caption\":\"landmark\"},\"image\":{\"@id\":\"https:\\\/\\\/synthetichairwig.com\\\/#\\\/schema\\\/logo\\\/image\\\/\"}}]}<\/script>\n<!-- \/ Yoast SEO Premium plugin. -->","yoast_head_json":{"title":"Sun Protection Waterproof Wear Outdoor Sports Cowboy Hats - landmark","robots":{"index":"index","follow":"follow","max-snippet":"max-snippet:-1","max-image-preview":"max-image-preview:large","max-video-preview":"max-video-preview:-1"},"canonical":"https:\/\/synthetichairwig.com\/pt\/produto\/sun-protection-waterproof-wear-outdoor-sports-cowboy-hats\/","og_locale":"pt_PT","og_type":"article","og_title":"Sun Protection Waterproof Wear Outdoor Sports Cowboy Hats","og_description":"Size\uff1a62CM","og_url":"https:\/\/synthetichairwig.com\/pt\/produto\/sun-protection-waterproof-wear-outdoor-sports-cowboy-hats\/","og_site_name":"landmark","article_modified_time":"2023-07-31T09:10:43+00:00","og_image":[{"width":250,"height":250,"url":"https:\/\/synthetichairwig.com\/wp-content\/uploads\/2023\/06\/002-1-2.jpg","type":"image\/jpeg"}],"twitter_card":"summary_large_image","twitter_misc":{"Tempo estimado de leitura":"1 minuto"},"schema":{"@context":"https:\/\/schema.org","@graph":[{"@type":"WebPage","@id":"https:\/\/synthetichairwig.com\/product\/sun-protection-waterproof-wear-outdoor-sports-cowboy-hats\/","url":"https:\/\/synthetichairwig.com\/product\/sun-protection-waterproof-wear-outdoor-sports-cowboy-hats\/","name":"Sun Protection Waterproof Wear Outdoor Sports Cowboy Hats - landmark","isPartOf":{"@id":"https:\/\/synthetichairwig.com\/#website"},"primaryImageOfPage":{"@id":"https:\/\/synthetichairwig.com\/product\/sun-protection-waterproof-wear-outdoor-sports-cowboy-hats\/#primaryimage"},"image":{"@id":"https:\/\/synthetichairwig.com\/product\/sun-protection-waterproof-wear-outdoor-sports-cowboy-hats\/#primaryimage"},"thumbnailUrl":"https:\/\/synthetichairwig.com\/wp-content\/uploads\/2023\/06\/002-1-2.jpg","datePublished":"2023-06-19T11:42:56+00:00","dateModified":"2023-07-31T09:10:43+00:00","breadcrumb":{"@id":"https:\/\/synthetichairwig.com\/product\/sun-protection-waterproof-wear-outdoor-sports-cowboy-hats\/#breadcrumb"},"inLanguage":"pt-PT","potentialAction":[{"@type":"ReadAction","target":["https:\/\/synthetichairwig.com\/product\/sun-protection-waterproof-wear-outdoor-sports-cowboy-hats\/"]}]},{"@type":"ImageObject","inLanguage":"pt-PT","@id":"https:\/\/synthetichairwig.com\/product\/sun-protection-waterproof-wear-outdoor-sports-cowboy-hats\/#primaryimage","url":"https:\/\/synthetichairwig.com\/wp-content\/uploads\/2023\/06\/002-1-2.jpg","contentUrl":"https:\/\/synthetichairwig.com\/wp-content\/uploads\/2023\/06\/002-1-2.jpg","width":250,"height":250,"caption":"Sun Protection Waterproof Wear Outdoor Sports Cowboy Hats"},{"@type":"BreadcrumbList","@id":"https:\/\/synthetichairwig.com\/product\/sun-protection-waterproof-wear-outdoor-sports-cowboy-hats\/#breadcrumb","itemListElement":[{"@type":"ListItem","position":1,"name":"Home","item":"https:\/\/synthetichairwig.com\/"},{"@type":"ListItem","position":2,"name":"LandMark Hair Shop","item":"https:\/\/synthetichairwig.com\/landmark-hair-shop\/"},{"@type":"ListItem","position":3,"name":"Sun Protection Waterproof Wear Outdoor Sports Cowboy Hats"}]},{"@type":"WebSite","@id":"https:\/\/synthetichairwig.com\/#website","url":"https:\/\/synthetichairwig.com\/","name":"landmark","description":"My WordPress Blog","publisher":{"@id":"https:\/\/synthetichairwig.com\/#organization"},"potentialAction":[{"@type":"SearchAction","target":{"@type":"EntryPoint","urlTemplate":"https:\/\/synthetichairwig.com\/?s={search_term_string}"},"query-input":{"@type":"PropertyValueSpecification","valueRequired":true,"valueName":"search_term_string"}}],"inLanguage":"pt-PT"},{"@type":"Organization","@id":"https:\/\/synthetichairwig.com\/#organization","name":"landmark","url":"https:\/\/synthetichairwig.com\/","logo":{"@type":"ImageObject","inLanguage":"pt-PT","@id":"https:\/\/synthetichairwig.com\/#\/schema\/logo\/image\/","url":"https:\/\/synthetichairwig.com\/wp-content\/uploads\/2023\/06\/cropped-logo3.png","contentUrl":"https:\/\/synthetichairwig.com\/wp-content\/uploads\/2023\/06\/cropped-logo3.png","width":1704,"height":768,"caption":"landmark"},"image":{"@id":"https:\/\/synthetichairwig.com\/#\/schema\/logo\/image\/"}}]}},"_links":{"self":[{"href":"https:\/\/synthetichairwig.com\/pt\/wp-json\/wp\/v2\/product\/1926","targetHints":{"allow":["GET"]}}],"collection":[{"href":"https:\/\/synthetichairwig.com\/pt\/wp-json\/wp\/v2\/product"}],"about":[{"href":"https:\/\/synthetichairwig.com\/pt\/wp-json\/wp\/v2\/types\/product"}],"replies":[{"embeddable":true,"href":"https:\/\/synthetichairwig.com\/pt\/wp-json\/wp\/v2\/comments?post=1926"}],"wp:featuredmedia":[{"embeddable":true,"href":"https:\/\/synthetichairwig.com\/pt\/wp-json\/wp\/v2\/media\/1929"}],"wp:attachment":[{"href":"https:\/\/synthetichairwig.com\/pt\/wp-json\/wp\/v2\/media?parent=1926"}],"wp:term":[{"taxonomy":"product_brand","embeddable":true,"href":"https:\/\/synthetichairwig.com\/pt\/wp-json\/wp\/v2\/product_brand?post=1926"},{"taxonomy":"product_cat","embeddable":true,"href":"https:\/\/synthetichairwig.com\/pt\/wp-json\/wp\/v2\/product_cat?post=1926"},{"taxonomy":"product_tag","embeddable":true,"href":"https:\/\/synthetichairwig.com\/pt\/wp-json\/wp\/v2\/product_tag?post=1926"}],"curies":[{"name":"wp","href":"https:\/\/api.w.org\/{rel}","templated":true}]}}