{"id":1952,"date":"2023-06-19T11:50:18","date_gmt":"2023-06-19T11:50:18","guid":{"rendered":"https:\/\/synthetichairwig.com\/?post_type=product&#038;p=1952"},"modified":"2023-07-31T09:32:46","modified_gmt":"2023-07-31T09:32:46","slug":"large-brim-summer-uv-protection-rolled-up-as-a-headband","status":"publish","type":"product","link":"https:\/\/synthetichairwig.com\/pt\/product\/large-brim-summer-uv-protection-rolled-up-as-a-headband\/","title":{"rendered":"Prote\u00e7\u00e3o UV de ver\u00e3o com aba grande enrolada como uma faixa para a cabe\u00e7a"},"content":{"rendered":"<div id=\"footable_parent_1954\"\n         class=\"footable_parent ninja_table_wrapper loading_ninja_table wp_table_data_press_parent semantic_ui\">\n                <table data-ninja_table_instance=\"ninja_table_instance_0\" data-footable_id=\"1954\" data-filter-delay=\"1000\" aria-label=\"111\u65b0\u5efagfvc XLSX arquivo (2).csv\"            id=\"footable_1954\"\n           data-unique_identifier=\"ninja_table_unique_id_786770456_1954\"\n           class=\"foo-table ninja_footable foo_table_1954 ninja_table_unique_id_786770456_1954 ui table  nt_type_legacy_table selectable striped vertical_centered  footable-paging-right ninja_table_search_disabled ninja_table_pro\">\n                <colgroup>\n                            <col class=\"ninja_column_0\">\n                            <col class=\"ninja_column_1\">\n                    <\/colgroup>\n        <thead>\n<tr class=\"footable-header\">\n                                        <th scope=\"col\"  class=\"ninja_column_0 ninja_clmn_nm_applicableseason\">Temporada aplic\u00e1vel:<\/th><th scope=\"col\"  class=\"ninja_column_1 ninja_clmn_nm_fourseasons\">Quatro esta\u00e7\u00f5es<\/th><\/tr>\n<\/thead>\n<tbody>\n\n        <tr data-row_id=\"284\" class=\"ninja_table_row_0 nt_row_id_284\">\n            <td>Cena aplic\u00e1vel:<\/td><td>Praia, Casual, Ao ar livre, Viagem, Festa, Pesca, Viagem<\/td>        <\/tr>\n            <tr data-row_id=\"285\" class=\"ninja_table_row_1 nt_row_id_285\">\n            <td>Grupo de idade:<\/td><td>Adultos<\/td>        <\/tr>\n            <tr data-row_id=\"286\" class=\"ninja_table_row_2 nt_row_id_286\">\n            <td>G\u00eanero:<\/td><td>Unissex<\/td>        <\/tr>\n            <tr data-row_id=\"287\" class=\"ninja_table_row_3 nt_row_id_287\">\n            <td>Material:<\/td><td>Poli\u00e9ster 100%<\/td>        <\/tr>\n            <tr data-row_id=\"288\" class=\"ninja_table_row_4 nt_row_id_288\">\n            <td>Estilo:<\/td><td>pel\u00facia, personagem<\/td>        <\/tr>\n            <tr data-row_id=\"289\" class=\"ninja_table_row_5 nt_row_id_289\">\n            <td>Padr\u00e3o:<\/td><td>Em relevo<\/td>        <\/tr>\n            <tr data-row_id=\"290\" class=\"ninja_table_row_6 nt_row_id_290\">\n            <td>Lugar de origem:<\/td><td> China<\/td>        <\/tr>\n            <tr data-row_id=\"291\" class=\"ninja_table_row_7 nt_row_id_291\">\n            <td>Marca:<\/td><td>Marco<\/td>        <\/tr>\n            <tr data-row_id=\"292\" class=\"ninja_table_row_8 nt_row_id_292\">\n            <td>N\u00famero do modelo:<\/td><td>LQQ29<\/td>        <\/tr>\n            <tr data-row_id=\"293\" class=\"ninja_table_row_9 nt_row_id_293\">\n            <td>Tamanho:<\/td><td>54-56*14CM, 56-58cm<\/td>        <\/tr>\n            <tr data-row_id=\"294\" class=\"ninja_table_row_10 nt_row_id_294\">\n            <td>Logotipo:<\/td><td>Logotipo personalizado<\/td>        <\/tr>\n            <tr data-row_id=\"295\" class=\"ninja_table_row_11 nt_row_id_295\">\n            <td>Nome do Produto:<\/td><td>Tampa de concha<\/td>        <\/tr>\n            <tr data-row_id=\"296\" class=\"ninja_table_row_12 nt_row_id_296\">\n            <td>Cor:<\/td><td>Cores personalizadas<\/td>        <\/tr>\n            <tr data-row_id=\"297\" class=\"ninja_table_row_13 nt_row_id_297\">\n            <td>Tecido:<\/td><td>100% Algod\u00e3o\/poli\u00e9ster<\/td>        <\/tr>\n            <tr data-row_id=\"298\" class=\"ninja_table_row_14 nt_row_id_298\">\n            <td>Uso:<\/td><td>Vestir<\/td>        <\/tr>\n            <tr data-row_id=\"299\" class=\"ninja_table_row_15 nt_row_id_299\">\n            <td>Palavra-chave:<\/td><td>Bon\u00e9 Trucker com Bordado Personalizado<\/td>        <\/tr>\n    <\/tbody><!--ninja_tobody_rendering_done-->\n    <\/table>\n                    <style type=\"text\/css\" id='ninja_table_custom_css_1954'>\n                        #footable_1954  {\n    font-family: inherit;\n    font-size: 14px;\n    }\n\n    \n                <\/style>\n                \n    \n    \n<\/div>","protected":false},"excerpt":{"rendered":"","protected":false},"featured_media":1955,"comment_status":"open","ping_status":"closed","template":"","meta":{"site-sidebar-layout":"default","site-content-layout":"default","ast-site-content-layout":"","site-content-style":"default","site-sidebar-style":"default","ast-global-header-display":"","ast-banner-title-visibility":"","ast-main-header-display":"","ast-hfb-above-header-display":"","ast-hfb-below-header-display":"","ast-hfb-mobile-header-display":"","site-post-title":"","ast-breadcrumbs-content":"","ast-featured-img":"","footer-sml-layout":"","theme-transparent-header-meta":"default","adv-header-id-meta":"","stick-header-meta":"","header-above-stick-meta":"","header-main-stick-meta":"","header-below-stick-meta":"","astra-migrate-meta-layouts":"default","ast-page-background-enabled":"default","ast-page-background-meta":{"desktop":{"background-color":"var(--ast-global-color-4)","background-image":"","background-repeat":"repeat","background-position":"center center","background-size":"auto","background-attachment":"scroll","background-type":"","background-media":"","overlay-type":"","overlay-color":"","overlay-opacity":"","overlay-gradient":""},"tablet":{"background-color":"","background-image":"","background-repeat":"repeat","background-position":"center center","background-size":"auto","background-attachment":"scroll","background-type":"","background-media":"","overlay-type":"","overlay-color":"","overlay-opacity":"","overlay-gradient":""},"mobile":{"background-color":"","background-image":"","background-repeat":"repeat","background-position":"center center","background-size":"auto","background-attachment":"scroll","background-type":"","background-media":"","overlay-type":"","overlay-color":"","overlay-opacity":"","overlay-gradient":""}},"ast-content-background-meta":{"desktop":{"background-color":"var(--ast-global-color-5)","background-image":"","background-repeat":"repeat","background-position":"center center","background-size":"auto","background-attachment":"scroll","background-type":"","background-media":"","overlay-type":"","overlay-color":"","overlay-opacity":"","overlay-gradient":""},"tablet":{"background-color":"var(--ast-global-color-5)","background-image":"","background-repeat":"repeat","background-position":"center center","background-size":"auto","background-attachment":"scroll","background-type":"","background-media":"","overlay-type":"","overlay-color":"","overlay-opacity":"","overlay-gradient":""},"mobile":{"background-color":"var(--ast-global-color-5)","background-image":"","background-repeat":"repeat","background-position":"center center","background-size":"auto","background-attachment":"scroll","background-type":"","background-media":"","overlay-type":"","overlay-color":"","overlay-opacity":"","overlay-gradient":""}},"jetpack_publicize_message":"","jetpack_is_tweetstorm":false,"jetpack_publicize_feature_enabled":true,"jetpack_social_post_already_shared":false,"jetpack_social_options":{"image_generator_settings":{"template":"highway","enabled":false}}},"product_brand":[],"product_cat":[34,51],"product_tag":[],"class_list":{"0":"post-1952","1":"product","2":"type-product","3":"status-publish","4":"has-post-thumbnail","6":"product_cat-cap","7":"product_cat-shell-cap","8":"desktop-align-left","9":"tablet-align-left","10":"mobile-align-left","12":"first","13":"instock","14":"sale","15":"shipping-taxable","16":"purchasable","17":"product-type-variable"},"jetpack_publicize_connections":[],"yoast_head":"<!-- This site is optimized with the Yoast SEO Premium plugin v20.7 (Yoast SEO v27.6) - https:\/\/yoast.com\/product\/yoast-seo-premium-wordpress\/ -->\n<title>Large Brim Summer UV Protection Rolled Up as a Headband - landmark<\/title>\n<meta name=\"robots\" content=\"index, follow, max-snippet:-1, max-image-preview:large, max-video-preview:-1\" \/>\n<link rel=\"canonical\" href=\"https:\/\/synthetichairwig.com\/pt\/produto\/large-brim-summer-uv-protection-rolled-up-as-a-headband\/\" \/>\n<meta property=\"og:locale\" content=\"pt_PT\" \/>\n<meta property=\"og:type\" content=\"article\" \/>\n<meta property=\"og:title\" content=\"Large Brim Summer UV Protection Rolled Up as a Headband\" \/>\n<meta property=\"og:url\" content=\"https:\/\/synthetichairwig.com\/pt\/produto\/large-brim-summer-uv-protection-rolled-up-as-a-headband\/\" \/>\n<meta property=\"og:site_name\" content=\"landmark\" \/>\n<meta property=\"article:modified_time\" content=\"2023-07-31T09:32:46+00:00\" \/>\n<meta property=\"og:image\" content=\"https:\/\/synthetichairwig.com\/wp-content\/uploads\/2023\/06\/007-1.jpg\" \/>\n\t<meta property=\"og:image:width\" content=\"800\" \/>\n\t<meta property=\"og:image:height\" content=\"800\" \/>\n\t<meta property=\"og:image:type\" content=\"image\/jpeg\" \/>\n<meta name=\"twitter:card\" content=\"summary_large_image\" \/>\n<meta name=\"twitter:label1\" content=\"Tempo estimado de leitura\" \/>\n\t<meta name=\"twitter:data1\" content=\"1 minuto\" \/>\n<script type=\"application\/ld+json\" class=\"yoast-schema-graph\">{\"@context\":\"https:\\\/\\\/schema.org\",\"@graph\":[{\"@type\":\"WebPage\",\"@id\":\"https:\\\/\\\/synthetichairwig.com\\\/product\\\/large-brim-summer-uv-protection-rolled-up-as-a-headband\\\/\",\"url\":\"https:\\\/\\\/synthetichairwig.com\\\/product\\\/large-brim-summer-uv-protection-rolled-up-as-a-headband\\\/\",\"name\":\"Large Brim Summer UV Protection Rolled Up as a Headband - landmark\",\"isPartOf\":{\"@id\":\"https:\\\/\\\/synthetichairwig.com\\\/#website\"},\"primaryImageOfPage\":{\"@id\":\"https:\\\/\\\/synthetichairwig.com\\\/product\\\/large-brim-summer-uv-protection-rolled-up-as-a-headband\\\/#primaryimage\"},\"image\":{\"@id\":\"https:\\\/\\\/synthetichairwig.com\\\/product\\\/large-brim-summer-uv-protection-rolled-up-as-a-headband\\\/#primaryimage\"},\"thumbnailUrl\":\"https:\\\/\\\/synthetichairwig.com\\\/wp-content\\\/uploads\\\/2023\\\/06\\\/007-1.jpg\",\"datePublished\":\"2023-06-19T11:50:18+00:00\",\"dateModified\":\"2023-07-31T09:32:46+00:00\",\"breadcrumb\":{\"@id\":\"https:\\\/\\\/synthetichairwig.com\\\/product\\\/large-brim-summer-uv-protection-rolled-up-as-a-headband\\\/#breadcrumb\"},\"inLanguage\":\"pt-PT\",\"potentialAction\":[{\"@type\":\"ReadAction\",\"target\":[\"https:\\\/\\\/synthetichairwig.com\\\/product\\\/large-brim-summer-uv-protection-rolled-up-as-a-headband\\\/\"]}]},{\"@type\":\"ImageObject\",\"inLanguage\":\"pt-PT\",\"@id\":\"https:\\\/\\\/synthetichairwig.com\\\/product\\\/large-brim-summer-uv-protection-rolled-up-as-a-headband\\\/#primaryimage\",\"url\":\"https:\\\/\\\/synthetichairwig.com\\\/wp-content\\\/uploads\\\/2023\\\/06\\\/007-1.jpg\",\"contentUrl\":\"https:\\\/\\\/synthetichairwig.com\\\/wp-content\\\/uploads\\\/2023\\\/06\\\/007-1.jpg\",\"width\":800,\"height\":800,\"caption\":\"Large Brim Summer UV Protection Rolled Up as a Headband\"},{\"@type\":\"BreadcrumbList\",\"@id\":\"https:\\\/\\\/synthetichairwig.com\\\/product\\\/large-brim-summer-uv-protection-rolled-up-as-a-headband\\\/#breadcrumb\",\"itemListElement\":[{\"@type\":\"ListItem\",\"position\":1,\"name\":\"Home\",\"item\":\"https:\\\/\\\/synthetichairwig.com\\\/\"},{\"@type\":\"ListItem\",\"position\":2,\"name\":\"LandMark Hair Shop\",\"item\":\"https:\\\/\\\/synthetichairwig.com\\\/landmark-hair-shop\\\/\"},{\"@type\":\"ListItem\",\"position\":3,\"name\":\"Large Brim Summer UV Protection Rolled Up as a Headband\"}]},{\"@type\":\"WebSite\",\"@id\":\"https:\\\/\\\/synthetichairwig.com\\\/#website\",\"url\":\"https:\\\/\\\/synthetichairwig.com\\\/\",\"name\":\"landmark\",\"description\":\"My WordPress Blog\",\"publisher\":{\"@id\":\"https:\\\/\\\/synthetichairwig.com\\\/#organization\"},\"potentialAction\":[{\"@type\":\"SearchAction\",\"target\":{\"@type\":\"EntryPoint\",\"urlTemplate\":\"https:\\\/\\\/synthetichairwig.com\\\/?s={search_term_string}\"},\"query-input\":{\"@type\":\"PropertyValueSpecification\",\"valueRequired\":true,\"valueName\":\"search_term_string\"}}],\"inLanguage\":\"pt-PT\"},{\"@type\":\"Organization\",\"@id\":\"https:\\\/\\\/synthetichairwig.com\\\/#organization\",\"name\":\"landmark\",\"url\":\"https:\\\/\\\/synthetichairwig.com\\\/\",\"logo\":{\"@type\":\"ImageObject\",\"inLanguage\":\"pt-PT\",\"@id\":\"https:\\\/\\\/synthetichairwig.com\\\/#\\\/schema\\\/logo\\\/image\\\/\",\"url\":\"https:\\\/\\\/synthetichairwig.com\\\/wp-content\\\/uploads\\\/2023\\\/06\\\/cropped-logo3.png\",\"contentUrl\":\"https:\\\/\\\/synthetichairwig.com\\\/wp-content\\\/uploads\\\/2023\\\/06\\\/cropped-logo3.png\",\"width\":1704,\"height\":768,\"caption\":\"landmark\"},\"image\":{\"@id\":\"https:\\\/\\\/synthetichairwig.com\\\/#\\\/schema\\\/logo\\\/image\\\/\"}}]}<\/script>\n<!-- \/ Yoast SEO Premium plugin. -->","yoast_head_json":{"title":"Large Brim Summer UV Protection Rolled Up as a Headband - landmark","robots":{"index":"index","follow":"follow","max-snippet":"max-snippet:-1","max-image-preview":"max-image-preview:large","max-video-preview":"max-video-preview:-1"},"canonical":"https:\/\/synthetichairwig.com\/pt\/produto\/large-brim-summer-uv-protection-rolled-up-as-a-headband\/","og_locale":"pt_PT","og_type":"article","og_title":"Large Brim Summer UV Protection Rolled Up as a Headband","og_url":"https:\/\/synthetichairwig.com\/pt\/produto\/large-brim-summer-uv-protection-rolled-up-as-a-headband\/","og_site_name":"landmark","article_modified_time":"2023-07-31T09:32:46+00:00","og_image":[{"width":800,"height":800,"url":"https:\/\/synthetichairwig.com\/wp-content\/uploads\/2023\/06\/007-1.jpg","type":"image\/jpeg"}],"twitter_card":"summary_large_image","twitter_misc":{"Tempo estimado de leitura":"1 minuto"},"schema":{"@context":"https:\/\/schema.org","@graph":[{"@type":"WebPage","@id":"https:\/\/synthetichairwig.com\/product\/large-brim-summer-uv-protection-rolled-up-as-a-headband\/","url":"https:\/\/synthetichairwig.com\/product\/large-brim-summer-uv-protection-rolled-up-as-a-headband\/","name":"Large Brim Summer UV Protection Rolled Up as a Headband - landmark","isPartOf":{"@id":"https:\/\/synthetichairwig.com\/#website"},"primaryImageOfPage":{"@id":"https:\/\/synthetichairwig.com\/product\/large-brim-summer-uv-protection-rolled-up-as-a-headband\/#primaryimage"},"image":{"@id":"https:\/\/synthetichairwig.com\/product\/large-brim-summer-uv-protection-rolled-up-as-a-headband\/#primaryimage"},"thumbnailUrl":"https:\/\/synthetichairwig.com\/wp-content\/uploads\/2023\/06\/007-1.jpg","datePublished":"2023-06-19T11:50:18+00:00","dateModified":"2023-07-31T09:32:46+00:00","breadcrumb":{"@id":"https:\/\/synthetichairwig.com\/product\/large-brim-summer-uv-protection-rolled-up-as-a-headband\/#breadcrumb"},"inLanguage":"pt-PT","potentialAction":[{"@type":"ReadAction","target":["https:\/\/synthetichairwig.com\/product\/large-brim-summer-uv-protection-rolled-up-as-a-headband\/"]}]},{"@type":"ImageObject","inLanguage":"pt-PT","@id":"https:\/\/synthetichairwig.com\/product\/large-brim-summer-uv-protection-rolled-up-as-a-headband\/#primaryimage","url":"https:\/\/synthetichairwig.com\/wp-content\/uploads\/2023\/06\/007-1.jpg","contentUrl":"https:\/\/synthetichairwig.com\/wp-content\/uploads\/2023\/06\/007-1.jpg","width":800,"height":800,"caption":"Large Brim Summer UV Protection Rolled Up as a Headband"},{"@type":"BreadcrumbList","@id":"https:\/\/synthetichairwig.com\/product\/large-brim-summer-uv-protection-rolled-up-as-a-headband\/#breadcrumb","itemListElement":[{"@type":"ListItem","position":1,"name":"Home","item":"https:\/\/synthetichairwig.com\/"},{"@type":"ListItem","position":2,"name":"LandMark Hair Shop","item":"https:\/\/synthetichairwig.com\/landmark-hair-shop\/"},{"@type":"ListItem","position":3,"name":"Large Brim Summer UV Protection Rolled Up as a Headband"}]},{"@type":"WebSite","@id":"https:\/\/synthetichairwig.com\/#website","url":"https:\/\/synthetichairwig.com\/","name":"landmark","description":"My WordPress Blog","publisher":{"@id":"https:\/\/synthetichairwig.com\/#organization"},"potentialAction":[{"@type":"SearchAction","target":{"@type":"EntryPoint","urlTemplate":"https:\/\/synthetichairwig.com\/?s={search_term_string}"},"query-input":{"@type":"PropertyValueSpecification","valueRequired":true,"valueName":"search_term_string"}}],"inLanguage":"pt-PT"},{"@type":"Organization","@id":"https:\/\/synthetichairwig.com\/#organization","name":"landmark","url":"https:\/\/synthetichairwig.com\/","logo":{"@type":"ImageObject","inLanguage":"pt-PT","@id":"https:\/\/synthetichairwig.com\/#\/schema\/logo\/image\/","url":"https:\/\/synthetichairwig.com\/wp-content\/uploads\/2023\/06\/cropped-logo3.png","contentUrl":"https:\/\/synthetichairwig.com\/wp-content\/uploads\/2023\/06\/cropped-logo3.png","width":1704,"height":768,"caption":"landmark"},"image":{"@id":"https:\/\/synthetichairwig.com\/#\/schema\/logo\/image\/"}}]}},"_links":{"self":[{"href":"https:\/\/synthetichairwig.com\/pt\/wp-json\/wp\/v2\/product\/1952","targetHints":{"allow":["GET"]}}],"collection":[{"href":"https:\/\/synthetichairwig.com\/pt\/wp-json\/wp\/v2\/product"}],"about":[{"href":"https:\/\/synthetichairwig.com\/pt\/wp-json\/wp\/v2\/types\/product"}],"replies":[{"embeddable":true,"href":"https:\/\/synthetichairwig.com\/pt\/wp-json\/wp\/v2\/comments?post=1952"}],"wp:featuredmedia":[{"embeddable":true,"href":"https:\/\/synthetichairwig.com\/pt\/wp-json\/wp\/v2\/media\/1955"}],"wp:attachment":[{"href":"https:\/\/synthetichairwig.com\/pt\/wp-json\/wp\/v2\/media?parent=1952"}],"wp:term":[{"taxonomy":"product_brand","embeddable":true,"href":"https:\/\/synthetichairwig.com\/pt\/wp-json\/wp\/v2\/product_brand?post=1952"},{"taxonomy":"product_cat","embeddable":true,"href":"https:\/\/synthetichairwig.com\/pt\/wp-json\/wp\/v2\/product_cat?post=1952"},{"taxonomy":"product_tag","embeddable":true,"href":"https:\/\/synthetichairwig.com\/pt\/wp-json\/wp\/v2\/product_tag?post=1952"}],"curies":[{"name":"wp","href":"https:\/\/api.w.org\/{rel}","templated":true}]}}