{"id":3639,"date":"2023-07-22T01:28:06","date_gmt":"2023-07-22T01:28:06","guid":{"rendered":"https:\/\/synthetichairwig.com\/?post_type=product&#038;p=3639"},"modified":"2024-05-29T22:35:01","modified_gmt":"2024-05-29T22:35:01","slug":"afro-curly-wig-synthetic-short-kinky-curly-wigs-for-black-women-blonde-mixed-brown-heat-resistant-fiber","status":"publish","type":"product","link":"https:\/\/synthetichairwig.com\/pt\/product\/afro-curly-wig-synthetic-short-kinky-curly-wigs-for-black-women-blonde-mixed-brown-heat-resistant-fiber\/","title":{"rendered":"Peruca afro encaracolada sint\u00e9tica curta, peruca encaracolada para mulheres negras, loira mista, marrom, fibra resistente ao calor"},"content":{"rendered":"<p><img fetchpriority=\"high\" decoding=\"async\" class=\"alignnone size-full wp-image-3641\" src=\"https:\/\/synthetichairwig.com\/wp-content\/uploads\/2023\/07\/\u8bb8\u660c\u51ef\u831c\u53d1004-1-2.jpg\" alt=\"\" width=\"600\" height=\"600\" srcset=\"https:\/\/synthetichairwig.com\/wp-content\/uploads\/2023\/07\/\u8bb8\u660c\u51ef\u831c\u53d1004-1-2.jpg 600w, https:\/\/synthetichairwig.com\/wp-content\/uploads\/2023\/07\/\u8bb8\u660c\u51ef\u831c\u53d1004-1-2-300x300.jpg 300w, https:\/\/synthetichairwig.com\/wp-content\/uploads\/2023\/07\/\u8bb8\u660c\u51ef\u831c\u53d1004-1-2-150x150.jpg 150w, https:\/\/synthetichairwig.com\/wp-content\/uploads\/2023\/07\/\u8bb8\u660c\u51ef\u831c\u53d1004-1-2-100x100.jpg 100w\" sizes=\"(max-width: 600px) 100vw, 600px\" \/><\/p>\n<div id=\"footable_parent_3638\"\n         class=\"footable_parent ninja_table_wrapper loading_ninja_table wp_table_data_press_parent semantic_ui\">\n                <table data-ninja_table_instance=\"ninja_table_instance_0\" data-footable_id=\"3638\" data-filter-delay=\"1000\" aria-label=\"\u5047\u53d1\u5de5\u4f5c\u8868.csv\"            id=\"footable_3638\"\n           data-unique_identifier=\"ninja_table_unique_id_93317698_3638\"\n           class=\"foo-table ninja_footable foo_table_3638 ninja_table_unique_id_93317698_3638 ui table  nt_type_legacy_table selectable striped vertical_centered  footable-paging-right ninja_table_pro\">\n                <colgroup>\n                            <col class=\"ninja_column_0\">\n                            <col class=\"ninja_column_1\">\n                    <\/colgroup>\n        <thead>\n<tr class=\"footable-header\">\n                                        <th scope=\"col\"  class=\"ninja_column_0 ninja_clmn_nm_material\">Material:<\/th><th scope=\"col\"  class=\"ninja_column_1 ninja_clmn_nm_synthetichair\">cabelo sint\u00e9tico<\/th><\/tr>\n<\/thead>\n<tbody>\n\n        <tr data-row_id=\"976\" class=\"ninja_table_row_0 nt_row_id_976\">\n            <td>Estilo:<\/td><td>Encaracolado<\/td>        <\/tr>\n            <tr data-row_id=\"977\" class=\"ninja_table_row_1 nt_row_id_977\">\n            <td>Adequado para:<\/td><td>Mulheres<\/td>        <\/tr>\n            <tr data-row_id=\"978\" class=\"ninja_table_row_2 nt_row_id_978\">\n            <td>Comprimento:<\/td><td>Curto<\/td>        <\/tr>\n            <tr data-row_id=\"979\" class=\"ninja_table_row_3 nt_row_id_979\">\n            <td>Grau de cabelo:<\/td><td>Cabelo n\u00e3o Remy<\/td>        <\/tr>\n            <tr data-row_id=\"980\" class=\"ninja_table_row_4 nt_row_id_980\">\n            <td>Cor:<\/td><td>Cor da imagem<\/td>        <\/tr>\n            <tr data-row_id=\"981\" class=\"ninja_table_row_5 nt_row_id_981\">\n            <td>Modelo N\u00c3O.<\/td><td>WS707<\/td>        <\/tr>\n            <tr data-row_id=\"982\" class=\"ninja_table_row_6 nt_row_id_982\">\n            <td>Tipo<\/td><td>Extens\u00e3o de cabelo pr\u00e9-colada<\/td>        <\/tr>\n            <tr data-row_id=\"983\" class=\"ninja_table_row_7 nt_row_id_983\">\n            <td>Peruca de renda<\/td><td>Nenhuma peruca de renda<\/td>        <\/tr>\n            <tr data-row_id=\"984\" class=\"ninja_table_row_8 nt_row_id_984\">\n            <td>T\u00e9cnica<\/td><td>Maquina feita<\/td>        <\/tr>\n            <tr data-row_id=\"985\" class=\"ninja_table_row_9 nt_row_id_985\">\n            <td>Peso<\/td><td>230g<\/td>        <\/tr>\n            <tr data-row_id=\"986\" class=\"ninja_table_row_10 nt_row_id_986\">\n            <td>Nome<\/td><td>Peruca curta sint\u00e9tica<\/td>        <\/tr>\n            <tr data-row_id=\"987\" class=\"ninja_table_row_11 nt_row_id_987\">\n            <td>Densidade do cabelo<\/td><td>150%<\/td>        <\/tr>\n            <tr data-row_id=\"988\" class=\"ninja_table_row_12 nt_row_id_988\">\n            <td>Tamanho<\/td><td>13 polegadas<\/td>        <\/tr>\n            <tr data-row_id=\"989\" class=\"ninja_table_row_13 nt_row_id_989\">\n            <td>Sensa\u00e7\u00e3o da m\u00e3o<\/td><td>Toque suave e suave<\/td>        <\/tr>\n            <tr data-row_id=\"990\" class=\"ninja_table_row_14 nt_row_id_990\">\n            <td>Tamanho do copo<\/td><td>Tamanho m\u00e9dio<\/td>        <\/tr>\n            <tr data-row_id=\"991\" class=\"ninja_table_row_15 nt_row_id_991\">\n            <td>Pacote de Transporte<\/td><td>Saco de PVC com Rede<\/td>        <\/tr>\n            <tr data-row_id=\"992\" class=\"ninja_table_row_16 nt_row_id_992\">\n            <td>Origem<\/td><td>China<\/td>        <\/tr>\n    <\/tbody><!--ninja_tobody_rendering_done-->\n    <\/table>\n                    <style type=\"text\/css\" id='ninja_table_custom_css_3638'>\n                        #footable_3638  {\n    font-family: inherit;\n    font-size: 14px;\n    }\n\n    \n                <\/style>\n                \n    \n    \n<\/div>","protected":false},"excerpt":{"rendered":"<h5>13 polegadas<\/h5>","protected":false},"featured_media":3641,"comment_status":"open","ping_status":"closed","template":"","meta":{"site-sidebar-layout":"default","site-content-layout":"default","ast-site-content-layout":"","site-content-style":"default","site-sidebar-style":"default","ast-global-header-display":"","ast-banner-title-visibility":"","ast-main-header-display":"","ast-hfb-above-header-display":"","ast-hfb-below-header-display":"","ast-hfb-mobile-header-display":"","site-post-title":"","ast-breadcrumbs-content":"","ast-featured-img":"","footer-sml-layout":"","theme-transparent-header-meta":"default","adv-header-id-meta":"","stick-header-meta":"","header-above-stick-meta":"","header-main-stick-meta":"","header-below-stick-meta":"","astra-migrate-meta-layouts":"default","ast-page-background-enabled":"default","ast-page-background-meta":{"desktop":{"background-color":"var(--ast-global-color-4)","background-image":"","background-repeat":"repeat","background-position":"center center","background-size":"auto","background-attachment":"scroll","background-type":"","background-media":"","overlay-type":"","overlay-color":"","overlay-opacity":"","overlay-gradient":""},"tablet":{"background-color":"","background-image":"","background-repeat":"repeat","background-position":"center center","background-size":"auto","background-attachment":"scroll","background-type":"","background-media":"","overlay-type":"","overlay-color":"","overlay-opacity":"","overlay-gradient":""},"mobile":{"background-color":"","background-image":"","background-repeat":"repeat","background-position":"center center","background-size":"auto","background-attachment":"scroll","background-type":"","background-media":"","overlay-type":"","overlay-color":"","overlay-opacity":"","overlay-gradient":""}},"ast-content-background-meta":{"desktop":{"background-color":"var(--ast-global-color-5)","background-image":"","background-repeat":"repeat","background-position":"center center","background-size":"auto","background-attachment":"scroll","background-type":"","background-media":"","overlay-type":"","overlay-color":"","overlay-opacity":"","overlay-gradient":""},"tablet":{"background-color":"var(--ast-global-color-5)","background-image":"","background-repeat":"repeat","background-position":"center center","background-size":"auto","background-attachment":"scroll","background-type":"","background-media":"","overlay-type":"","overlay-color":"","overlay-opacity":"","overlay-gradient":""},"mobile":{"background-color":"var(--ast-global-color-5)","background-image":"","background-repeat":"repeat","background-position":"center center","background-size":"auto","background-attachment":"scroll","background-type":"","background-media":"","overlay-type":"","overlay-color":"","overlay-opacity":"","overlay-gradient":""}},"jetpack_publicize_message":"","jetpack_is_tweetstorm":false,"jetpack_publicize_feature_enabled":true,"jetpack_social_post_already_shared":false,"jetpack_social_options":{"image_generator_settings":{"template":"highway","enabled":false}}},"product_brand":[],"product_cat":[42,77,32],"product_tag":[],"class_list":{"0":"post-3639","1":"product","2":"type-product","3":"status-publish","4":"has-post-thumbnail","6":"product_cat-afro-wigs","7":"product_cat-flash-sale","8":"product_cat-synthetic-wigs","9":"desktop-align-left","10":"tablet-align-left","11":"mobile-align-left","13":"first","14":"instock","15":"sale","16":"shipping-taxable","17":"purchasable","18":"product-type-variable"},"jetpack_publicize_connections":[],"yoast_head":"<!-- This site is optimized with the Yoast SEO Premium plugin v20.7 (Yoast SEO v27.6) - https:\/\/yoast.com\/product\/yoast-seo-premium-wordpress\/ -->\n<title>Afro Curly Wig Synthetic Short Kinky Curly Wigs for Black Women Blonde Mixed Brown Heat Resistant Fiber - landmark<\/title>\n<meta name=\"robots\" content=\"index, follow, max-snippet:-1, max-image-preview:large, max-video-preview:-1\" \/>\n<link rel=\"canonical\" href=\"https:\/\/synthetichairwig.com\/pt\/produto\/afro-curly-wig-synthetic-short-kinky-curly-wigs-for-black-women-blonde-mixed-brown-heat-resistant-fiber\/\" \/>\n<meta property=\"og:locale\" content=\"pt_PT\" \/>\n<meta property=\"og:type\" content=\"article\" \/>\n<meta property=\"og:title\" content=\"Afro Curly Wig Synthetic Short Kinky Curly Wigs for Black Women Blonde Mixed Brown Heat Resistant Fiber\" \/>\n<meta property=\"og:description\" content=\"13inch\" \/>\n<meta property=\"og:url\" content=\"https:\/\/synthetichairwig.com\/pt\/produto\/afro-curly-wig-synthetic-short-kinky-curly-wigs-for-black-women-blonde-mixed-brown-heat-resistant-fiber\/\" \/>\n<meta property=\"og:site_name\" content=\"landmark\" \/>\n<meta property=\"article:modified_time\" content=\"2024-05-29T22:35:01+00:00\" \/>\n<meta property=\"og:image\" content=\"https:\/\/synthetichairwig.com\/wp-content\/uploads\/2023\/07\/\u8bb8\u660c\u51ef\u831c\u53d1004-1-2.jpg\" \/>\n\t<meta property=\"og:image:width\" content=\"600\" \/>\n\t<meta property=\"og:image:height\" content=\"600\" \/>\n\t<meta property=\"og:image:type\" content=\"image\/jpeg\" \/>\n<meta name=\"twitter:card\" content=\"summary_large_image\" \/>\n<meta name=\"twitter:label1\" content=\"Tempo estimado de leitura\" \/>\n\t<meta name=\"twitter:data1\" content=\"1 minuto\" \/>\n<script type=\"application\/ld+json\" class=\"yoast-schema-graph\">{\"@context\":\"https:\\\/\\\/schema.org\",\"@graph\":[{\"@type\":\"WebPage\",\"@id\":\"https:\\\/\\\/synthetichairwig.com\\\/product\\\/afro-curly-wig-synthetic-short-kinky-curly-wigs-for-black-women-blonde-mixed-brown-heat-resistant-fiber\\\/\",\"url\":\"https:\\\/\\\/synthetichairwig.com\\\/product\\\/afro-curly-wig-synthetic-short-kinky-curly-wigs-for-black-women-blonde-mixed-brown-heat-resistant-fiber\\\/\",\"name\":\"Afro Curly Wig Synthetic Short Kinky Curly Wigs for Black Women Blonde Mixed Brown Heat Resistant Fiber - landmark\",\"isPartOf\":{\"@id\":\"https:\\\/\\\/synthetichairwig.com\\\/#website\"},\"primaryImageOfPage\":{\"@id\":\"https:\\\/\\\/synthetichairwig.com\\\/product\\\/afro-curly-wig-synthetic-short-kinky-curly-wigs-for-black-women-blonde-mixed-brown-heat-resistant-fiber\\\/#primaryimage\"},\"image\":{\"@id\":\"https:\\\/\\\/synthetichairwig.com\\\/product\\\/afro-curly-wig-synthetic-short-kinky-curly-wigs-for-black-women-blonde-mixed-brown-heat-resistant-fiber\\\/#primaryimage\"},\"thumbnailUrl\":\"https:\\\/\\\/synthetichairwig.com\\\/wp-content\\\/uploads\\\/2023\\\/07\\\/\u8bb8\u660c\u51ef\u831c\u53d1004-1-2.jpg\",\"datePublished\":\"2023-07-22T01:28:06+00:00\",\"dateModified\":\"2024-05-29T22:35:01+00:00\",\"breadcrumb\":{\"@id\":\"https:\\\/\\\/synthetichairwig.com\\\/product\\\/afro-curly-wig-synthetic-short-kinky-curly-wigs-for-black-women-blonde-mixed-brown-heat-resistant-fiber\\\/#breadcrumb\"},\"inLanguage\":\"pt-PT\",\"potentialAction\":[{\"@type\":\"ReadAction\",\"target\":[\"https:\\\/\\\/synthetichairwig.com\\\/product\\\/afro-curly-wig-synthetic-short-kinky-curly-wigs-for-black-women-blonde-mixed-brown-heat-resistant-fiber\\\/\"]}]},{\"@type\":\"ImageObject\",\"inLanguage\":\"pt-PT\",\"@id\":\"https:\\\/\\\/synthetichairwig.com\\\/product\\\/afro-curly-wig-synthetic-short-kinky-curly-wigs-for-black-women-blonde-mixed-brown-heat-resistant-fiber\\\/#primaryimage\",\"url\":\"https:\\\/\\\/synthetichairwig.com\\\/wp-content\\\/uploads\\\/2023\\\/07\\\/\u8bb8\u660c\u51ef\u831c\u53d1004-1-2.jpg\",\"contentUrl\":\"https:\\\/\\\/synthetichairwig.com\\\/wp-content\\\/uploads\\\/2023\\\/07\\\/\u8bb8\u660c\u51ef\u831c\u53d1004-1-2.jpg\",\"width\":600,\"height\":600},{\"@type\":\"BreadcrumbList\",\"@id\":\"https:\\\/\\\/synthetichairwig.com\\\/product\\\/afro-curly-wig-synthetic-short-kinky-curly-wigs-for-black-women-blonde-mixed-brown-heat-resistant-fiber\\\/#breadcrumb\",\"itemListElement\":[{\"@type\":\"ListItem\",\"position\":1,\"name\":\"Home\",\"item\":\"https:\\\/\\\/synthetichairwig.com\\\/\"},{\"@type\":\"ListItem\",\"position\":2,\"name\":\"LandMark Hair Shop\",\"item\":\"https:\\\/\\\/synthetichairwig.com\\\/landmark-hair-shop\\\/\"},{\"@type\":\"ListItem\",\"position\":3,\"name\":\"Afro Curly Wig Synthetic Short Kinky Curly Wigs for Black Women Blonde Mixed Brown Heat Resistant Fiber\"}]},{\"@type\":\"WebSite\",\"@id\":\"https:\\\/\\\/synthetichairwig.com\\\/#website\",\"url\":\"https:\\\/\\\/synthetichairwig.com\\\/\",\"name\":\"landmark\",\"description\":\"My WordPress Blog\",\"publisher\":{\"@id\":\"https:\\\/\\\/synthetichairwig.com\\\/#organization\"},\"potentialAction\":[{\"@type\":\"SearchAction\",\"target\":{\"@type\":\"EntryPoint\",\"urlTemplate\":\"https:\\\/\\\/synthetichairwig.com\\\/?s={search_term_string}\"},\"query-input\":{\"@type\":\"PropertyValueSpecification\",\"valueRequired\":true,\"valueName\":\"search_term_string\"}}],\"inLanguage\":\"pt-PT\"},{\"@type\":\"Organization\",\"@id\":\"https:\\\/\\\/synthetichairwig.com\\\/#organization\",\"name\":\"landmark\",\"url\":\"https:\\\/\\\/synthetichairwig.com\\\/\",\"logo\":{\"@type\":\"ImageObject\",\"inLanguage\":\"pt-PT\",\"@id\":\"https:\\\/\\\/synthetichairwig.com\\\/#\\\/schema\\\/logo\\\/image\\\/\",\"url\":\"https:\\\/\\\/synthetichairwig.com\\\/wp-content\\\/uploads\\\/2023\\\/06\\\/cropped-logo3.png\",\"contentUrl\":\"https:\\\/\\\/synthetichairwig.com\\\/wp-content\\\/uploads\\\/2023\\\/06\\\/cropped-logo3.png\",\"width\":1704,\"height\":768,\"caption\":\"landmark\"},\"image\":{\"@id\":\"https:\\\/\\\/synthetichairwig.com\\\/#\\\/schema\\\/logo\\\/image\\\/\"}}]}<\/script>\n<!-- \/ Yoast SEO Premium plugin. -->","yoast_head_json":{"title":"Afro Curly Wig Synthetic Short Kinky Curly Wigs for Black Women Blonde Mixed Brown Heat Resistant Fiber - landmark","robots":{"index":"index","follow":"follow","max-snippet":"max-snippet:-1","max-image-preview":"max-image-preview:large","max-video-preview":"max-video-preview:-1"},"canonical":"https:\/\/synthetichairwig.com\/pt\/produto\/afro-curly-wig-synthetic-short-kinky-curly-wigs-for-black-women-blonde-mixed-brown-heat-resistant-fiber\/","og_locale":"pt_PT","og_type":"article","og_title":"Afro Curly Wig Synthetic Short Kinky Curly Wigs for Black Women Blonde Mixed Brown Heat Resistant Fiber","og_description":"13inch","og_url":"https:\/\/synthetichairwig.com\/pt\/produto\/afro-curly-wig-synthetic-short-kinky-curly-wigs-for-black-women-blonde-mixed-brown-heat-resistant-fiber\/","og_site_name":"landmark","article_modified_time":"2024-05-29T22:35:01+00:00","og_image":[{"width":600,"height":600,"url":"https:\/\/synthetichairwig.com\/wp-content\/uploads\/2023\/07\/\u8bb8\u660c\u51ef\u831c\u53d1004-1-2.jpg","type":"image\/jpeg"}],"twitter_card":"summary_large_image","twitter_misc":{"Tempo estimado de leitura":"1 minuto"},"schema":{"@context":"https:\/\/schema.org","@graph":[{"@type":"WebPage","@id":"https:\/\/synthetichairwig.com\/product\/afro-curly-wig-synthetic-short-kinky-curly-wigs-for-black-women-blonde-mixed-brown-heat-resistant-fiber\/","url":"https:\/\/synthetichairwig.com\/product\/afro-curly-wig-synthetic-short-kinky-curly-wigs-for-black-women-blonde-mixed-brown-heat-resistant-fiber\/","name":"Afro Curly Wig Synthetic Short Kinky Curly Wigs for Black Women Blonde Mixed Brown Heat Resistant Fiber - landmark","isPartOf":{"@id":"https:\/\/synthetichairwig.com\/#website"},"primaryImageOfPage":{"@id":"https:\/\/synthetichairwig.com\/product\/afro-curly-wig-synthetic-short-kinky-curly-wigs-for-black-women-blonde-mixed-brown-heat-resistant-fiber\/#primaryimage"},"image":{"@id":"https:\/\/synthetichairwig.com\/product\/afro-curly-wig-synthetic-short-kinky-curly-wigs-for-black-women-blonde-mixed-brown-heat-resistant-fiber\/#primaryimage"},"thumbnailUrl":"https:\/\/synthetichairwig.com\/wp-content\/uploads\/2023\/07\/\u8bb8\u660c\u51ef\u831c\u53d1004-1-2.jpg","datePublished":"2023-07-22T01:28:06+00:00","dateModified":"2024-05-29T22:35:01+00:00","breadcrumb":{"@id":"https:\/\/synthetichairwig.com\/product\/afro-curly-wig-synthetic-short-kinky-curly-wigs-for-black-women-blonde-mixed-brown-heat-resistant-fiber\/#breadcrumb"},"inLanguage":"pt-PT","potentialAction":[{"@type":"ReadAction","target":["https:\/\/synthetichairwig.com\/product\/afro-curly-wig-synthetic-short-kinky-curly-wigs-for-black-women-blonde-mixed-brown-heat-resistant-fiber\/"]}]},{"@type":"ImageObject","inLanguage":"pt-PT","@id":"https:\/\/synthetichairwig.com\/product\/afro-curly-wig-synthetic-short-kinky-curly-wigs-for-black-women-blonde-mixed-brown-heat-resistant-fiber\/#primaryimage","url":"https:\/\/synthetichairwig.com\/wp-content\/uploads\/2023\/07\/\u8bb8\u660c\u51ef\u831c\u53d1004-1-2.jpg","contentUrl":"https:\/\/synthetichairwig.com\/wp-content\/uploads\/2023\/07\/\u8bb8\u660c\u51ef\u831c\u53d1004-1-2.jpg","width":600,"height":600},{"@type":"BreadcrumbList","@id":"https:\/\/synthetichairwig.com\/product\/afro-curly-wig-synthetic-short-kinky-curly-wigs-for-black-women-blonde-mixed-brown-heat-resistant-fiber\/#breadcrumb","itemListElement":[{"@type":"ListItem","position":1,"name":"Home","item":"https:\/\/synthetichairwig.com\/"},{"@type":"ListItem","position":2,"name":"LandMark Hair Shop","item":"https:\/\/synthetichairwig.com\/landmark-hair-shop\/"},{"@type":"ListItem","position":3,"name":"Afro Curly Wig Synthetic Short Kinky Curly Wigs for Black Women Blonde Mixed Brown Heat Resistant Fiber"}]},{"@type":"WebSite","@id":"https:\/\/synthetichairwig.com\/#website","url":"https:\/\/synthetichairwig.com\/","name":"landmark","description":"My WordPress Blog","publisher":{"@id":"https:\/\/synthetichairwig.com\/#organization"},"potentialAction":[{"@type":"SearchAction","target":{"@type":"EntryPoint","urlTemplate":"https:\/\/synthetichairwig.com\/?s={search_term_string}"},"query-input":{"@type":"PropertyValueSpecification","valueRequired":true,"valueName":"search_term_string"}}],"inLanguage":"pt-PT"},{"@type":"Organization","@id":"https:\/\/synthetichairwig.com\/#organization","name":"landmark","url":"https:\/\/synthetichairwig.com\/","logo":{"@type":"ImageObject","inLanguage":"pt-PT","@id":"https:\/\/synthetichairwig.com\/#\/schema\/logo\/image\/","url":"https:\/\/synthetichairwig.com\/wp-content\/uploads\/2023\/06\/cropped-logo3.png","contentUrl":"https:\/\/synthetichairwig.com\/wp-content\/uploads\/2023\/06\/cropped-logo3.png","width":1704,"height":768,"caption":"landmark"},"image":{"@id":"https:\/\/synthetichairwig.com\/#\/schema\/logo\/image\/"}}]}},"_links":{"self":[{"href":"https:\/\/synthetichairwig.com\/pt\/wp-json\/wp\/v2\/product\/3639","targetHints":{"allow":["GET"]}}],"collection":[{"href":"https:\/\/synthetichairwig.com\/pt\/wp-json\/wp\/v2\/product"}],"about":[{"href":"https:\/\/synthetichairwig.com\/pt\/wp-json\/wp\/v2\/types\/product"}],"replies":[{"embeddable":true,"href":"https:\/\/synthetichairwig.com\/pt\/wp-json\/wp\/v2\/comments?post=3639"}],"wp:featuredmedia":[{"embeddable":true,"href":"https:\/\/synthetichairwig.com\/pt\/wp-json\/wp\/v2\/media\/3641"}],"wp:attachment":[{"href":"https:\/\/synthetichairwig.com\/pt\/wp-json\/wp\/v2\/media?parent=3639"}],"wp:term":[{"taxonomy":"product_brand","embeddable":true,"href":"https:\/\/synthetichairwig.com\/pt\/wp-json\/wp\/v2\/product_brand?post=3639"},{"taxonomy":"product_cat","embeddable":true,"href":"https:\/\/synthetichairwig.com\/pt\/wp-json\/wp\/v2\/product_cat?post=3639"},{"taxonomy":"product_tag","embeddable":true,"href":"https:\/\/synthetichairwig.com\/pt\/wp-json\/wp\/v2\/product_tag?post=3639"}],"curies":[{"name":"wp","href":"https:\/\/api.w.org\/{rel}","templated":true}]}}