{"id":4084,"date":"2023-07-28T02:09:15","date_gmt":"2023-07-28T02:09:15","guid":{"rendered":"https:\/\/synthetichairwig.com\/?post_type=product&#038;p=4084"},"modified":"2023-09-11T07:38:47","modified_gmt":"2023-09-11T07:38:47","slug":"highlight-ombre-kinky-curly-virgin-brazilian-human-hair-short-bob-lace-front-wigs","status":"publish","type":"product","link":"https:\/\/synthetichairwig.com\/pt\/product\/highlight-ombre-kinky-curly-virgin-brazilian-human-hair-short-bob-lace-front-wigs\/","title":{"rendered":"Destaque Ombre Kinky Curly Virgem Brasileiro Cabelo Humano Curto Bob Lace Front Wigs"},"content":{"rendered":"<p><img fetchpriority=\"high\" decoding=\"async\" class=\"alignnone size-full wp-image-4087\" src=\"https:\/\/synthetichairwig.com\/wp-content\/uploads\/2023\/07\/011-1.webp\" alt=\"\" width=\"960\" height=\"960\" srcset=\"https:\/\/synthetichairwig.com\/wp-content\/uploads\/2023\/07\/011-1.webp 960w, https:\/\/synthetichairwig.com\/wp-content\/uploads\/2023\/07\/011-1-300x300.webp 300w, https:\/\/synthetichairwig.com\/wp-content\/uploads\/2023\/07\/011-1-150x150.webp 150w, https:\/\/synthetichairwig.com\/wp-content\/uploads\/2023\/07\/011-1-768x768.webp 768w, https:\/\/synthetichairwig.com\/wp-content\/uploads\/2023\/07\/011-1-600x600.webp 600w, https:\/\/synthetichairwig.com\/wp-content\/uploads\/2023\/07\/011-1-100x100.webp 100w\" sizes=\"(max-width: 960px) 100vw, 960px\" \/> <img decoding=\"async\" class=\"alignnone size-full wp-image-4088\" src=\"https:\/\/synthetichairwig.com\/wp-content\/uploads\/2023\/07\/011-2.webp\" alt=\"\" width=\"960\" height=\"960\" srcset=\"https:\/\/synthetichairwig.com\/wp-content\/uploads\/2023\/07\/011-2.webp 960w, https:\/\/synthetichairwig.com\/wp-content\/uploads\/2023\/07\/011-2-300x300.webp 300w, https:\/\/synthetichairwig.com\/wp-content\/uploads\/2023\/07\/011-2-150x150.webp 150w, https:\/\/synthetichairwig.com\/wp-content\/uploads\/2023\/07\/011-2-768x768.webp 768w, https:\/\/synthetichairwig.com\/wp-content\/uploads\/2023\/07\/011-2-600x600.webp 600w, https:\/\/synthetichairwig.com\/wp-content\/uploads\/2023\/07\/011-2-100x100.webp 100w\" sizes=\"(max-width: 960px) 100vw, 960px\" \/> <img decoding=\"async\" class=\"alignnone size-full wp-image-4089\" src=\"https:\/\/synthetichairwig.com\/wp-content\/uploads\/2023\/07\/011-4.webp\" alt=\"\" width=\"960\" height=\"960\" srcset=\"https:\/\/synthetichairwig.com\/wp-content\/uploads\/2023\/07\/011-4.webp 960w, https:\/\/synthetichairwig.com\/wp-content\/uploads\/2023\/07\/011-4-300x300.webp 300w, https:\/\/synthetichairwig.com\/wp-content\/uploads\/2023\/07\/011-4-150x150.webp 150w, https:\/\/synthetichairwig.com\/wp-content\/uploads\/2023\/07\/011-4-768x768.webp 768w, https:\/\/synthetichairwig.com\/wp-content\/uploads\/2023\/07\/011-4-600x600.webp 600w, https:\/\/synthetichairwig.com\/wp-content\/uploads\/2023\/07\/011-4-100x100.webp 100w\" sizes=\"(max-width: 960px) 100vw, 960px\" \/><\/p>\n<p><img loading=\"lazy\" decoding=\"async\" class=\"alignnone size-full wp-image-4086\" src=\"https:\/\/synthetichairwig.com\/wp-content\/uploads\/2023\/07\/001-5-2.jpg\" alt=\"\" width=\"1000\" height=\"1000\" srcset=\"https:\/\/synthetichairwig.com\/wp-content\/uploads\/2023\/07\/001-5-2.jpg 1000w, https:\/\/synthetichairwig.com\/wp-content\/uploads\/2023\/07\/001-5-2-300x300.jpg 300w, https:\/\/synthetichairwig.com\/wp-content\/uploads\/2023\/07\/001-5-2-150x150.jpg 150w, https:\/\/synthetichairwig.com\/wp-content\/uploads\/2023\/07\/001-5-2-768x768.jpg 768w, https:\/\/synthetichairwig.com\/wp-content\/uploads\/2023\/07\/001-5-2-600x600.jpg 600w, https:\/\/synthetichairwig.com\/wp-content\/uploads\/2023\/07\/001-5-2-100x100.jpg 100w\" sizes=\"(max-width: 1000px) 100vw, 1000px\" \/><\/p>\n<div id=\"footable_parent_4083\"\n         class=\"footable_parent ninja_table_wrapper loading_ninja_table wp_table_data_press_parent semantic_ui\">\n                <table data-ninja_table_instance=\"ninja_table_instance_0\" data-footable_id=\"4083\" data-filter-delay=\"1000\" aria-label=\"\u771f\u4eba\u53d1\u5de5\u4f5c\u8868.csv\"            id=\"footable_4083\"\n           data-unique_identifier=\"ninja_table_unique_id_857238704_4083\"\n           class=\"foo-table ninja_footable foo_table_4083 ninja_table_unique_id_857238704_4083 ui table  nt_type_legacy_table selectable striped vertical_centered  footable-paging-right ninja_table_pro\">\n                <colgroup>\n                            <col class=\"ninja_column_0\">\n                            <col class=\"ninja_column_1\">\n                    <\/colgroup>\n        <thead>\n<tr class=\"footable-header\">\n                                        <th scope=\"col\"  class=\"ninja_column_0 ninja_clmn_nm_placeoforigin\">Lugar de origem:<\/th><th scope=\"col\"  class=\"ninja_column_1 ninja_clmn_nm_china\">China<\/th><\/tr>\n<\/thead>\n<tbody>\n\n        <tr data-row_id=\"1237\" class=\"ninja_table_row_0 nt_row_id_1237\">\n            <td>Marca:<\/td><td>marco<\/td>        <\/tr>\n            <tr data-row_id=\"1238\" class=\"ninja_table_row_1 nt_row_id_1238\">\n            <td>N\u00famero do modelo:<\/td><td>#P1b\/4\/30<\/td>        <\/tr>\n            <tr data-row_id=\"1239\" class=\"ninja_table_row_2 nt_row_id_1239\">\n            <td>Grau de cabelo:<\/td><td>Cabelo n\u00e3o Remy<\/td>        <\/tr>\n            <tr data-row_id=\"1240\" class=\"ninja_table_row_3 nt_row_id_1240\">\n            <td>Cabelo Virgem:<\/td><td>N\u00c3O<\/td>        <\/tr>\n            <tr data-row_id=\"1241\" class=\"ninja_table_row_4 nt_row_id_1241\">\n            <td>Tipo de cabelo humano:<\/td><td>Cabelo Brasileiro<\/td>        <\/tr>\n            <tr data-row_id=\"1242\" class=\"ninja_table_row_5 nt_row_id_1242\">\n            <td>Estilo:<\/td><td>Cachos crespos<\/td>        <\/tr>\n            <tr data-row_id=\"1243\" class=\"ninja_table_row_6 nt_row_id_1243\">\n            <td>T\u00e9cnica:<\/td><td>Peruca frontal de renda<\/td>        <\/tr>\n            <tr data-row_id=\"1244\" class=\"ninja_table_row_7 nt_row_id_1244\">\n            <td>Comprimento:<\/td><td>10-16 polegadas<\/td>        <\/tr>\n            <tr data-row_id=\"1245\" class=\"ninja_table_row_8 nt_row_id_1245\">\n            <td>Tipo de peruca de renda:<\/td><td>Perucas frontais de renda<\/td>        <\/tr>\n            <tr data-row_id=\"1246\" class=\"ninja_table_row_9 nt_row_id_1246\">\n            <td><\/td><td><\/td>        <\/tr>\n            <tr data-row_id=\"1247\" class=\"ninja_table_row_10 nt_row_id_1247\">\n            <td>Comprimento das perucas:<\/td><td>Longo<\/td>        <\/tr>\n            <tr data-row_id=\"1248\" class=\"ninja_table_row_11 nt_row_id_1248\">\n            <td>Tamanho da tampa:<\/td><td>Tamanho m\u00e9dio<\/td>        <\/tr>\n            <tr data-row_id=\"1249\" class=\"ninja_table_row_12 nt_row_id_1249\">\n            <td>Cores tingidas adequadas:<\/td><td>Nenhum<\/td>        <\/tr>\n            <tr data-row_id=\"1250\" class=\"ninja_table_row_13 nt_row_id_1250\">\n            <td>Cor da Renda:<\/td><td>Castanho M\u00e9dio<\/td>        <\/tr>\n            <tr data-row_id=\"1251\" class=\"ninja_table_row_14 nt_row_id_1251\">\n            <td>Material base:<\/td><td>Renda Su\u00ed\u00e7a<\/td>        <\/tr>\n            <tr data-row_id=\"1252\" class=\"ninja_table_row_15 nt_row_id_1252\">\n            <td>Cor de cabelo:<\/td><td>Cor de destaque<\/td>        <\/tr>\n            <tr data-row_id=\"1253\" class=\"ninja_table_row_16 nt_row_id_1253\">\n            <td>Textura do cabelo:<\/td><td>Kinky Curly<\/td>        <\/tr>\n            <tr data-row_id=\"1254\" class=\"ninja_table_row_17 nt_row_id_1254\">\n            <td>Constru\u00e7\u00e3o da tampa:<\/td><td>Al\u00e7as el\u00e1sticas ajust\u00e1veis<\/td>        <\/tr>\n            <tr data-row_id=\"1255\" class=\"ninja_table_row_18 nt_row_id_1255\">\n            <td>Cor da renda:<\/td><td>Castanho M\u00e9dio<\/td>        <\/tr>\n            <tr data-row_id=\"1256\" class=\"ninja_table_row_19 nt_row_id_1256\">\n            <td>Material de cabelo:<\/td><td>100% Cabelo Remy Virgem Humano<\/td>        <\/tr>\n    <\/tbody><!--ninja_tobody_rendering_done-->\n    <\/table>\n                    <style type=\"text\/css\" id='ninja_table_custom_css_4083'>\n                        #footable_4083  {\n    font-family: inherit;\n    font-size: 14px;\n    }\n\n    \n                <\/style>\n                \n    \n    \n<\/div>","protected":false},"excerpt":{"rendered":"","protected":false},"featured_media":4087,"comment_status":"open","ping_status":"closed","template":"","meta":{"site-sidebar-layout":"default","site-content-layout":"default","ast-site-content-layout":"","site-content-style":"default","site-sidebar-style":"default","ast-global-header-display":"","ast-banner-title-visibility":"","ast-main-header-display":"","ast-hfb-above-header-display":"","ast-hfb-below-header-display":"","ast-hfb-mobile-header-display":"","site-post-title":"","ast-breadcrumbs-content":"","ast-featured-img":"","footer-sml-layout":"","theme-transparent-header-meta":"default","adv-header-id-meta":"","stick-header-meta":"","header-above-stick-meta":"","header-main-stick-meta":"","header-below-stick-meta":"","astra-migrate-meta-layouts":"default","ast-page-background-enabled":"default","ast-page-background-meta":{"desktop":{"background-color":"var(--ast-global-color-4)","background-image":"","background-repeat":"repeat","background-position":"center center","background-size":"auto","background-attachment":"scroll","background-type":"","background-media":"","overlay-type":"","overlay-color":"","overlay-opacity":"","overlay-gradient":""},"tablet":{"background-color":"","background-image":"","background-repeat":"repeat","background-position":"center center","background-size":"auto","background-attachment":"scroll","background-type":"","background-media":"","overlay-type":"","overlay-color":"","overlay-opacity":"","overlay-gradient":""},"mobile":{"background-color":"","background-image":"","background-repeat":"repeat","background-position":"center center","background-size":"auto","background-attachment":"scroll","background-type":"","background-media":"","overlay-type":"","overlay-color":"","overlay-opacity":"","overlay-gradient":""}},"ast-content-background-meta":{"desktop":{"background-color":"var(--ast-global-color-5)","background-image":"","background-repeat":"repeat","background-position":"center center","background-size":"auto","background-attachment":"scroll","background-type":"","background-media":"","overlay-type":"","overlay-color":"","overlay-opacity":"","overlay-gradient":""},"tablet":{"background-color":"var(--ast-global-color-5)","background-image":"","background-repeat":"repeat","background-position":"center center","background-size":"auto","background-attachment":"scroll","background-type":"","background-media":"","overlay-type":"","overlay-color":"","overlay-opacity":"","overlay-gradient":""},"mobile":{"background-color":"var(--ast-global-color-5)","background-image":"","background-repeat":"repeat","background-position":"center center","background-size":"auto","background-attachment":"scroll","background-type":"","background-media":"","overlay-type":"","overlay-color":"","overlay-opacity":"","overlay-gradient":""}},"jetpack_publicize_message":"","jetpack_is_tweetstorm":false,"jetpack_publicize_feature_enabled":true,"jetpack_social_post_already_shared":false,"jetpack_social_options":{"image_generator_settings":{"template":"highway","enabled":false}}},"product_brand":[],"product_cat":[46,44,77,33,80],"product_tag":[],"class_list":{"0":"post-4084","1":"product","2":"type-product","3":"status-publish","4":"has-post-thumbnail","6":"product_cat-4x4-lace-closure-wig","7":"product_cat-bob-wig-human","8":"product_cat-flash-sale","9":"product_cat-human-hair-wigs","10":"product_cat-wigs-new-arrivals","11":"desktop-align-left","12":"tablet-align-left","13":"mobile-align-left","15":"first","16":"instock","17":"sale","18":"shipping-taxable","19":"purchasable","20":"product-type-variable"},"jetpack_publicize_connections":[],"yoast_head":"<!-- This site is optimized with the Yoast SEO Premium plugin v20.7 (Yoast SEO v27.6) - https:\/\/yoast.com\/product\/yoast-seo-premium-wordpress\/ -->\n<title>Highlight Ombre Kinky Curly Virgin Brazilian Human Hair Short Bob Lace Front Wigs - landmark<\/title>\n<meta name=\"robots\" content=\"index, follow, max-snippet:-1, max-image-preview:large, max-video-preview:-1\" \/>\n<link rel=\"canonical\" href=\"https:\/\/synthetichairwig.com\/pt\/produto\/highlight-ombre-kinky-curly-virgin-brazilian-human-hair-short-bob-lace-front-wigs\/\" \/>\n<meta property=\"og:locale\" content=\"pt_PT\" \/>\n<meta property=\"og:type\" content=\"article\" \/>\n<meta property=\"og:title\" content=\"Highlight Ombre Kinky Curly Virgin Brazilian Human Hair Short Bob Lace Front Wigs\" \/>\n<meta property=\"og:url\" content=\"https:\/\/synthetichairwig.com\/pt\/produto\/highlight-ombre-kinky-curly-virgin-brazilian-human-hair-short-bob-lace-front-wigs\/\" \/>\n<meta property=\"og:site_name\" content=\"landmark\" \/>\n<meta property=\"article:modified_time\" content=\"2023-09-11T07:38:47+00:00\" \/>\n<meta property=\"og:image\" content=\"https:\/\/synthetichairwig.com\/wp-content\/uploads\/2023\/07\/011-1.webp\" \/>\n\t<meta property=\"og:image:width\" content=\"960\" \/>\n\t<meta property=\"og:image:height\" content=\"960\" \/>\n\t<meta property=\"og:image:type\" content=\"image\/webp\" \/>\n<meta name=\"twitter:card\" content=\"summary_large_image\" \/>\n<meta name=\"twitter:label1\" content=\"Tempo estimado de leitura\" \/>\n\t<meta name=\"twitter:data1\" content=\"1 minuto\" \/>\n<script type=\"application\/ld+json\" class=\"yoast-schema-graph\">{\"@context\":\"https:\\\/\\\/schema.org\",\"@graph\":[{\"@type\":\"WebPage\",\"@id\":\"https:\\\/\\\/synthetichairwig.com\\\/product\\\/highlight-ombre-kinky-curly-virgin-brazilian-human-hair-short-bob-lace-front-wigs\\\/\",\"url\":\"https:\\\/\\\/synthetichairwig.com\\\/product\\\/highlight-ombre-kinky-curly-virgin-brazilian-human-hair-short-bob-lace-front-wigs\\\/\",\"name\":\"Highlight Ombre Kinky Curly Virgin Brazilian Human Hair Short Bob Lace Front Wigs - landmark\",\"isPartOf\":{\"@id\":\"https:\\\/\\\/synthetichairwig.com\\\/#website\"},\"primaryImageOfPage\":{\"@id\":\"https:\\\/\\\/synthetichairwig.com\\\/product\\\/highlight-ombre-kinky-curly-virgin-brazilian-human-hair-short-bob-lace-front-wigs\\\/#primaryimage\"},\"image\":{\"@id\":\"https:\\\/\\\/synthetichairwig.com\\\/product\\\/highlight-ombre-kinky-curly-virgin-brazilian-human-hair-short-bob-lace-front-wigs\\\/#primaryimage\"},\"thumbnailUrl\":\"https:\\\/\\\/synthetichairwig.com\\\/wp-content\\\/uploads\\\/2023\\\/07\\\/011-1.webp\",\"datePublished\":\"2023-07-28T02:09:15+00:00\",\"dateModified\":\"2023-09-11T07:38:47+00:00\",\"breadcrumb\":{\"@id\":\"https:\\\/\\\/synthetichairwig.com\\\/product\\\/highlight-ombre-kinky-curly-virgin-brazilian-human-hair-short-bob-lace-front-wigs\\\/#breadcrumb\"},\"inLanguage\":\"pt-PT\",\"potentialAction\":[{\"@type\":\"ReadAction\",\"target\":[\"https:\\\/\\\/synthetichairwig.com\\\/product\\\/highlight-ombre-kinky-curly-virgin-brazilian-human-hair-short-bob-lace-front-wigs\\\/\"]}]},{\"@type\":\"ImageObject\",\"inLanguage\":\"pt-PT\",\"@id\":\"https:\\\/\\\/synthetichairwig.com\\\/product\\\/highlight-ombre-kinky-curly-virgin-brazilian-human-hair-short-bob-lace-front-wigs\\\/#primaryimage\",\"url\":\"https:\\\/\\\/synthetichairwig.com\\\/wp-content\\\/uploads\\\/2023\\\/07\\\/011-1.webp\",\"contentUrl\":\"https:\\\/\\\/synthetichairwig.com\\\/wp-content\\\/uploads\\\/2023\\\/07\\\/011-1.webp\",\"width\":960,\"height\":960},{\"@type\":\"BreadcrumbList\",\"@id\":\"https:\\\/\\\/synthetichairwig.com\\\/product\\\/highlight-ombre-kinky-curly-virgin-brazilian-human-hair-short-bob-lace-front-wigs\\\/#breadcrumb\",\"itemListElement\":[{\"@type\":\"ListItem\",\"position\":1,\"name\":\"Home\",\"item\":\"https:\\\/\\\/synthetichairwig.com\\\/\"},{\"@type\":\"ListItem\",\"position\":2,\"name\":\"LandMark Hair Shop\",\"item\":\"https:\\\/\\\/synthetichairwig.com\\\/landmark-hair-shop\\\/\"},{\"@type\":\"ListItem\",\"position\":3,\"name\":\"Highlight Ombre Kinky Curly Virgin Brazilian Human Hair Short Bob Lace Front Wigs\"}]},{\"@type\":\"WebSite\",\"@id\":\"https:\\\/\\\/synthetichairwig.com\\\/#website\",\"url\":\"https:\\\/\\\/synthetichairwig.com\\\/\",\"name\":\"landmark\",\"description\":\"My WordPress Blog\",\"publisher\":{\"@id\":\"https:\\\/\\\/synthetichairwig.com\\\/#organization\"},\"potentialAction\":[{\"@type\":\"SearchAction\",\"target\":{\"@type\":\"EntryPoint\",\"urlTemplate\":\"https:\\\/\\\/synthetichairwig.com\\\/?s={search_term_string}\"},\"query-input\":{\"@type\":\"PropertyValueSpecification\",\"valueRequired\":true,\"valueName\":\"search_term_string\"}}],\"inLanguage\":\"pt-PT\"},{\"@type\":\"Organization\",\"@id\":\"https:\\\/\\\/synthetichairwig.com\\\/#organization\",\"name\":\"landmark\",\"url\":\"https:\\\/\\\/synthetichairwig.com\\\/\",\"logo\":{\"@type\":\"ImageObject\",\"inLanguage\":\"pt-PT\",\"@id\":\"https:\\\/\\\/synthetichairwig.com\\\/#\\\/schema\\\/logo\\\/image\\\/\",\"url\":\"https:\\\/\\\/synthetichairwig.com\\\/wp-content\\\/uploads\\\/2023\\\/06\\\/cropped-logo3.png\",\"contentUrl\":\"https:\\\/\\\/synthetichairwig.com\\\/wp-content\\\/uploads\\\/2023\\\/06\\\/cropped-logo3.png\",\"width\":1704,\"height\":768,\"caption\":\"landmark\"},\"image\":{\"@id\":\"https:\\\/\\\/synthetichairwig.com\\\/#\\\/schema\\\/logo\\\/image\\\/\"}}]}<\/script>\n<!-- \/ Yoast SEO Premium plugin. -->","yoast_head_json":{"title":"Highlight Ombre Kinky Curly Virgin Brazilian Human Hair Short Bob Lace Front Wigs - landmark","robots":{"index":"index","follow":"follow","max-snippet":"max-snippet:-1","max-image-preview":"max-image-preview:large","max-video-preview":"max-video-preview:-1"},"canonical":"https:\/\/synthetichairwig.com\/pt\/produto\/highlight-ombre-kinky-curly-virgin-brazilian-human-hair-short-bob-lace-front-wigs\/","og_locale":"pt_PT","og_type":"article","og_title":"Highlight Ombre Kinky Curly Virgin Brazilian Human Hair Short Bob Lace Front Wigs","og_url":"https:\/\/synthetichairwig.com\/pt\/produto\/highlight-ombre-kinky-curly-virgin-brazilian-human-hair-short-bob-lace-front-wigs\/","og_site_name":"landmark","article_modified_time":"2023-09-11T07:38:47+00:00","og_image":[{"width":960,"height":960,"url":"https:\/\/synthetichairwig.com\/wp-content\/uploads\/2023\/07\/011-1.webp","type":"image\/webp"}],"twitter_card":"summary_large_image","twitter_misc":{"Tempo estimado de leitura":"1 minuto"},"schema":{"@context":"https:\/\/schema.org","@graph":[{"@type":"WebPage","@id":"https:\/\/synthetichairwig.com\/product\/highlight-ombre-kinky-curly-virgin-brazilian-human-hair-short-bob-lace-front-wigs\/","url":"https:\/\/synthetichairwig.com\/product\/highlight-ombre-kinky-curly-virgin-brazilian-human-hair-short-bob-lace-front-wigs\/","name":"Highlight Ombre Kinky Curly Virgin Brazilian Human Hair Short Bob Lace Front Wigs - landmark","isPartOf":{"@id":"https:\/\/synthetichairwig.com\/#website"},"primaryImageOfPage":{"@id":"https:\/\/synthetichairwig.com\/product\/highlight-ombre-kinky-curly-virgin-brazilian-human-hair-short-bob-lace-front-wigs\/#primaryimage"},"image":{"@id":"https:\/\/synthetichairwig.com\/product\/highlight-ombre-kinky-curly-virgin-brazilian-human-hair-short-bob-lace-front-wigs\/#primaryimage"},"thumbnailUrl":"https:\/\/synthetichairwig.com\/wp-content\/uploads\/2023\/07\/011-1.webp","datePublished":"2023-07-28T02:09:15+00:00","dateModified":"2023-09-11T07:38:47+00:00","breadcrumb":{"@id":"https:\/\/synthetichairwig.com\/product\/highlight-ombre-kinky-curly-virgin-brazilian-human-hair-short-bob-lace-front-wigs\/#breadcrumb"},"inLanguage":"pt-PT","potentialAction":[{"@type":"ReadAction","target":["https:\/\/synthetichairwig.com\/product\/highlight-ombre-kinky-curly-virgin-brazilian-human-hair-short-bob-lace-front-wigs\/"]}]},{"@type":"ImageObject","inLanguage":"pt-PT","@id":"https:\/\/synthetichairwig.com\/product\/highlight-ombre-kinky-curly-virgin-brazilian-human-hair-short-bob-lace-front-wigs\/#primaryimage","url":"https:\/\/synthetichairwig.com\/wp-content\/uploads\/2023\/07\/011-1.webp","contentUrl":"https:\/\/synthetichairwig.com\/wp-content\/uploads\/2023\/07\/011-1.webp","width":960,"height":960},{"@type":"BreadcrumbList","@id":"https:\/\/synthetichairwig.com\/product\/highlight-ombre-kinky-curly-virgin-brazilian-human-hair-short-bob-lace-front-wigs\/#breadcrumb","itemListElement":[{"@type":"ListItem","position":1,"name":"Home","item":"https:\/\/synthetichairwig.com\/"},{"@type":"ListItem","position":2,"name":"LandMark Hair Shop","item":"https:\/\/synthetichairwig.com\/landmark-hair-shop\/"},{"@type":"ListItem","position":3,"name":"Highlight Ombre Kinky Curly Virgin Brazilian Human Hair Short Bob Lace Front Wigs"}]},{"@type":"WebSite","@id":"https:\/\/synthetichairwig.com\/#website","url":"https:\/\/synthetichairwig.com\/","name":"landmark","description":"My WordPress Blog","publisher":{"@id":"https:\/\/synthetichairwig.com\/#organization"},"potentialAction":[{"@type":"SearchAction","target":{"@type":"EntryPoint","urlTemplate":"https:\/\/synthetichairwig.com\/?s={search_term_string}"},"query-input":{"@type":"PropertyValueSpecification","valueRequired":true,"valueName":"search_term_string"}}],"inLanguage":"pt-PT"},{"@type":"Organization","@id":"https:\/\/synthetichairwig.com\/#organization","name":"landmark","url":"https:\/\/synthetichairwig.com\/","logo":{"@type":"ImageObject","inLanguage":"pt-PT","@id":"https:\/\/synthetichairwig.com\/#\/schema\/logo\/image\/","url":"https:\/\/synthetichairwig.com\/wp-content\/uploads\/2023\/06\/cropped-logo3.png","contentUrl":"https:\/\/synthetichairwig.com\/wp-content\/uploads\/2023\/06\/cropped-logo3.png","width":1704,"height":768,"caption":"landmark"},"image":{"@id":"https:\/\/synthetichairwig.com\/#\/schema\/logo\/image\/"}}]}},"_links":{"self":[{"href":"https:\/\/synthetichairwig.com\/pt\/wp-json\/wp\/v2\/product\/4084","targetHints":{"allow":["GET"]}}],"collection":[{"href":"https:\/\/synthetichairwig.com\/pt\/wp-json\/wp\/v2\/product"}],"about":[{"href":"https:\/\/synthetichairwig.com\/pt\/wp-json\/wp\/v2\/types\/product"}],"replies":[{"embeddable":true,"href":"https:\/\/synthetichairwig.com\/pt\/wp-json\/wp\/v2\/comments?post=4084"}],"wp:featuredmedia":[{"embeddable":true,"href":"https:\/\/synthetichairwig.com\/pt\/wp-json\/wp\/v2\/media\/4087"}],"wp:attachment":[{"href":"https:\/\/synthetichairwig.com\/pt\/wp-json\/wp\/v2\/media?parent=4084"}],"wp:term":[{"taxonomy":"product_brand","embeddable":true,"href":"https:\/\/synthetichairwig.com\/pt\/wp-json\/wp\/v2\/product_brand?post=4084"},{"taxonomy":"product_cat","embeddable":true,"href":"https:\/\/synthetichairwig.com\/pt\/wp-json\/wp\/v2\/product_cat?post=4084"},{"taxonomy":"product_tag","embeddable":true,"href":"https:\/\/synthetichairwig.com\/pt\/wp-json\/wp\/v2\/product_tag?post=4084"}],"curies":[{"name":"wp","href":"https:\/\/api.w.org\/{rel}","templated":true}]}}