{"id":4138,"date":"2023-07-29T08:15:29","date_gmt":"2023-07-29T08:15:29","guid":{"rendered":"https:\/\/synthetichairwig.com\/?post_type=product&#038;p=4138"},"modified":"2024-05-29T23:04:38","modified_gmt":"2024-05-29T23:04:38","slug":"winter-couple-ripped-with-hole-hip-hop-individuality-knit-hats-for-men-and-women","status":"publish","type":"product","link":"https:\/\/synthetichairwig.com\/pt\/product\/winter-couple-ripped-with-hole-hip-hop-individuality-knit-hats-for-men-and-women\/","title":{"rendered":"Casal de inverno rasgado com buracos chap\u00e9us de malha com individualidade de hip hop"},"content":{"rendered":"<p>Ela d\u00e1 \u00e0s pessoas uma sensa\u00e7\u00e3o de conforto, permite que voc\u00ea mostre sua moda neste inverno, fuja do frio e se sinta aquecido.<\/p>\n<p>Na era da beleza e da individualidade, integramos a est\u00e9tica da cor ao corpo do chap\u00e9u para adicionar um toque de cor brilhante \u00e0 nossa vida agitada. Uma variedade de chap\u00e9us em discreto embelezamento de seu temperamento permite que voc\u00ea obtenha facilmente o C-bit.<\/p>\n<p><img fetchpriority=\"high\" decoding=\"async\" class=\"alignnone size-full wp-image-4140\" src=\"https:\/\/synthetichairwig.com\/wp-content\/uploads\/2023\/07\/001-1-2.jpg\" alt=\"\" width=\"800\" height=\"800\" srcset=\"https:\/\/synthetichairwig.com\/wp-content\/uploads\/2023\/07\/001-1-2.jpg 800w, https:\/\/synthetichairwig.com\/wp-content\/uploads\/2023\/07\/001-1-2-300x300.jpg 300w, https:\/\/synthetichairwig.com\/wp-content\/uploads\/2023\/07\/001-1-2-150x150.jpg 150w, https:\/\/synthetichairwig.com\/wp-content\/uploads\/2023\/07\/001-1-2-768x768.jpg 768w, https:\/\/synthetichairwig.com\/wp-content\/uploads\/2023\/07\/001-1-2-600x600.jpg 600w, https:\/\/synthetichairwig.com\/wp-content\/uploads\/2023\/07\/001-1-2-100x100.jpg 100w\" sizes=\"(max-width: 800px) 100vw, 800px\" \/> <img decoding=\"async\" class=\"alignnone size-full wp-image-4143\" src=\"https:\/\/synthetichairwig.com\/wp-content\/uploads\/2023\/07\/001-6-2.jpg\" alt=\"\" width=\"790\" height=\"1158\" srcset=\"https:\/\/synthetichairwig.com\/wp-content\/uploads\/2023\/07\/001-6-2.jpg 790w, https:\/\/synthetichairwig.com\/wp-content\/uploads\/2023\/07\/001-6-2-205x300.jpg 205w, https:\/\/synthetichairwig.com\/wp-content\/uploads\/2023\/07\/001-6-2-699x1024.jpg 699w, https:\/\/synthetichairwig.com\/wp-content\/uploads\/2023\/07\/001-6-2-768x1126.jpg 768w, https:\/\/synthetichairwig.com\/wp-content\/uploads\/2023\/07\/001-6-2-600x879.jpg 600w\" sizes=\"(max-width: 790px) 100vw, 790px\" \/> <img decoding=\"async\" class=\"alignnone size-full wp-image-4144\" src=\"https:\/\/synthetichairwig.com\/wp-content\/uploads\/2023\/07\/001-7-1.jpg\" alt=\"\" width=\"790\" height=\"1158\" srcset=\"https:\/\/synthetichairwig.com\/wp-content\/uploads\/2023\/07\/001-7-1.jpg 790w, https:\/\/synthetichairwig.com\/wp-content\/uploads\/2023\/07\/001-7-1-205x300.jpg 205w, https:\/\/synthetichairwig.com\/wp-content\/uploads\/2023\/07\/001-7-1-699x1024.jpg 699w, https:\/\/synthetichairwig.com\/wp-content\/uploads\/2023\/07\/001-7-1-768x1126.jpg 768w, https:\/\/synthetichairwig.com\/wp-content\/uploads\/2023\/07\/001-7-1-600x879.jpg 600w\" sizes=\"(max-width: 790px) 100vw, 790px\" \/><\/p>\n<div id=\"footable_parent_4137\"\n         class=\"footable_parent ninja_table_wrapper loading_ninja_table wp_table_data_press_parent semantic_ui\">\n                <table data-ninja_table_instance=\"ninja_table_instance_0\" data-footable_id=\"4137\" data-filter-delay=\"1000\" aria-label=\"\u5e3d\u5b50\u5de5\u4f5c\u8868.csv\"            id=\"footable_4137\"\n           data-unique_identifier=\"ninja_table_unique_id_2076507754_4137\"\n           class=\"foo-table ninja_footable foo_table_4137 ninja_table_unique_id_2076507754_4137 ui table  nt_type_legacy_table selectable striped vertical_centered  footable-paging-right ninja_table_pro\">\n                <colgroup>\n                            <col class=\"ninja_column_0\">\n                            <col class=\"ninja_column_1\">\n                    <\/colgroup>\n        <thead>\n<tr class=\"footable-header\">\n                                        <th scope=\"col\"  class=\"ninja_column_0 ninja_clmn_nm_applicablescene\">Cena aplic\u00e1vel:<\/th><th scope=\"col\"  class=\"ninja_column_1 ninja_clmn_nm_casualoutdoortravelhomeusedailytraveling\">Casual, Ao ar livre, Viagem, Uso dom\u00e9stico, Di\u00e1rio, Viagem<\/th><\/tr>\n<\/thead>\n<tbody>\n\n        <tr data-row_id=\"1257\" class=\"ninja_table_row_0 nt_row_id_1257\">\n            <td>Grupo de idade:<\/td><td>Adultos<\/td>        <\/tr>\n            <tr data-row_id=\"1258\" class=\"ninja_table_row_1 nt_row_id_1258\">\n            <td>G\u00eanero:<\/td><td>Unissex<\/td>        <\/tr>\n            <tr data-row_id=\"1259\" class=\"ninja_table_row_2 nt_row_id_1259\">\n            <td>Material:<\/td><td>Poli\u00e9ster\/algod\u00e3o, gorro de algod\u00e3o<\/td>        <\/tr>\n            <tr data-row_id=\"1260\" class=\"ninja_table_row_3 nt_row_id_1260\">\n            <td>Tamanho:<\/td><td>cerca de 21*24cm<\/td>        <\/tr>\n            <tr data-row_id=\"1261\" class=\"ninja_table_row_4 nt_row_id_1261\">\n            <td>Estilo:<\/td><td>Personagem<\/td>        <\/tr>\n            <tr data-row_id=\"1262\" class=\"ninja_table_row_5 nt_row_id_1262\">\n            <td>Padr\u00e3o:<\/td><td>Simples<\/td>        <\/tr>\n            <tr data-row_id=\"1263\" class=\"ninja_table_row_6 nt_row_id_1263\">\n            <td>Lugar de origem:<\/td><td> China<\/td>        <\/tr>\n            <tr data-row_id=\"1264\" class=\"ninja_table_row_7 nt_row_id_1264\">\n            <td>Marca:<\/td><td>Marco<\/td>        <\/tr>\n            <tr data-row_id=\"1265\" class=\"ninja_table_row_8 nt_row_id_1265\">\n            <td>N\u00famero do modelo:<\/td><td>21B005<\/td>        <\/tr>\n            <tr data-row_id=\"1266\" class=\"ninja_table_row_9 nt_row_id_1266\">\n            <td>Cor:<\/td><td>cores lisas<\/td>        <\/tr>\n            <tr data-row_id=\"1267\" class=\"ninja_table_row_10 nt_row_id_1267\">\n            <td>Maneira de tricotar:<\/td><td>por m\u00e1quina<\/td>        <\/tr>\n            <tr data-row_id=\"1268\" class=\"ninja_table_row_11 nt_row_id_1268\">\n            <td>Cores:<\/td><td>15 cores em estoque<\/td>        <\/tr>\n            <tr data-row_id=\"1269\" class=\"ninja_table_row_12 nt_row_id_1269\">\n            <td>Peso:<\/td><td>cerca de 75g<\/td>        <\/tr>\n            <tr data-row_id=\"1270\" class=\"ninja_table_row_13 nt_row_id_1270\">\n            <td>N\u00edvel de qualidade:<\/td><td>estilo macio, quente e grosso<\/td>        <\/tr>\n            <tr data-row_id=\"1271\" class=\"ninja_table_row_14 nt_row_id_1271\">\n            <td>Tipo de chap\u00e9u de inverno:<\/td><td>Gorro de malha<\/td>        <\/tr>\n            <tr data-row_id=\"1272\" class=\"ninja_table_row_15 nt_row_id_1272\">\n            <td>Caracter\u00edstica do tecido:<\/td><td>COMUM<\/td>        <\/tr>\n            <tr data-row_id=\"1273\" class=\"ninja_table_row_16 nt_row_id_1273\">\n            <td><\/td><td><\/td>        <\/tr>\n    <\/tbody><!--ninja_tobody_rendering_done-->\n    <\/table>\n                    <style type=\"text\/css\" id='ninja_table_custom_css_4137'>\n                        #footable_4137  {\n    font-family: inherit;\n    font-size: 14px;\n    }\n\n    \n                <\/style>\n                \n    \n    \n<\/div>","protected":false},"excerpt":{"rendered":"<p>It gives people a comfortable feeling,let you show your fashion in this winter ,rsfuse cold and feel warm. In the age of beauty and individuality we integrate color aesthetics into the hat body to add a touch of bright color to our busy life a variety of the hat in low-key embellishment of their temperament [&hellip;]<\/p>","protected":false},"featured_media":4140,"comment_status":"open","ping_status":"closed","template":"","meta":{"site-sidebar-layout":"default","site-content-layout":"default","ast-site-content-layout":"","site-content-style":"default","site-sidebar-style":"default","ast-global-header-display":"","ast-banner-title-visibility":"","ast-main-header-display":"","ast-hfb-above-header-display":"","ast-hfb-below-header-display":"","ast-hfb-mobile-header-display":"","site-post-title":"","ast-breadcrumbs-content":"","ast-featured-img":"","footer-sml-layout":"","theme-transparent-header-meta":"default","adv-header-id-meta":"","stick-header-meta":"","header-above-stick-meta":"","header-main-stick-meta":"","header-below-stick-meta":"","astra-migrate-meta-layouts":"default","ast-page-background-enabled":"default","ast-page-background-meta":{"desktop":{"background-color":"var(--ast-global-color-4)","background-image":"","background-repeat":"repeat","background-position":"center center","background-size":"auto","background-attachment":"scroll","background-type":"","background-media":"","overlay-type":"","overlay-color":"","overlay-opacity":"","overlay-gradient":""},"tablet":{"background-color":"","background-image":"","background-repeat":"repeat","background-position":"center center","background-size":"auto","background-attachment":"scroll","background-type":"","background-media":"","overlay-type":"","overlay-color":"","overlay-opacity":"","overlay-gradient":""},"mobile":{"background-color":"","background-image":"","background-repeat":"repeat","background-position":"center center","background-size":"auto","background-attachment":"scroll","background-type":"","background-media":"","overlay-type":"","overlay-color":"","overlay-opacity":"","overlay-gradient":""}},"ast-content-background-meta":{"desktop":{"background-color":"var(--ast-global-color-5)","background-image":"","background-repeat":"repeat","background-position":"center center","background-size":"auto","background-attachment":"scroll","background-type":"","background-media":"","overlay-type":"","overlay-color":"","overlay-opacity":"","overlay-gradient":""},"tablet":{"background-color":"var(--ast-global-color-5)","background-image":"","background-repeat":"repeat","background-position":"center center","background-size":"auto","background-attachment":"scroll","background-type":"","background-media":"","overlay-type":"","overlay-color":"","overlay-opacity":"","overlay-gradient":""},"mobile":{"background-color":"var(--ast-global-color-5)","background-image":"","background-repeat":"repeat","background-position":"center center","background-size":"auto","background-attachment":"scroll","background-type":"","background-media":"","overlay-type":"","overlay-color":"","overlay-opacity":"","overlay-gradient":""}},"jetpack_publicize_message":"","jetpack_is_tweetstorm":false,"jetpack_publicize_feature_enabled":true,"jetpack_social_post_already_shared":false,"jetpack_social_options":{"image_generator_settings":{"template":"highway","enabled":false}}},"product_brand":[],"product_cat":[34,53],"product_tag":[],"class_list":{"0":"post-4138","1":"product","2":"type-product","3":"status-publish","4":"has-post-thumbnail","6":"product_cat-cap","7":"product_cat-winter-hat","8":"desktop-align-left","9":"tablet-align-left","10":"mobile-align-left","12":"first","13":"instock","14":"sale","15":"shipping-taxable","16":"purchasable","17":"product-type-variable"},"jetpack_publicize_connections":[],"yoast_head":"<!-- This site is optimized with the Yoast SEO Premium plugin v20.7 (Yoast SEO v27.6) - https:\/\/yoast.com\/product\/yoast-seo-premium-wordpress\/ -->\n<title>Winter Couple Ripped With Hole Hip Hop Individuality Knit Hats - landmark<\/title>\n<meta name=\"robots\" content=\"index, follow, max-snippet:-1, max-image-preview:large, max-video-preview:-1\" \/>\n<link rel=\"canonical\" href=\"https:\/\/synthetichairwig.com\/pt\/produto\/winter-couple-ripped-with-hole-hip-hop-individuality-knit-hats-for-men-and-women\/\" \/>\n<meta property=\"og:locale\" content=\"pt_PT\" \/>\n<meta property=\"og:type\" content=\"article\" \/>\n<meta property=\"og:title\" content=\"Winter Couple Ripped With Hole Hip Hop Individuality Knit Hats\" \/>\n<meta property=\"og:description\" content=\"It gives people a comfortable feeling,let you show your fashion in this winter ,rsfuse cold and feel warm. In the age of beauty and individuality we integrate color aesthetics into the hat body to add a touch of bright color to our busy life a variety of the hat in low-key embellishment of their temperament [&hellip;]\" \/>\n<meta property=\"og:url\" content=\"https:\/\/synthetichairwig.com\/pt\/produto\/winter-couple-ripped-with-hole-hip-hop-individuality-knit-hats-for-men-and-women\/\" \/>\n<meta property=\"og:site_name\" content=\"landmark\" \/>\n<meta property=\"article:modified_time\" content=\"2024-05-29T23:04:38+00:00\" \/>\n<meta property=\"og:image\" content=\"https:\/\/synthetichairwig.com\/wp-content\/uploads\/2023\/07\/001-1-2.jpg\" \/>\n\t<meta property=\"og:image:width\" content=\"800\" \/>\n\t<meta property=\"og:image:height\" content=\"800\" \/>\n\t<meta property=\"og:image:type\" content=\"image\/jpeg\" \/>\n<meta name=\"twitter:card\" content=\"summary_large_image\" \/>\n<meta name=\"twitter:label1\" content=\"Tempo estimado de leitura\" \/>\n\t<meta name=\"twitter:data1\" content=\"1 minuto\" \/>\n<script type=\"application\/ld+json\" class=\"yoast-schema-graph\">{\"@context\":\"https:\\\/\\\/schema.org\",\"@graph\":[{\"@type\":\"WebPage\",\"@id\":\"https:\\\/\\\/synthetichairwig.com\\\/product\\\/winter-couple-ripped-with-hole-hip-hop-individuality-knit-hats-for-men-and-women\\\/\",\"url\":\"https:\\\/\\\/synthetichairwig.com\\\/product\\\/winter-couple-ripped-with-hole-hip-hop-individuality-knit-hats-for-men-and-women\\\/\",\"name\":\"Winter Couple Ripped With Hole Hip Hop Individuality Knit Hats - landmark\",\"isPartOf\":{\"@id\":\"https:\\\/\\\/synthetichairwig.com\\\/#website\"},\"primaryImageOfPage\":{\"@id\":\"https:\\\/\\\/synthetichairwig.com\\\/product\\\/winter-couple-ripped-with-hole-hip-hop-individuality-knit-hats-for-men-and-women\\\/#primaryimage\"},\"image\":{\"@id\":\"https:\\\/\\\/synthetichairwig.com\\\/product\\\/winter-couple-ripped-with-hole-hip-hop-individuality-knit-hats-for-men-and-women\\\/#primaryimage\"},\"thumbnailUrl\":\"https:\\\/\\\/synthetichairwig.com\\\/wp-content\\\/uploads\\\/2023\\\/07\\\/001-1-2.jpg\",\"datePublished\":\"2023-07-29T08:15:29+00:00\",\"dateModified\":\"2024-05-29T23:04:38+00:00\",\"breadcrumb\":{\"@id\":\"https:\\\/\\\/synthetichairwig.com\\\/product\\\/winter-couple-ripped-with-hole-hip-hop-individuality-knit-hats-for-men-and-women\\\/#breadcrumb\"},\"inLanguage\":\"pt-PT\",\"potentialAction\":[{\"@type\":\"ReadAction\",\"target\":[\"https:\\\/\\\/synthetichairwig.com\\\/product\\\/winter-couple-ripped-with-hole-hip-hop-individuality-knit-hats-for-men-and-women\\\/\"]}]},{\"@type\":\"ImageObject\",\"inLanguage\":\"pt-PT\",\"@id\":\"https:\\\/\\\/synthetichairwig.com\\\/product\\\/winter-couple-ripped-with-hole-hip-hop-individuality-knit-hats-for-men-and-women\\\/#primaryimage\",\"url\":\"https:\\\/\\\/synthetichairwig.com\\\/wp-content\\\/uploads\\\/2023\\\/07\\\/001-1-2.jpg\",\"contentUrl\":\"https:\\\/\\\/synthetichairwig.com\\\/wp-content\\\/uploads\\\/2023\\\/07\\\/001-1-2.jpg\",\"width\":800,\"height\":800},{\"@type\":\"BreadcrumbList\",\"@id\":\"https:\\\/\\\/synthetichairwig.com\\\/product\\\/winter-couple-ripped-with-hole-hip-hop-individuality-knit-hats-for-men-and-women\\\/#breadcrumb\",\"itemListElement\":[{\"@type\":\"ListItem\",\"position\":1,\"name\":\"Home\",\"item\":\"https:\\\/\\\/synthetichairwig.com\\\/\"},{\"@type\":\"ListItem\",\"position\":2,\"name\":\"LandMark Hair Shop\",\"item\":\"https:\\\/\\\/synthetichairwig.com\\\/landmark-hair-shop\\\/\"},{\"@type\":\"ListItem\",\"position\":3,\"name\":\"Winter Couple Ripped With Hole Hip Hop Individuality Knit Hats\"}]},{\"@type\":\"WebSite\",\"@id\":\"https:\\\/\\\/synthetichairwig.com\\\/#website\",\"url\":\"https:\\\/\\\/synthetichairwig.com\\\/\",\"name\":\"landmark\",\"description\":\"My WordPress Blog\",\"publisher\":{\"@id\":\"https:\\\/\\\/synthetichairwig.com\\\/#organization\"},\"potentialAction\":[{\"@type\":\"SearchAction\",\"target\":{\"@type\":\"EntryPoint\",\"urlTemplate\":\"https:\\\/\\\/synthetichairwig.com\\\/?s={search_term_string}\"},\"query-input\":{\"@type\":\"PropertyValueSpecification\",\"valueRequired\":true,\"valueName\":\"search_term_string\"}}],\"inLanguage\":\"pt-PT\"},{\"@type\":\"Organization\",\"@id\":\"https:\\\/\\\/synthetichairwig.com\\\/#organization\",\"name\":\"landmark\",\"url\":\"https:\\\/\\\/synthetichairwig.com\\\/\",\"logo\":{\"@type\":\"ImageObject\",\"inLanguage\":\"pt-PT\",\"@id\":\"https:\\\/\\\/synthetichairwig.com\\\/#\\\/schema\\\/logo\\\/image\\\/\",\"url\":\"https:\\\/\\\/synthetichairwig.com\\\/wp-content\\\/uploads\\\/2023\\\/06\\\/cropped-logo3.png\",\"contentUrl\":\"https:\\\/\\\/synthetichairwig.com\\\/wp-content\\\/uploads\\\/2023\\\/06\\\/cropped-logo3.png\",\"width\":1704,\"height\":768,\"caption\":\"landmark\"},\"image\":{\"@id\":\"https:\\\/\\\/synthetichairwig.com\\\/#\\\/schema\\\/logo\\\/image\\\/\"}}]}<\/script>\n<!-- \/ Yoast SEO Premium plugin. -->","yoast_head_json":{"title":"Winter Couple Ripped With Hole Hip Hop Individuality Knit Hats - landmark","robots":{"index":"index","follow":"follow","max-snippet":"max-snippet:-1","max-image-preview":"max-image-preview:large","max-video-preview":"max-video-preview:-1"},"canonical":"https:\/\/synthetichairwig.com\/pt\/produto\/winter-couple-ripped-with-hole-hip-hop-individuality-knit-hats-for-men-and-women\/","og_locale":"pt_PT","og_type":"article","og_title":"Winter Couple Ripped With Hole Hip Hop Individuality Knit Hats","og_description":"It gives people a comfortable feeling,let you show your fashion in this winter ,rsfuse cold and feel warm. In the age of beauty and individuality we integrate color aesthetics into the hat body to add a touch of bright color to our busy life a variety of the hat in low-key embellishment of their temperament [&hellip;]","og_url":"https:\/\/synthetichairwig.com\/pt\/produto\/winter-couple-ripped-with-hole-hip-hop-individuality-knit-hats-for-men-and-women\/","og_site_name":"landmark","article_modified_time":"2024-05-29T23:04:38+00:00","og_image":[{"width":800,"height":800,"url":"https:\/\/synthetichairwig.com\/wp-content\/uploads\/2023\/07\/001-1-2.jpg","type":"image\/jpeg"}],"twitter_card":"summary_large_image","twitter_misc":{"Tempo estimado de leitura":"1 minuto"},"schema":{"@context":"https:\/\/schema.org","@graph":[{"@type":"WebPage","@id":"https:\/\/synthetichairwig.com\/product\/winter-couple-ripped-with-hole-hip-hop-individuality-knit-hats-for-men-and-women\/","url":"https:\/\/synthetichairwig.com\/product\/winter-couple-ripped-with-hole-hip-hop-individuality-knit-hats-for-men-and-women\/","name":"Winter Couple Ripped With Hole Hip Hop Individuality Knit Hats - landmark","isPartOf":{"@id":"https:\/\/synthetichairwig.com\/#website"},"primaryImageOfPage":{"@id":"https:\/\/synthetichairwig.com\/product\/winter-couple-ripped-with-hole-hip-hop-individuality-knit-hats-for-men-and-women\/#primaryimage"},"image":{"@id":"https:\/\/synthetichairwig.com\/product\/winter-couple-ripped-with-hole-hip-hop-individuality-knit-hats-for-men-and-women\/#primaryimage"},"thumbnailUrl":"https:\/\/synthetichairwig.com\/wp-content\/uploads\/2023\/07\/001-1-2.jpg","datePublished":"2023-07-29T08:15:29+00:00","dateModified":"2024-05-29T23:04:38+00:00","breadcrumb":{"@id":"https:\/\/synthetichairwig.com\/product\/winter-couple-ripped-with-hole-hip-hop-individuality-knit-hats-for-men-and-women\/#breadcrumb"},"inLanguage":"pt-PT","potentialAction":[{"@type":"ReadAction","target":["https:\/\/synthetichairwig.com\/product\/winter-couple-ripped-with-hole-hip-hop-individuality-knit-hats-for-men-and-women\/"]}]},{"@type":"ImageObject","inLanguage":"pt-PT","@id":"https:\/\/synthetichairwig.com\/product\/winter-couple-ripped-with-hole-hip-hop-individuality-knit-hats-for-men-and-women\/#primaryimage","url":"https:\/\/synthetichairwig.com\/wp-content\/uploads\/2023\/07\/001-1-2.jpg","contentUrl":"https:\/\/synthetichairwig.com\/wp-content\/uploads\/2023\/07\/001-1-2.jpg","width":800,"height":800},{"@type":"BreadcrumbList","@id":"https:\/\/synthetichairwig.com\/product\/winter-couple-ripped-with-hole-hip-hop-individuality-knit-hats-for-men-and-women\/#breadcrumb","itemListElement":[{"@type":"ListItem","position":1,"name":"Home","item":"https:\/\/synthetichairwig.com\/"},{"@type":"ListItem","position":2,"name":"LandMark Hair Shop","item":"https:\/\/synthetichairwig.com\/landmark-hair-shop\/"},{"@type":"ListItem","position":3,"name":"Winter Couple Ripped With Hole Hip Hop Individuality Knit Hats"}]},{"@type":"WebSite","@id":"https:\/\/synthetichairwig.com\/#website","url":"https:\/\/synthetichairwig.com\/","name":"landmark","description":"My WordPress Blog","publisher":{"@id":"https:\/\/synthetichairwig.com\/#organization"},"potentialAction":[{"@type":"SearchAction","target":{"@type":"EntryPoint","urlTemplate":"https:\/\/synthetichairwig.com\/?s={search_term_string}"},"query-input":{"@type":"PropertyValueSpecification","valueRequired":true,"valueName":"search_term_string"}}],"inLanguage":"pt-PT"},{"@type":"Organization","@id":"https:\/\/synthetichairwig.com\/#organization","name":"landmark","url":"https:\/\/synthetichairwig.com\/","logo":{"@type":"ImageObject","inLanguage":"pt-PT","@id":"https:\/\/synthetichairwig.com\/#\/schema\/logo\/image\/","url":"https:\/\/synthetichairwig.com\/wp-content\/uploads\/2023\/06\/cropped-logo3.png","contentUrl":"https:\/\/synthetichairwig.com\/wp-content\/uploads\/2023\/06\/cropped-logo3.png","width":1704,"height":768,"caption":"landmark"},"image":{"@id":"https:\/\/synthetichairwig.com\/#\/schema\/logo\/image\/"}}]}},"_links":{"self":[{"href":"https:\/\/synthetichairwig.com\/pt\/wp-json\/wp\/v2\/product\/4138","targetHints":{"allow":["GET"]}}],"collection":[{"href":"https:\/\/synthetichairwig.com\/pt\/wp-json\/wp\/v2\/product"}],"about":[{"href":"https:\/\/synthetichairwig.com\/pt\/wp-json\/wp\/v2\/types\/product"}],"replies":[{"embeddable":true,"href":"https:\/\/synthetichairwig.com\/pt\/wp-json\/wp\/v2\/comments?post=4138"}],"wp:featuredmedia":[{"embeddable":true,"href":"https:\/\/synthetichairwig.com\/pt\/wp-json\/wp\/v2\/media\/4140"}],"wp:attachment":[{"href":"https:\/\/synthetichairwig.com\/pt\/wp-json\/wp\/v2\/media?parent=4138"}],"wp:term":[{"taxonomy":"product_brand","embeddable":true,"href":"https:\/\/synthetichairwig.com\/pt\/wp-json\/wp\/v2\/product_brand?post=4138"},{"taxonomy":"product_cat","embeddable":true,"href":"https:\/\/synthetichairwig.com\/pt\/wp-json\/wp\/v2\/product_cat?post=4138"},{"taxonomy":"product_tag","embeddable":true,"href":"https:\/\/synthetichairwig.com\/pt\/wp-json\/wp\/v2\/product_tag?post=4138"}],"curies":[{"name":"wp","href":"https:\/\/api.w.org\/{rel}","templated":true}]}}