{"id":4192,"date":"2023-07-29T09:06:11","date_gmt":"2023-07-29T09:06:11","guid":{"rendered":"https:\/\/synthetichairwig.com\/?post_type=product&#038;p=4192"},"modified":"2023-12-02T08:35:04","modified_gmt":"2023-12-02T08:35:04","slug":"r-letter-caps-embroidery-womens-outdoor-curved-sports-baseball-hats-fashion-cap-for-men","status":"publish","type":"product","link":"https:\/\/synthetichairwig.com\/pt\/product\/r-letter-caps-embroidery-womens-outdoor-curved-sports-baseball-hats-fashion-cap-for-men\/","title":{"rendered":"Bon\u00e9s com letras R bordados unissex bon\u00e9s de beisebol ao ar livre"},"content":{"rendered":"<p>Tecido de algod\u00e3o de alta qualidade, absor\u00e7\u00e3o de umidade e respirabilidade, textura macia, resist\u00eancia ao desgaste, alta solidez da cor.<\/p>\n<p>A linha \u00e9 fina, muito larga e modelada. Linha de torno fina, costura uniforme e precisa, bonita e dur\u00e1vel, textura completa, aba r\u00edgida tang\u00edvel, maior resist\u00eancia ao desgaste, mas tamb\u00e9m oferece prote\u00e7\u00e3o contra sombra para esportes ao ar livre.<\/p>\n<p><img fetchpriority=\"high\" decoding=\"async\" class=\"alignnone size-full wp-image-4194\" src=\"https:\/\/synthetichairwig.com\/wp-content\/uploads\/2023\/07\/004-6-1.jpg\" alt=\"\" width=\"790\" height=\"850\" srcset=\"https:\/\/synthetichairwig.com\/wp-content\/uploads\/2023\/07\/004-6-1.jpg 790w, https:\/\/synthetichairwig.com\/wp-content\/uploads\/2023\/07\/004-6-1-279x300.jpg 279w, https:\/\/synthetichairwig.com\/wp-content\/uploads\/2023\/07\/004-6-1-768x826.jpg 768w, https:\/\/synthetichairwig.com\/wp-content\/uploads\/2023\/07\/004-6-1-600x646.jpg 600w\" sizes=\"(max-width: 790px) 100vw, 790px\" \/> <img decoding=\"async\" class=\"alignnone size-full wp-image-4200\" src=\"https:\/\/synthetichairwig.com\/wp-content\/uploads\/2023\/07\/\u5927\u56fe1_\u526f\u672c-scaled.jpg\" alt=\"\" width=\"780\" height=\"2560\" srcset=\"https:\/\/synthetichairwig.com\/wp-content\/uploads\/2023\/07\/\u5927\u56fe1_\u526f\u672c-scaled.jpg 780w, https:\/\/synthetichairwig.com\/wp-content\/uploads\/2023\/07\/\u5927\u56fe1_\u526f\u672c-91x300.jpg 91w, https:\/\/synthetichairwig.com\/wp-content\/uploads\/2023\/07\/\u5927\u56fe1_\u526f\u672c-312x1024.jpg 312w, https:\/\/synthetichairwig.com\/wp-content\/uploads\/2023\/07\/\u5927\u56fe1_\u526f\u672c-768x2520.jpg 768w, https:\/\/synthetichairwig.com\/wp-content\/uploads\/2023\/07\/\u5927\u56fe1_\u526f\u672c-468x1536.jpg 468w, https:\/\/synthetichairwig.com\/wp-content\/uploads\/2023\/07\/\u5927\u56fe1_\u526f\u672c-624x2048.jpg 624w, https:\/\/synthetichairwig.com\/wp-content\/uploads\/2023\/07\/\u5927\u56fe1_\u526f\u672c-600x1969.jpg 600w\" sizes=\"(max-width: 780px) 100vw, 780px\" \/> <img decoding=\"async\" class=\"alignnone size-full wp-image-4197\" src=\"https:\/\/synthetichairwig.com\/wp-content\/uploads\/2023\/07\/\u5927\u56fe4-4.jpg\" alt=\"\" width=\"790\" height=\"1638\" srcset=\"https:\/\/synthetichairwig.com\/wp-content\/uploads\/2023\/07\/\u5927\u56fe4-4.jpg 790w, https:\/\/synthetichairwig.com\/wp-content\/uploads\/2023\/07\/\u5927\u56fe4-4-145x300.jpg 145w, https:\/\/synthetichairwig.com\/wp-content\/uploads\/2023\/07\/\u5927\u56fe4-4-494x1024.jpg 494w, https:\/\/synthetichairwig.com\/wp-content\/uploads\/2023\/07\/\u5927\u56fe4-4-768x1592.jpg 768w, https:\/\/synthetichairwig.com\/wp-content\/uploads\/2023\/07\/\u5927\u56fe4-4-741x1536.jpg 741w, https:\/\/synthetichairwig.com\/wp-content\/uploads\/2023\/07\/\u5927\u56fe4-4-600x1244.jpg 600w\" sizes=\"(max-width: 790px) 100vw, 790px\" \/> <img loading=\"lazy\" decoding=\"async\" class=\"alignnone size-full wp-image-4198\" src=\"https:\/\/synthetichairwig.com\/wp-content\/uploads\/2023\/07\/\u5927\u56fe6-3.jpg\" alt=\"\" width=\"790\" height=\"1665\" srcset=\"https:\/\/synthetichairwig.com\/wp-content\/uploads\/2023\/07\/\u5927\u56fe6-3.jpg 790w, https:\/\/synthetichairwig.com\/wp-content\/uploads\/2023\/07\/\u5927\u56fe6-3-142x300.jpg 142w, https:\/\/synthetichairwig.com\/wp-content\/uploads\/2023\/07\/\u5927\u56fe6-3-486x1024.jpg 486w, https:\/\/synthetichairwig.com\/wp-content\/uploads\/2023\/07\/\u5927\u56fe6-3-768x1619.jpg 768w, https:\/\/synthetichairwig.com\/wp-content\/uploads\/2023\/07\/\u5927\u56fe6-3-729x1536.jpg 729w, https:\/\/synthetichairwig.com\/wp-content\/uploads\/2023\/07\/\u5927\u56fe6-3-600x1265.jpg 600w\" sizes=\"(max-width: 790px) 100vw, 790px\" \/><\/p>\n<p><img loading=\"lazy\" decoding=\"async\" class=\"alignnone size-full wp-image-4195\" src=\"https:\/\/synthetichairwig.com\/wp-content\/uploads\/2023\/07\/004-7.png\" alt=\"\" width=\"790\" height=\"1880\" srcset=\"https:\/\/synthetichairwig.com\/wp-content\/uploads\/2023\/07\/004-7.png 790w, https:\/\/synthetichairwig.com\/wp-content\/uploads\/2023\/07\/004-7-126x300.png 126w, https:\/\/synthetichairwig.com\/wp-content\/uploads\/2023\/07\/004-7-430x1024.png 430w, https:\/\/synthetichairwig.com\/wp-content\/uploads\/2023\/07\/004-7-768x1828.png 768w, https:\/\/synthetichairwig.com\/wp-content\/uploads\/2023\/07\/004-7-645x1536.png 645w, https:\/\/synthetichairwig.com\/wp-content\/uploads\/2023\/07\/004-7-600x1428.png 600w\" sizes=\"(max-width: 790px) 100vw, 790px\" \/><\/p>\n<div id=\"footable_parent_4191\"\n         class=\"footable_parent ninja_table_wrapper loading_ninja_table wp_table_data_press_parent semantic_ui\">\n                <table data-ninja_table_instance=\"ninja_table_instance_0\" data-footable_id=\"4191\" data-filter-delay=\"1000\" aria-label=\"\u5e3d\u5b50\u5de5\u4f5c\u8868.csv\"            id=\"footable_4191\"\n           data-unique_identifier=\"ninja_table_unique_id_615085461_4191\"\n           class=\"foo-table ninja_footable foo_table_4191 ninja_table_unique_id_615085461_4191 ui table  nt_type_legacy_table selectable striped vertical_centered  footable-paging-right ninja_table_pro\">\n                <colgroup>\n                            <col class=\"ninja_column_0\">\n                            <col class=\"ninja_column_1\">\n                    <\/colgroup>\n        <thead>\n<tr class=\"footable-header\">\n                                        <th scope=\"col\"  class=\"ninja_column_0 ninja_clmn_nm_sportscaptype\">Tipo de bon\u00e9 esportivo:<\/th><th scope=\"col\"  class=\"ninja_column_1 ninja_clmn_nm_baseballcap\">BON\u00c9 DE BEISEBOL<\/th><\/tr>\n<\/thead>\n<tbody>\n\n        <tr data-row_id=\"1289\" class=\"ninja_table_row_0 nt_row_id_1289\">\n            <td>Estilo do painel:<\/td><td>Chap\u00e9u Multi-Painel<\/td>        <\/tr>\n            <tr data-row_id=\"1290\" class=\"ninja_table_row_1 nt_row_id_1290\">\n            <td>Grupo de idade:<\/td><td>Adultos<\/td>        <\/tr>\n            <tr data-row_id=\"1291\" class=\"ninja_table_row_2 nt_row_id_1291\">\n            <td>G\u00eanero:<\/td><td>Unissex<\/td>        <\/tr>\n            <tr data-row_id=\"1292\" class=\"ninja_table_row_3 nt_row_id_1292\">\n            <td>Material:<\/td><td>Tecido de malha, algod\u00e3o<\/td>        <\/tr>\n            <tr data-row_id=\"1293\" class=\"ninja_table_row_4 nt_row_id_1293\">\n            <td>Caracter\u00edstica do tecido:<\/td><td>COMUM<\/td>        <\/tr>\n            <tr data-row_id=\"1294\" class=\"ninja_table_row_5 nt_row_id_1294\">\n            <td>Estilo:<\/td><td>Listrado<\/td>        <\/tr>\n            <tr data-row_id=\"1295\" class=\"ninja_table_row_6 nt_row_id_1295\">\n            <td>Padr\u00e3o:<\/td><td>Impresso<\/td>        <\/tr>\n            <tr data-row_id=\"1296\" class=\"ninja_table_row_7 nt_row_id_1296\">\n            <td>Lugar de origem:<\/td><td> China<\/td>        <\/tr>\n            <tr data-row_id=\"1297\" class=\"ninja_table_row_8 nt_row_id_1297\">\n            <td>Marca:<\/td><td>Marco<\/td>        <\/tr>\n            <tr data-row_id=\"1298\" class=\"ninja_table_row_9 nt_row_id_1298\">\n            <td>N\u00famero do modelo:<\/td><td>\n22A050<\/td>        <\/tr>\n            <tr data-row_id=\"1299\" class=\"ninja_table_row_10 nt_row_id_1299\">\n            <td>Temporada aplic\u00e1vel:<\/td><td>Quatro esta\u00e7\u00f5es<\/td>        <\/tr>\n            <tr data-row_id=\"1300\" class=\"ninja_table_row_11 nt_row_id_1300\">\n            <td>Cena aplic\u00e1vel:<\/td><td>Casual<\/td>        <\/tr>\n            <tr data-row_id=\"1301\" class=\"ninja_table_row_12 nt_row_id_1301\">\n            <td>Nome do Produto:<\/td><td>Bon\u00e9 de beisebol casual para atividades ao ar livre<\/td>        <\/tr>\n            <tr data-row_id=\"1302\" class=\"ninja_table_row_13 nt_row_id_1302\">\n            <td>Cor:<\/td><td>Mostra de Imagens<\/td>        <\/tr>\n            <tr data-row_id=\"1303\" class=\"ninja_table_row_14 nt_row_id_1303\">\n            <td>Tamanho:<\/td><td>Tamanho adulto<\/td>        <\/tr>\n            <tr data-row_id=\"1304\" class=\"ninja_table_row_15 nt_row_id_1304\">\n            <td>Peso:<\/td><td>95g<\/td>        <\/tr>\n            <tr data-row_id=\"1305\" class=\"ninja_table_row_16 nt_row_id_1305\">\n            <td>Uso:<\/td><td>Lazer, prote\u00e7\u00e3o solar<\/td>        <\/tr>\n            <tr data-row_id=\"1306\" class=\"ninja_table_row_17 nt_row_id_1306\">\n            <td>Circunfer\u00eancia da tampa:<\/td><td>56 cm-59 cm<\/td>        <\/tr>\n            <tr data-row_id=\"1307\" class=\"ninja_table_row_18 nt_row_id_1307\">\n            <td>Estilo de topo de chap\u00e9u:<\/td><td>c\u00fapula<\/td>        <\/tr>\n    <\/tbody><!--ninja_tobody_rendering_done-->\n    <\/table>\n                    <style type=\"text\/css\" id='ninja_table_custom_css_4191'>\n                        #footable_4191  {\n    font-family: inherit;\n    font-size: 14px;\n    }\n\n    \n                <\/style>\n                \n    \n    \n<\/div>","protected":false},"excerpt":{"rendered":"<h5>56-59 cm<\/h5>","protected":false},"featured_media":4203,"comment_status":"open","ping_status":"closed","template":"","meta":{"site-sidebar-layout":"default","site-content-layout":"default","ast-site-content-layout":"","site-content-style":"default","site-sidebar-style":"default","ast-global-header-display":"","ast-banner-title-visibility":"","ast-main-header-display":"","ast-hfb-above-header-display":"","ast-hfb-below-header-display":"","ast-hfb-mobile-header-display":"","site-post-title":"","ast-breadcrumbs-content":"","ast-featured-img":"","footer-sml-layout":"","theme-transparent-header-meta":"default","adv-header-id-meta":"","stick-header-meta":"","header-above-stick-meta":"","header-main-stick-meta":"","header-below-stick-meta":"","astra-migrate-meta-layouts":"default","ast-page-background-enabled":"default","ast-page-background-meta":{"desktop":{"background-color":"var(--ast-global-color-4)","background-image":"","background-repeat":"repeat","background-position":"center center","background-size":"auto","background-attachment":"scroll","background-type":"","background-media":"","overlay-type":"","overlay-color":"","overlay-opacity":"","overlay-gradient":""},"tablet":{"background-color":"","background-image":"","background-repeat":"repeat","background-position":"center center","background-size":"auto","background-attachment":"scroll","background-type":"","background-media":"","overlay-type":"","overlay-color":"","overlay-opacity":"","overlay-gradient":""},"mobile":{"background-color":"","background-image":"","background-repeat":"repeat","background-position":"center center","background-size":"auto","background-attachment":"scroll","background-type":"","background-media":"","overlay-type":"","overlay-color":"","overlay-opacity":"","overlay-gradient":""}},"ast-content-background-meta":{"desktop":{"background-color":"var(--ast-global-color-5)","background-image":"","background-repeat":"repeat","background-position":"center center","background-size":"auto","background-attachment":"scroll","background-type":"","background-media":"","overlay-type":"","overlay-color":"","overlay-opacity":"","overlay-gradient":""},"tablet":{"background-color":"var(--ast-global-color-5)","background-image":"","background-repeat":"repeat","background-position":"center center","background-size":"auto","background-attachment":"scroll","background-type":"","background-media":"","overlay-type":"","overlay-color":"","overlay-opacity":"","overlay-gradient":""},"mobile":{"background-color":"var(--ast-global-color-5)","background-image":"","background-repeat":"repeat","background-position":"center center","background-size":"auto","background-attachment":"scroll","background-type":"","background-media":"","overlay-type":"","overlay-color":"","overlay-opacity":"","overlay-gradient":""}},"jetpack_publicize_message":"","jetpack_is_tweetstorm":false,"jetpack_publicize_feature_enabled":true,"jetpack_social_post_already_shared":false,"jetpack_social_options":{"image_generator_settings":{"template":"highway","enabled":false}}},"product_brand":[],"product_cat":[48,34,79],"product_tag":[],"class_list":{"0":"post-4192","1":"product","2":"type-product","3":"status-publish","4":"has-post-thumbnail","6":"product_cat-baseball-cap","7":"product_cat-cap","8":"product_cat-flash-sale-2","9":"desktop-align-left","10":"tablet-align-left","11":"mobile-align-left","13":"first","14":"instock","15":"sale","16":"shipping-taxable","17":"purchasable","18":"product-type-variable"},"jetpack_publicize_connections":[],"yoast_head":"<!-- This site is optimized with the Yoast SEO Premium plugin v20.7 (Yoast SEO v27.6) - https:\/\/yoast.com\/product\/yoast-seo-premium-wordpress\/ -->\n<title>R letter caps embroidery unisex Outdoor baseball hats - landmark<\/title>\n<meta name=\"robots\" content=\"index, follow, max-snippet:-1, max-image-preview:large, max-video-preview:-1\" \/>\n<link rel=\"canonical\" href=\"https:\/\/synthetichairwig.com\/pt\/produto\/r-letter-caps-embroidery-womens-outdoor-curved-sports-baseball-hats-fashion-cap-for-men\/\" \/>\n<meta property=\"og:locale\" content=\"pt_PT\" \/>\n<meta property=\"og:type\" content=\"article\" \/>\n<meta property=\"og:title\" content=\"R letter caps embroidery unisex Outdoor baseball hats\" \/>\n<meta property=\"og:description\" content=\"56-59cm\" \/>\n<meta property=\"og:url\" content=\"https:\/\/synthetichairwig.com\/pt\/produto\/r-letter-caps-embroidery-womens-outdoor-curved-sports-baseball-hats-fashion-cap-for-men\/\" \/>\n<meta property=\"og:site_name\" content=\"landmark\" \/>\n<meta property=\"article:modified_time\" content=\"2023-12-02T08:35:04+00:00\" \/>\n<meta property=\"og:image\" content=\"https:\/\/synthetichairwig.com\/wp-content\/uploads\/2023\/07\/004-1-4.jpg\" \/>\n\t<meta property=\"og:image:width\" content=\"800\" \/>\n\t<meta property=\"og:image:height\" content=\"800\" \/>\n\t<meta property=\"og:image:type\" content=\"image\/jpeg\" \/>\n<meta name=\"twitter:card\" content=\"summary_large_image\" \/>\n<meta name=\"twitter:label1\" content=\"Tempo estimado de leitura\" \/>\n\t<meta name=\"twitter:data1\" content=\"2 minutos\" \/>\n<script type=\"application\/ld+json\" class=\"yoast-schema-graph\">{\"@context\":\"https:\\\/\\\/schema.org\",\"@graph\":[{\"@type\":\"WebPage\",\"@id\":\"https:\\\/\\\/synthetichairwig.com\\\/product\\\/r-letter-caps-embroidery-womens-outdoor-curved-sports-baseball-hats-fashion-cap-for-men\\\/\",\"url\":\"https:\\\/\\\/synthetichairwig.com\\\/product\\\/r-letter-caps-embroidery-womens-outdoor-curved-sports-baseball-hats-fashion-cap-for-men\\\/\",\"name\":\"R letter caps embroidery unisex Outdoor baseball hats - landmark\",\"isPartOf\":{\"@id\":\"https:\\\/\\\/synthetichairwig.com\\\/#website\"},\"primaryImageOfPage\":{\"@id\":\"https:\\\/\\\/synthetichairwig.com\\\/product\\\/r-letter-caps-embroidery-womens-outdoor-curved-sports-baseball-hats-fashion-cap-for-men\\\/#primaryimage\"},\"image\":{\"@id\":\"https:\\\/\\\/synthetichairwig.com\\\/product\\\/r-letter-caps-embroidery-womens-outdoor-curved-sports-baseball-hats-fashion-cap-for-men\\\/#primaryimage\"},\"thumbnailUrl\":\"https:\\\/\\\/synthetichairwig.com\\\/wp-content\\\/uploads\\\/2023\\\/07\\\/004-1-4.jpg\",\"datePublished\":\"2023-07-29T09:06:11+00:00\",\"dateModified\":\"2023-12-02T08:35:04+00:00\",\"breadcrumb\":{\"@id\":\"https:\\\/\\\/synthetichairwig.com\\\/product\\\/r-letter-caps-embroidery-womens-outdoor-curved-sports-baseball-hats-fashion-cap-for-men\\\/#breadcrumb\"},\"inLanguage\":\"pt-PT\",\"potentialAction\":[{\"@type\":\"ReadAction\",\"target\":[\"https:\\\/\\\/synthetichairwig.com\\\/product\\\/r-letter-caps-embroidery-womens-outdoor-curved-sports-baseball-hats-fashion-cap-for-men\\\/\"]}]},{\"@type\":\"ImageObject\",\"inLanguage\":\"pt-PT\",\"@id\":\"https:\\\/\\\/synthetichairwig.com\\\/product\\\/r-letter-caps-embroidery-womens-outdoor-curved-sports-baseball-hats-fashion-cap-for-men\\\/#primaryimage\",\"url\":\"https:\\\/\\\/synthetichairwig.com\\\/wp-content\\\/uploads\\\/2023\\\/07\\\/004-1-4.jpg\",\"contentUrl\":\"https:\\\/\\\/synthetichairwig.com\\\/wp-content\\\/uploads\\\/2023\\\/07\\\/004-1-4.jpg\",\"width\":800,\"height\":800},{\"@type\":\"BreadcrumbList\",\"@id\":\"https:\\\/\\\/synthetichairwig.com\\\/product\\\/r-letter-caps-embroidery-womens-outdoor-curved-sports-baseball-hats-fashion-cap-for-men\\\/#breadcrumb\",\"itemListElement\":[{\"@type\":\"ListItem\",\"position\":1,\"name\":\"Home\",\"item\":\"https:\\\/\\\/synthetichairwig.com\\\/\"},{\"@type\":\"ListItem\",\"position\":2,\"name\":\"LandMark Hair Shop\",\"item\":\"https:\\\/\\\/synthetichairwig.com\\\/landmark-hair-shop\\\/\"},{\"@type\":\"ListItem\",\"position\":3,\"name\":\"R letter caps embroidery unisex Outdoor baseball hats\"}]},{\"@type\":\"WebSite\",\"@id\":\"https:\\\/\\\/synthetichairwig.com\\\/#website\",\"url\":\"https:\\\/\\\/synthetichairwig.com\\\/\",\"name\":\"landmark\",\"description\":\"My WordPress Blog\",\"publisher\":{\"@id\":\"https:\\\/\\\/synthetichairwig.com\\\/#organization\"},\"potentialAction\":[{\"@type\":\"SearchAction\",\"target\":{\"@type\":\"EntryPoint\",\"urlTemplate\":\"https:\\\/\\\/synthetichairwig.com\\\/?s={search_term_string}\"},\"query-input\":{\"@type\":\"PropertyValueSpecification\",\"valueRequired\":true,\"valueName\":\"search_term_string\"}}],\"inLanguage\":\"pt-PT\"},{\"@type\":\"Organization\",\"@id\":\"https:\\\/\\\/synthetichairwig.com\\\/#organization\",\"name\":\"landmark\",\"url\":\"https:\\\/\\\/synthetichairwig.com\\\/\",\"logo\":{\"@type\":\"ImageObject\",\"inLanguage\":\"pt-PT\",\"@id\":\"https:\\\/\\\/synthetichairwig.com\\\/#\\\/schema\\\/logo\\\/image\\\/\",\"url\":\"https:\\\/\\\/synthetichairwig.com\\\/wp-content\\\/uploads\\\/2023\\\/06\\\/cropped-logo3.png\",\"contentUrl\":\"https:\\\/\\\/synthetichairwig.com\\\/wp-content\\\/uploads\\\/2023\\\/06\\\/cropped-logo3.png\",\"width\":1704,\"height\":768,\"caption\":\"landmark\"},\"image\":{\"@id\":\"https:\\\/\\\/synthetichairwig.com\\\/#\\\/schema\\\/logo\\\/image\\\/\"}}]}<\/script>\n<!-- \/ Yoast SEO Premium plugin. -->","yoast_head_json":{"title":"R letter caps embroidery unisex Outdoor baseball hats - landmark","robots":{"index":"index","follow":"follow","max-snippet":"max-snippet:-1","max-image-preview":"max-image-preview:large","max-video-preview":"max-video-preview:-1"},"canonical":"https:\/\/synthetichairwig.com\/pt\/produto\/r-letter-caps-embroidery-womens-outdoor-curved-sports-baseball-hats-fashion-cap-for-men\/","og_locale":"pt_PT","og_type":"article","og_title":"R letter caps embroidery unisex Outdoor baseball hats","og_description":"56-59cm","og_url":"https:\/\/synthetichairwig.com\/pt\/produto\/r-letter-caps-embroidery-womens-outdoor-curved-sports-baseball-hats-fashion-cap-for-men\/","og_site_name":"landmark","article_modified_time":"2023-12-02T08:35:04+00:00","og_image":[{"width":800,"height":800,"url":"https:\/\/synthetichairwig.com\/wp-content\/uploads\/2023\/07\/004-1-4.jpg","type":"image\/jpeg"}],"twitter_card":"summary_large_image","twitter_misc":{"Tempo estimado de leitura":"2 minutos"},"schema":{"@context":"https:\/\/schema.org","@graph":[{"@type":"WebPage","@id":"https:\/\/synthetichairwig.com\/product\/r-letter-caps-embroidery-womens-outdoor-curved-sports-baseball-hats-fashion-cap-for-men\/","url":"https:\/\/synthetichairwig.com\/product\/r-letter-caps-embroidery-womens-outdoor-curved-sports-baseball-hats-fashion-cap-for-men\/","name":"R letter caps embroidery unisex Outdoor baseball hats - landmark","isPartOf":{"@id":"https:\/\/synthetichairwig.com\/#website"},"primaryImageOfPage":{"@id":"https:\/\/synthetichairwig.com\/product\/r-letter-caps-embroidery-womens-outdoor-curved-sports-baseball-hats-fashion-cap-for-men\/#primaryimage"},"image":{"@id":"https:\/\/synthetichairwig.com\/product\/r-letter-caps-embroidery-womens-outdoor-curved-sports-baseball-hats-fashion-cap-for-men\/#primaryimage"},"thumbnailUrl":"https:\/\/synthetichairwig.com\/wp-content\/uploads\/2023\/07\/004-1-4.jpg","datePublished":"2023-07-29T09:06:11+00:00","dateModified":"2023-12-02T08:35:04+00:00","breadcrumb":{"@id":"https:\/\/synthetichairwig.com\/product\/r-letter-caps-embroidery-womens-outdoor-curved-sports-baseball-hats-fashion-cap-for-men\/#breadcrumb"},"inLanguage":"pt-PT","potentialAction":[{"@type":"ReadAction","target":["https:\/\/synthetichairwig.com\/product\/r-letter-caps-embroidery-womens-outdoor-curved-sports-baseball-hats-fashion-cap-for-men\/"]}]},{"@type":"ImageObject","inLanguage":"pt-PT","@id":"https:\/\/synthetichairwig.com\/product\/r-letter-caps-embroidery-womens-outdoor-curved-sports-baseball-hats-fashion-cap-for-men\/#primaryimage","url":"https:\/\/synthetichairwig.com\/wp-content\/uploads\/2023\/07\/004-1-4.jpg","contentUrl":"https:\/\/synthetichairwig.com\/wp-content\/uploads\/2023\/07\/004-1-4.jpg","width":800,"height":800},{"@type":"BreadcrumbList","@id":"https:\/\/synthetichairwig.com\/product\/r-letter-caps-embroidery-womens-outdoor-curved-sports-baseball-hats-fashion-cap-for-men\/#breadcrumb","itemListElement":[{"@type":"ListItem","position":1,"name":"Home","item":"https:\/\/synthetichairwig.com\/"},{"@type":"ListItem","position":2,"name":"LandMark Hair Shop","item":"https:\/\/synthetichairwig.com\/landmark-hair-shop\/"},{"@type":"ListItem","position":3,"name":"R letter caps embroidery unisex Outdoor baseball hats"}]},{"@type":"WebSite","@id":"https:\/\/synthetichairwig.com\/#website","url":"https:\/\/synthetichairwig.com\/","name":"landmark","description":"My WordPress Blog","publisher":{"@id":"https:\/\/synthetichairwig.com\/#organization"},"potentialAction":[{"@type":"SearchAction","target":{"@type":"EntryPoint","urlTemplate":"https:\/\/synthetichairwig.com\/?s={search_term_string}"},"query-input":{"@type":"PropertyValueSpecification","valueRequired":true,"valueName":"search_term_string"}}],"inLanguage":"pt-PT"},{"@type":"Organization","@id":"https:\/\/synthetichairwig.com\/#organization","name":"landmark","url":"https:\/\/synthetichairwig.com\/","logo":{"@type":"ImageObject","inLanguage":"pt-PT","@id":"https:\/\/synthetichairwig.com\/#\/schema\/logo\/image\/","url":"https:\/\/synthetichairwig.com\/wp-content\/uploads\/2023\/06\/cropped-logo3.png","contentUrl":"https:\/\/synthetichairwig.com\/wp-content\/uploads\/2023\/06\/cropped-logo3.png","width":1704,"height":768,"caption":"landmark"},"image":{"@id":"https:\/\/synthetichairwig.com\/#\/schema\/logo\/image\/"}}]}},"_links":{"self":[{"href":"https:\/\/synthetichairwig.com\/pt\/wp-json\/wp\/v2\/product\/4192","targetHints":{"allow":["GET"]}}],"collection":[{"href":"https:\/\/synthetichairwig.com\/pt\/wp-json\/wp\/v2\/product"}],"about":[{"href":"https:\/\/synthetichairwig.com\/pt\/wp-json\/wp\/v2\/types\/product"}],"replies":[{"embeddable":true,"href":"https:\/\/synthetichairwig.com\/pt\/wp-json\/wp\/v2\/comments?post=4192"}],"wp:featuredmedia":[{"embeddable":true,"href":"https:\/\/synthetichairwig.com\/pt\/wp-json\/wp\/v2\/media\/4203"}],"wp:attachment":[{"href":"https:\/\/synthetichairwig.com\/pt\/wp-json\/wp\/v2\/media?parent=4192"}],"wp:term":[{"taxonomy":"product_brand","embeddable":true,"href":"https:\/\/synthetichairwig.com\/pt\/wp-json\/wp\/v2\/product_brand?post=4192"},{"taxonomy":"product_cat","embeddable":true,"href":"https:\/\/synthetichairwig.com\/pt\/wp-json\/wp\/v2\/product_cat?post=4192"},{"taxonomy":"product_tag","embeddable":true,"href":"https:\/\/synthetichairwig.com\/pt\/wp-json\/wp\/v2\/product_tag?post=4192"}],"curies":[{"name":"wp","href":"https:\/\/api.w.org\/{rel}","templated":true}]}}