{"id":4586,"date":"2023-08-01T14:02:29","date_gmt":"2023-08-01T14:02:29","guid":{"rendered":"https:\/\/synthetichairwig.com\/?post_type=product&#038;p=4586"},"modified":"2024-10-25T23:24:06","modified_gmt":"2024-10-25T23:24:06","slug":"hot-selling-parted-in-the-middle-golden-long-hair-25-inch-top-dyed-wavy-bouncy-synthetic-wigs","status":"publish","type":"product","link":"https:\/\/synthetichairwig.com\/pt\/product\/hot-selling-parted-in-the-middle-golden-long-hair-25-inch-top-dyed-wavy-bouncy-synthetic-wigs\/","title":{"rendered":"Perucas sint\u00e9ticas de cabelo longo dourado m\u00e9dio de 25 polegadas"},"content":{"rendered":"<p>O pacote inclui: peruca x 1 rede de cabelo separada x 1<\/p>\n<p>&nbsp;<\/p>\n<p>\u2b50\u2b50 Material: A peruca \u00e9 feita de excelente cabelo sint\u00e9tico com textura macia, agrad\u00e1vel \u00e0 pele e confort\u00e1vel. Use cabelo real com apar\u00eancia natural.<\/p>\n<p>&nbsp;<\/p>\n<p>\u2b50Caracter\u00edsticas: peruca de fibra de alta temperatura, pode ser passada a ferro, n\u00e3o tingida. Pode suportar temperaturas de 150 graus Celsius (300 graus Fahrenheit)<\/p>\n<p>&nbsp;<\/p>\n<p>A intranet faz voc\u00ea se sentir confort\u00e1vel e respir\u00e1vel ao usar. Existem dois cintos de ajuste em ambos os lados da peruca, que podem ser ajustados para se adequar ao tamanho da sua cabe\u00e7a<\/p>\n<div style=\"width: 720px;\" class=\"wp-video\"><video class=\"wp-video-shortcode\" id=\"video-4586-1\" width=\"720\" height=\"1280\" preload=\"metadata\" controls=\"controls\"><source type=\"video\/mp4\" src=\"https:\/\/synthetichairwig.com\/wp-content\/uploads\/2023\/08\/\u89c6\u98911.mp4?_=1\" \/><a href=\"https:\/\/synthetichairwig.com\/wp-content\/uploads\/2023\/08\/\u89c6\u98911.mp4\">https:\/\/synthetichairwig.com\/wp-content\/uploads\/2023\/08\/\u89c6\u98911.mp4<\/a><\/video><\/div>\n<p><img fetchpriority=\"high\" decoding=\"async\" class=\"alignnone size-full wp-image-4590\" src=\"https:\/\/synthetichairwig.com\/wp-content\/uploads\/2023\/08\/\u6b23\u579a\u5927\u56fe1-2.jpg\" alt=\"\" width=\"790\" height=\"905\" srcset=\"https:\/\/synthetichairwig.com\/wp-content\/uploads\/2023\/08\/\u6b23\u579a\u5927\u56fe1-2.jpg 790w, https:\/\/synthetichairwig.com\/wp-content\/uploads\/2023\/08\/\u6b23\u579a\u5927\u56fe1-2-262x300.jpg 262w, https:\/\/synthetichairwig.com\/wp-content\/uploads\/2023\/08\/\u6b23\u579a\u5927\u56fe1-2-768x880.jpg 768w, https:\/\/synthetichairwig.com\/wp-content\/uploads\/2023\/08\/\u6b23\u579a\u5927\u56fe1-2-600x687.jpg 600w\" sizes=\"(max-width: 790px) 100vw, 790px\" \/> <img decoding=\"async\" class=\"alignnone size-full wp-image-4591\" src=\"https:\/\/synthetichairwig.com\/wp-content\/uploads\/2023\/08\/\u6b23\u579a\u5927\u56fe1-3.jpg\" alt=\"\" width=\"790\" height=\"901\" srcset=\"https:\/\/synthetichairwig.com\/wp-content\/uploads\/2023\/08\/\u6b23\u579a\u5927\u56fe1-3.jpg 790w, https:\/\/synthetichairwig.com\/wp-content\/uploads\/2023\/08\/\u6b23\u579a\u5927\u56fe1-3-263x300.jpg 263w, https:\/\/synthetichairwig.com\/wp-content\/uploads\/2023\/08\/\u6b23\u579a\u5927\u56fe1-3-768x876.jpg 768w, https:\/\/synthetichairwig.com\/wp-content\/uploads\/2023\/08\/\u6b23\u579a\u5927\u56fe1-3-600x684.jpg 600w\" sizes=\"(max-width: 790px) 100vw, 790px\" \/> <img decoding=\"async\" class=\"alignnone size-full wp-image-4592\" src=\"https:\/\/synthetichairwig.com\/wp-content\/uploads\/2023\/08\/\u6b23\u579a\u5927\u56fe1-4.jpg\" alt=\"\" width=\"790\" height=\"911\" srcset=\"https:\/\/synthetichairwig.com\/wp-content\/uploads\/2023\/08\/\u6b23\u579a\u5927\u56fe1-4.jpg 790w, https:\/\/synthetichairwig.com\/wp-content\/uploads\/2023\/08\/\u6b23\u579a\u5927\u56fe1-4-260x300.jpg 260w, https:\/\/synthetichairwig.com\/wp-content\/uploads\/2023\/08\/\u6b23\u579a\u5927\u56fe1-4-768x886.jpg 768w, https:\/\/synthetichairwig.com\/wp-content\/uploads\/2023\/08\/\u6b23\u579a\u5927\u56fe1-4-600x692.jpg 600w\" sizes=\"(max-width: 790px) 100vw, 790px\" \/><\/p>\n<div id=\"footable_parent_4585\"\n         class=\"footable_parent ninja_table_wrapper loading_ninja_table wp_table_data_press_parent semantic_ui\">\n                <table data-ninja_table_instance=\"ninja_table_instance_0\" data-footable_id=\"4585\" data-filter-delay=\"1000\" aria-label=\"\u5047\u53d1\u5de5\u4f5c\u8868.csv\"            id=\"footable_4585\"\n           data-unique_identifier=\"ninja_table_unique_id_1713439567_4585\"\n           class=\"foo-table ninja_footable foo_table_4585 ninja_table_unique_id_1713439567_4585 ui table  nt_type_legacy_table selectable striped vertical_centered  footable-paging-right ninja_table_pro\">\n                <colgroup>\n                            <col class=\"ninja_column_0\">\n                            <col class=\"ninja_column_1\">\n                    <\/colgroup>\n        <thead>\n<tr class=\"footable-header\">\n                                        <th scope=\"col\"  class=\"ninja_column_0 ninja_clmn_nm_placeoforigin\">Lugar de origem:<\/th><th scope=\"col\"  class=\"ninja_column_1 ninja_clmn_nm_china\">China<\/th><\/tr>\n<\/thead>\n<tbody>\n\n        <tr data-row_id=\"1323\" class=\"ninja_table_row_0 nt_row_id_1323\">\n            <td>Marca:<\/td><td>marco<\/td>        <\/tr>\n            <tr data-row_id=\"1324\" class=\"ninja_table_row_1 nt_row_id_1324\">\n            <td>N\u00famero do modelo:<\/td><td>9039<\/td>        <\/tr>\n            <tr data-row_id=\"1325\" class=\"ninja_table_row_2 nt_row_id_1325\">\n            <td>Peso:<\/td><td>320g<\/td>        <\/tr>\n            <tr data-row_id=\"1326\" class=\"ninja_table_row_3 nt_row_id_1326\">\n            <td>T\u00e9cnica:<\/td><td>Peruca feita \u00e0 m\u00e1quina<\/td>        <\/tr>\n            <tr data-row_id=\"1327\" class=\"ninja_table_row_4 nt_row_id_1327\">\n            <td>Comprimento:<\/td><td>25 POLEGADAS<\/td>        <\/tr>\n            <tr data-row_id=\"1328\" class=\"ninja_table_row_5 nt_row_id_1328\">\n            <td>Tipo de peruca de renda:<\/td><td>Perucas frontais de renda<\/td>        <\/tr>\n            <tr data-row_id=\"1329\" class=\"ninja_table_row_6 nt_row_id_1329\">\n            <td>Densidade:<\/td><td>150%<\/td>        <\/tr>\n            <tr data-row_id=\"1330\" class=\"ninja_table_row_7 nt_row_id_1330\">\n            <td>Comprimento das perucas:<\/td><td>Longo<\/td>        <\/tr>\n            <tr data-row_id=\"1331\" class=\"ninja_table_row_8 nt_row_id_1331\">\n            <td>Tamanho da tampa:<\/td><td>Tamanho m\u00e9dio<\/td>        <\/tr>\n            <tr data-row_id=\"1332\" class=\"ninja_table_row_9 nt_row_id_1332\">\n            <td>Cores tingidas adequadas:<\/td><td>Nenhum<\/td>        <\/tr>\n            <tr data-row_id=\"1333\" class=\"ninja_table_row_10 nt_row_id_1333\">\n            <td>Cor da Renda:<\/td><td>Transparente<\/td>        <\/tr>\n            <tr data-row_id=\"1334\" class=\"ninja_table_row_11 nt_row_id_1334\">\n            <td>Material base:<\/td><td>Renda el\u00e1stica<\/td>        <\/tr>\n            <tr data-row_id=\"1335\" class=\"ninja_table_row_12 nt_row_id_1335\">\n            <td>material de cabelo sint\u00e9tico:<\/td><td>Fibra de alta temperatura<\/td>        <\/tr>\n            <tr data-row_id=\"1336\" class=\"ninja_table_row_13 nt_row_id_1336\">\n            <td>Nome do Produto:<\/td><td>Perucas sint\u00e9ticas onduladas e tingidas de cabelo longo dourado de 25 polegadas<\/td>        <\/tr>\n            <tr data-row_id=\"1337\" class=\"ninja_table_row_14 nt_row_id_1337\">\n            <td>Tipo:<\/td><td>perucas sint\u00e9ticas, perucas sint\u00e9ticas no atacado, peruca ombr\u00e9<\/td>        <\/tr>\n            <tr data-row_id=\"1338\" class=\"ninja_table_row_15 nt_row_id_1338\">\n            <td>Pacote:<\/td><td>1 pe\u00e7a\/saco opp<\/td>        <\/tr>\n            <tr data-row_id=\"1339\" class=\"ninja_table_row_16 nt_row_id_1339\">\n            <td>Cor:<\/td><td>9 cores<\/td>        <\/tr>\n    <\/tbody><!--ninja_tobody_rendering_done-->\n    <\/table>\n                    <style type=\"text\/css\" id='ninja_table_custom_css_4585'>\n                        #footable_4585  {\n    font-family: inherit;\n    font-size: 14px;\n    }\n\n    \n                <\/style>\n                \n    \n    \n<\/div>","protected":false},"excerpt":{"rendered":"<h5><a class=\"color_pc_blue_text\" data-keyword=\"length\">Comprimento: 25 polegadas<\/a><\/h5>","protected":false},"featured_media":5073,"comment_status":"open","ping_status":"closed","template":"","meta":{"site-sidebar-layout":"default","site-content-layout":"default","ast-site-content-layout":"","site-content-style":"default","site-sidebar-style":"default","ast-global-header-display":"","ast-banner-title-visibility":"","ast-main-header-display":"","ast-hfb-above-header-display":"","ast-hfb-below-header-display":"","ast-hfb-mobile-header-display":"","site-post-title":"","ast-breadcrumbs-content":"","ast-featured-img":"","footer-sml-layout":"","theme-transparent-header-meta":"default","adv-header-id-meta":"","stick-header-meta":"","header-above-stick-meta":"","header-main-stick-meta":"","header-below-stick-meta":"","astra-migrate-meta-layouts":"default","ast-page-background-enabled":"default","ast-page-background-meta":{"desktop":{"background-color":"var(--ast-global-color-4)","background-image":"","background-repeat":"repeat","background-position":"center center","background-size":"auto","background-attachment":"scroll","background-type":"","background-media":"","overlay-type":"","overlay-color":"","overlay-opacity":"","overlay-gradient":""},"tablet":{"background-color":"","background-image":"","background-repeat":"repeat","background-position":"center center","background-size":"auto","background-attachment":"scroll","background-type":"","background-media":"","overlay-type":"","overlay-color":"","overlay-opacity":"","overlay-gradient":""},"mobile":{"background-color":"","background-image":"","background-repeat":"repeat","background-position":"center center","background-size":"auto","background-attachment":"scroll","background-type":"","background-media":"","overlay-type":"","overlay-color":"","overlay-opacity":"","overlay-gradient":""}},"ast-content-background-meta":{"desktop":{"background-color":"var(--ast-global-color-5)","background-image":"","background-repeat":"repeat","background-position":"center center","background-size":"auto","background-attachment":"scroll","background-type":"","background-media":"","overlay-type":"","overlay-color":"","overlay-opacity":"","overlay-gradient":""},"tablet":{"background-color":"var(--ast-global-color-5)","background-image":"","background-repeat":"repeat","background-position":"center center","background-size":"auto","background-attachment":"scroll","background-type":"","background-media":"","overlay-type":"","overlay-color":"","overlay-opacity":"","overlay-gradient":""},"mobile":{"background-color":"var(--ast-global-color-5)","background-image":"","background-repeat":"repeat","background-position":"center center","background-size":"auto","background-attachment":"scroll","background-type":"","background-media":"","overlay-type":"","overlay-color":"","overlay-opacity":"","overlay-gradient":""}},"jetpack_publicize_message":"","jetpack_is_tweetstorm":false,"jetpack_publicize_feature_enabled":true,"jetpack_social_post_already_shared":false,"jetpack_social_options":{"image_generator_settings":{"template":"highway","enabled":false}}},"product_brand":[],"product_cat":[77,79,36,32,80],"product_tag":[],"class_list":{"0":"post-4586","1":"product","2":"type-product","3":"status-publish","4":"has-post-thumbnail","6":"product_cat-flash-sale","7":"product_cat-flash-sale-2","8":"product_cat-long-synthetic-wigs","9":"product_cat-synthetic-wigs","10":"product_cat-wigs-new-arrivals","11":"desktop-align-left","12":"tablet-align-left","13":"mobile-align-left","15":"first","16":"instock","17":"sale","18":"shipping-taxable","19":"purchasable","20":"product-type-variable"},"jetpack_publicize_connections":[],"yoast_head":"<!-- This site is optimized with the Yoast SEO Premium plugin v20.7 (Yoast SEO v27.6) - https:\/\/yoast.com\/product\/yoast-seo-premium-wordpress\/ -->\n<title>25 Inch Parted in the Middle Golden Long Hair Synthetic Wigs - landmark<\/title>\n<meta name=\"robots\" content=\"index, follow, max-snippet:-1, max-image-preview:large, max-video-preview:-1\" \/>\n<link rel=\"canonical\" href=\"https:\/\/synthetichairwig.com\/pt\/produto\/hot-selling-parted-in-the-middle-golden-long-hair-25-inch-top-dyed-wavy-bouncy-synthetic-wigs\/\" \/>\n<meta property=\"og:locale\" content=\"pt_PT\" \/>\n<meta property=\"og:type\" content=\"article\" \/>\n<meta property=\"og:title\" content=\"25 Inch Parted in the Middle Golden Long Hair Synthetic Wigs\" \/>\n<meta property=\"og:description\" content=\"Length :25inch\" \/>\n<meta property=\"og:url\" content=\"https:\/\/synthetichairwig.com\/pt\/produto\/hot-selling-parted-in-the-middle-golden-long-hair-25-inch-top-dyed-wavy-bouncy-synthetic-wigs\/\" \/>\n<meta property=\"og:site_name\" content=\"landmark\" \/>\n<meta property=\"article:modified_time\" content=\"2024-10-25T23:24:06+00:00\" \/>\n<meta property=\"og:image\" content=\"https:\/\/synthetichairwig.com\/wp-content\/uploads\/2023\/08\/\u68d5\u8272\u53d1\u5c3e\u67d3-2.jpg\" \/>\n\t<meta property=\"og:image:width\" content=\"497\" \/>\n\t<meta property=\"og:image:height\" content=\"591\" \/>\n\t<meta property=\"og:image:type\" content=\"image\/jpeg\" \/>\n<meta name=\"twitter:card\" content=\"summary_large_image\" \/>\n<meta name=\"twitter:label1\" content=\"Tempo estimado de leitura\" \/>\n\t<meta name=\"twitter:data1\" content=\"1 minuto\" \/>\n<script type=\"application\/ld+json\" class=\"yoast-schema-graph\">{\"@context\":\"https:\\\/\\\/schema.org\",\"@graph\":[{\"@type\":\"WebPage\",\"@id\":\"https:\\\/\\\/synthetichairwig.com\\\/product\\\/hot-selling-parted-in-the-middle-golden-long-hair-25-inch-top-dyed-wavy-bouncy-synthetic-wigs\\\/\",\"url\":\"https:\\\/\\\/synthetichairwig.com\\\/product\\\/hot-selling-parted-in-the-middle-golden-long-hair-25-inch-top-dyed-wavy-bouncy-synthetic-wigs\\\/\",\"name\":\"25 Inch Parted in the Middle Golden Long Hair Synthetic Wigs - landmark\",\"isPartOf\":{\"@id\":\"https:\\\/\\\/synthetichairwig.com\\\/#website\"},\"primaryImageOfPage\":{\"@id\":\"https:\\\/\\\/synthetichairwig.com\\\/product\\\/hot-selling-parted-in-the-middle-golden-long-hair-25-inch-top-dyed-wavy-bouncy-synthetic-wigs\\\/#primaryimage\"},\"image\":{\"@id\":\"https:\\\/\\\/synthetichairwig.com\\\/product\\\/hot-selling-parted-in-the-middle-golden-long-hair-25-inch-top-dyed-wavy-bouncy-synthetic-wigs\\\/#primaryimage\"},\"thumbnailUrl\":\"https:\\\/\\\/synthetichairwig.com\\\/wp-content\\\/uploads\\\/2023\\\/08\\\/\u68d5\u8272\u53d1\u5c3e\u67d3-2.jpg\",\"datePublished\":\"2023-08-01T14:02:29+00:00\",\"dateModified\":\"2024-10-25T23:24:06+00:00\",\"breadcrumb\":{\"@id\":\"https:\\\/\\\/synthetichairwig.com\\\/product\\\/hot-selling-parted-in-the-middle-golden-long-hair-25-inch-top-dyed-wavy-bouncy-synthetic-wigs\\\/#breadcrumb\"},\"inLanguage\":\"pt-PT\",\"potentialAction\":[{\"@type\":\"ReadAction\",\"target\":[\"https:\\\/\\\/synthetichairwig.com\\\/product\\\/hot-selling-parted-in-the-middle-golden-long-hair-25-inch-top-dyed-wavy-bouncy-synthetic-wigs\\\/\"]}]},{\"@type\":\"ImageObject\",\"inLanguage\":\"pt-PT\",\"@id\":\"https:\\\/\\\/synthetichairwig.com\\\/product\\\/hot-selling-parted-in-the-middle-golden-long-hair-25-inch-top-dyed-wavy-bouncy-synthetic-wigs\\\/#primaryimage\",\"url\":\"https:\\\/\\\/synthetichairwig.com\\\/wp-content\\\/uploads\\\/2023\\\/08\\\/\u68d5\u8272\u53d1\u5c3e\u67d3-2.jpg\",\"contentUrl\":\"https:\\\/\\\/synthetichairwig.com\\\/wp-content\\\/uploads\\\/2023\\\/08\\\/\u68d5\u8272\u53d1\u5c3e\u67d3-2.jpg\",\"width\":497,\"height\":591},{\"@type\":\"BreadcrumbList\",\"@id\":\"https:\\\/\\\/synthetichairwig.com\\\/product\\\/hot-selling-parted-in-the-middle-golden-long-hair-25-inch-top-dyed-wavy-bouncy-synthetic-wigs\\\/#breadcrumb\",\"itemListElement\":[{\"@type\":\"ListItem\",\"position\":1,\"name\":\"Home\",\"item\":\"https:\\\/\\\/synthetichairwig.com\\\/\"},{\"@type\":\"ListItem\",\"position\":2,\"name\":\"LandMark Hair Shop\",\"item\":\"https:\\\/\\\/synthetichairwig.com\\\/landmark-hair-shop\\\/\"},{\"@type\":\"ListItem\",\"position\":3,\"name\":\"25 Inch Parted in the Middle Golden Long Hair Synthetic Wigs\"}]},{\"@type\":\"WebSite\",\"@id\":\"https:\\\/\\\/synthetichairwig.com\\\/#website\",\"url\":\"https:\\\/\\\/synthetichairwig.com\\\/\",\"name\":\"landmark\",\"description\":\"My WordPress Blog\",\"publisher\":{\"@id\":\"https:\\\/\\\/synthetichairwig.com\\\/#organization\"},\"potentialAction\":[{\"@type\":\"SearchAction\",\"target\":{\"@type\":\"EntryPoint\",\"urlTemplate\":\"https:\\\/\\\/synthetichairwig.com\\\/?s={search_term_string}\"},\"query-input\":{\"@type\":\"PropertyValueSpecification\",\"valueRequired\":true,\"valueName\":\"search_term_string\"}}],\"inLanguage\":\"pt-PT\"},{\"@type\":\"Organization\",\"@id\":\"https:\\\/\\\/synthetichairwig.com\\\/#organization\",\"name\":\"landmark\",\"url\":\"https:\\\/\\\/synthetichairwig.com\\\/\",\"logo\":{\"@type\":\"ImageObject\",\"inLanguage\":\"pt-PT\",\"@id\":\"https:\\\/\\\/synthetichairwig.com\\\/#\\\/schema\\\/logo\\\/image\\\/\",\"url\":\"https:\\\/\\\/synthetichairwig.com\\\/wp-content\\\/uploads\\\/2023\\\/06\\\/cropped-logo3.png\",\"contentUrl\":\"https:\\\/\\\/synthetichairwig.com\\\/wp-content\\\/uploads\\\/2023\\\/06\\\/cropped-logo3.png\",\"width\":1704,\"height\":768,\"caption\":\"landmark\"},\"image\":{\"@id\":\"https:\\\/\\\/synthetichairwig.com\\\/#\\\/schema\\\/logo\\\/image\\\/\"}}]}<\/script>\n<!-- \/ Yoast SEO Premium plugin. -->","yoast_head_json":{"title":"25 Inch Parted in the Middle Golden Long Hair Synthetic Wigs - landmark","robots":{"index":"index","follow":"follow","max-snippet":"max-snippet:-1","max-image-preview":"max-image-preview:large","max-video-preview":"max-video-preview:-1"},"canonical":"https:\/\/synthetichairwig.com\/pt\/produto\/hot-selling-parted-in-the-middle-golden-long-hair-25-inch-top-dyed-wavy-bouncy-synthetic-wigs\/","og_locale":"pt_PT","og_type":"article","og_title":"25 Inch Parted in the Middle Golden Long Hair Synthetic Wigs","og_description":"Length :25inch","og_url":"https:\/\/synthetichairwig.com\/pt\/produto\/hot-selling-parted-in-the-middle-golden-long-hair-25-inch-top-dyed-wavy-bouncy-synthetic-wigs\/","og_site_name":"landmark","article_modified_time":"2024-10-25T23:24:06+00:00","og_image":[{"width":497,"height":591,"url":"https:\/\/synthetichairwig.com\/wp-content\/uploads\/2023\/08\/\u68d5\u8272\u53d1\u5c3e\u67d3-2.jpg","type":"image\/jpeg"}],"twitter_card":"summary_large_image","twitter_misc":{"Tempo estimado de leitura":"1 minuto"},"schema":{"@context":"https:\/\/schema.org","@graph":[{"@type":"WebPage","@id":"https:\/\/synthetichairwig.com\/product\/hot-selling-parted-in-the-middle-golden-long-hair-25-inch-top-dyed-wavy-bouncy-synthetic-wigs\/","url":"https:\/\/synthetichairwig.com\/product\/hot-selling-parted-in-the-middle-golden-long-hair-25-inch-top-dyed-wavy-bouncy-synthetic-wigs\/","name":"25 Inch Parted in the Middle Golden Long Hair Synthetic Wigs - landmark","isPartOf":{"@id":"https:\/\/synthetichairwig.com\/#website"},"primaryImageOfPage":{"@id":"https:\/\/synthetichairwig.com\/product\/hot-selling-parted-in-the-middle-golden-long-hair-25-inch-top-dyed-wavy-bouncy-synthetic-wigs\/#primaryimage"},"image":{"@id":"https:\/\/synthetichairwig.com\/product\/hot-selling-parted-in-the-middle-golden-long-hair-25-inch-top-dyed-wavy-bouncy-synthetic-wigs\/#primaryimage"},"thumbnailUrl":"https:\/\/synthetichairwig.com\/wp-content\/uploads\/2023\/08\/\u68d5\u8272\u53d1\u5c3e\u67d3-2.jpg","datePublished":"2023-08-01T14:02:29+00:00","dateModified":"2024-10-25T23:24:06+00:00","breadcrumb":{"@id":"https:\/\/synthetichairwig.com\/product\/hot-selling-parted-in-the-middle-golden-long-hair-25-inch-top-dyed-wavy-bouncy-synthetic-wigs\/#breadcrumb"},"inLanguage":"pt-PT","potentialAction":[{"@type":"ReadAction","target":["https:\/\/synthetichairwig.com\/product\/hot-selling-parted-in-the-middle-golden-long-hair-25-inch-top-dyed-wavy-bouncy-synthetic-wigs\/"]}]},{"@type":"ImageObject","inLanguage":"pt-PT","@id":"https:\/\/synthetichairwig.com\/product\/hot-selling-parted-in-the-middle-golden-long-hair-25-inch-top-dyed-wavy-bouncy-synthetic-wigs\/#primaryimage","url":"https:\/\/synthetichairwig.com\/wp-content\/uploads\/2023\/08\/\u68d5\u8272\u53d1\u5c3e\u67d3-2.jpg","contentUrl":"https:\/\/synthetichairwig.com\/wp-content\/uploads\/2023\/08\/\u68d5\u8272\u53d1\u5c3e\u67d3-2.jpg","width":497,"height":591},{"@type":"BreadcrumbList","@id":"https:\/\/synthetichairwig.com\/product\/hot-selling-parted-in-the-middle-golden-long-hair-25-inch-top-dyed-wavy-bouncy-synthetic-wigs\/#breadcrumb","itemListElement":[{"@type":"ListItem","position":1,"name":"Home","item":"https:\/\/synthetichairwig.com\/"},{"@type":"ListItem","position":2,"name":"LandMark Hair Shop","item":"https:\/\/synthetichairwig.com\/landmark-hair-shop\/"},{"@type":"ListItem","position":3,"name":"25 Inch Parted in the Middle Golden Long Hair Synthetic Wigs"}]},{"@type":"WebSite","@id":"https:\/\/synthetichairwig.com\/#website","url":"https:\/\/synthetichairwig.com\/","name":"landmark","description":"My WordPress Blog","publisher":{"@id":"https:\/\/synthetichairwig.com\/#organization"},"potentialAction":[{"@type":"SearchAction","target":{"@type":"EntryPoint","urlTemplate":"https:\/\/synthetichairwig.com\/?s={search_term_string}"},"query-input":{"@type":"PropertyValueSpecification","valueRequired":true,"valueName":"search_term_string"}}],"inLanguage":"pt-PT"},{"@type":"Organization","@id":"https:\/\/synthetichairwig.com\/#organization","name":"landmark","url":"https:\/\/synthetichairwig.com\/","logo":{"@type":"ImageObject","inLanguage":"pt-PT","@id":"https:\/\/synthetichairwig.com\/#\/schema\/logo\/image\/","url":"https:\/\/synthetichairwig.com\/wp-content\/uploads\/2023\/06\/cropped-logo3.png","contentUrl":"https:\/\/synthetichairwig.com\/wp-content\/uploads\/2023\/06\/cropped-logo3.png","width":1704,"height":768,"caption":"landmark"},"image":{"@id":"https:\/\/synthetichairwig.com\/#\/schema\/logo\/image\/"}}]}},"_links":{"self":[{"href":"https:\/\/synthetichairwig.com\/pt\/wp-json\/wp\/v2\/product\/4586","targetHints":{"allow":["GET"]}}],"collection":[{"href":"https:\/\/synthetichairwig.com\/pt\/wp-json\/wp\/v2\/product"}],"about":[{"href":"https:\/\/synthetichairwig.com\/pt\/wp-json\/wp\/v2\/types\/product"}],"replies":[{"embeddable":true,"href":"https:\/\/synthetichairwig.com\/pt\/wp-json\/wp\/v2\/comments?post=4586"}],"wp:featuredmedia":[{"embeddable":true,"href":"https:\/\/synthetichairwig.com\/pt\/wp-json\/wp\/v2\/media\/5073"}],"wp:attachment":[{"href":"https:\/\/synthetichairwig.com\/pt\/wp-json\/wp\/v2\/media?parent=4586"}],"wp:term":[{"taxonomy":"product_brand","embeddable":true,"href":"https:\/\/synthetichairwig.com\/pt\/wp-json\/wp\/v2\/product_brand?post=4586"},{"taxonomy":"product_cat","embeddable":true,"href":"https:\/\/synthetichairwig.com\/pt\/wp-json\/wp\/v2\/product_cat?post=4586"},{"taxonomy":"product_tag","embeddable":true,"href":"https:\/\/synthetichairwig.com\/pt\/wp-json\/wp\/v2\/product_tag?post=4586"}],"curies":[{"name":"wp","href":"https:\/\/api.w.org\/{rel}","templated":true}]}}