{"id":4747,"date":"2023-08-02T08:54:41","date_gmt":"2023-08-02T08:54:41","guid":{"rendered":"https:\/\/synthetichairwig.com\/?post_type=product&#038;p=4747"},"modified":"2023-11-14T12:54:03","modified_gmt":"2023-11-14T12:54:03","slug":"wavy-bob-wig-with-bangs-synthetic-12in-natural-brown-wigs","status":"publish","type":"product","link":"https:\/\/synthetichairwig.com\/pt\/product\/peruca-bob-ondulada-com-franja-peruca-sintetica-12in-marrom-natural\/","title":{"rendered":"Peruca Bob Ondulada com Franja Sint\u00e9tica 12 pol. Perucas Marrons Naturais"},"content":{"rendered":"<p>O pacote inclui: peruca x 1 rede de cabelo separada x 1<\/p>\n<p>&nbsp;<\/p>\n<p>\u2b50\u2b50 Material: A peruca \u00e9 feita de excelente cabelo sint\u00e9tico com textura macia, agrad\u00e1vel \u00e0 pele e confort\u00e1vel. Use cabelo real com apar\u00eancia natural.<\/p>\n<p>&nbsp;<\/p>\n<p>\u2b50Caracter\u00edsticas: peruca de fibra de alta temperatura, pode ser passada a ferro, n\u00e3o tingida. Pode suportar temperaturas de 150 graus Celsius (300 graus Fahrenheit)<\/p>\n<p>&nbsp;<\/p>\n<p>A intranet faz voc\u00ea se sentir confort\u00e1vel e respir\u00e1vel ao usar. Existem dois cintos de ajuste em ambos os lados da peruca, que podem ser ajustados para se adequar ao tamanho da sua cabe\u00e7a<\/p>\n<p><img fetchpriority=\"high\" decoding=\"async\" class=\"alignnone size-full wp-image-4749\" src=\"https:\/\/synthetichairwig.com\/wp-content\/uploads\/2023\/08\/\u5fae\u4fe1\u56fe\u7247_20230802164855.jpg\" alt=\"\" width=\"1200\" height=\"1200\" srcset=\"https:\/\/synthetichairwig.com\/wp-content\/uploads\/2023\/08\/\u5fae\u4fe1\u56fe\u7247_20230802164855.jpg 1200w, https:\/\/synthetichairwig.com\/wp-content\/uploads\/2023\/08\/\u5fae\u4fe1\u56fe\u7247_20230802164855-300x300.jpg 300w, https:\/\/synthetichairwig.com\/wp-content\/uploads\/2023\/08\/\u5fae\u4fe1\u56fe\u7247_20230802164855-1024x1024.jpg 1024w, https:\/\/synthetichairwig.com\/wp-content\/uploads\/2023\/08\/\u5fae\u4fe1\u56fe\u7247_20230802164855-150x150.jpg 150w, https:\/\/synthetichairwig.com\/wp-content\/uploads\/2023\/08\/\u5fae\u4fe1\u56fe\u7247_20230802164855-768x768.jpg 768w, https:\/\/synthetichairwig.com\/wp-content\/uploads\/2023\/08\/\u5fae\u4fe1\u56fe\u7247_20230802164855-600x600.jpg 600w, https:\/\/synthetichairwig.com\/wp-content\/uploads\/2023\/08\/\u5fae\u4fe1\u56fe\u7247_20230802164855-100x100.jpg 100w\" sizes=\"(max-width: 1200px) 100vw, 1200px\" \/> <img decoding=\"async\" class=\"alignnone size-full wp-image-4750\" src=\"https:\/\/synthetichairwig.com\/wp-content\/uploads\/2023\/08\/\u5fae\u4fe1\u56fe\u7247_202308021648551.jpg\" alt=\"\" width=\"1200\" height=\"1200\" srcset=\"https:\/\/synthetichairwig.com\/wp-content\/uploads\/2023\/08\/\u5fae\u4fe1\u56fe\u7247_202308021648551.jpg 1200w, https:\/\/synthetichairwig.com\/wp-content\/uploads\/2023\/08\/\u5fae\u4fe1\u56fe\u7247_202308021648551-300x300.jpg 300w, https:\/\/synthetichairwig.com\/wp-content\/uploads\/2023\/08\/\u5fae\u4fe1\u56fe\u7247_202308021648551-1024x1024.jpg 1024w, https:\/\/synthetichairwig.com\/wp-content\/uploads\/2023\/08\/\u5fae\u4fe1\u56fe\u7247_202308021648551-150x150.jpg 150w, https:\/\/synthetichairwig.com\/wp-content\/uploads\/2023\/08\/\u5fae\u4fe1\u56fe\u7247_202308021648551-768x768.jpg 768w, https:\/\/synthetichairwig.com\/wp-content\/uploads\/2023\/08\/\u5fae\u4fe1\u56fe\u7247_202308021648551-600x600.jpg 600w, https:\/\/synthetichairwig.com\/wp-content\/uploads\/2023\/08\/\u5fae\u4fe1\u56fe\u7247_202308021648551-100x100.jpg 100w\" sizes=\"(max-width: 1200px) 100vw, 1200px\" \/> <img decoding=\"async\" class=\"alignnone size-full wp-image-4752\" src=\"https:\/\/synthetichairwig.com\/wp-content\/uploads\/2023\/08\/\u5fae\u4fe1\u56fe\u7247_202308021648553.jpg\" alt=\"\" width=\"1200\" height=\"1200\" srcset=\"https:\/\/synthetichairwig.com\/wp-content\/uploads\/2023\/08\/\u5fae\u4fe1\u56fe\u7247_202308021648553.jpg 1200w, https:\/\/synthetichairwig.com\/wp-content\/uploads\/2023\/08\/\u5fae\u4fe1\u56fe\u7247_202308021648553-300x300.jpg 300w, https:\/\/synthetichairwig.com\/wp-content\/uploads\/2023\/08\/\u5fae\u4fe1\u56fe\u7247_202308021648553-1024x1024.jpg 1024w, https:\/\/synthetichairwig.com\/wp-content\/uploads\/2023\/08\/\u5fae\u4fe1\u56fe\u7247_202308021648553-150x150.jpg 150w, https:\/\/synthetichairwig.com\/wp-content\/uploads\/2023\/08\/\u5fae\u4fe1\u56fe\u7247_202308021648553-768x768.jpg 768w, https:\/\/synthetichairwig.com\/wp-content\/uploads\/2023\/08\/\u5fae\u4fe1\u56fe\u7247_202308021648553-600x600.jpg 600w, https:\/\/synthetichairwig.com\/wp-content\/uploads\/2023\/08\/\u5fae\u4fe1\u56fe\u7247_202308021648553-100x100.jpg 100w\" sizes=\"(max-width: 1200px) 100vw, 1200px\" \/> <img loading=\"lazy\" decoding=\"async\" class=\"alignnone size-full wp-image-4753\" src=\"https:\/\/synthetichairwig.com\/wp-content\/uploads\/2023\/08\/\u5fae\u4fe1\u56fe\u7247_202308021648554.jpg\" alt=\"\" width=\"1200\" height=\"1200\" srcset=\"https:\/\/synthetichairwig.com\/wp-content\/uploads\/2023\/08\/\u5fae\u4fe1\u56fe\u7247_202308021648554.jpg 1200w, https:\/\/synthetichairwig.com\/wp-content\/uploads\/2023\/08\/\u5fae\u4fe1\u56fe\u7247_202308021648554-300x300.jpg 300w, https:\/\/synthetichairwig.com\/wp-content\/uploads\/2023\/08\/\u5fae\u4fe1\u56fe\u7247_202308021648554-1024x1024.jpg 1024w, https:\/\/synthetichairwig.com\/wp-content\/uploads\/2023\/08\/\u5fae\u4fe1\u56fe\u7247_202308021648554-150x150.jpg 150w, https:\/\/synthetichairwig.com\/wp-content\/uploads\/2023\/08\/\u5fae\u4fe1\u56fe\u7247_202308021648554-768x768.jpg 768w, https:\/\/synthetichairwig.com\/wp-content\/uploads\/2023\/08\/\u5fae\u4fe1\u56fe\u7247_202308021648554-600x600.jpg 600w, https:\/\/synthetichairwig.com\/wp-content\/uploads\/2023\/08\/\u5fae\u4fe1\u56fe\u7247_202308021648554-100x100.jpg 100w\" sizes=\"(max-width: 1200px) 100vw, 1200px\" \/><\/p>\n<div id=\"footable_parent_4746\"\n         class=\"footable_parent ninja_table_wrapper loading_ninja_table wp_table_data_press_parent semantic_ui\">\n                <table data-ninja_table_instance=\"ninja_table_instance_0\" data-footable_id=\"4746\" data-filter-delay=\"1000\" aria-label=\"\u771f\u4eba\u53d1\u5de5\u4f5c\u8868.csv\"            id=\"footable_4746\"\n           data-unique_identifier=\"ninja_table_unique_id_226767918_4746\"\n           class=\"foo-table ninja_footable foo_table_4746 ninja_table_unique_id_226767918_4746 ui table  nt_type_legacy_table selectable striped vertical_centered  footable-paging-right ninja_table_pro\">\n                <colgroup>\n                            <col class=\"ninja_column_0\">\n                            <col class=\"ninja_column_1\">\n                    <\/colgroup>\n        <thead>\n<tr class=\"footable-header\">\n                                        <th scope=\"col\"  class=\"ninja_column_0 ninja_clmn_nm_placeoforigin\">Lugar de origem:<\/th><th scope=\"col\"  class=\"ninja_column_1 ninja_clmn_nm_china\">China<\/th><\/tr>\n<\/thead>\n<tbody>\n\n        <tr data-row_id=\"1380\" class=\"ninja_table_row_0 nt_row_id_1380\">\n            <td>material de cabelo sint\u00e9tico:<\/td><td>Fibra de alta temperatura<\/td>        <\/tr>\n            <tr data-row_id=\"1381\" class=\"ninja_table_row_1 nt_row_id_1381\">\n            <td>Marca:<\/td><td>marco<\/td>        <\/tr>\n            <tr data-row_id=\"1382\" class=\"ninja_table_row_2 nt_row_id_1382\">\n            <td>N\u00famero do modelo:<\/td><td>134<\/td>        <\/tr>\n            <tr data-row_id=\"1383\" class=\"ninja_table_row_3 nt_row_id_1383\">\n            <td>Peso:<\/td><td>200g<\/td>        <\/tr>\n            <tr data-row_id=\"1385\" class=\"ninja_table_row_4 nt_row_id_1385\">\n            <td>T\u00e9cnica:<\/td><td>Peruca feita \u00e0 m\u00e1quina<\/td>        <\/tr>\n            <tr data-row_id=\"1386\" class=\"ninja_table_row_5 nt_row_id_1386\">\n            <td>Comprimento:<\/td><td>12 polegadas<\/td>        <\/tr>\n            <tr data-row_id=\"1387\" class=\"ninja_table_row_6 nt_row_id_1387\">\n            <td>Densidade:<\/td><td>150%<\/td>        <\/tr>\n            <tr data-row_id=\"1388\" class=\"ninja_table_row_7 nt_row_id_1388\">\n            <td>Comprimento das perucas:<\/td><td>longo<\/td>        <\/tr>\n            <tr data-row_id=\"1389\" class=\"ninja_table_row_8 nt_row_id_1389\">\n            <td>Tamanho da tampa:<\/td><td>Tamanho m\u00e9dio<\/td>        <\/tr>\n            <tr data-row_id=\"1390\" class=\"ninja_table_row_9 nt_row_id_1390\">\n            <td>Cores tingidas adequadas:<\/td><td>Nenhum<\/td>        <\/tr>\n            <tr data-row_id=\"1392\" class=\"ninja_table_row_10 nt_row_id_1392\">\n            <td>Recurso<\/td><td>Uso di\u00e1rio<\/td>        <\/tr>\n            <tr data-row_id=\"1393\" class=\"ninja_table_row_11 nt_row_id_1393\">\n            <td>Mapa de cores:<\/td><td>marrom<\/td>        <\/tr>\n            <tr data-row_id=\"1394\" class=\"ninja_table_row_12 nt_row_id_1394\">\n            <td>Textura:<\/td><td>peruca encaracolada<\/td>        <\/tr>\n    <\/tbody><!--ninja_tobody_rendering_done-->\n    <\/table>\n                    <style type=\"text\/css\" id='ninja_table_custom_css_4746'>\n                        #footable_4746  {\n    font-family: inherit;\n    font-size: 14px;\n    }\n\n    \n                <\/style>\n                \n    \n    \n<\/div>","protected":false},"excerpt":{"rendered":"<p>Comprimento: 12 polegadas<\/p>","protected":false},"featured_media":4753,"comment_status":"open","ping_status":"closed","template":"","meta":{"site-sidebar-layout":"default","site-content-layout":"default","ast-site-content-layout":"","site-content-style":"default","site-sidebar-style":"default","ast-global-header-display":"","ast-banner-title-visibility":"","ast-main-header-display":"","ast-hfb-above-header-display":"","ast-hfb-below-header-display":"","ast-hfb-mobile-header-display":"","site-post-title":"","ast-breadcrumbs-content":"","ast-featured-img":"","footer-sml-layout":"","theme-transparent-header-meta":"default","adv-header-id-meta":"","stick-header-meta":"","header-above-stick-meta":"","header-main-stick-meta":"","header-below-stick-meta":"","astra-migrate-meta-layouts":"default","ast-page-background-enabled":"default","ast-page-background-meta":{"desktop":{"background-color":"var(--ast-global-color-4)","background-image":"","background-repeat":"repeat","background-position":"center center","background-size":"auto","background-attachment":"scroll","background-type":"","background-media":"","overlay-type":"","overlay-color":"","overlay-opacity":"","overlay-gradient":""},"tablet":{"background-color":"","background-image":"","background-repeat":"repeat","background-position":"center center","background-size":"auto","background-attachment":"scroll","background-type":"","background-media":"","overlay-type":"","overlay-color":"","overlay-opacity":"","overlay-gradient":""},"mobile":{"background-color":"","background-image":"","background-repeat":"repeat","background-position":"center center","background-size":"auto","background-attachment":"scroll","background-type":"","background-media":"","overlay-type":"","overlay-color":"","overlay-opacity":"","overlay-gradient":""}},"ast-content-background-meta":{"desktop":{"background-color":"var(--ast-global-color-5)","background-image":"","background-repeat":"repeat","background-position":"center center","background-size":"auto","background-attachment":"scroll","background-type":"","background-media":"","overlay-type":"","overlay-color":"","overlay-opacity":"","overlay-gradient":""},"tablet":{"background-color":"var(--ast-global-color-5)","background-image":"","background-repeat":"repeat","background-position":"center center","background-size":"auto","background-attachment":"scroll","background-type":"","background-media":"","overlay-type":"","overlay-color":"","overlay-opacity":"","overlay-gradient":""},"mobile":{"background-color":"var(--ast-global-color-5)","background-image":"","background-repeat":"repeat","background-position":"center center","background-size":"auto","background-attachment":"scroll","background-type":"","background-media":"","overlay-type":"","overlay-color":"","overlay-opacity":"","overlay-gradient":""}},"jetpack_publicize_message":"","jetpack_is_tweetstorm":false,"jetpack_publicize_feature_enabled":true,"jetpack_social_post_already_shared":false,"jetpack_social_options":{"image_generator_settings":{"template":"highway","enabled":false}}},"product_brand":[],"product_cat":[39,77,32,80],"product_tag":[],"class_list":{"0":"post-4747","1":"product","2":"type-product","3":"status-publish","4":"has-post-thumbnail","6":"product_cat-bob-wigs","7":"product_cat-flash-sale","8":"product_cat-synthetic-wigs","9":"product_cat-wigs-new-arrivals","10":"desktop-align-left","11":"tablet-align-left","12":"mobile-align-left","14":"first","15":"instock","16":"sale","17":"shipping-taxable","18":"purchasable","19":"product-type-variable"},"jetpack_publicize_connections":[],"yoast_head":"<!-- This site is optimized with the Yoast SEO Premium plugin v20.7 (Yoast SEO v27.6) - https:\/\/yoast.com\/product\/yoast-seo-premium-wordpress\/ -->\n<title>Wavy Bob Wig with Bangs Synthetic 12in Natural brown Wigs - landmark<\/title>\n<meta name=\"robots\" content=\"index, follow, max-snippet:-1, max-image-preview:large, max-video-preview:-1\" \/>\n<link rel=\"canonical\" href=\"https:\/\/synthetichairwig.com\/pt\/produto\/peruca-bob-ondulada-com-franja-peruca-sintetica-12in-marrom-natural\/\" \/>\n<meta property=\"og:locale\" content=\"pt_PT\" \/>\n<meta property=\"og:type\" content=\"article\" \/>\n<meta property=\"og:title\" content=\"Wavy Bob Wig with Bangs Synthetic 12in Natural brown Wigs\" \/>\n<meta property=\"og:description\" content=\"Length \uff1a12inch\" \/>\n<meta property=\"og:url\" content=\"https:\/\/synthetichairwig.com\/pt\/produto\/peruca-bob-ondulada-com-franja-peruca-sintetica-12in-marrom-natural\/\" \/>\n<meta property=\"og:site_name\" content=\"landmark\" \/>\n<meta property=\"article:modified_time\" content=\"2023-11-14T12:54:03+00:00\" \/>\n<meta property=\"og:image\" content=\"https:\/\/synthetichairwig.com\/wp-content\/uploads\/2023\/08\/\u5fae\u4fe1\u56fe\u7247_202308021648554.jpg\" \/>\n\t<meta property=\"og:image:width\" content=\"1200\" \/>\n\t<meta property=\"og:image:height\" content=\"1200\" \/>\n\t<meta property=\"og:image:type\" content=\"image\/jpeg\" \/>\n<meta name=\"twitter:card\" content=\"summary_large_image\" \/>\n<meta name=\"twitter:label1\" content=\"Tempo estimado de leitura\" \/>\n\t<meta name=\"twitter:data1\" content=\"2 minutos\" \/>\n<script type=\"application\/ld+json\" class=\"yoast-schema-graph\">{\"@context\":\"https:\\\/\\\/schema.org\",\"@graph\":[{\"@type\":\"WebPage\",\"@id\":\"https:\\\/\\\/synthetichairwig.com\\\/product\\\/wavy-bob-wig-with-bangs-synthetic-12in-natural-brown-wigs\\\/\",\"url\":\"https:\\\/\\\/synthetichairwig.com\\\/product\\\/wavy-bob-wig-with-bangs-synthetic-12in-natural-brown-wigs\\\/\",\"name\":\"Wavy Bob Wig with Bangs Synthetic 12in Natural brown Wigs - landmark\",\"isPartOf\":{\"@id\":\"https:\\\/\\\/synthetichairwig.com\\\/#website\"},\"primaryImageOfPage\":{\"@id\":\"https:\\\/\\\/synthetichairwig.com\\\/product\\\/wavy-bob-wig-with-bangs-synthetic-12in-natural-brown-wigs\\\/#primaryimage\"},\"image\":{\"@id\":\"https:\\\/\\\/synthetichairwig.com\\\/product\\\/wavy-bob-wig-with-bangs-synthetic-12in-natural-brown-wigs\\\/#primaryimage\"},\"thumbnailUrl\":\"https:\\\/\\\/synthetichairwig.com\\\/wp-content\\\/uploads\\\/2023\\\/08\\\/\u5fae\u4fe1\u56fe\u7247_202308021648554.jpg\",\"datePublished\":\"2023-08-02T08:54:41+00:00\",\"dateModified\":\"2023-11-14T12:54:03+00:00\",\"breadcrumb\":{\"@id\":\"https:\\\/\\\/synthetichairwig.com\\\/product\\\/wavy-bob-wig-with-bangs-synthetic-12in-natural-brown-wigs\\\/#breadcrumb\"},\"inLanguage\":\"pt-PT\",\"potentialAction\":[{\"@type\":\"ReadAction\",\"target\":[\"https:\\\/\\\/synthetichairwig.com\\\/product\\\/wavy-bob-wig-with-bangs-synthetic-12in-natural-brown-wigs\\\/\"]}]},{\"@type\":\"ImageObject\",\"inLanguage\":\"pt-PT\",\"@id\":\"https:\\\/\\\/synthetichairwig.com\\\/product\\\/wavy-bob-wig-with-bangs-synthetic-12in-natural-brown-wigs\\\/#primaryimage\",\"url\":\"https:\\\/\\\/synthetichairwig.com\\\/wp-content\\\/uploads\\\/2023\\\/08\\\/\u5fae\u4fe1\u56fe\u7247_202308021648554.jpg\",\"contentUrl\":\"https:\\\/\\\/synthetichairwig.com\\\/wp-content\\\/uploads\\\/2023\\\/08\\\/\u5fae\u4fe1\u56fe\u7247_202308021648554.jpg\",\"width\":1200,\"height\":1200},{\"@type\":\"BreadcrumbList\",\"@id\":\"https:\\\/\\\/synthetichairwig.com\\\/product\\\/wavy-bob-wig-with-bangs-synthetic-12in-natural-brown-wigs\\\/#breadcrumb\",\"itemListElement\":[{\"@type\":\"ListItem\",\"position\":1,\"name\":\"Home\",\"item\":\"https:\\\/\\\/synthetichairwig.com\\\/\"},{\"@type\":\"ListItem\",\"position\":2,\"name\":\"LandMark Hair Shop\",\"item\":\"https:\\\/\\\/synthetichairwig.com\\\/landmark-hair-shop\\\/\"},{\"@type\":\"ListItem\",\"position\":3,\"name\":\"Wavy Bob Wig with Bangs Synthetic 12in Natural brown Wigs\"}]},{\"@type\":\"WebSite\",\"@id\":\"https:\\\/\\\/synthetichairwig.com\\\/#website\",\"url\":\"https:\\\/\\\/synthetichairwig.com\\\/\",\"name\":\"landmark\",\"description\":\"My WordPress Blog\",\"publisher\":{\"@id\":\"https:\\\/\\\/synthetichairwig.com\\\/#organization\"},\"potentialAction\":[{\"@type\":\"SearchAction\",\"target\":{\"@type\":\"EntryPoint\",\"urlTemplate\":\"https:\\\/\\\/synthetichairwig.com\\\/?s={search_term_string}\"},\"query-input\":{\"@type\":\"PropertyValueSpecification\",\"valueRequired\":true,\"valueName\":\"search_term_string\"}}],\"inLanguage\":\"pt-PT\"},{\"@type\":\"Organization\",\"@id\":\"https:\\\/\\\/synthetichairwig.com\\\/#organization\",\"name\":\"landmark\",\"url\":\"https:\\\/\\\/synthetichairwig.com\\\/\",\"logo\":{\"@type\":\"ImageObject\",\"inLanguage\":\"pt-PT\",\"@id\":\"https:\\\/\\\/synthetichairwig.com\\\/#\\\/schema\\\/logo\\\/image\\\/\",\"url\":\"https:\\\/\\\/synthetichairwig.com\\\/wp-content\\\/uploads\\\/2023\\\/06\\\/cropped-logo3.png\",\"contentUrl\":\"https:\\\/\\\/synthetichairwig.com\\\/wp-content\\\/uploads\\\/2023\\\/06\\\/cropped-logo3.png\",\"width\":1704,\"height\":768,\"caption\":\"landmark\"},\"image\":{\"@id\":\"https:\\\/\\\/synthetichairwig.com\\\/#\\\/schema\\\/logo\\\/image\\\/\"}}]}<\/script>\n<!-- \/ Yoast SEO Premium plugin. -->","yoast_head_json":{"title":"Wavy Bob Wig with Bangs Synthetic 12in Natural brown Wigs - landmark","robots":{"index":"index","follow":"follow","max-snippet":"max-snippet:-1","max-image-preview":"max-image-preview:large","max-video-preview":"max-video-preview:-1"},"canonical":"https:\/\/synthetichairwig.com\/pt\/produto\/peruca-bob-ondulada-com-franja-peruca-sintetica-12in-marrom-natural\/","og_locale":"pt_PT","og_type":"article","og_title":"Wavy Bob Wig with Bangs Synthetic 12in Natural brown Wigs","og_description":"Length \uff1a12inch","og_url":"https:\/\/synthetichairwig.com\/pt\/produto\/peruca-bob-ondulada-com-franja-peruca-sintetica-12in-marrom-natural\/","og_site_name":"landmark","article_modified_time":"2023-11-14T12:54:03+00:00","og_image":[{"width":1200,"height":1200,"url":"https:\/\/synthetichairwig.com\/wp-content\/uploads\/2023\/08\/\u5fae\u4fe1\u56fe\u7247_202308021648554.jpg","type":"image\/jpeg"}],"twitter_card":"summary_large_image","twitter_misc":{"Tempo estimado de leitura":"2 minutos"},"schema":{"@context":"https:\/\/schema.org","@graph":[{"@type":"WebPage","@id":"https:\/\/synthetichairwig.com\/product\/wavy-bob-wig-with-bangs-synthetic-12in-natural-brown-wigs\/","url":"https:\/\/synthetichairwig.com\/product\/wavy-bob-wig-with-bangs-synthetic-12in-natural-brown-wigs\/","name":"Wavy Bob Wig with Bangs Synthetic 12in Natural brown Wigs - landmark","isPartOf":{"@id":"https:\/\/synthetichairwig.com\/#website"},"primaryImageOfPage":{"@id":"https:\/\/synthetichairwig.com\/product\/wavy-bob-wig-with-bangs-synthetic-12in-natural-brown-wigs\/#primaryimage"},"image":{"@id":"https:\/\/synthetichairwig.com\/product\/wavy-bob-wig-with-bangs-synthetic-12in-natural-brown-wigs\/#primaryimage"},"thumbnailUrl":"https:\/\/synthetichairwig.com\/wp-content\/uploads\/2023\/08\/\u5fae\u4fe1\u56fe\u7247_202308021648554.jpg","datePublished":"2023-08-02T08:54:41+00:00","dateModified":"2023-11-14T12:54:03+00:00","breadcrumb":{"@id":"https:\/\/synthetichairwig.com\/product\/wavy-bob-wig-with-bangs-synthetic-12in-natural-brown-wigs\/#breadcrumb"},"inLanguage":"pt-PT","potentialAction":[{"@type":"ReadAction","target":["https:\/\/synthetichairwig.com\/product\/wavy-bob-wig-with-bangs-synthetic-12in-natural-brown-wigs\/"]}]},{"@type":"ImageObject","inLanguage":"pt-PT","@id":"https:\/\/synthetichairwig.com\/product\/wavy-bob-wig-with-bangs-synthetic-12in-natural-brown-wigs\/#primaryimage","url":"https:\/\/synthetichairwig.com\/wp-content\/uploads\/2023\/08\/\u5fae\u4fe1\u56fe\u7247_202308021648554.jpg","contentUrl":"https:\/\/synthetichairwig.com\/wp-content\/uploads\/2023\/08\/\u5fae\u4fe1\u56fe\u7247_202308021648554.jpg","width":1200,"height":1200},{"@type":"BreadcrumbList","@id":"https:\/\/synthetichairwig.com\/product\/wavy-bob-wig-with-bangs-synthetic-12in-natural-brown-wigs\/#breadcrumb","itemListElement":[{"@type":"ListItem","position":1,"name":"Home","item":"https:\/\/synthetichairwig.com\/"},{"@type":"ListItem","position":2,"name":"LandMark Hair Shop","item":"https:\/\/synthetichairwig.com\/landmark-hair-shop\/"},{"@type":"ListItem","position":3,"name":"Wavy Bob Wig with Bangs Synthetic 12in Natural brown Wigs"}]},{"@type":"WebSite","@id":"https:\/\/synthetichairwig.com\/#website","url":"https:\/\/synthetichairwig.com\/","name":"landmark","description":"My WordPress Blog","publisher":{"@id":"https:\/\/synthetichairwig.com\/#organization"},"potentialAction":[{"@type":"SearchAction","target":{"@type":"EntryPoint","urlTemplate":"https:\/\/synthetichairwig.com\/?s={search_term_string}"},"query-input":{"@type":"PropertyValueSpecification","valueRequired":true,"valueName":"search_term_string"}}],"inLanguage":"pt-PT"},{"@type":"Organization","@id":"https:\/\/synthetichairwig.com\/#organization","name":"landmark","url":"https:\/\/synthetichairwig.com\/","logo":{"@type":"ImageObject","inLanguage":"pt-PT","@id":"https:\/\/synthetichairwig.com\/#\/schema\/logo\/image\/","url":"https:\/\/synthetichairwig.com\/wp-content\/uploads\/2023\/06\/cropped-logo3.png","contentUrl":"https:\/\/synthetichairwig.com\/wp-content\/uploads\/2023\/06\/cropped-logo3.png","width":1704,"height":768,"caption":"landmark"},"image":{"@id":"https:\/\/synthetichairwig.com\/#\/schema\/logo\/image\/"}}]}},"_links":{"self":[{"href":"https:\/\/synthetichairwig.com\/pt\/wp-json\/wp\/v2\/product\/4747","targetHints":{"allow":["GET"]}}],"collection":[{"href":"https:\/\/synthetichairwig.com\/pt\/wp-json\/wp\/v2\/product"}],"about":[{"href":"https:\/\/synthetichairwig.com\/pt\/wp-json\/wp\/v2\/types\/product"}],"replies":[{"embeddable":true,"href":"https:\/\/synthetichairwig.com\/pt\/wp-json\/wp\/v2\/comments?post=4747"}],"wp:featuredmedia":[{"embeddable":true,"href":"https:\/\/synthetichairwig.com\/pt\/wp-json\/wp\/v2\/media\/4753"}],"wp:attachment":[{"href":"https:\/\/synthetichairwig.com\/pt\/wp-json\/wp\/v2\/media?parent=4747"}],"wp:term":[{"taxonomy":"product_brand","embeddable":true,"href":"https:\/\/synthetichairwig.com\/pt\/wp-json\/wp\/v2\/product_brand?post=4747"},{"taxonomy":"product_cat","embeddable":true,"href":"https:\/\/synthetichairwig.com\/pt\/wp-json\/wp\/v2\/product_cat?post=4747"},{"taxonomy":"product_tag","embeddable":true,"href":"https:\/\/synthetichairwig.com\/pt\/wp-json\/wp\/v2\/product_tag?post=4747"}],"curies":[{"name":"wp","href":"https:\/\/api.w.org\/{rel}","templated":true}]}}