{"id":4759,"date":"2023-08-02T12:41:44","date_gmt":"2023-08-02T12:41:44","guid":{"rendered":"https:\/\/synthetichairwig.com\/?post_type=product&#038;p=4759"},"modified":"2023-11-20T13:38:32","modified_gmt":"2023-11-20T13:38:32","slug":"unisex-fashion-street-wear-beanie-winter-hats-custom-wool-hats-rasta-beanies","status":"publish","type":"product","link":"https:\/\/synthetichairwig.com\/pt\/product\/unisex-fashion-street-wear-beanie-winter-hats-custom-wool-hats-rasta-beanies\/","title":{"rendered":"Gorro unissex fashion street wear gorros de inverno gorros rasta"},"content":{"rendered":"<p>Vida colorida, um momento de amor, olhe para o n\u00edvel de apar\u00eancia, soletre a era da personalidade, vamos colorir<\/p>\n<p>est\u00e9tica no corpo do chap\u00e9u, para que a vida agitada adicione um toque de cor brilhante. Detalhes requintados, intimistas<\/p>\n<p>em todos os lugares, sutilezas, s\u00f3 para lhe proporcionar uma melhor experi\u00eancia.<\/p>\n<p>&nbsp;<\/p>\n<p><img fetchpriority=\"high\" decoding=\"async\" class=\"alignnone size-full wp-image-4764\" src=\"https:\/\/synthetichairwig.com\/wp-content\/uploads\/2023\/08\/\u7c73\u963f\u5c3a\u5927\u56fe3.jpg\" alt=\"\" width=\"790\" height=\"416\" srcset=\"https:\/\/synthetichairwig.com\/wp-content\/uploads\/2023\/08\/\u7c73\u963f\u5c3a\u5927\u56fe3.jpg 790w, https:\/\/synthetichairwig.com\/wp-content\/uploads\/2023\/08\/\u7c73\u963f\u5c3a\u5927\u56fe3-300x158.jpg 300w, https:\/\/synthetichairwig.com\/wp-content\/uploads\/2023\/08\/\u7c73\u963f\u5c3a\u5927\u56fe3-768x404.jpg 768w, https:\/\/synthetichairwig.com\/wp-content\/uploads\/2023\/08\/\u7c73\u963f\u5c3a\u5927\u56fe3-600x316.jpg 600w\" sizes=\"(max-width: 790px) 100vw, 790px\" \/><img decoding=\"async\" class=\"alignnone size-full wp-image-4763\" src=\"https:\/\/synthetichairwig.com\/wp-content\/uploads\/2023\/08\/\u7c73\u963f\u5c3a\u5927\u56fe1-1.jpg\" alt=\"\" width=\"790\" height=\"291\" srcset=\"https:\/\/synthetichairwig.com\/wp-content\/uploads\/2023\/08\/\u7c73\u963f\u5c3a\u5927\u56fe1-1.jpg 790w, https:\/\/synthetichairwig.com\/wp-content\/uploads\/2023\/08\/\u7c73\u963f\u5c3a\u5927\u56fe1-1-300x111.jpg 300w, https:\/\/synthetichairwig.com\/wp-content\/uploads\/2023\/08\/\u7c73\u963f\u5c3a\u5927\u56fe1-1-768x283.jpg 768w, https:\/\/synthetichairwig.com\/wp-content\/uploads\/2023\/08\/\u7c73\u963f\u5c3a\u5927\u56fe1-1-600x221.jpg 600w\" sizes=\"(max-width: 790px) 100vw, 790px\" \/><img decoding=\"async\" class=\"alignnone size-full wp-image-4765\" src=\"https:\/\/synthetichairwig.com\/wp-content\/uploads\/2023\/08\/\u7c73\u963f\u5c3a\u5927\u56fe2-1.jpg\" alt=\"\" width=\"790\" height=\"984\" srcset=\"https:\/\/synthetichairwig.com\/wp-content\/uploads\/2023\/08\/\u7c73\u963f\u5c3a\u5927\u56fe2-1.jpg 790w, https:\/\/synthetichairwig.com\/wp-content\/uploads\/2023\/08\/\u7c73\u963f\u5c3a\u5927\u56fe2-1-241x300.jpg 241w, https:\/\/synthetichairwig.com\/wp-content\/uploads\/2023\/08\/\u7c73\u963f\u5c3a\u5927\u56fe2-1-768x957.jpg 768w, https:\/\/synthetichairwig.com\/wp-content\/uploads\/2023\/08\/\u7c73\u963f\u5c3a\u5927\u56fe2-1-600x747.jpg 600w\" sizes=\"(max-width: 790px) 100vw, 790px\" \/><\/p>\n<p>&nbsp;<\/p>\n<div id=\"footable_parent_4758\"\n         class=\"footable_parent ninja_table_wrapper loading_ninja_table wp_table_data_press_parent semantic_ui\">\n                <table data-ninja_table_instance=\"ninja_table_instance_0\" data-footable_id=\"4758\" data-filter-delay=\"1000\" aria-label=\"\u5e3d\u5b50\u5de5\u4f5c\u8868.csv\"            id=\"footable_4758\"\n           data-unique_identifier=\"ninja_table_unique_id_113352744_4758\"\n           class=\"foo-table ninja_footable foo_table_4758 ninja_table_unique_id_113352744_4758 ui table  nt_type_legacy_table selectable striped vertical_centered  footable-paging-right ninja_table_pro\">\n                <colgroup>\n                            <col class=\"ninja_column_0\">\n                            <col class=\"ninja_column_1\">\n                    <\/colgroup>\n        <thead>\n<tr class=\"footable-header\">\n                                        <th scope=\"col\"  class=\"ninja_column_0 ninja_clmn_nm_placeoforigin\">Lugar de origem:<\/th><th scope=\"col\"  class=\"ninja_column_1 ninja_clmn_nm_china\">China<\/th><\/tr>\n<\/thead>\n<tbody>\n\n        <tr data-row_id=\"1409\" class=\"ninja_table_row_0 nt_row_id_1409\">\n            <td>Marca:<\/td><td>marco<\/td>        <\/tr>\n            <tr data-row_id=\"1410\" class=\"ninja_table_row_1 nt_row_id_1410\">\n            <td>N\u00famero do modelo:<\/td><td>23B402<\/td>        <\/tr>\n            <tr data-row_id=\"1411\" class=\"ninja_table_row_2 nt_row_id_1411\">\n            <td>Caracter\u00edstica do tecido:<\/td><td>COMUM<\/td>        <\/tr>\n            <tr data-row_id=\"1412\" class=\"ninja_table_row_3 nt_row_id_1412\">\n            <td>Material:<\/td><td>L\u00e3<\/td>        <\/tr>\n            <tr data-row_id=\"1413\" class=\"ninja_table_row_4 nt_row_id_1413\">\n            <td>G\u00eanero:<\/td><td>Unissex<\/td>        <\/tr>\n            <tr data-row_id=\"1414\" class=\"ninja_table_row_5 nt_row_id_1414\">\n            <td>Grupo de idade:<\/td><td>Adultos<\/td>        <\/tr>\n            <tr data-row_id=\"1415\" class=\"ninja_table_row_6 nt_row_id_1415\">\n            <td>Estilo:<\/td><td>Imagem<\/td>        <\/tr>\n            <tr data-row_id=\"1416\" class=\"ninja_table_row_7 nt_row_id_1416\">\n            <td>Cena aplic\u00e1vel:<\/td><td>Esportes, ESQUI, Viagem, Ao ar livre, Di\u00e1rio, Casual, Praia, Neg\u00f3cios, Pesca, Ciclismo, Fazer compras, Viajar, Uso dom\u00e9stico<\/td>        <\/tr>\n            <tr data-row_id=\"1417\" class=\"ninja_table_row_8 nt_row_id_1417\">\n            <td>Nome do Produto:<\/td><td>Gorro de l\u00e3 cl\u00e1ssico<\/td>        <\/tr>\n            <tr data-row_id=\"1418\" class=\"ninja_table_row_9 nt_row_id_1418\">\n            <td>Palavra-chave:<\/td><td>Cl\u00e1ssico<\/td>        <\/tr>\n            <tr data-row_id=\"1419\" class=\"ninja_table_row_10 nt_row_id_1419\">\n            <td>Peso:<\/td><td>100g<\/td>        <\/tr>\n            <tr data-row_id=\"1420\" class=\"ninja_table_row_11 nt_row_id_1420\">\n            <td>Circunfer\u00eancia da cabe\u00e7a:<\/td><td>54-60 cm<\/td>        <\/tr>\n            <tr data-row_id=\"1421\" class=\"ninja_table_row_12 nt_row_id_1421\">\n            <td>Cor:<\/td><td>Mostra de Imagens<\/td>        <\/tr>\n            <tr data-row_id=\"1422\" class=\"ninja_table_row_13 nt_row_id_1422\">\n            <td>Temporada:<\/td><td>Inverno Outono<\/td>        <\/tr>\n    <\/tbody><!--ninja_tobody_rendering_done-->\n    <\/table>\n                    <style type=\"text\/css\" id='ninja_table_custom_css_4758'>\n                        #footable_4758  {\n    font-family: inherit;\n    font-size: 14px;\n    }\n\n    \n                <\/style>\n                \n    \n    \n<\/div>","protected":false},"excerpt":{"rendered":"<p>Vida colorida, um momento de amor, observe a apar\u00eancia e a personalidade, daremos um toque est\u00e9tico ao chap\u00e9u, para que a vida agitada adicione um toque de cor vibrante. Detalhes requintados, intimidade em todos os lugares, sutilezas, tudo para lhe proporcionar uma experi\u00eancia ainda melhor. &nbsp; &nbsp;<\/p>","protected":false},"featured_media":4766,"comment_status":"open","ping_status":"closed","template":"","meta":{"site-sidebar-layout":"default","site-content-layout":"default","ast-site-content-layout":"","site-content-style":"default","site-sidebar-style":"default","ast-global-header-display":"","ast-banner-title-visibility":"","ast-main-header-display":"","ast-hfb-above-header-display":"","ast-hfb-below-header-display":"","ast-hfb-mobile-header-display":"","site-post-title":"","ast-breadcrumbs-content":"","ast-featured-img":"","footer-sml-layout":"","theme-transparent-header-meta":"default","adv-header-id-meta":"","stick-header-meta":"","header-above-stick-meta":"","header-main-stick-meta":"","header-below-stick-meta":"","astra-migrate-meta-layouts":"default","ast-page-background-enabled":"default","ast-page-background-meta":{"desktop":{"background-color":"var(--ast-global-color-4)","background-image":"","background-repeat":"repeat","background-position":"center center","background-size":"auto","background-attachment":"scroll","background-type":"","background-media":"","overlay-type":"","overlay-color":"","overlay-opacity":"","overlay-gradient":""},"tablet":{"background-color":"","background-image":"","background-repeat":"repeat","background-position":"center center","background-size":"auto","background-attachment":"scroll","background-type":"","background-media":"","overlay-type":"","overlay-color":"","overlay-opacity":"","overlay-gradient":""},"mobile":{"background-color":"","background-image":"","background-repeat":"repeat","background-position":"center center","background-size":"auto","background-attachment":"scroll","background-type":"","background-media":"","overlay-type":"","overlay-color":"","overlay-opacity":"","overlay-gradient":""}},"ast-content-background-meta":{"desktop":{"background-color":"var(--ast-global-color-5)","background-image":"","background-repeat":"repeat","background-position":"center center","background-size":"auto","background-attachment":"scroll","background-type":"","background-media":"","overlay-type":"","overlay-color":"","overlay-opacity":"","overlay-gradient":""},"tablet":{"background-color":"var(--ast-global-color-5)","background-image":"","background-repeat":"repeat","background-position":"center center","background-size":"auto","background-attachment":"scroll","background-type":"","background-media":"","overlay-type":"","overlay-color":"","overlay-opacity":"","overlay-gradient":""},"mobile":{"background-color":"var(--ast-global-color-5)","background-image":"","background-repeat":"repeat","background-position":"center center","background-size":"auto","background-attachment":"scroll","background-type":"","background-media":"","overlay-type":"","overlay-color":"","overlay-opacity":"","overlay-gradient":""}},"jetpack_publicize_message":"","jetpack_is_tweetstorm":false,"jetpack_publicize_feature_enabled":true,"jetpack_social_post_already_shared":false,"jetpack_social_options":{"image_generator_settings":{"template":"highway","enabled":false}}},"product_brand":[],"product_cat":[34,53],"product_tag":[],"class_list":{"0":"post-4759","1":"product","2":"type-product","3":"status-publish","4":"has-post-thumbnail","6":"product_cat-cap","7":"product_cat-winter-hat","8":"desktop-align-left","9":"tablet-align-left","10":"mobile-align-left","12":"first","13":"instock","14":"sale","15":"shipping-taxable","16":"purchasable","17":"product-type-variable"},"jetpack_publicize_connections":[],"yoast_head":"<!-- This site is optimized with the Yoast SEO Premium plugin v20.7 (Yoast SEO v27.6) - https:\/\/yoast.com\/product\/yoast-seo-premium-wordpress\/ -->\n<title>Unisex Fashion Street Wear Beanie Winter Hats Rasta Beanies - landmark<\/title>\n<meta name=\"robots\" content=\"index, follow, max-snippet:-1, max-image-preview:large, max-video-preview:-1\" \/>\n<link rel=\"canonical\" href=\"https:\/\/synthetichairwig.com\/pt\/produto\/unisex-fashion-street-wear-beanie-winter-hats-custom-wool-hats-rasta-beanies\/\" \/>\n<meta property=\"og:locale\" content=\"pt_PT\" \/>\n<meta property=\"og:type\" content=\"article\" \/>\n<meta property=\"og:title\" content=\"Unisex Fashion Street Wear Beanie Winter Hats Rasta Beanies\" \/>\n<meta property=\"og:description\" content=\"Colorful life, a moment of love, look at the appearance level spell personality era, we will color aesthetics into the hat body, so that busy life add a touch of bright color. Exquisite details, intimate everywhere, subtleties, just to bring you a better experience. &nbsp; &nbsp;\" \/>\n<meta property=\"og:url\" content=\"https:\/\/synthetichairwig.com\/pt\/produto\/unisex-fashion-street-wear-beanie-winter-hats-custom-wool-hats-rasta-beanies\/\" \/>\n<meta property=\"og:site_name\" content=\"landmark\" \/>\n<meta property=\"article:modified_time\" content=\"2023-11-20T13:38:32+00:00\" \/>\n<meta property=\"og:image\" content=\"https:\/\/synthetichairwig.com\/wp-content\/uploads\/2023\/08\/009-1.jpg\" \/>\n\t<meta property=\"og:image:width\" content=\"800\" \/>\n\t<meta property=\"og:image:height\" content=\"800\" \/>\n\t<meta property=\"og:image:type\" content=\"image\/jpeg\" \/>\n<meta name=\"twitter:card\" content=\"summary_large_image\" \/>\n<meta name=\"twitter:label1\" content=\"Tempo estimado de leitura\" \/>\n\t<meta name=\"twitter:data1\" content=\"1 minuto\" \/>\n<script type=\"application\/ld+json\" class=\"yoast-schema-graph\">{\"@context\":\"https:\\\/\\\/schema.org\",\"@graph\":[{\"@type\":\"WebPage\",\"@id\":\"https:\\\/\\\/synthetichairwig.com\\\/product\\\/unisex-fashion-street-wear-beanie-winter-hats-custom-wool-hats-rasta-beanies\\\/\",\"url\":\"https:\\\/\\\/synthetichairwig.com\\\/product\\\/unisex-fashion-street-wear-beanie-winter-hats-custom-wool-hats-rasta-beanies\\\/\",\"name\":\"Unisex Fashion Street Wear Beanie Winter Hats Rasta Beanies - landmark\",\"isPartOf\":{\"@id\":\"https:\\\/\\\/synthetichairwig.com\\\/#website\"},\"primaryImageOfPage\":{\"@id\":\"https:\\\/\\\/synthetichairwig.com\\\/product\\\/unisex-fashion-street-wear-beanie-winter-hats-custom-wool-hats-rasta-beanies\\\/#primaryimage\"},\"image\":{\"@id\":\"https:\\\/\\\/synthetichairwig.com\\\/product\\\/unisex-fashion-street-wear-beanie-winter-hats-custom-wool-hats-rasta-beanies\\\/#primaryimage\"},\"thumbnailUrl\":\"https:\\\/\\\/synthetichairwig.com\\\/wp-content\\\/uploads\\\/2023\\\/08\\\/009-1.jpg\",\"datePublished\":\"2023-08-02T12:41:44+00:00\",\"dateModified\":\"2023-11-20T13:38:32+00:00\",\"breadcrumb\":{\"@id\":\"https:\\\/\\\/synthetichairwig.com\\\/product\\\/unisex-fashion-street-wear-beanie-winter-hats-custom-wool-hats-rasta-beanies\\\/#breadcrumb\"},\"inLanguage\":\"pt-PT\",\"potentialAction\":[{\"@type\":\"ReadAction\",\"target\":[\"https:\\\/\\\/synthetichairwig.com\\\/product\\\/unisex-fashion-street-wear-beanie-winter-hats-custom-wool-hats-rasta-beanies\\\/\"]}]},{\"@type\":\"ImageObject\",\"inLanguage\":\"pt-PT\",\"@id\":\"https:\\\/\\\/synthetichairwig.com\\\/product\\\/unisex-fashion-street-wear-beanie-winter-hats-custom-wool-hats-rasta-beanies\\\/#primaryimage\",\"url\":\"https:\\\/\\\/synthetichairwig.com\\\/wp-content\\\/uploads\\\/2023\\\/08\\\/009-1.jpg\",\"contentUrl\":\"https:\\\/\\\/synthetichairwig.com\\\/wp-content\\\/uploads\\\/2023\\\/08\\\/009-1.jpg\",\"width\":800,\"height\":800},{\"@type\":\"BreadcrumbList\",\"@id\":\"https:\\\/\\\/synthetichairwig.com\\\/product\\\/unisex-fashion-street-wear-beanie-winter-hats-custom-wool-hats-rasta-beanies\\\/#breadcrumb\",\"itemListElement\":[{\"@type\":\"ListItem\",\"position\":1,\"name\":\"Home\",\"item\":\"https:\\\/\\\/synthetichairwig.com\\\/\"},{\"@type\":\"ListItem\",\"position\":2,\"name\":\"LandMark Hair Shop\",\"item\":\"https:\\\/\\\/synthetichairwig.com\\\/landmark-hair-shop\\\/\"},{\"@type\":\"ListItem\",\"position\":3,\"name\":\"Unisex Fashion Street Wear Beanie Winter Hats Rasta Beanies\"}]},{\"@type\":\"WebSite\",\"@id\":\"https:\\\/\\\/synthetichairwig.com\\\/#website\",\"url\":\"https:\\\/\\\/synthetichairwig.com\\\/\",\"name\":\"landmark\",\"description\":\"My WordPress Blog\",\"publisher\":{\"@id\":\"https:\\\/\\\/synthetichairwig.com\\\/#organization\"},\"potentialAction\":[{\"@type\":\"SearchAction\",\"target\":{\"@type\":\"EntryPoint\",\"urlTemplate\":\"https:\\\/\\\/synthetichairwig.com\\\/?s={search_term_string}\"},\"query-input\":{\"@type\":\"PropertyValueSpecification\",\"valueRequired\":true,\"valueName\":\"search_term_string\"}}],\"inLanguage\":\"pt-PT\"},{\"@type\":\"Organization\",\"@id\":\"https:\\\/\\\/synthetichairwig.com\\\/#organization\",\"name\":\"landmark\",\"url\":\"https:\\\/\\\/synthetichairwig.com\\\/\",\"logo\":{\"@type\":\"ImageObject\",\"inLanguage\":\"pt-PT\",\"@id\":\"https:\\\/\\\/synthetichairwig.com\\\/#\\\/schema\\\/logo\\\/image\\\/\",\"url\":\"https:\\\/\\\/synthetichairwig.com\\\/wp-content\\\/uploads\\\/2023\\\/06\\\/cropped-logo3.png\",\"contentUrl\":\"https:\\\/\\\/synthetichairwig.com\\\/wp-content\\\/uploads\\\/2023\\\/06\\\/cropped-logo3.png\",\"width\":1704,\"height\":768,\"caption\":\"landmark\"},\"image\":{\"@id\":\"https:\\\/\\\/synthetichairwig.com\\\/#\\\/schema\\\/logo\\\/image\\\/\"}}]}<\/script>\n<!-- \/ Yoast SEO Premium plugin. -->","yoast_head_json":{"title":"Unisex Fashion Street Wear Beanie Winter Hats Rasta Beanies - landmark","robots":{"index":"index","follow":"follow","max-snippet":"max-snippet:-1","max-image-preview":"max-image-preview:large","max-video-preview":"max-video-preview:-1"},"canonical":"https:\/\/synthetichairwig.com\/pt\/produto\/unisex-fashion-street-wear-beanie-winter-hats-custom-wool-hats-rasta-beanies\/","og_locale":"pt_PT","og_type":"article","og_title":"Unisex Fashion Street Wear Beanie Winter Hats Rasta Beanies","og_description":"Colorful life, a moment of love, look at the appearance level spell personality era, we will color aesthetics into the hat body, so that busy life add a touch of bright color. Exquisite details, intimate everywhere, subtleties, just to bring you a better experience. &nbsp; &nbsp;","og_url":"https:\/\/synthetichairwig.com\/pt\/produto\/unisex-fashion-street-wear-beanie-winter-hats-custom-wool-hats-rasta-beanies\/","og_site_name":"landmark","article_modified_time":"2023-11-20T13:38:32+00:00","og_image":[{"width":800,"height":800,"url":"https:\/\/synthetichairwig.com\/wp-content\/uploads\/2023\/08\/009-1.jpg","type":"image\/jpeg"}],"twitter_card":"summary_large_image","twitter_misc":{"Tempo estimado de leitura":"1 minuto"},"schema":{"@context":"https:\/\/schema.org","@graph":[{"@type":"WebPage","@id":"https:\/\/synthetichairwig.com\/product\/unisex-fashion-street-wear-beanie-winter-hats-custom-wool-hats-rasta-beanies\/","url":"https:\/\/synthetichairwig.com\/product\/unisex-fashion-street-wear-beanie-winter-hats-custom-wool-hats-rasta-beanies\/","name":"Unisex Fashion Street Wear Beanie Winter Hats Rasta Beanies - landmark","isPartOf":{"@id":"https:\/\/synthetichairwig.com\/#website"},"primaryImageOfPage":{"@id":"https:\/\/synthetichairwig.com\/product\/unisex-fashion-street-wear-beanie-winter-hats-custom-wool-hats-rasta-beanies\/#primaryimage"},"image":{"@id":"https:\/\/synthetichairwig.com\/product\/unisex-fashion-street-wear-beanie-winter-hats-custom-wool-hats-rasta-beanies\/#primaryimage"},"thumbnailUrl":"https:\/\/synthetichairwig.com\/wp-content\/uploads\/2023\/08\/009-1.jpg","datePublished":"2023-08-02T12:41:44+00:00","dateModified":"2023-11-20T13:38:32+00:00","breadcrumb":{"@id":"https:\/\/synthetichairwig.com\/product\/unisex-fashion-street-wear-beanie-winter-hats-custom-wool-hats-rasta-beanies\/#breadcrumb"},"inLanguage":"pt-PT","potentialAction":[{"@type":"ReadAction","target":["https:\/\/synthetichairwig.com\/product\/unisex-fashion-street-wear-beanie-winter-hats-custom-wool-hats-rasta-beanies\/"]}]},{"@type":"ImageObject","inLanguage":"pt-PT","@id":"https:\/\/synthetichairwig.com\/product\/unisex-fashion-street-wear-beanie-winter-hats-custom-wool-hats-rasta-beanies\/#primaryimage","url":"https:\/\/synthetichairwig.com\/wp-content\/uploads\/2023\/08\/009-1.jpg","contentUrl":"https:\/\/synthetichairwig.com\/wp-content\/uploads\/2023\/08\/009-1.jpg","width":800,"height":800},{"@type":"BreadcrumbList","@id":"https:\/\/synthetichairwig.com\/product\/unisex-fashion-street-wear-beanie-winter-hats-custom-wool-hats-rasta-beanies\/#breadcrumb","itemListElement":[{"@type":"ListItem","position":1,"name":"Home","item":"https:\/\/synthetichairwig.com\/"},{"@type":"ListItem","position":2,"name":"LandMark Hair Shop","item":"https:\/\/synthetichairwig.com\/landmark-hair-shop\/"},{"@type":"ListItem","position":3,"name":"Unisex Fashion Street Wear Beanie Winter Hats Rasta Beanies"}]},{"@type":"WebSite","@id":"https:\/\/synthetichairwig.com\/#website","url":"https:\/\/synthetichairwig.com\/","name":"landmark","description":"My WordPress Blog","publisher":{"@id":"https:\/\/synthetichairwig.com\/#organization"},"potentialAction":[{"@type":"SearchAction","target":{"@type":"EntryPoint","urlTemplate":"https:\/\/synthetichairwig.com\/?s={search_term_string}"},"query-input":{"@type":"PropertyValueSpecification","valueRequired":true,"valueName":"search_term_string"}}],"inLanguage":"pt-PT"},{"@type":"Organization","@id":"https:\/\/synthetichairwig.com\/#organization","name":"landmark","url":"https:\/\/synthetichairwig.com\/","logo":{"@type":"ImageObject","inLanguage":"pt-PT","@id":"https:\/\/synthetichairwig.com\/#\/schema\/logo\/image\/","url":"https:\/\/synthetichairwig.com\/wp-content\/uploads\/2023\/06\/cropped-logo3.png","contentUrl":"https:\/\/synthetichairwig.com\/wp-content\/uploads\/2023\/06\/cropped-logo3.png","width":1704,"height":768,"caption":"landmark"},"image":{"@id":"https:\/\/synthetichairwig.com\/#\/schema\/logo\/image\/"}}]}},"_links":{"self":[{"href":"https:\/\/synthetichairwig.com\/pt\/wp-json\/wp\/v2\/product\/4759","targetHints":{"allow":["GET"]}}],"collection":[{"href":"https:\/\/synthetichairwig.com\/pt\/wp-json\/wp\/v2\/product"}],"about":[{"href":"https:\/\/synthetichairwig.com\/pt\/wp-json\/wp\/v2\/types\/product"}],"replies":[{"embeddable":true,"href":"https:\/\/synthetichairwig.com\/pt\/wp-json\/wp\/v2\/comments?post=4759"}],"wp:featuredmedia":[{"embeddable":true,"href":"https:\/\/synthetichairwig.com\/pt\/wp-json\/wp\/v2\/media\/4766"}],"wp:attachment":[{"href":"https:\/\/synthetichairwig.com\/pt\/wp-json\/wp\/v2\/media?parent=4759"}],"wp:term":[{"taxonomy":"product_brand","embeddable":true,"href":"https:\/\/synthetichairwig.com\/pt\/wp-json\/wp\/v2\/product_brand?post=4759"},{"taxonomy":"product_cat","embeddable":true,"href":"https:\/\/synthetichairwig.com\/pt\/wp-json\/wp\/v2\/product_cat?post=4759"},{"taxonomy":"product_tag","embeddable":true,"href":"https:\/\/synthetichairwig.com\/pt\/wp-json\/wp\/v2\/product_tag?post=4759"}],"curies":[{"name":"wp","href":"https:\/\/api.w.org\/{rel}","templated":true}]}}