{"id":5029,"date":"2023-09-09T12:35:51","date_gmt":"2023-09-09T12:35:51","guid":{"rendered":"https:\/\/synthetichairwig.com\/?post_type=product&#038;p=5029"},"modified":"2024-10-08T15:41:00","modified_gmt":"2024-10-08T15:41:00","slug":"platinum-blonde-wigs-for-women-gray-pixie-cut-wig-for-white-women-pixie-layered-synthetic-highlight-gray-hair-wig-with-bangs","status":"publish","type":"product","link":"https:\/\/synthetichairwig.com\/pt\/product\/platinum-blonde-wigs-for-women-gray-pixie-cut-wig-for-white-women-pixie-layered-synthetic-highlight-gray-hair-wig-with-bangs\/","title":{"rendered":"Perucas loiras platinadas para mulheres peruca cinza com corte Pixie"},"content":{"rendered":"<p>O pacote inclui: peruca x 1 rede de cabelo separada x 1<\/p>\n<p>&nbsp;<\/p>\n<p>\u2b50\u2b50 Material: A peruca \u00e9 feita de excelente cabelo sint\u00e9tico com textura macia, agrad\u00e1vel \u00e0 pele e confort\u00e1vel. Use cabelo real com apar\u00eancia natural.<\/p>\n<p>&nbsp;<\/p>\n<p>\u2b50Caracter\u00edsticas: peruca de fibra de alta temperatura, pode ser passada a ferro, n\u00e3o tingida. Pode suportar temperaturas de 150 graus Celsius (300 graus Fahrenheit)<\/p>\n<p>&nbsp;<\/p>\n<p>A intranet faz voc\u00ea se sentir confort\u00e1vel e respir\u00e1vel ao usar. Existem dois cintos de ajuste em ambos os lados da peruca, que podem ser ajustados para se adequar ao tamanho da sua cabe\u00e7a<\/p>\n<div style=\"width: 1280px;\" class=\"wp-video\"><video class=\"wp-video-shortcode\" id=\"video-5029-1\" width=\"1280\" height=\"720\" preload=\"metadata\" controls=\"controls\"><source type=\"video\/mp4\" src=\"https:\/\/synthetichairwig.com\/wp-content\/uploads\/2023\/09\/\u89c6\u9891009.mp4?_=1\" \/><a href=\"https:\/\/synthetichairwig.com\/wp-content\/uploads\/2023\/09\/\u89c6\u9891009.mp4\">https:\/\/synthetichairwig.com\/wp-content\/uploads\/2023\/09\/\u89c6\u9891009.mp4<\/a><\/video><\/div>\n<p>MW1052-3<\/p>\n<p><img fetchpriority=\"high\" decoding=\"async\" class=\"alignnone size-full wp-image-5039\" src=\"https:\/\/synthetichairwig.com\/wp-content\/uploads\/2023\/09\/\u5927\u56fe.jpg\" alt=\"\" width=\"1156\" height=\"980\" srcset=\"https:\/\/synthetichairwig.com\/wp-content\/uploads\/2023\/09\/\u5927\u56fe.jpg 1156w, https:\/\/synthetichairwig.com\/wp-content\/uploads\/2023\/09\/\u5927\u56fe-300x254.jpg 300w, https:\/\/synthetichairwig.com\/wp-content\/uploads\/2023\/09\/\u5927\u56fe-1024x868.jpg 1024w, https:\/\/synthetichairwig.com\/wp-content\/uploads\/2023\/09\/\u5927\u56fe-768x651.jpg 768w, https:\/\/synthetichairwig.com\/wp-content\/uploads\/2023\/09\/\u5927\u56fe-600x509.jpg 600w\" sizes=\"(max-width: 1156px) 100vw, 1156px\" \/><\/p>\n<p>MW1058-1<\/p>\n<p><img decoding=\"async\" class=\"alignnone size-full wp-image-5034\" src=\"https:\/\/synthetichairwig.com\/wp-content\/uploads\/2023\/09\/MW1058-1.jpg\" alt=\"\" width=\"1175\" height=\"991\" srcset=\"https:\/\/synthetichairwig.com\/wp-content\/uploads\/2023\/09\/MW1058-1.jpg 1175w, https:\/\/synthetichairwig.com\/wp-content\/uploads\/2023\/09\/MW1058-1-300x253.jpg 300w, https:\/\/synthetichairwig.com\/wp-content\/uploads\/2023\/09\/MW1058-1-1024x864.jpg 1024w, https:\/\/synthetichairwig.com\/wp-content\/uploads\/2023\/09\/MW1058-1-768x648.jpg 768w, https:\/\/synthetichairwig.com\/wp-content\/uploads\/2023\/09\/MW1058-1-600x506.jpg 600w\" sizes=\"(max-width: 1175px) 100vw, 1175px\" \/><\/p>\n<p>MW1059-1<\/p>\n<p><img decoding=\"async\" class=\"alignnone size-full wp-image-5035\" src=\"https:\/\/synthetichairwig.com\/wp-content\/uploads\/2023\/09\/MW1059-1.jpg\" alt=\"\" width=\"1164\" height=\"991\" srcset=\"https:\/\/synthetichairwig.com\/wp-content\/uploads\/2023\/09\/MW1059-1.jpg 1164w, https:\/\/synthetichairwig.com\/wp-content\/uploads\/2023\/09\/MW1059-1-300x255.jpg 300w, https:\/\/synthetichairwig.com\/wp-content\/uploads\/2023\/09\/MW1059-1-1024x872.jpg 1024w, https:\/\/synthetichairwig.com\/wp-content\/uploads\/2023\/09\/MW1059-1-768x654.jpg 768w, https:\/\/synthetichairwig.com\/wp-content\/uploads\/2023\/09\/MW1059-1-600x511.jpg 600w\" sizes=\"(max-width: 1164px) 100vw, 1164px\" \/><\/p>\n<p>MW1059-2<\/p>\n<p><img loading=\"lazy\" decoding=\"async\" class=\"alignnone size-full wp-image-5036\" src=\"https:\/\/synthetichairwig.com\/wp-content\/uploads\/2023\/09\/MW1059-2.jpg\" alt=\"\" width=\"1175\" height=\"995\" srcset=\"https:\/\/synthetichairwig.com\/wp-content\/uploads\/2023\/09\/MW1059-2.jpg 1175w, https:\/\/synthetichairwig.com\/wp-content\/uploads\/2023\/09\/MW1059-2-300x254.jpg 300w, https:\/\/synthetichairwig.com\/wp-content\/uploads\/2023\/09\/MW1059-2-1024x867.jpg 1024w, https:\/\/synthetichairwig.com\/wp-content\/uploads\/2023\/09\/MW1059-2-768x650.jpg 768w, https:\/\/synthetichairwig.com\/wp-content\/uploads\/2023\/09\/MW1059-2-600x508.jpg 600w\" sizes=\"(max-width: 1175px) 100vw, 1175px\" \/><\/p>\n<p>MW1061-1<\/p>\n<p><img loading=\"lazy\" decoding=\"async\" class=\"alignnone size-full wp-image-5037\" src=\"https:\/\/synthetichairwig.com\/wp-content\/uploads\/2023\/09\/MW1061-1.jpg\" alt=\"\" width=\"1156\" height=\"991\" srcset=\"https:\/\/synthetichairwig.com\/wp-content\/uploads\/2023\/09\/MW1061-1.jpg 1156w, https:\/\/synthetichairwig.com\/wp-content\/uploads\/2023\/09\/MW1061-1-300x257.jpg 300w, https:\/\/synthetichairwig.com\/wp-content\/uploads\/2023\/09\/MW1061-1-1024x878.jpg 1024w, https:\/\/synthetichairwig.com\/wp-content\/uploads\/2023\/09\/MW1061-1-768x658.jpg 768w, https:\/\/synthetichairwig.com\/wp-content\/uploads\/2023\/09\/MW1061-1-600x514.jpg 600w\" sizes=\"(max-width: 1156px) 100vw, 1156px\" \/><\/p>\n<p>MW1063-1<\/p>\n<p><img loading=\"lazy\" decoding=\"async\" class=\"alignnone size-full wp-image-5032\" src=\"https:\/\/synthetichairwig.com\/wp-content\/uploads\/2023\/09\/MW1063-1.jpg\" alt=\"\" width=\"1169\" height=\"989\" srcset=\"https:\/\/synthetichairwig.com\/wp-content\/uploads\/2023\/09\/MW1063-1.jpg 1169w, https:\/\/synthetichairwig.com\/wp-content\/uploads\/2023\/09\/MW1063-1-300x254.jpg 300w, https:\/\/synthetichairwig.com\/wp-content\/uploads\/2023\/09\/MW1063-1-1024x866.jpg 1024w, https:\/\/synthetichairwig.com\/wp-content\/uploads\/2023\/09\/MW1063-1-768x650.jpg 768w, https:\/\/synthetichairwig.com\/wp-content\/uploads\/2023\/09\/MW1063-1-600x508.jpg 600w\" sizes=\"(max-width: 1169px) 100vw, 1169px\" \/><\/p>\n<p>MW1052-2<\/p>\n<p><img loading=\"lazy\" decoding=\"async\" class=\"alignnone size-full wp-image-5033\" src=\"https:\/\/synthetichairwig.com\/wp-content\/uploads\/2023\/09\/MW1052-2.jpg\" alt=\"\" width=\"1173\" height=\"984\" srcset=\"https:\/\/synthetichairwig.com\/wp-content\/uploads\/2023\/09\/MW1052-2.jpg 1173w, https:\/\/synthetichairwig.com\/wp-content\/uploads\/2023\/09\/MW1052-2-300x252.jpg 300w, https:\/\/synthetichairwig.com\/wp-content\/uploads\/2023\/09\/MW1052-2-1024x859.jpg 1024w, https:\/\/synthetichairwig.com\/wp-content\/uploads\/2023\/09\/MW1052-2-768x644.jpg 768w, https:\/\/synthetichairwig.com\/wp-content\/uploads\/2023\/09\/MW1052-2-600x503.jpg 600w\" sizes=\"(max-width: 1173px) 100vw, 1173px\" \/><\/p>\n<div id=\"footable_parent_5028\"\n         class=\"footable_parent ninja_table_wrapper loading_ninja_table wp_table_data_press_parent semantic_ui\">\n                <table data-ninja_table_instance=\"ninja_table_instance_0\" data-footable_id=\"5028\" data-filter-delay=\"1000\" aria-label=\"\u5408\u6210\u5047\u53d1.csv\"            id=\"footable_5028\"\n           data-unique_identifier=\"ninja_table_unique_id_1111818535_5028\"\n           class=\"foo-table ninja_footable foo_table_5028 ninja_table_unique_id_1111818535_5028 ui table  nt_type_legacy_table selectable striped vertical_centered  footable-paging-right ninja_table_pro\">\n                <colgroup>\n                            <col class=\"ninja_column_0\">\n                            <col class=\"ninja_column_1\">\n                    <\/colgroup>\n        <thead>\n<tr class=\"footable-header\">\n                                        <th scope=\"col\"  class=\"ninja_column_0 ninja_clmn_nm_placeoforigin\">Lugar de origem<\/th><th scope=\"col\"  class=\"ninja_column_1 ninja_clmn_nm_china\"> China<\/th><\/tr>\n<\/thead>\n<tbody>\n\n        <tr data-row_id=\"1515\" class=\"ninja_table_row_0 nt_row_id_1515\">\n            <td>material de cabelo sint\u00e9tico<\/td><td>Fibra de alta temperatura<\/td>        <\/tr>\n            <tr data-row_id=\"1516\" class=\"ninja_table_row_1 nt_row_id_1516\">\n            <td>Marca<\/td><td>marco<\/td>        <\/tr>\n            <tr data-row_id=\"1517\" class=\"ninja_table_row_2 nt_row_id_1517\">\n            <td>N\u00famero do modelo<\/td><td>MW1052-3<\/td>        <\/tr>\n            <tr data-row_id=\"1518\" class=\"ninja_table_row_3 nt_row_id_1518\">\n            <td>Peso<\/td><td>104 g<\/td>        <\/tr>\n            <tr data-row_id=\"1519\" class=\"ninja_table_row_4 nt_row_id_1519\">\n            <td>Estilo<\/td><td>Ondas soltas, corte pixie<\/td>        <\/tr>\n            <tr data-row_id=\"1520\" class=\"ninja_table_row_5 nt_row_id_1520\">\n            <td>T\u00e9cnica<\/td><td>Peruca feita \u00e0 m\u00e1quina<\/td>        <\/tr>\n            <tr data-row_id=\"1521\" class=\"ninja_table_row_6 nt_row_id_1521\">\n            <td>Comprimento<\/td><td>10 polegadas<\/td>        <\/tr>\n            <tr data-row_id=\"1522\" class=\"ninja_table_row_7 nt_row_id_1522\">\n            <td>Densidade<\/td><td>150%<\/td>        <\/tr>\n            <tr data-row_id=\"1523\" class=\"ninja_table_row_8 nt_row_id_1523\">\n            <td>Comprimento das perucas<\/td><td>Longo<\/td>        <\/tr>\n            <tr data-row_id=\"1524\" class=\"ninja_table_row_9 nt_row_id_1524\">\n            <td>Tamanho da tampa<\/td><td>Tamanho m\u00e9dio<\/td>        <\/tr>\n            <tr data-row_id=\"1525\" class=\"ninja_table_row_10 nt_row_id_1525\">\n            <td>Cores de morte adequadas<\/td><td>Nenhum<\/td>        <\/tr>\n            <tr data-row_id=\"1526\" class=\"ninja_table_row_11 nt_row_id_1526\">\n            <td>Recurso<\/td><td>Uso di\u00e1rio<\/td>        <\/tr>\n            <tr data-row_id=\"1527\" class=\"ninja_table_row_12 nt_row_id_1527\">\n            <td>Comprimento das perucas<\/td><td>curto<\/td>        <\/tr>\n    <\/tbody><!--ninja_tobody_rendering_done-->\n    <\/table>\n                    <style type=\"text\/css\" id='ninja_table_custom_css_5028'>\n                        #footable_5028  {\n    font-family: inherit;\n    font-size: 14px;\n    }\n\n    \n                <\/style>\n                \n    \n    \n<\/div>","protected":false},"excerpt":{"rendered":"<p>Package includes: wig x 1 + separate hairnet x 1 &nbsp; \u2b50\u2b50 Material: Wig is made of excellent synthetic hair with soft texture, skin friendly and comfortable. Wear natural looking real hair. &nbsp; \u2b50 Features: high temperature fiber wig, can be ironed, not dyed. It can withstand temperatures of 150 degrees Celsius (300 degrees Fahrenheit) [&hellip;]<\/p>","protected":false},"featured_media":5185,"comment_status":"open","ping_status":"closed","template":"","meta":{"site-sidebar-layout":"default","site-content-layout":"default","ast-site-content-layout":"","site-content-style":"default","site-sidebar-style":"default","ast-global-header-display":"","ast-banner-title-visibility":"","ast-main-header-display":"","ast-hfb-above-header-display":"","ast-hfb-below-header-display":"","ast-hfb-mobile-header-display":"","site-post-title":"","ast-breadcrumbs-content":"","ast-featured-img":"","footer-sml-layout":"","theme-transparent-header-meta":"default","adv-header-id-meta":"","stick-header-meta":"","header-above-stick-meta":"","header-main-stick-meta":"","header-below-stick-meta":"","astra-migrate-meta-layouts":"default","ast-page-background-enabled":"default","ast-page-background-meta":{"desktop":{"background-color":"var(--ast-global-color-4)","background-image":"","background-repeat":"repeat","background-position":"center center","background-size":"auto","background-attachment":"scroll","background-type":"","background-media":"","overlay-type":"","overlay-color":"","overlay-opacity":"","overlay-gradient":""},"tablet":{"background-color":"","background-image":"","background-repeat":"repeat","background-position":"center center","background-size":"auto","background-attachment":"scroll","background-type":"","background-media":"","overlay-type":"","overlay-color":"","overlay-opacity":"","overlay-gradient":""},"mobile":{"background-color":"","background-image":"","background-repeat":"repeat","background-position":"center center","background-size":"auto","background-attachment":"scroll","background-type":"","background-media":"","overlay-type":"","overlay-color":"","overlay-opacity":"","overlay-gradient":""}},"ast-content-background-meta":{"desktop":{"background-color":"var(--ast-global-color-5)","background-image":"","background-repeat":"repeat","background-position":"center center","background-size":"auto","background-attachment":"scroll","background-type":"","background-media":"","overlay-type":"","overlay-color":"","overlay-opacity":"","overlay-gradient":""},"tablet":{"background-color":"var(--ast-global-color-5)","background-image":"","background-repeat":"repeat","background-position":"center center","background-size":"auto","background-attachment":"scroll","background-type":"","background-media":"","overlay-type":"","overlay-color":"","overlay-opacity":"","overlay-gradient":""},"mobile":{"background-color":"var(--ast-global-color-5)","background-image":"","background-repeat":"repeat","background-position":"center center","background-size":"auto","background-attachment":"scroll","background-type":"","background-media":"","overlay-type":"","overlay-color":"","overlay-opacity":"","overlay-gradient":""}},"jetpack_publicize_message":"","jetpack_is_tweetstorm":false,"jetpack_publicize_feature_enabled":true,"jetpack_social_post_already_shared":false,"jetpack_social_options":{"image_generator_settings":{"template":"highway","enabled":false}}},"product_brand":[],"product_cat":[77,35,32],"product_tag":[],"class_list":{"0":"post-5029","1":"product","2":"type-product","3":"status-publish","4":"has-post-thumbnail","6":"product_cat-flash-sale","7":"product_cat-short-synthetic-wigs","8":"product_cat-synthetic-wigs","9":"desktop-align-left","10":"tablet-align-left","11":"mobile-align-left","13":"first","14":"instock","15":"sale","16":"shipping-taxable","17":"purchasable","18":"product-type-variable"},"jetpack_publicize_connections":[],"yoast_head":"<!-- This site is optimized with the Yoast SEO Premium plugin v20.7 (Yoast SEO v27.6) - https:\/\/yoast.com\/product\/yoast-seo-premium-wordpress\/ -->\n<title>Platinum Blonde Wigs for Women Gray Pixie Cut Wig - landmark<\/title>\n<meta name=\"robots\" content=\"index, follow, max-snippet:-1, max-image-preview:large, max-video-preview:-1\" \/>\n<link rel=\"canonical\" href=\"https:\/\/synthetichairwig.com\/pt\/produto\/platinum-blonde-wigs-for-women-gray-pixie-cut-wig-for-white-women-pixie-layered-synthetic-highlight-gray-hair-wig-with-bangs\/\" \/>\n<meta property=\"og:locale\" content=\"pt_PT\" \/>\n<meta property=\"og:type\" content=\"article\" \/>\n<meta property=\"og:title\" content=\"Platinum Blonde Wigs for Women Gray Pixie Cut Wig\" \/>\n<meta property=\"og:description\" content=\"Package includes: wig x 1 + separate hairnet x 1 &nbsp; \u2b50\u2b50 Material: Wig is made of excellent synthetic hair with soft texture, skin friendly and comfortable. Wear natural looking real hair. &nbsp; \u2b50 Features: high temperature fiber wig, can be ironed, not dyed. It can withstand temperatures of 150 degrees Celsius (300 degrees Fahrenheit) [&hellip;]\" \/>\n<meta property=\"og:url\" content=\"https:\/\/synthetichairwig.com\/pt\/produto\/platinum-blonde-wigs-for-women-gray-pixie-cut-wig-for-white-women-pixie-layered-synthetic-highlight-gray-hair-wig-with-bangs\/\" \/>\n<meta property=\"og:site_name\" content=\"landmark\" \/>\n<meta property=\"article:modified_time\" content=\"2024-10-08T15:41:00+00:00\" \/>\n<meta property=\"og:image\" content=\"https:\/\/synthetichairwig.com\/wp-content\/uploads\/2023\/09\/MW1052-3.jpg\" \/>\n\t<meta property=\"og:image:width\" content=\"600\" \/>\n\t<meta property=\"og:image:height\" content=\"600\" \/>\n\t<meta property=\"og:image:type\" content=\"image\/jpeg\" \/>\n<meta name=\"twitter:card\" content=\"summary_large_image\" \/>\n<meta name=\"twitter:label1\" content=\"Tempo estimado de leitura\" \/>\n\t<meta name=\"twitter:data1\" content=\"2 minutos\" \/>\n<script type=\"application\/ld+json\" class=\"yoast-schema-graph\">{\"@context\":\"https:\\\/\\\/schema.org\",\"@graph\":[{\"@type\":\"WebPage\",\"@id\":\"https:\\\/\\\/synthetichairwig.com\\\/product\\\/platinum-blonde-wigs-for-women-gray-pixie-cut-wig-for-white-women-pixie-layered-synthetic-highlight-gray-hair-wig-with-bangs\\\/\",\"url\":\"https:\\\/\\\/synthetichairwig.com\\\/product\\\/platinum-blonde-wigs-for-women-gray-pixie-cut-wig-for-white-women-pixie-layered-synthetic-highlight-gray-hair-wig-with-bangs\\\/\",\"name\":\"Platinum Blonde Wigs for Women Gray Pixie Cut Wig - landmark\",\"isPartOf\":{\"@id\":\"https:\\\/\\\/synthetichairwig.com\\\/#website\"},\"primaryImageOfPage\":{\"@id\":\"https:\\\/\\\/synthetichairwig.com\\\/product\\\/platinum-blonde-wigs-for-women-gray-pixie-cut-wig-for-white-women-pixie-layered-synthetic-highlight-gray-hair-wig-with-bangs\\\/#primaryimage\"},\"image\":{\"@id\":\"https:\\\/\\\/synthetichairwig.com\\\/product\\\/platinum-blonde-wigs-for-women-gray-pixie-cut-wig-for-white-women-pixie-layered-synthetic-highlight-gray-hair-wig-with-bangs\\\/#primaryimage\"},\"thumbnailUrl\":\"https:\\\/\\\/synthetichairwig.com\\\/wp-content\\\/uploads\\\/2023\\\/09\\\/MW1052-3.jpg\",\"datePublished\":\"2023-09-09T12:35:51+00:00\",\"dateModified\":\"2024-10-08T15:41:00+00:00\",\"breadcrumb\":{\"@id\":\"https:\\\/\\\/synthetichairwig.com\\\/product\\\/platinum-blonde-wigs-for-women-gray-pixie-cut-wig-for-white-women-pixie-layered-synthetic-highlight-gray-hair-wig-with-bangs\\\/#breadcrumb\"},\"inLanguage\":\"pt-PT\",\"potentialAction\":[{\"@type\":\"ReadAction\",\"target\":[\"https:\\\/\\\/synthetichairwig.com\\\/product\\\/platinum-blonde-wigs-for-women-gray-pixie-cut-wig-for-white-women-pixie-layered-synthetic-highlight-gray-hair-wig-with-bangs\\\/\"]}]},{\"@type\":\"ImageObject\",\"inLanguage\":\"pt-PT\",\"@id\":\"https:\\\/\\\/synthetichairwig.com\\\/product\\\/platinum-blonde-wigs-for-women-gray-pixie-cut-wig-for-white-women-pixie-layered-synthetic-highlight-gray-hair-wig-with-bangs\\\/#primaryimage\",\"url\":\"https:\\\/\\\/synthetichairwig.com\\\/wp-content\\\/uploads\\\/2023\\\/09\\\/MW1052-3.jpg\",\"contentUrl\":\"https:\\\/\\\/synthetichairwig.com\\\/wp-content\\\/uploads\\\/2023\\\/09\\\/MW1052-3.jpg\",\"width\":600,\"height\":600},{\"@type\":\"BreadcrumbList\",\"@id\":\"https:\\\/\\\/synthetichairwig.com\\\/product\\\/platinum-blonde-wigs-for-women-gray-pixie-cut-wig-for-white-women-pixie-layered-synthetic-highlight-gray-hair-wig-with-bangs\\\/#breadcrumb\",\"itemListElement\":[{\"@type\":\"ListItem\",\"position\":1,\"name\":\"Home\",\"item\":\"https:\\\/\\\/synthetichairwig.com\\\/\"},{\"@type\":\"ListItem\",\"position\":2,\"name\":\"LandMark Hair Shop\",\"item\":\"https:\\\/\\\/synthetichairwig.com\\\/landmark-hair-shop\\\/\"},{\"@type\":\"ListItem\",\"position\":3,\"name\":\"Platinum Blonde Wigs for Women Gray Pixie Cut Wig\"}]},{\"@type\":\"WebSite\",\"@id\":\"https:\\\/\\\/synthetichairwig.com\\\/#website\",\"url\":\"https:\\\/\\\/synthetichairwig.com\\\/\",\"name\":\"landmark\",\"description\":\"My WordPress Blog\",\"publisher\":{\"@id\":\"https:\\\/\\\/synthetichairwig.com\\\/#organization\"},\"potentialAction\":[{\"@type\":\"SearchAction\",\"target\":{\"@type\":\"EntryPoint\",\"urlTemplate\":\"https:\\\/\\\/synthetichairwig.com\\\/?s={search_term_string}\"},\"query-input\":{\"@type\":\"PropertyValueSpecification\",\"valueRequired\":true,\"valueName\":\"search_term_string\"}}],\"inLanguage\":\"pt-PT\"},{\"@type\":\"Organization\",\"@id\":\"https:\\\/\\\/synthetichairwig.com\\\/#organization\",\"name\":\"landmark\",\"url\":\"https:\\\/\\\/synthetichairwig.com\\\/\",\"logo\":{\"@type\":\"ImageObject\",\"inLanguage\":\"pt-PT\",\"@id\":\"https:\\\/\\\/synthetichairwig.com\\\/#\\\/schema\\\/logo\\\/image\\\/\",\"url\":\"https:\\\/\\\/synthetichairwig.com\\\/wp-content\\\/uploads\\\/2023\\\/06\\\/cropped-logo3.png\",\"contentUrl\":\"https:\\\/\\\/synthetichairwig.com\\\/wp-content\\\/uploads\\\/2023\\\/06\\\/cropped-logo3.png\",\"width\":1704,\"height\":768,\"caption\":\"landmark\"},\"image\":{\"@id\":\"https:\\\/\\\/synthetichairwig.com\\\/#\\\/schema\\\/logo\\\/image\\\/\"}}]}<\/script>\n<!-- \/ Yoast SEO Premium plugin. -->","yoast_head_json":{"title":"Platinum Blonde Wigs for Women Gray Pixie Cut Wig - landmark","robots":{"index":"index","follow":"follow","max-snippet":"max-snippet:-1","max-image-preview":"max-image-preview:large","max-video-preview":"max-video-preview:-1"},"canonical":"https:\/\/synthetichairwig.com\/pt\/produto\/platinum-blonde-wigs-for-women-gray-pixie-cut-wig-for-white-women-pixie-layered-synthetic-highlight-gray-hair-wig-with-bangs\/","og_locale":"pt_PT","og_type":"article","og_title":"Platinum Blonde Wigs for Women Gray Pixie Cut Wig","og_description":"Package includes: wig x 1 + separate hairnet x 1 &nbsp; \u2b50\u2b50 Material: Wig is made of excellent synthetic hair with soft texture, skin friendly and comfortable. Wear natural looking real hair. &nbsp; \u2b50 Features: high temperature fiber wig, can be ironed, not dyed. It can withstand temperatures of 150 degrees Celsius (300 degrees Fahrenheit) [&hellip;]","og_url":"https:\/\/synthetichairwig.com\/pt\/produto\/platinum-blonde-wigs-for-women-gray-pixie-cut-wig-for-white-women-pixie-layered-synthetic-highlight-gray-hair-wig-with-bangs\/","og_site_name":"landmark","article_modified_time":"2024-10-08T15:41:00+00:00","og_image":[{"width":600,"height":600,"url":"https:\/\/synthetichairwig.com\/wp-content\/uploads\/2023\/09\/MW1052-3.jpg","type":"image\/jpeg"}],"twitter_card":"summary_large_image","twitter_misc":{"Tempo estimado de leitura":"2 minutos"},"schema":{"@context":"https:\/\/schema.org","@graph":[{"@type":"WebPage","@id":"https:\/\/synthetichairwig.com\/product\/platinum-blonde-wigs-for-women-gray-pixie-cut-wig-for-white-women-pixie-layered-synthetic-highlight-gray-hair-wig-with-bangs\/","url":"https:\/\/synthetichairwig.com\/product\/platinum-blonde-wigs-for-women-gray-pixie-cut-wig-for-white-women-pixie-layered-synthetic-highlight-gray-hair-wig-with-bangs\/","name":"Platinum Blonde Wigs for Women Gray Pixie Cut Wig - landmark","isPartOf":{"@id":"https:\/\/synthetichairwig.com\/#website"},"primaryImageOfPage":{"@id":"https:\/\/synthetichairwig.com\/product\/platinum-blonde-wigs-for-women-gray-pixie-cut-wig-for-white-women-pixie-layered-synthetic-highlight-gray-hair-wig-with-bangs\/#primaryimage"},"image":{"@id":"https:\/\/synthetichairwig.com\/product\/platinum-blonde-wigs-for-women-gray-pixie-cut-wig-for-white-women-pixie-layered-synthetic-highlight-gray-hair-wig-with-bangs\/#primaryimage"},"thumbnailUrl":"https:\/\/synthetichairwig.com\/wp-content\/uploads\/2023\/09\/MW1052-3.jpg","datePublished":"2023-09-09T12:35:51+00:00","dateModified":"2024-10-08T15:41:00+00:00","breadcrumb":{"@id":"https:\/\/synthetichairwig.com\/product\/platinum-blonde-wigs-for-women-gray-pixie-cut-wig-for-white-women-pixie-layered-synthetic-highlight-gray-hair-wig-with-bangs\/#breadcrumb"},"inLanguage":"pt-PT","potentialAction":[{"@type":"ReadAction","target":["https:\/\/synthetichairwig.com\/product\/platinum-blonde-wigs-for-women-gray-pixie-cut-wig-for-white-women-pixie-layered-synthetic-highlight-gray-hair-wig-with-bangs\/"]}]},{"@type":"ImageObject","inLanguage":"pt-PT","@id":"https:\/\/synthetichairwig.com\/product\/platinum-blonde-wigs-for-women-gray-pixie-cut-wig-for-white-women-pixie-layered-synthetic-highlight-gray-hair-wig-with-bangs\/#primaryimage","url":"https:\/\/synthetichairwig.com\/wp-content\/uploads\/2023\/09\/MW1052-3.jpg","contentUrl":"https:\/\/synthetichairwig.com\/wp-content\/uploads\/2023\/09\/MW1052-3.jpg","width":600,"height":600},{"@type":"BreadcrumbList","@id":"https:\/\/synthetichairwig.com\/product\/platinum-blonde-wigs-for-women-gray-pixie-cut-wig-for-white-women-pixie-layered-synthetic-highlight-gray-hair-wig-with-bangs\/#breadcrumb","itemListElement":[{"@type":"ListItem","position":1,"name":"Home","item":"https:\/\/synthetichairwig.com\/"},{"@type":"ListItem","position":2,"name":"LandMark Hair Shop","item":"https:\/\/synthetichairwig.com\/landmark-hair-shop\/"},{"@type":"ListItem","position":3,"name":"Platinum Blonde Wigs for Women Gray Pixie Cut Wig"}]},{"@type":"WebSite","@id":"https:\/\/synthetichairwig.com\/#website","url":"https:\/\/synthetichairwig.com\/","name":"landmark","description":"My WordPress Blog","publisher":{"@id":"https:\/\/synthetichairwig.com\/#organization"},"potentialAction":[{"@type":"SearchAction","target":{"@type":"EntryPoint","urlTemplate":"https:\/\/synthetichairwig.com\/?s={search_term_string}"},"query-input":{"@type":"PropertyValueSpecification","valueRequired":true,"valueName":"search_term_string"}}],"inLanguage":"pt-PT"},{"@type":"Organization","@id":"https:\/\/synthetichairwig.com\/#organization","name":"landmark","url":"https:\/\/synthetichairwig.com\/","logo":{"@type":"ImageObject","inLanguage":"pt-PT","@id":"https:\/\/synthetichairwig.com\/#\/schema\/logo\/image\/","url":"https:\/\/synthetichairwig.com\/wp-content\/uploads\/2023\/06\/cropped-logo3.png","contentUrl":"https:\/\/synthetichairwig.com\/wp-content\/uploads\/2023\/06\/cropped-logo3.png","width":1704,"height":768,"caption":"landmark"},"image":{"@id":"https:\/\/synthetichairwig.com\/#\/schema\/logo\/image\/"}}]}},"_links":{"self":[{"href":"https:\/\/synthetichairwig.com\/pt\/wp-json\/wp\/v2\/product\/5029","targetHints":{"allow":["GET"]}}],"collection":[{"href":"https:\/\/synthetichairwig.com\/pt\/wp-json\/wp\/v2\/product"}],"about":[{"href":"https:\/\/synthetichairwig.com\/pt\/wp-json\/wp\/v2\/types\/product"}],"replies":[{"embeddable":true,"href":"https:\/\/synthetichairwig.com\/pt\/wp-json\/wp\/v2\/comments?post=5029"}],"wp:featuredmedia":[{"embeddable":true,"href":"https:\/\/synthetichairwig.com\/pt\/wp-json\/wp\/v2\/media\/5185"}],"wp:attachment":[{"href":"https:\/\/synthetichairwig.com\/pt\/wp-json\/wp\/v2\/media?parent=5029"}],"wp:term":[{"taxonomy":"product_brand","embeddable":true,"href":"https:\/\/synthetichairwig.com\/pt\/wp-json\/wp\/v2\/product_brand?post=5029"},{"taxonomy":"product_cat","embeddable":true,"href":"https:\/\/synthetichairwig.com\/pt\/wp-json\/wp\/v2\/product_cat?post=5029"},{"taxonomy":"product_tag","embeddable":true,"href":"https:\/\/synthetichairwig.com\/pt\/wp-json\/wp\/v2\/product_tag?post=5029"}],"curies":[{"name":"wp","href":"https:\/\/api.w.org\/{rel}","templated":true}]}}