{"id":5198,"date":"2023-09-17T12:52:41","date_gmt":"2023-09-17T12:52:41","guid":{"rendered":"https:\/\/synthetichairwig.com\/?post_type=product&#038;p=5198"},"modified":"2023-11-14T12:27:31","modified_gmt":"2023-11-14T12:27:31","slug":"ombre-orange-wig-short-curly-wig-with-bangs-for-women-wavy-wig-ginger-shoulder-length-synthetic-hair-for-daily-cosplay-halloween","status":"publish","type":"product","link":"https:\/\/synthetichairwig.com\/pt\/product\/ombre-orange-wig-short-curly-wig-with-bangs-for-women-wavy-wig-ginger-shoulder-length-synthetic-hair-for-daily-cosplay-halloween\/","title":{"rendered":"Cosplay Halloween Ombre Ondas laranja enroladas com peruca com franja"},"content":{"rendered":"<p>O pacote inclui: peruca x 1 rede de cabelo separada x 1<\/p>\n<p>&nbsp;<\/p>\n<p>\u2b50\u2b50 Material: A peruca \u00e9 feita de excelente cabelo sint\u00e9tico com textura macia, agrad\u00e1vel \u00e0 pele e confort\u00e1vel. Use cabelo real com apar\u00eancia natural.<\/p>\n<p>&nbsp;<\/p>\n<p>\u2b50Caracter\u00edsticas: peruca de fibra de alta temperatura, pode ser passada a ferro, n\u00e3o tingida. Pode suportar temperaturas de 150 graus Celsius (300 graus Fahrenheit)<\/p>\n<p>&nbsp;<\/p>\n<p>A intranet faz voc\u00ea se sentir confort\u00e1vel e respir\u00e1vel ao usar. Existem dois cintos de ajuste em ambos os lados da peruca, que podem ser ajustados para se adequar ao tamanho da sua cabe\u00e7a<\/p>\n<div class=\"ast-oembed-container\" style=\"height: 100%;\"><iframe title=\"Laranja suja\" width=\"500\" height=\"375\" src=\"https:\/\/www.youtube.com\/embed\/oscfv57bvDU?feature=oembed\" frameborder=\"0\" allow=\"accelerometer; autoplay; clipboard-write; encrypted-media; gyroscope; picture-in-picture; web-share\" referrerpolicy=\"strict-origin-when-cross-origin\" allowfullscreen><\/iframe><\/div>\n<p><img fetchpriority=\"high\" decoding=\"async\" class=\"alignnone size-full wp-image-5200\" src=\"https:\/\/synthetichairwig.com\/wp-content\/uploads\/2023\/09\/\u5927\u56fe1.png\" alt=\"\" width=\"960\" height=\"960\" srcset=\"https:\/\/synthetichairwig.com\/wp-content\/uploads\/2023\/09\/\u5927\u56fe1.png 960w, https:\/\/synthetichairwig.com\/wp-content\/uploads\/2023\/09\/\u5927\u56fe1-300x300.png 300w, https:\/\/synthetichairwig.com\/wp-content\/uploads\/2023\/09\/\u5927\u56fe1-150x150.png 150w, https:\/\/synthetichairwig.com\/wp-content\/uploads\/2023\/09\/\u5927\u56fe1-768x768.png 768w, https:\/\/synthetichairwig.com\/wp-content\/uploads\/2023\/09\/\u5927\u56fe1-600x600.png 600w, https:\/\/synthetichairwig.com\/wp-content\/uploads\/2023\/09\/\u5927\u56fe1-100x100.png 100w\" sizes=\"(max-width: 960px) 100vw, 960px\" \/> <img decoding=\"async\" class=\"alignnone size-full wp-image-5201\" src=\"https:\/\/synthetichairwig.com\/wp-content\/uploads\/2023\/09\/\u5927\u56fe2.png\" alt=\"\" width=\"960\" height=\"960\" srcset=\"https:\/\/synthetichairwig.com\/wp-content\/uploads\/2023\/09\/\u5927\u56fe2.png 960w, https:\/\/synthetichairwig.com\/wp-content\/uploads\/2023\/09\/\u5927\u56fe2-300x300.png 300w, https:\/\/synthetichairwig.com\/wp-content\/uploads\/2023\/09\/\u5927\u56fe2-150x150.png 150w, https:\/\/synthetichairwig.com\/wp-content\/uploads\/2023\/09\/\u5927\u56fe2-768x768.png 768w, https:\/\/synthetichairwig.com\/wp-content\/uploads\/2023\/09\/\u5927\u56fe2-600x600.png 600w, https:\/\/synthetichairwig.com\/wp-content\/uploads\/2023\/09\/\u5927\u56fe2-100x100.png 100w\" sizes=\"(max-width: 960px) 100vw, 960px\" \/> <img decoding=\"async\" class=\"alignnone size-full wp-image-5202\" src=\"https:\/\/synthetichairwig.com\/wp-content\/uploads\/2023\/09\/\u5927\u56fe3.png\" alt=\"\" width=\"960\" height=\"960\" srcset=\"https:\/\/synthetichairwig.com\/wp-content\/uploads\/2023\/09\/\u5927\u56fe3.png 960w, https:\/\/synthetichairwig.com\/wp-content\/uploads\/2023\/09\/\u5927\u56fe3-300x300.png 300w, https:\/\/synthetichairwig.com\/wp-content\/uploads\/2023\/09\/\u5927\u56fe3-150x150.png 150w, https:\/\/synthetichairwig.com\/wp-content\/uploads\/2023\/09\/\u5927\u56fe3-768x768.png 768w, https:\/\/synthetichairwig.com\/wp-content\/uploads\/2023\/09\/\u5927\u56fe3-600x600.png 600w, https:\/\/synthetichairwig.com\/wp-content\/uploads\/2023\/09\/\u5927\u56fe3-100x100.png 100w\" sizes=\"(max-width: 960px) 100vw, 960px\" \/> <img loading=\"lazy\" decoding=\"async\" class=\"alignnone size-full wp-image-5203\" src=\"https:\/\/synthetichairwig.com\/wp-content\/uploads\/2023\/09\/\u5927\u56fe4.png\" alt=\"\" width=\"960\" height=\"960\" srcset=\"https:\/\/synthetichairwig.com\/wp-content\/uploads\/2023\/09\/\u5927\u56fe4.png 960w, https:\/\/synthetichairwig.com\/wp-content\/uploads\/2023\/09\/\u5927\u56fe4-300x300.png 300w, https:\/\/synthetichairwig.com\/wp-content\/uploads\/2023\/09\/\u5927\u56fe4-150x150.png 150w, https:\/\/synthetichairwig.com\/wp-content\/uploads\/2023\/09\/\u5927\u56fe4-768x768.png 768w, https:\/\/synthetichairwig.com\/wp-content\/uploads\/2023\/09\/\u5927\u56fe4-600x600.png 600w, https:\/\/synthetichairwig.com\/wp-content\/uploads\/2023\/09\/\u5927\u56fe4-100x100.png 100w\" sizes=\"(max-width: 960px) 100vw, 960px\" \/> <img loading=\"lazy\" decoding=\"async\" class=\"alignnone size-full wp-image-5204\" src=\"https:\/\/synthetichairwig.com\/wp-content\/uploads\/2023\/09\/\u5927\u56fe5.png\" alt=\"\" width=\"960\" height=\"960\" srcset=\"https:\/\/synthetichairwig.com\/wp-content\/uploads\/2023\/09\/\u5927\u56fe5.png 960w, https:\/\/synthetichairwig.com\/wp-content\/uploads\/2023\/09\/\u5927\u56fe5-300x300.png 300w, https:\/\/synthetichairwig.com\/wp-content\/uploads\/2023\/09\/\u5927\u56fe5-150x150.png 150w, https:\/\/synthetichairwig.com\/wp-content\/uploads\/2023\/09\/\u5927\u56fe5-768x768.png 768w, https:\/\/synthetichairwig.com\/wp-content\/uploads\/2023\/09\/\u5927\u56fe5-600x600.png 600w, https:\/\/synthetichairwig.com\/wp-content\/uploads\/2023\/09\/\u5927\u56fe5-100x100.png 100w\" sizes=\"(max-width: 960px) 100vw, 960px\" \/><\/p>\n<div id=\"footable_parent_5197\"\n         class=\"footable_parent ninja_table_wrapper loading_ninja_table wp_table_data_press_parent semantic_ui\">\n                <table data-ninja_table_instance=\"ninja_table_instance_0\" data-footable_id=\"5197\" data-filter-delay=\"1000\" aria-label=\"\u5408\u6210\u5047\u53d1.csv\"            id=\"footable_5197\"\n           data-unique_identifier=\"ninja_table_unique_id_1338522640_5197\"\n           class=\"foo-table ninja_footable foo_table_5197 ninja_table_unique_id_1338522640_5197 ui table  nt_type_legacy_table selectable striped vertical_centered  footable-paging-right ninja_table_pro\">\n                <colgroup>\n                            <col class=\"ninja_column_0\">\n                            <col class=\"ninja_column_1\">\n                    <\/colgroup>\n        <thead>\n<tr class=\"footable-header\">\n                                        <th scope=\"col\"  class=\"ninja_column_0 ninja_clmn_nm_placeoforigin\">Lugar de origem<\/th><th scope=\"col\"  class=\"ninja_column_1 ninja_clmn_nm_china\">China<\/th><\/tr>\n<\/thead>\n<tbody>\n\n        <tr data-row_id=\"1575\" class=\"ninja_table_row_0 nt_row_id_1575\">\n            <td>material de cabelo sint\u00e9tico<\/td><td>Fibra de alta temperatura<\/td>        <\/tr>\n            <tr data-row_id=\"1576\" class=\"ninja_table_row_1 nt_row_id_1576\">\n            <td>Marca<\/td><td>marco<\/td>        <\/tr>\n            <tr data-row_id=\"1577\" class=\"ninja_table_row_2 nt_row_id_1577\">\n            <td>N\u00famero do modelo<\/td><td>MW8262-6<\/td>        <\/tr>\n            <tr data-row_id=\"1578\" class=\"ninja_table_row_3 nt_row_id_1578\">\n            <td>Peso<\/td><td>250g<\/td>        <\/tr>\n            <tr data-row_id=\"1579\" class=\"ninja_table_row_4 nt_row_id_1579\">\n            <td>Estilo<\/td><td>Onda de \u00e1gua<\/td>        <\/tr>\n            <tr data-row_id=\"1580\" class=\"ninja_table_row_5 nt_row_id_1580\">\n            <td>T\u00e9cnica<\/td><td>Peruca feita \u00e0 m\u00e1quina<\/td>        <\/tr>\n            <tr data-row_id=\"1581\" class=\"ninja_table_row_6 nt_row_id_1581\">\n            <td>Comprimento<\/td><td>21 polegadas<\/td>        <\/tr>\n            <tr data-row_id=\"1582\" class=\"ninja_table_row_7 nt_row_id_1582\">\n            <td>Densidade<\/td><td>150%<\/td>        <\/tr>\n            <tr data-row_id=\"1583\" class=\"ninja_table_row_8 nt_row_id_1583\">\n            <td>Comprimento das perucas<\/td><td>Longo<\/td>        <\/tr>\n            <tr data-row_id=\"1584\" class=\"ninja_table_row_9 nt_row_id_1584\">\n            <td>Tamanho da tampa<\/td><td>Tamanho m\u00e9dio<\/td>        <\/tr>\n            <tr data-row_id=\"1585\" class=\"ninja_table_row_10 nt_row_id_1585\">\n            <td>Cores de morte adequadas<\/td><td>Nenhum<\/td>        <\/tr>\n            <tr data-row_id=\"1586\" class=\"ninja_table_row_11 nt_row_id_1586\">\n            <td>Textura<\/td><td>encaracolado<\/td>        <\/tr>\n            <tr data-row_id=\"1587\" class=\"ninja_table_row_12 nt_row_id_1587\">\n            <td>Recurso<\/td><td>Uso di\u00e1rio<\/td>        <\/tr>\n            <tr data-row_id=\"1588\" class=\"ninja_table_row_13 nt_row_id_1588\">\n            <td>Comprimento das perucas<\/td><td>longo<\/td>        <\/tr>\n            <tr data-row_id=\"1589\" class=\"ninja_table_row_14 nt_row_id_1589\">\n            <td>Tamanho da tampa<\/td><td>Tamanho m\u00e9dio<\/td>        <\/tr>\n            <tr data-row_id=\"1590\" class=\"ninja_table_row_15 nt_row_id_1590\">\n            <td>Mapa de cores<\/td><td>Ombre laranja<\/td>        <\/tr>\n    <\/tbody><!--ninja_tobody_rendering_done-->\n    <\/table>\n                    <style type=\"text\/css\" id='ninja_table_custom_css_5197'>\n                        #footable_5197  {\n    font-family: inherit;\n    font-size: 14px;\n    }\n\n    \n                <\/style>\n                \n    \n    \n<\/div>","protected":false},"excerpt":{"rendered":"<h5>21 polegadas<\/h5>","protected":false},"featured_media":5420,"comment_status":"open","ping_status":"closed","template":"","meta":{"site-sidebar-layout":"default","site-content-layout":"default","ast-site-content-layout":"","site-content-style":"default","site-sidebar-style":"default","ast-global-header-display":"","ast-banner-title-visibility":"","ast-main-header-display":"","ast-hfb-above-header-display":"","ast-hfb-below-header-display":"","ast-hfb-mobile-header-display":"","site-post-title":"","ast-breadcrumbs-content":"","ast-featured-img":"","footer-sml-layout":"","theme-transparent-header-meta":"default","adv-header-id-meta":"","stick-header-meta":"","header-above-stick-meta":"","header-main-stick-meta":"","header-below-stick-meta":"","astra-migrate-meta-layouts":"default","ast-page-background-enabled":"default","ast-page-background-meta":{"desktop":{"background-color":"var(--ast-global-color-4)","background-image":"","background-repeat":"repeat","background-position":"center center","background-size":"auto","background-attachment":"scroll","background-type":"","background-media":"","overlay-type":"","overlay-color":"","overlay-opacity":"","overlay-gradient":""},"tablet":{"background-color":"","background-image":"","background-repeat":"repeat","background-position":"center center","background-size":"auto","background-attachment":"scroll","background-type":"","background-media":"","overlay-type":"","overlay-color":"","overlay-opacity":"","overlay-gradient":""},"mobile":{"background-color":"","background-image":"","background-repeat":"repeat","background-position":"center center","background-size":"auto","background-attachment":"scroll","background-type":"","background-media":"","overlay-type":"","overlay-color":"","overlay-opacity":"","overlay-gradient":""}},"ast-content-background-meta":{"desktop":{"background-color":"var(--ast-global-color-5)","background-image":"","background-repeat":"repeat","background-position":"center center","background-size":"auto","background-attachment":"scroll","background-type":"","background-media":"","overlay-type":"","overlay-color":"","overlay-opacity":"","overlay-gradient":""},"tablet":{"background-color":"var(--ast-global-color-5)","background-image":"","background-repeat":"repeat","background-position":"center center","background-size":"auto","background-attachment":"scroll","background-type":"","background-media":"","overlay-type":"","overlay-color":"","overlay-opacity":"","overlay-gradient":""},"mobile":{"background-color":"var(--ast-global-color-5)","background-image":"","background-repeat":"repeat","background-position":"center center","background-size":"auto","background-attachment":"scroll","background-type":"","background-media":"","overlay-type":"","overlay-color":"","overlay-opacity":"","overlay-gradient":""}},"jetpack_publicize_message":"","jetpack_is_tweetstorm":false,"jetpack_publicize_feature_enabled":true,"jetpack_social_post_already_shared":false,"jetpack_social_options":{"image_generator_settings":{"template":"highway","enabled":false}}},"product_brand":[],"product_cat":[37,77,32],"product_tag":[],"class_list":{"0":"post-5198","1":"product","2":"type-product","3":"status-publish","4":"has-post-thumbnail","6":"product_cat-cosplay-wigs","7":"product_cat-flash-sale","8":"product_cat-synthetic-wigs","9":"desktop-align-left","10":"tablet-align-left","11":"mobile-align-left","13":"first","14":"instock","15":"sale","16":"shipping-taxable","17":"purchasable","18":"product-type-variable"},"jetpack_publicize_connections":[],"yoast_head":"<!-- This site is optimized with the Yoast SEO Premium plugin v20.7 (Yoast SEO v27.6) - https:\/\/yoast.com\/product\/yoast-seo-premium-wordpress\/ -->\n<title>Cosplay Halloween Ombre Orange waves rolled with bangs wig - landmark<\/title>\n<meta name=\"robots\" content=\"index, follow, max-snippet:-1, max-image-preview:large, max-video-preview:-1\" \/>\n<link rel=\"canonical\" href=\"https:\/\/synthetichairwig.com\/pt\/produto\/ombre-orange-wig-short-curly-wig-with-bangs-for-women-wavy-wig-ginger-shoulder-length-synthetic-hair-for-daily-cosplay-halloween\/\" \/>\n<meta property=\"og:locale\" content=\"pt_PT\" \/>\n<meta property=\"og:type\" content=\"article\" \/>\n<meta property=\"og:title\" content=\"Cosplay Halloween Ombre Orange waves rolled with bangs wig\" \/>\n<meta property=\"og:description\" content=\"21inch\" \/>\n<meta property=\"og:url\" content=\"https:\/\/synthetichairwig.com\/pt\/produto\/ombre-orange-wig-short-curly-wig-with-bangs-for-women-wavy-wig-ginger-shoulder-length-synthetic-hair-for-daily-cosplay-halloween\/\" \/>\n<meta property=\"og:site_name\" content=\"landmark\" \/>\n<meta property=\"article:modified_time\" content=\"2023-11-14T12:27:31+00:00\" \/>\n<meta property=\"og:image\" content=\"https:\/\/synthetichairwig.com\/wp-content\/uploads\/2023\/09\/015-1-2.jpg\" \/>\n\t<meta property=\"og:image:width\" content=\"600\" \/>\n\t<meta property=\"og:image:height\" content=\"600\" \/>\n\t<meta property=\"og:image:type\" content=\"image\/jpeg\" \/>\n<meta name=\"twitter:card\" content=\"summary_large_image\" \/>\n<meta name=\"twitter:label1\" content=\"Tempo estimado de leitura\" \/>\n\t<meta name=\"twitter:data1\" content=\"2 minutos\" \/>\n<script type=\"application\/ld+json\" class=\"yoast-schema-graph\">{\"@context\":\"https:\\\/\\\/schema.org\",\"@graph\":[{\"@type\":\"WebPage\",\"@id\":\"https:\\\/\\\/synthetichairwig.com\\\/product\\\/ombre-orange-wig-short-curly-wig-with-bangs-for-women-wavy-wig-ginger-shoulder-length-synthetic-hair-for-daily-cosplay-halloween\\\/\",\"url\":\"https:\\\/\\\/synthetichairwig.com\\\/product\\\/ombre-orange-wig-short-curly-wig-with-bangs-for-women-wavy-wig-ginger-shoulder-length-synthetic-hair-for-daily-cosplay-halloween\\\/\",\"name\":\"Cosplay Halloween Ombre Orange waves rolled with bangs wig - landmark\",\"isPartOf\":{\"@id\":\"https:\\\/\\\/synthetichairwig.com\\\/#website\"},\"primaryImageOfPage\":{\"@id\":\"https:\\\/\\\/synthetichairwig.com\\\/product\\\/ombre-orange-wig-short-curly-wig-with-bangs-for-women-wavy-wig-ginger-shoulder-length-synthetic-hair-for-daily-cosplay-halloween\\\/#primaryimage\"},\"image\":{\"@id\":\"https:\\\/\\\/synthetichairwig.com\\\/product\\\/ombre-orange-wig-short-curly-wig-with-bangs-for-women-wavy-wig-ginger-shoulder-length-synthetic-hair-for-daily-cosplay-halloween\\\/#primaryimage\"},\"thumbnailUrl\":\"https:\\\/\\\/synthetichairwig.com\\\/wp-content\\\/uploads\\\/2023\\\/09\\\/015-1-2.jpg\",\"datePublished\":\"2023-09-17T12:52:41+00:00\",\"dateModified\":\"2023-11-14T12:27:31+00:00\",\"breadcrumb\":{\"@id\":\"https:\\\/\\\/synthetichairwig.com\\\/product\\\/ombre-orange-wig-short-curly-wig-with-bangs-for-women-wavy-wig-ginger-shoulder-length-synthetic-hair-for-daily-cosplay-halloween\\\/#breadcrumb\"},\"inLanguage\":\"pt-PT\",\"potentialAction\":[{\"@type\":\"ReadAction\",\"target\":[\"https:\\\/\\\/synthetichairwig.com\\\/product\\\/ombre-orange-wig-short-curly-wig-with-bangs-for-women-wavy-wig-ginger-shoulder-length-synthetic-hair-for-daily-cosplay-halloween\\\/\"]}]},{\"@type\":\"ImageObject\",\"inLanguage\":\"pt-PT\",\"@id\":\"https:\\\/\\\/synthetichairwig.com\\\/product\\\/ombre-orange-wig-short-curly-wig-with-bangs-for-women-wavy-wig-ginger-shoulder-length-synthetic-hair-for-daily-cosplay-halloween\\\/#primaryimage\",\"url\":\"https:\\\/\\\/synthetichairwig.com\\\/wp-content\\\/uploads\\\/2023\\\/09\\\/015-1-2.jpg\",\"contentUrl\":\"https:\\\/\\\/synthetichairwig.com\\\/wp-content\\\/uploads\\\/2023\\\/09\\\/015-1-2.jpg\",\"width\":600,\"height\":600},{\"@type\":\"BreadcrumbList\",\"@id\":\"https:\\\/\\\/synthetichairwig.com\\\/product\\\/ombre-orange-wig-short-curly-wig-with-bangs-for-women-wavy-wig-ginger-shoulder-length-synthetic-hair-for-daily-cosplay-halloween\\\/#breadcrumb\",\"itemListElement\":[{\"@type\":\"ListItem\",\"position\":1,\"name\":\"Home\",\"item\":\"https:\\\/\\\/synthetichairwig.com\\\/\"},{\"@type\":\"ListItem\",\"position\":2,\"name\":\"LandMark Hair Shop\",\"item\":\"https:\\\/\\\/synthetichairwig.com\\\/landmark-hair-shop\\\/\"},{\"@type\":\"ListItem\",\"position\":3,\"name\":\"Cosplay Halloween Ombre Orange waves rolled with bangs wig\"}]},{\"@type\":\"WebSite\",\"@id\":\"https:\\\/\\\/synthetichairwig.com\\\/#website\",\"url\":\"https:\\\/\\\/synthetichairwig.com\\\/\",\"name\":\"landmark\",\"description\":\"My WordPress Blog\",\"publisher\":{\"@id\":\"https:\\\/\\\/synthetichairwig.com\\\/#organization\"},\"potentialAction\":[{\"@type\":\"SearchAction\",\"target\":{\"@type\":\"EntryPoint\",\"urlTemplate\":\"https:\\\/\\\/synthetichairwig.com\\\/?s={search_term_string}\"},\"query-input\":{\"@type\":\"PropertyValueSpecification\",\"valueRequired\":true,\"valueName\":\"search_term_string\"}}],\"inLanguage\":\"pt-PT\"},{\"@type\":\"Organization\",\"@id\":\"https:\\\/\\\/synthetichairwig.com\\\/#organization\",\"name\":\"landmark\",\"url\":\"https:\\\/\\\/synthetichairwig.com\\\/\",\"logo\":{\"@type\":\"ImageObject\",\"inLanguage\":\"pt-PT\",\"@id\":\"https:\\\/\\\/synthetichairwig.com\\\/#\\\/schema\\\/logo\\\/image\\\/\",\"url\":\"https:\\\/\\\/synthetichairwig.com\\\/wp-content\\\/uploads\\\/2023\\\/06\\\/cropped-logo3.png\",\"contentUrl\":\"https:\\\/\\\/synthetichairwig.com\\\/wp-content\\\/uploads\\\/2023\\\/06\\\/cropped-logo3.png\",\"width\":1704,\"height\":768,\"caption\":\"landmark\"},\"image\":{\"@id\":\"https:\\\/\\\/synthetichairwig.com\\\/#\\\/schema\\\/logo\\\/image\\\/\"}}]}<\/script>\n<!-- \/ Yoast SEO Premium plugin. -->","yoast_head_json":{"title":"Cosplay Halloween Ombre Orange waves rolled with bangs wig - landmark","robots":{"index":"index","follow":"follow","max-snippet":"max-snippet:-1","max-image-preview":"max-image-preview:large","max-video-preview":"max-video-preview:-1"},"canonical":"https:\/\/synthetichairwig.com\/pt\/produto\/ombre-orange-wig-short-curly-wig-with-bangs-for-women-wavy-wig-ginger-shoulder-length-synthetic-hair-for-daily-cosplay-halloween\/","og_locale":"pt_PT","og_type":"article","og_title":"Cosplay Halloween Ombre Orange waves rolled with bangs wig","og_description":"21inch","og_url":"https:\/\/synthetichairwig.com\/pt\/produto\/ombre-orange-wig-short-curly-wig-with-bangs-for-women-wavy-wig-ginger-shoulder-length-synthetic-hair-for-daily-cosplay-halloween\/","og_site_name":"landmark","article_modified_time":"2023-11-14T12:27:31+00:00","og_image":[{"width":600,"height":600,"url":"https:\/\/synthetichairwig.com\/wp-content\/uploads\/2023\/09\/015-1-2.jpg","type":"image\/jpeg"}],"twitter_card":"summary_large_image","twitter_misc":{"Tempo estimado de leitura":"2 minutos"},"schema":{"@context":"https:\/\/schema.org","@graph":[{"@type":"WebPage","@id":"https:\/\/synthetichairwig.com\/product\/ombre-orange-wig-short-curly-wig-with-bangs-for-women-wavy-wig-ginger-shoulder-length-synthetic-hair-for-daily-cosplay-halloween\/","url":"https:\/\/synthetichairwig.com\/product\/ombre-orange-wig-short-curly-wig-with-bangs-for-women-wavy-wig-ginger-shoulder-length-synthetic-hair-for-daily-cosplay-halloween\/","name":"Cosplay Halloween Ombre Orange waves rolled with bangs wig - landmark","isPartOf":{"@id":"https:\/\/synthetichairwig.com\/#website"},"primaryImageOfPage":{"@id":"https:\/\/synthetichairwig.com\/product\/ombre-orange-wig-short-curly-wig-with-bangs-for-women-wavy-wig-ginger-shoulder-length-synthetic-hair-for-daily-cosplay-halloween\/#primaryimage"},"image":{"@id":"https:\/\/synthetichairwig.com\/product\/ombre-orange-wig-short-curly-wig-with-bangs-for-women-wavy-wig-ginger-shoulder-length-synthetic-hair-for-daily-cosplay-halloween\/#primaryimage"},"thumbnailUrl":"https:\/\/synthetichairwig.com\/wp-content\/uploads\/2023\/09\/015-1-2.jpg","datePublished":"2023-09-17T12:52:41+00:00","dateModified":"2023-11-14T12:27:31+00:00","breadcrumb":{"@id":"https:\/\/synthetichairwig.com\/product\/ombre-orange-wig-short-curly-wig-with-bangs-for-women-wavy-wig-ginger-shoulder-length-synthetic-hair-for-daily-cosplay-halloween\/#breadcrumb"},"inLanguage":"pt-PT","potentialAction":[{"@type":"ReadAction","target":["https:\/\/synthetichairwig.com\/product\/ombre-orange-wig-short-curly-wig-with-bangs-for-women-wavy-wig-ginger-shoulder-length-synthetic-hair-for-daily-cosplay-halloween\/"]}]},{"@type":"ImageObject","inLanguage":"pt-PT","@id":"https:\/\/synthetichairwig.com\/product\/ombre-orange-wig-short-curly-wig-with-bangs-for-women-wavy-wig-ginger-shoulder-length-synthetic-hair-for-daily-cosplay-halloween\/#primaryimage","url":"https:\/\/synthetichairwig.com\/wp-content\/uploads\/2023\/09\/015-1-2.jpg","contentUrl":"https:\/\/synthetichairwig.com\/wp-content\/uploads\/2023\/09\/015-1-2.jpg","width":600,"height":600},{"@type":"BreadcrumbList","@id":"https:\/\/synthetichairwig.com\/product\/ombre-orange-wig-short-curly-wig-with-bangs-for-women-wavy-wig-ginger-shoulder-length-synthetic-hair-for-daily-cosplay-halloween\/#breadcrumb","itemListElement":[{"@type":"ListItem","position":1,"name":"Home","item":"https:\/\/synthetichairwig.com\/"},{"@type":"ListItem","position":2,"name":"LandMark Hair Shop","item":"https:\/\/synthetichairwig.com\/landmark-hair-shop\/"},{"@type":"ListItem","position":3,"name":"Cosplay Halloween Ombre Orange waves rolled with bangs wig"}]},{"@type":"WebSite","@id":"https:\/\/synthetichairwig.com\/#website","url":"https:\/\/synthetichairwig.com\/","name":"landmark","description":"My WordPress Blog","publisher":{"@id":"https:\/\/synthetichairwig.com\/#organization"},"potentialAction":[{"@type":"SearchAction","target":{"@type":"EntryPoint","urlTemplate":"https:\/\/synthetichairwig.com\/?s={search_term_string}"},"query-input":{"@type":"PropertyValueSpecification","valueRequired":true,"valueName":"search_term_string"}}],"inLanguage":"pt-PT"},{"@type":"Organization","@id":"https:\/\/synthetichairwig.com\/#organization","name":"landmark","url":"https:\/\/synthetichairwig.com\/","logo":{"@type":"ImageObject","inLanguage":"pt-PT","@id":"https:\/\/synthetichairwig.com\/#\/schema\/logo\/image\/","url":"https:\/\/synthetichairwig.com\/wp-content\/uploads\/2023\/06\/cropped-logo3.png","contentUrl":"https:\/\/synthetichairwig.com\/wp-content\/uploads\/2023\/06\/cropped-logo3.png","width":1704,"height":768,"caption":"landmark"},"image":{"@id":"https:\/\/synthetichairwig.com\/#\/schema\/logo\/image\/"}}]}},"_links":{"self":[{"href":"https:\/\/synthetichairwig.com\/pt\/wp-json\/wp\/v2\/product\/5198","targetHints":{"allow":["GET"]}}],"collection":[{"href":"https:\/\/synthetichairwig.com\/pt\/wp-json\/wp\/v2\/product"}],"about":[{"href":"https:\/\/synthetichairwig.com\/pt\/wp-json\/wp\/v2\/types\/product"}],"replies":[{"embeddable":true,"href":"https:\/\/synthetichairwig.com\/pt\/wp-json\/wp\/v2\/comments?post=5198"}],"wp:featuredmedia":[{"embeddable":true,"href":"https:\/\/synthetichairwig.com\/pt\/wp-json\/wp\/v2\/media\/5420"}],"wp:attachment":[{"href":"https:\/\/synthetichairwig.com\/pt\/wp-json\/wp\/v2\/media?parent=5198"}],"wp:term":[{"taxonomy":"product_brand","embeddable":true,"href":"https:\/\/synthetichairwig.com\/pt\/wp-json\/wp\/v2\/product_brand?post=5198"},{"taxonomy":"product_cat","embeddable":true,"href":"https:\/\/synthetichairwig.com\/pt\/wp-json\/wp\/v2\/product_cat?post=5198"},{"taxonomy":"product_tag","embeddable":true,"href":"https:\/\/synthetichairwig.com\/pt\/wp-json\/wp\/v2\/product_tag?post=5198"}],"curies":[{"name":"wp","href":"https:\/\/api.w.org\/{rel}","templated":true}]}}