{"id":5267,"date":"2023-11-04T14:17:37","date_gmt":"2023-11-04T14:17:37","guid":{"rendered":"https:\/\/synthetichairwig.com\/?post_type=product&#038;p=5267"},"modified":"2024-05-29T22:37:38","modified_gmt":"2024-05-29T22:37:38","slug":"fashion-fisherman-bucket-hat-winter-hats-sports-caps-women-winter-bucket-hat","status":"publish","type":"product","link":"https:\/\/synthetichairwig.com\/pt\/product\/fashion-fisherman-bucket-hat-winter-hats-sports-caps-women-winter-bucket-hat\/","title":{"rendered":"Moda pescador balde chap\u00e9u chap\u00e9us de inverno bon\u00e9s esportivos"},"content":{"rendered":"<p>\u2b50Arte retr\u00f4, charme moderno rom\u00e2ntico franc\u00eas<\/p>\n<p>\u2b50Design simples, h\u00e1 uma aura e nenhuma sensa\u00e7\u00e3o de dist\u00e2ncia<\/p>\n<p>\u2b50Padr\u00e3o fixo, destinado a sua qualidade e grau<\/p>\n<p>\u2b50Tecido preferido, respir\u00e1vel e agrad\u00e1vel \u00e0 pele, de longa dura\u00e7\u00e3o, sem press\u00e3o<\/p>\n<p><img fetchpriority=\"high\" decoding=\"async\" class=\"alignnone size-full wp-image-5269\" src=\"https:\/\/synthetichairwig.com\/wp-content\/uploads\/2023\/11\/002-1.jpg\" alt=\"\" width=\"800\" height=\"800\" srcset=\"https:\/\/synthetichairwig.com\/wp-content\/uploads\/2023\/11\/002-1.jpg 800w, https:\/\/synthetichairwig.com\/wp-content\/uploads\/2023\/11\/002-1-300x300.jpg 300w, https:\/\/synthetichairwig.com\/wp-content\/uploads\/2023\/11\/002-1-150x150.jpg 150w, https:\/\/synthetichairwig.com\/wp-content\/uploads\/2023\/11\/002-1-768x768.jpg 768w, https:\/\/synthetichairwig.com\/wp-content\/uploads\/2023\/11\/002-1-600x600.jpg 600w, https:\/\/synthetichairwig.com\/wp-content\/uploads\/2023\/11\/002-1-100x100.jpg 100w\" sizes=\"(max-width: 800px) 100vw, 800px\" \/> <img decoding=\"async\" class=\"alignnone size-full wp-image-5272\" src=\"https:\/\/synthetichairwig.com\/wp-content\/uploads\/2023\/11\/\u9ed1\u8272-1.jpg\" alt=\"\" width=\"800\" height=\"800\" srcset=\"https:\/\/synthetichairwig.com\/wp-content\/uploads\/2023\/11\/\u9ed1\u8272-1.jpg 800w, https:\/\/synthetichairwig.com\/wp-content\/uploads\/2023\/11\/\u9ed1\u8272-1-300x300.jpg 300w, https:\/\/synthetichairwig.com\/wp-content\/uploads\/2023\/11\/\u9ed1\u8272-1-150x150.jpg 150w, https:\/\/synthetichairwig.com\/wp-content\/uploads\/2023\/11\/\u9ed1\u8272-1-768x768.jpg 768w, https:\/\/synthetichairwig.com\/wp-content\/uploads\/2023\/11\/\u9ed1\u8272-1-600x600.jpg 600w, https:\/\/synthetichairwig.com\/wp-content\/uploads\/2023\/11\/\u9ed1\u8272-1-100x100.jpg 100w\" sizes=\"(max-width: 800px) 100vw, 800px\" \/><\/p>\n<p><img decoding=\"async\" class=\"alignnone size-full wp-image-5273\" src=\"https:\/\/synthetichairwig.com\/wp-content\/uploads\/2023\/11\/\u7126\u7cd6\u8272.jpg\" alt=\"\" width=\"800\" height=\"800\" srcset=\"https:\/\/synthetichairwig.com\/wp-content\/uploads\/2023\/11\/\u7126\u7cd6\u8272.jpg 800w, https:\/\/synthetichairwig.com\/wp-content\/uploads\/2023\/11\/\u7126\u7cd6\u8272-300x300.jpg 300w, https:\/\/synthetichairwig.com\/wp-content\/uploads\/2023\/11\/\u7126\u7cd6\u8272-150x150.jpg 150w, https:\/\/synthetichairwig.com\/wp-content\/uploads\/2023\/11\/\u7126\u7cd6\u8272-768x768.jpg 768w, https:\/\/synthetichairwig.com\/wp-content\/uploads\/2023\/11\/\u7126\u7cd6\u8272-600x600.jpg 600w, https:\/\/synthetichairwig.com\/wp-content\/uploads\/2023\/11\/\u7126\u7cd6\u8272-100x100.jpg 100w\" sizes=\"(max-width: 800px) 100vw, 800px\" \/><\/p>\n<div id=\"footable_parent_5266\"\n         class=\"footable_parent ninja_table_wrapper loading_ninja_table wp_table_data_press_parent semantic_ui\">\n                <table data-ninja_table_instance=\"ninja_table_instance_0\" data-footable_id=\"5266\" data-filter-delay=\"1000\" aria-label=\"\u5e3d\u5b50\u5de5\u4f5c\u8868.csv\"            id=\"footable_5266\"\n           data-unique_identifier=\"ninja_table_unique_id_1314333790_5266\"\n           class=\"foo-table ninja_footable foo_table_5266 ninja_table_unique_id_1314333790_5266 ui table  nt_type_legacy_table selectable striped vertical_centered  footable-paging-right ninja_table_pro\">\n                <colgroup>\n                            <col class=\"ninja_column_0\">\n                            <col class=\"ninja_column_1\">\n                    <\/colgroup>\n        <thead>\n<tr class=\"footable-header\">\n                                        <th scope=\"col\"  class=\"ninja_column_0 ninja_clmn_nm_technics\">T\u00e9cnica<\/th><th scope=\"col\"  class=\"ninja_column_1 ninja_clmn_nm_machingembroideryaffixedclothembroidery3dembroidery\">Bordado em m\u00e1quina, Bordado em tecido afixado, Bordado 3D<\/th><\/tr>\n<\/thead>\n<tbody>\n\n        <tr data-row_id=\"1624\" class=\"ninja_table_row_0 nt_row_id_1624\">\n            <td>Tipo de padr\u00e3o<\/td><td>S\u00f3lido<\/td>        <\/tr>\n            <tr data-row_id=\"1625\" class=\"ninja_table_row_1 nt_row_id_1625\">\n            <td>Cena aplic\u00e1vel<\/td><td>Praia, Casual, Ao ar livre, Viagem, Esportes, Ciclismo, Fazer compras, Festa, Pesca, Di\u00e1rio<\/td>        <\/tr>\n            <tr data-row_id=\"1626\" class=\"ninja_table_row_2 nt_row_id_1626\">\n            <td>Material<\/td><td>Poli\u00e9ster 30%, chenille 70%<\/td>        <\/tr>\n            <tr data-row_id=\"1627\" class=\"ninja_table_row_3 nt_row_id_1627\">\n            <td>Estilo<\/td><td>Moda<\/td>        <\/tr>\n            <tr data-row_id=\"1628\" class=\"ninja_table_row_4 nt_row_id_1628\">\n            <td>Lugar de origem<\/td><td>China<\/td>        <\/tr>\n            <tr data-row_id=\"1629\" class=\"ninja_table_row_5 nt_row_id_1629\">\n            <td>Temporada aplic\u00e1vel<\/td><td>Inverno<\/td>        <\/tr>\n            <tr data-row_id=\"1630\" class=\"ninja_table_row_6 nt_row_id_1630\">\n            <td>Faixa et\u00e1ria<\/td><td>Adultos<\/td>        <\/tr>\n            <tr data-row_id=\"1631\" class=\"ninja_table_row_7 nt_row_id_1631\">\n            <td>G\u00eanero<\/td><td>F\u00eamea<\/td>        <\/tr>\n            <tr data-row_id=\"1632\" class=\"ninja_table_row_8 nt_row_id_1632\">\n            <td>N\u00famero do modelo<\/td><td>KJ1005<\/td>        <\/tr>\n            <tr data-row_id=\"1633\" class=\"ninja_table_row_9 nt_row_id_1633\">\n            <td>Recurso<\/td><td>decora\u00e7\u00e3o<\/td>        <\/tr>\n            <tr data-row_id=\"1634\" class=\"ninja_table_row_10 nt_row_id_1634\">\n            <td>Cor<\/td><td>show de fotos<\/td>        <\/tr>\n    <\/tbody><!--ninja_tobody_rendering_done-->\n    <\/table>\n                    <style type=\"text\/css\" id='ninja_table_custom_css_5266'>\n                        #footable_5266  {\n    font-family: inherit;\n    font-size: 14px;\n    }\n\n    \n                <\/style>\n                \n    \n    \n<\/div>","protected":false},"excerpt":{"rendered":"<p>\u2b50Arte retr\u00f4, charme rom\u00e2ntico moderno franc\u00eas \u2b50Design simples, com aura e sem sensa\u00e7\u00e3o de dist\u00e2ncia \u2b50Padr\u00e3o fixo, destinado \u00e0 sua qualidade e grau \u2b50Tecido preferido, respir\u00e1vel e agrad\u00e1vel \u00e0 pele, de longa dura\u00e7\u00e3o, sem press\u00e3o<\/p>","protected":false},"featured_media":5269,"comment_status":"open","ping_status":"closed","template":"","meta":{"site-sidebar-layout":"default","site-content-layout":"default","ast-site-content-layout":"","site-content-style":"default","site-sidebar-style":"default","ast-global-header-display":"","ast-banner-title-visibility":"","ast-main-header-display":"","ast-hfb-above-header-display":"","ast-hfb-below-header-display":"","ast-hfb-mobile-header-display":"","site-post-title":"","ast-breadcrumbs-content":"","ast-featured-img":"","footer-sml-layout":"","theme-transparent-header-meta":"default","adv-header-id-meta":"","stick-header-meta":"","header-above-stick-meta":"","header-main-stick-meta":"","header-below-stick-meta":"","astra-migrate-meta-layouts":"default","ast-page-background-enabled":"default","ast-page-background-meta":{"desktop":{"background-color":"var(--ast-global-color-4)","background-image":"","background-repeat":"repeat","background-position":"center center","background-size":"auto","background-attachment":"scroll","background-type":"","background-media":"","overlay-type":"","overlay-color":"","overlay-opacity":"","overlay-gradient":""},"tablet":{"background-color":"","background-image":"","background-repeat":"repeat","background-position":"center center","background-size":"auto","background-attachment":"scroll","background-type":"","background-media":"","overlay-type":"","overlay-color":"","overlay-opacity":"","overlay-gradient":""},"mobile":{"background-color":"","background-image":"","background-repeat":"repeat","background-position":"center center","background-size":"auto","background-attachment":"scroll","background-type":"","background-media":"","overlay-type":"","overlay-color":"","overlay-opacity":"","overlay-gradient":""}},"ast-content-background-meta":{"desktop":{"background-color":"var(--ast-global-color-5)","background-image":"","background-repeat":"repeat","background-position":"center center","background-size":"auto","background-attachment":"scroll","background-type":"","background-media":"","overlay-type":"","overlay-color":"","overlay-opacity":"","overlay-gradient":""},"tablet":{"background-color":"var(--ast-global-color-5)","background-image":"","background-repeat":"repeat","background-position":"center center","background-size":"auto","background-attachment":"scroll","background-type":"","background-media":"","overlay-type":"","overlay-color":"","overlay-opacity":"","overlay-gradient":""},"mobile":{"background-color":"var(--ast-global-color-5)","background-image":"","background-repeat":"repeat","background-position":"center center","background-size":"auto","background-attachment":"scroll","background-type":"","background-media":"","overlay-type":"","overlay-color":"","overlay-opacity":"","overlay-gradient":""}},"jetpack_publicize_message":"","jetpack_is_tweetstorm":false,"jetpack_publicize_feature_enabled":true,"jetpack_social_post_already_shared":false,"jetpack_social_options":{"image_generator_settings":{"template":"highway","enabled":false}}},"product_brand":[],"product_cat":[55,50,34],"product_tag":[],"class_list":{"0":"post-5267","1":"product","2":"type-product","3":"status-publish","4":"has-post-thumbnail","6":"product_cat-beret","7":"product_cat-bucket-hat","8":"product_cat-cap","9":"desktop-align-left","10":"tablet-align-left","11":"mobile-align-left","13":"first","14":"instock","15":"sale","16":"shipping-taxable","17":"purchasable","18":"product-type-variable"},"jetpack_publicize_connections":[],"yoast_head":"<!-- This site is optimized with the Yoast SEO Premium plugin v20.7 (Yoast SEO v27.6) - https:\/\/yoast.com\/product\/yoast-seo-premium-wordpress\/ -->\n<title>Fashion fisherman Bucket hat winter hats sports caps - landmark<\/title>\n<meta name=\"robots\" content=\"index, follow, max-snippet:-1, max-image-preview:large, max-video-preview:-1\" \/>\n<link rel=\"canonical\" href=\"https:\/\/synthetichairwig.com\/pt\/produto\/fashion-fisherman-bucket-hat-winter-hats-sports-caps-women-winter-bucket-hat\/\" \/>\n<meta property=\"og:locale\" content=\"pt_PT\" \/>\n<meta property=\"og:type\" content=\"article\" \/>\n<meta property=\"og:title\" content=\"Fashion fisherman Bucket hat winter hats sports caps\" \/>\n<meta property=\"og:description\" content=\"\u2b50Retro art, French romantic modern charm \u2b50Simple design, there is an aura and no sense of distance \u2b50Fixed pattern, destined her quality and grade \u2b50Preferred fabric, skin friendly breathable long wear without pressure head\" \/>\n<meta property=\"og:url\" content=\"https:\/\/synthetichairwig.com\/pt\/produto\/fashion-fisherman-bucket-hat-winter-hats-sports-caps-women-winter-bucket-hat\/\" \/>\n<meta property=\"og:site_name\" content=\"landmark\" \/>\n<meta property=\"article:modified_time\" content=\"2024-05-29T22:37:38+00:00\" \/>\n<meta property=\"og:image\" content=\"https:\/\/synthetichairwig.com\/wp-content\/uploads\/2023\/11\/002-1.jpg\" \/>\n\t<meta property=\"og:image:width\" content=\"800\" \/>\n\t<meta property=\"og:image:height\" content=\"800\" \/>\n\t<meta property=\"og:image:type\" content=\"image\/jpeg\" \/>\n<meta name=\"twitter:card\" content=\"summary_large_image\" \/>\n<meta name=\"twitter:label1\" content=\"Tempo estimado de leitura\" \/>\n\t<meta name=\"twitter:data1\" content=\"1 minuto\" \/>\n<script type=\"application\/ld+json\" class=\"yoast-schema-graph\">{\"@context\":\"https:\\\/\\\/schema.org\",\"@graph\":[{\"@type\":\"WebPage\",\"@id\":\"https:\\\/\\\/synthetichairwig.com\\\/product\\\/fashion-fisherman-bucket-hat-winter-hats-sports-caps-women-winter-bucket-hat\\\/\",\"url\":\"https:\\\/\\\/synthetichairwig.com\\\/product\\\/fashion-fisherman-bucket-hat-winter-hats-sports-caps-women-winter-bucket-hat\\\/\",\"name\":\"Fashion fisherman Bucket hat winter hats sports caps - landmark\",\"isPartOf\":{\"@id\":\"https:\\\/\\\/synthetichairwig.com\\\/#website\"},\"primaryImageOfPage\":{\"@id\":\"https:\\\/\\\/synthetichairwig.com\\\/product\\\/fashion-fisherman-bucket-hat-winter-hats-sports-caps-women-winter-bucket-hat\\\/#primaryimage\"},\"image\":{\"@id\":\"https:\\\/\\\/synthetichairwig.com\\\/product\\\/fashion-fisherman-bucket-hat-winter-hats-sports-caps-women-winter-bucket-hat\\\/#primaryimage\"},\"thumbnailUrl\":\"https:\\\/\\\/synthetichairwig.com\\\/wp-content\\\/uploads\\\/2023\\\/11\\\/002-1.jpg\",\"datePublished\":\"2023-11-04T14:17:37+00:00\",\"dateModified\":\"2024-05-29T22:37:38+00:00\",\"breadcrumb\":{\"@id\":\"https:\\\/\\\/synthetichairwig.com\\\/product\\\/fashion-fisherman-bucket-hat-winter-hats-sports-caps-women-winter-bucket-hat\\\/#breadcrumb\"},\"inLanguage\":\"pt-PT\",\"potentialAction\":[{\"@type\":\"ReadAction\",\"target\":[\"https:\\\/\\\/synthetichairwig.com\\\/product\\\/fashion-fisherman-bucket-hat-winter-hats-sports-caps-women-winter-bucket-hat\\\/\"]}]},{\"@type\":\"ImageObject\",\"inLanguage\":\"pt-PT\",\"@id\":\"https:\\\/\\\/synthetichairwig.com\\\/product\\\/fashion-fisherman-bucket-hat-winter-hats-sports-caps-women-winter-bucket-hat\\\/#primaryimage\",\"url\":\"https:\\\/\\\/synthetichairwig.com\\\/wp-content\\\/uploads\\\/2023\\\/11\\\/002-1.jpg\",\"contentUrl\":\"https:\\\/\\\/synthetichairwig.com\\\/wp-content\\\/uploads\\\/2023\\\/11\\\/002-1.jpg\",\"width\":800,\"height\":800},{\"@type\":\"BreadcrumbList\",\"@id\":\"https:\\\/\\\/synthetichairwig.com\\\/product\\\/fashion-fisherman-bucket-hat-winter-hats-sports-caps-women-winter-bucket-hat\\\/#breadcrumb\",\"itemListElement\":[{\"@type\":\"ListItem\",\"position\":1,\"name\":\"Home\",\"item\":\"https:\\\/\\\/synthetichairwig.com\\\/\"},{\"@type\":\"ListItem\",\"position\":2,\"name\":\"LandMark Hair Shop\",\"item\":\"https:\\\/\\\/synthetichairwig.com\\\/landmark-hair-shop\\\/\"},{\"@type\":\"ListItem\",\"position\":3,\"name\":\"Fashion fisherman Bucket hat winter hats sports caps\"}]},{\"@type\":\"WebSite\",\"@id\":\"https:\\\/\\\/synthetichairwig.com\\\/#website\",\"url\":\"https:\\\/\\\/synthetichairwig.com\\\/\",\"name\":\"landmark\",\"description\":\"My WordPress Blog\",\"publisher\":{\"@id\":\"https:\\\/\\\/synthetichairwig.com\\\/#organization\"},\"potentialAction\":[{\"@type\":\"SearchAction\",\"target\":{\"@type\":\"EntryPoint\",\"urlTemplate\":\"https:\\\/\\\/synthetichairwig.com\\\/?s={search_term_string}\"},\"query-input\":{\"@type\":\"PropertyValueSpecification\",\"valueRequired\":true,\"valueName\":\"search_term_string\"}}],\"inLanguage\":\"pt-PT\"},{\"@type\":\"Organization\",\"@id\":\"https:\\\/\\\/synthetichairwig.com\\\/#organization\",\"name\":\"landmark\",\"url\":\"https:\\\/\\\/synthetichairwig.com\\\/\",\"logo\":{\"@type\":\"ImageObject\",\"inLanguage\":\"pt-PT\",\"@id\":\"https:\\\/\\\/synthetichairwig.com\\\/#\\\/schema\\\/logo\\\/image\\\/\",\"url\":\"https:\\\/\\\/synthetichairwig.com\\\/wp-content\\\/uploads\\\/2023\\\/06\\\/cropped-logo3.png\",\"contentUrl\":\"https:\\\/\\\/synthetichairwig.com\\\/wp-content\\\/uploads\\\/2023\\\/06\\\/cropped-logo3.png\",\"width\":1704,\"height\":768,\"caption\":\"landmark\"},\"image\":{\"@id\":\"https:\\\/\\\/synthetichairwig.com\\\/#\\\/schema\\\/logo\\\/image\\\/\"}}]}<\/script>\n<!-- \/ Yoast SEO Premium plugin. -->","yoast_head_json":{"title":"Fashion fisherman Bucket hat winter hats sports caps - landmark","robots":{"index":"index","follow":"follow","max-snippet":"max-snippet:-1","max-image-preview":"max-image-preview:large","max-video-preview":"max-video-preview:-1"},"canonical":"https:\/\/synthetichairwig.com\/pt\/produto\/fashion-fisherman-bucket-hat-winter-hats-sports-caps-women-winter-bucket-hat\/","og_locale":"pt_PT","og_type":"article","og_title":"Fashion fisherman Bucket hat winter hats sports caps","og_description":"\u2b50Retro art, French romantic modern charm \u2b50Simple design, there is an aura and no sense of distance \u2b50Fixed pattern, destined her quality and grade \u2b50Preferred fabric, skin friendly breathable long wear without pressure head","og_url":"https:\/\/synthetichairwig.com\/pt\/produto\/fashion-fisherman-bucket-hat-winter-hats-sports-caps-women-winter-bucket-hat\/","og_site_name":"landmark","article_modified_time":"2024-05-29T22:37:38+00:00","og_image":[{"width":800,"height":800,"url":"https:\/\/synthetichairwig.com\/wp-content\/uploads\/2023\/11\/002-1.jpg","type":"image\/jpeg"}],"twitter_card":"summary_large_image","twitter_misc":{"Tempo estimado de leitura":"1 minuto"},"schema":{"@context":"https:\/\/schema.org","@graph":[{"@type":"WebPage","@id":"https:\/\/synthetichairwig.com\/product\/fashion-fisherman-bucket-hat-winter-hats-sports-caps-women-winter-bucket-hat\/","url":"https:\/\/synthetichairwig.com\/product\/fashion-fisherman-bucket-hat-winter-hats-sports-caps-women-winter-bucket-hat\/","name":"Fashion fisherman Bucket hat winter hats sports caps - landmark","isPartOf":{"@id":"https:\/\/synthetichairwig.com\/#website"},"primaryImageOfPage":{"@id":"https:\/\/synthetichairwig.com\/product\/fashion-fisherman-bucket-hat-winter-hats-sports-caps-women-winter-bucket-hat\/#primaryimage"},"image":{"@id":"https:\/\/synthetichairwig.com\/product\/fashion-fisherman-bucket-hat-winter-hats-sports-caps-women-winter-bucket-hat\/#primaryimage"},"thumbnailUrl":"https:\/\/synthetichairwig.com\/wp-content\/uploads\/2023\/11\/002-1.jpg","datePublished":"2023-11-04T14:17:37+00:00","dateModified":"2024-05-29T22:37:38+00:00","breadcrumb":{"@id":"https:\/\/synthetichairwig.com\/product\/fashion-fisherman-bucket-hat-winter-hats-sports-caps-women-winter-bucket-hat\/#breadcrumb"},"inLanguage":"pt-PT","potentialAction":[{"@type":"ReadAction","target":["https:\/\/synthetichairwig.com\/product\/fashion-fisherman-bucket-hat-winter-hats-sports-caps-women-winter-bucket-hat\/"]}]},{"@type":"ImageObject","inLanguage":"pt-PT","@id":"https:\/\/synthetichairwig.com\/product\/fashion-fisherman-bucket-hat-winter-hats-sports-caps-women-winter-bucket-hat\/#primaryimage","url":"https:\/\/synthetichairwig.com\/wp-content\/uploads\/2023\/11\/002-1.jpg","contentUrl":"https:\/\/synthetichairwig.com\/wp-content\/uploads\/2023\/11\/002-1.jpg","width":800,"height":800},{"@type":"BreadcrumbList","@id":"https:\/\/synthetichairwig.com\/product\/fashion-fisherman-bucket-hat-winter-hats-sports-caps-women-winter-bucket-hat\/#breadcrumb","itemListElement":[{"@type":"ListItem","position":1,"name":"Home","item":"https:\/\/synthetichairwig.com\/"},{"@type":"ListItem","position":2,"name":"LandMark Hair Shop","item":"https:\/\/synthetichairwig.com\/landmark-hair-shop\/"},{"@type":"ListItem","position":3,"name":"Fashion fisherman Bucket hat winter hats sports caps"}]},{"@type":"WebSite","@id":"https:\/\/synthetichairwig.com\/#website","url":"https:\/\/synthetichairwig.com\/","name":"landmark","description":"My WordPress Blog","publisher":{"@id":"https:\/\/synthetichairwig.com\/#organization"},"potentialAction":[{"@type":"SearchAction","target":{"@type":"EntryPoint","urlTemplate":"https:\/\/synthetichairwig.com\/?s={search_term_string}"},"query-input":{"@type":"PropertyValueSpecification","valueRequired":true,"valueName":"search_term_string"}}],"inLanguage":"pt-PT"},{"@type":"Organization","@id":"https:\/\/synthetichairwig.com\/#organization","name":"landmark","url":"https:\/\/synthetichairwig.com\/","logo":{"@type":"ImageObject","inLanguage":"pt-PT","@id":"https:\/\/synthetichairwig.com\/#\/schema\/logo\/image\/","url":"https:\/\/synthetichairwig.com\/wp-content\/uploads\/2023\/06\/cropped-logo3.png","contentUrl":"https:\/\/synthetichairwig.com\/wp-content\/uploads\/2023\/06\/cropped-logo3.png","width":1704,"height":768,"caption":"landmark"},"image":{"@id":"https:\/\/synthetichairwig.com\/#\/schema\/logo\/image\/"}}]}},"_links":{"self":[{"href":"https:\/\/synthetichairwig.com\/pt\/wp-json\/wp\/v2\/product\/5267","targetHints":{"allow":["GET"]}}],"collection":[{"href":"https:\/\/synthetichairwig.com\/pt\/wp-json\/wp\/v2\/product"}],"about":[{"href":"https:\/\/synthetichairwig.com\/pt\/wp-json\/wp\/v2\/types\/product"}],"replies":[{"embeddable":true,"href":"https:\/\/synthetichairwig.com\/pt\/wp-json\/wp\/v2\/comments?post=5267"}],"wp:featuredmedia":[{"embeddable":true,"href":"https:\/\/synthetichairwig.com\/pt\/wp-json\/wp\/v2\/media\/5269"}],"wp:attachment":[{"href":"https:\/\/synthetichairwig.com\/pt\/wp-json\/wp\/v2\/media?parent=5267"}],"wp:term":[{"taxonomy":"product_brand","embeddable":true,"href":"https:\/\/synthetichairwig.com\/pt\/wp-json\/wp\/v2\/product_brand?post=5267"},{"taxonomy":"product_cat","embeddable":true,"href":"https:\/\/synthetichairwig.com\/pt\/wp-json\/wp\/v2\/product_cat?post=5267"},{"taxonomy":"product_tag","embeddable":true,"href":"https:\/\/synthetichairwig.com\/pt\/wp-json\/wp\/v2\/product_tag?post=5267"}],"curies":[{"name":"wp","href":"https:\/\/api.w.org\/{rel}","templated":true}]}}